 {"id":40948,"date":"2025-05-24T20:53:35","date_gmt":"2025-05-24T18:53:35","guid":{"rendered":"https:\/\/greendisc.dev-project.digital\/?post_type=product&#038;p=40948"},"modified":"2025-05-24T21:01:22","modified_gmt":"2025-05-24T19:01:22","slug":"dimlux-rh-sensor-luftfeuchtigkeitssensor-mit-5m-oder-10m-kabel-kopie","status":"publish","type":"product","link":"https:\/\/greendisc.dev-project.digital\/de\/produkt\/dimlux-rh-sensor-luftfeuchtigkeitssensor-mit-5m-oder-10m-kabel-kopie\/","title":{"rendered":"Dimlux | Feuchtigkeitssensor | 10m | RH Sensor"},"content":{"rendered":"<h3 data-mce-fragment=\"1\">Optimale Klimakontrolle mit Dimlux RH-Sensor 10m<\/h3>\n<p data-mce-fragment=\"1\">Verbessern Sie die Wachstumsbedingungen Ihrer Pflanzen mit dem fortschrittlichen Dimlux RH-Sensor, einschlie\u00dflich eines praktischen 5 oder 10 Meter langen Kabels. Dieser Sensor liefert genaue Feuchtigkeitsmessungen und gibt Ihnen die Kontrolle \u00fcber das ideale Klima in Ihrem Grow Room.<\/p>\n<p data-mce-fragment=\"1\"><strong data-mce-fragment=\"1\">Wichtige Merkmale:<\/strong><\/p>\n<ol data-mce-fragment=\"1\">\n<li data-mce-fragment=\"1\">\n<p data-mce-fragment=\"1\"><strong data-mce-fragment=\"1\">Genaue Luftfeuchtigkeitsmessungen:<\/strong> Der Dimlux Luftfeuchtigkeitssensor ist auf Pr\u00e4zision ausgelegt und stellt sicher, dass Sie immer \u00fcber die Luftfeuchtigkeit in Ihrer Anbaugruppe informiert sind. Dies ist f\u00fcr das gesunde und optimale Wachstum Ihrer Pflanzen unerl\u00e4sslich.<\/p>\n<\/li>\n<li data-mce-fragment=\"1\">\n<p data-mce-fragment=\"1\"><strong data-mce-fragment=\"1\">Gro\u00dfz\u00fcgige Kabell\u00e4nge f\u00fcr Flexibilit\u00e4t:<\/strong> Mit einem 5 oder 10 Meter langen Kabel bietet dieser Sensor Flexibilit\u00e4t bei der Platzierung. So k\u00f6nnen Sie den Sensor unabh\u00e4ngig vom Layout Ihres Zuchtraums strategisch positionieren, um genaue Messungen an verschiedenen Orten durchzuf\u00fchren.<\/p>\n<\/li>\n<li data-mce-fragment=\"1\">\n<p data-mce-fragment=\"1\"><strong data-mce-fragment=\"1\">Nahtlose Integration mit Dimlux-Systemen:<\/strong> Der RH-Sensor wurde speziell f\u00fcr die perfekte Integration in Dimlux-Klimasysteme entwickelt. Dies gew\u00e4hrleistet eine reibungslose Zusammenarbeit und eine optimale Klimakontrolle.<\/p>\n<\/li>\n<li data-mce-fragment=\"1\">\n<p data-mce-fragment=\"1\"><strong data-mce-fragment=\"1\">Einfache Installation:<\/strong> Die Installation des Dimlux RH-Sensors ist einfach und benutzerfreundlich. Befolgen Sie die mitgelieferten Anweisungen und erleben Sie im Handumdrehen die Vorteile genauer Feuchtigkeitsmessungen.<\/p>\n<\/li>\n<\/ol>\n<p data-mce-fragment=\"1\"><strong data-mce-fragment=\"1\">Warum Dimlux w\u00e4hlen:<\/strong><\/p>\n<p data-mce-fragment=\"1\">Dimlux ist bekannt f\u00fcr seine qualitativ hochwertigen Anbauger\u00e4te, und der RH-Sensor ist da keine Ausnahme. Mit dem Schwerpunkt auf Pr\u00e4zision und Langlebigkeit bietet Dimlux zuverl\u00e4ssige L\u00f6sungen f\u00fcr ernsthafte G\u00e4rtner.<\/p>\n<p data-mce-fragment=\"1\">Optimieren Sie Ihren Anbauprozess und sorgen Sie f\u00fcr ein gesundes Wachstum Ihrer Pflanzen mit dem Dimlux Luftfeuchtigkeitssensor inklusive 5 oder 10 Meter langem Kabel. Bestellen Sie noch heute und bringen Sie das Klima in Ihrem Grow Room auf die n\u00e4chste Stufe!<\/p>\n","protected":false},"excerpt":{"rendered":"<p>Optimale Klimakontrolle mit dem Dimlux RH-Sensor (5 oder 10 Meter Kabel) Verbessern Sie die Wachstumsbedingungen f\u00fcr Ihre Pflanzen mit dem fortschrittlichen Dimlux RH-Sensor, einschlie\u00dflich eines praktischen 5 oder 10 Meter langen Kabels. Dieser Sensor liefert genaue Feuchtigkeitsmessungen und gibt Ihnen die Kontrolle \u00fcber das ideale Klima in Ihrem Grow Room.<\/p>\n","protected":false},"featured_media":26923,"template":"","meta":[],"product_brand":[],"product_cat":[497,408,412],"product_tag":[],"class_list":{"0":"post-40948","1":"product","2":"type-product","3":"status-publish","4":"has-post-thumbnail","6":"product_cat-dimlux-lampe","7":"product_cat-messung-kalibrierung","8":"product_cat-thermo-hygrometer","10":"first","11":"instock","12":"taxable","13":"shipping-taxable","14":"purchasable","15":"product-type-simple"},"_links":{"self":[{"href":"https:\/\/greendisc.dev-project.digital\/de\/wp-json\/wp\/v2\/product\/40948","targetHints":{"allow":["GET"]}}],"collection":[{"href":"https:\/\/greendisc.dev-project.digital\/de\/wp-json\/wp\/v2\/product"}],"about":[{"href":"https:\/\/greendisc.dev-project.digital\/de\/wp-json\/wp\/v2\/types\/product"}],"version-history":[{"count":0,"href":"https:\/\/greendisc.dev-project.digital\/de\/wp-json\/wp\/v2\/product\/40948\/revisions"}],"wp:featuredmedia":[{"embeddable":true,"href":"https:\/\/greendisc.dev-project.digital\/de\/wp-json\/wp\/v2\/media\/26923"}],"wp:attachment":[{"href":"https:\/\/greendisc.dev-project.digital\/de\/wp-json\/wp\/v2\/media?parent=40948"}],"wp:term":[{"taxonomy":"product_brand","embeddable":true,"href":"https:\/\/greendisc.dev-project.digital\/de\/wp-json\/wp\/v2\/product_brand?post=40948"},{"taxonomy":"product_cat","embeddable":true,"href":"https:\/\/greendisc.dev-project.digital\/de\/wp-json\/wp\/v2\/product_cat?post=40948"},{"taxonomy":"product_tag","embeddable":true,"href":"https:\/\/greendisc.dev-project.digital\/de\/wp-json\/wp\/v2\/product_tag?post=40948"}],"curies":[{"name":"wp","href":"https:\/\/api.w.org\/{rel}","templated":true}]}}