 {"id":39412,"date":"2025-04-07T13:36:31","date_gmt":"2025-04-07T11:36:31","guid":{"rendered":"https:\/\/greendisc.dev-project.digital\/product\/mammut-zelte-lite-240l-wachstumszelt-240x120x200cm\/"},"modified":"2025-04-07T13:36:31","modified_gmt":"2025-04-07T11:36:31","slug":"mammut-zelte-lite-240l-wachstumszelt-240x120x200cm","status":"publish","type":"product","link":"https:\/\/greendisc.dev-project.digital\/de\/produkt\/mammut-zelte-lite-240l-wachstumszelt-240x120x200cm\/","title":{"rendered":"Mammut Zelte | Lite 240L | Wachstumszelt 240x120x200cm"},"content":{"rendered":"<h2 class=\"\" data-start=\"175\" data-end=\"225\">Mammoth Lite+ 240L Anbauzelt &#8211; 240x120x200 cm<\/h2>\n<p class=\"\" data-start=\"226\" data-end=\"294\"><strong data-start=\"226\" data-end=\"294\">Professioneller Raum f\u00fcr ernsthafte Hobbyz\u00fcchter und kleine Z\u00fcchter<\/strong><\/p>\n<p class=\"\" data-start=\"296\" data-end=\"673\">Suchen Sie ein besonders ger\u00e4umiges, zuverl\u00e4ssiges und erschwingliches Grow-Zelt f\u00fcr Ihr Indoor-Growing-Projekt? Die <strong data-start=\"395\" data-end=\"417\">Mammoth Lite+ 240L<\/strong> ist die ideale L\u00f6sung sowohl f\u00fcr fortgeschrittene Hobbyz\u00fcchter als auch f\u00fcr professionelle Anf\u00e4nger. Mit gro\u00dfz\u00fcgigen Abmessungen von <strong data-start=\"532\" data-end=\"550\">240x120x200 cm<\/strong> bietet dieses Zelt genug Platz f\u00fcr eine komplette Grow-Einrichtung, einschlie\u00dflich Beleuchtung, Bel\u00fcftung und mehrere Pflanzen.<\/p>\n<p class=\"\" data-start=\"675\" data-end=\"976\">Dieses Zelt aus der <strong data-start=\"692\" data-end=\"715\">Mammoth Lite+ Serie<\/strong> ist auf maximale Effizienz und Benutzerfreundlichkeit ausgelegt, mit einer robusten Konstruktion, reflektierendem Innenmaterial und praktischen Bel\u00fcftungs- und Kabeldurchl\u00e4ssen. Ideal f\u00fcr alle, die das Pflanzenwachstum in einer vollst\u00e4ndig kontrollierten Innenumgebung optimieren m\u00f6chten.<\/p>\n<h3 class=\"\" data-start=\"983\" data-end=\"1039\">\u2705 Die wichtigsten Vorteile des Mammoth Lite+ 240L:<\/h3>\n<ul data-start=\"1040\" data-end=\"1947\">\n<li class=\"\" data-start=\"1040\" data-end=\"1137\">\n<p class=\"\" data-start=\"1042\" data-end=\"1137\"><strong data-start=\"1042\" data-end=\"1084\">Ger\u00e4umige Anbaufl\u00e4che von 240x120x200 cm<\/strong> &#8211; perfekt f\u00fcr mittlere bis gro\u00dfe Anbauprojekte.<\/p>\n<\/li>\n<li class=\"\" data-start=\"1138\" data-end=\"1262\">\n<p class=\"\" data-start=\"1140\" data-end=\"1262\"><strong data-start=\"1140\" data-end=\"1179\">170D silbernes, reflektierendes Mylar-Gewebe<\/strong> &#8211; sorgt f\u00fcr maximale Lichtreflexion und optimale Verteilung \u00fcber Ihre Pflanzen.<\/p>\n<\/li>\n<li class=\"\" data-start=\"1263\" data-end=\"1377\">\n<p class=\"\" data-start=\"1265\" data-end=\"1377\"><strong data-start=\"1265\" data-end=\"1313\">Extra stabiler 16 mm Stahlrahmen (0,4 mm dick)<\/strong> &#8211; garantiert Stabilit\u00e4t auch bei schweren Growlampen und Filtern.<\/p>\n<\/li>\n<li class=\"\" data-start=\"1378\" data-end=\"1494\">\n<p class=\"\" data-start=\"1380\" data-end=\"1494\"><strong data-start=\"1380\" data-end=\"1420\">Strapazierf\u00e4hige Eckverbinder aus PP-Copolymer<\/strong> &#8211; erh\u00f6hen die Lebensdauer des Zeltes, auch bei h\u00e4ufigem Auf- und Abbau.<\/p>\n<\/li>\n<li class=\"\" data-start=\"1495\" data-end=\"1733\">\n<p class=\"\" data-start=\"1497\" data-end=\"1534\"><strong data-start=\"1497\" data-end=\"1532\">Intelligente Bel\u00fcftungsfunktionen:<\/strong><\/p>\n<ul data-start=\"1537\" data-end=\"1733\">\n<li class=\"\" data-start=\"1537\" data-end=\"1604\">\n<p class=\"\" data-start=\"1539\" data-end=\"1604\">3 76 mm Kabelkan\u00e4le f\u00fcr eine sichere und geordnete Kabelf\u00fchrung<\/p>\n<\/li>\n<li class=\"\" data-start=\"1607\" data-end=\"1659\">\n<p class=\"\" data-start=\"1609\" data-end=\"1659\">1 Lufteinlass von 254 mm f\u00fcr die Frischluftzufuhr<\/p>\n<\/li>\n<li class=\"\" data-start=\"1662\" data-end=\"1733\">\n<p class=\"\" data-start=\"1664\" data-end=\"1733\">1 254 mm Luftauslass f\u00fcr Absaugung oder Kohlefilterinstallation<\/p>\n<\/li>\n<\/ul>\n<\/li>\n<li class=\"\" data-start=\"1734\" data-end=\"1842\">\n<p class=\"\" data-start=\"1736\" data-end=\"1842\"><strong data-start=\"1736\" data-end=\"1767\">Vollst\u00e4ndig lichtdichtes Design<\/strong> &#8211; kein Lichtverlust, optimale Kontrolle des Lichtzyklus Ihrer Pflanzen.<\/p>\n<\/li>\n<li class=\"\" data-start=\"1843\" data-end=\"1947\">\n<p class=\"\" data-start=\"1845\" data-end=\"1947\"><strong data-start=\"1845\" data-end=\"1865\">Waschbarer Zeltstoff<\/strong> &#8211; sowohl die Innen- als auch die Au\u00dfenseite sind leicht zu reinigen und erm\u00f6glichen eine langfristige Nutzung.<\/p>\n<\/li>\n<\/ul>\n<h3 class=\"\" data-start=\"1954\" data-end=\"2012\">\ud83c\udf31 Warum sollten Sie sich f\u00fcr das Mammoth Lite+ 240L Anbauzelt entscheiden?<\/h3>\n<p class=\"\" data-start=\"2013\" data-end=\"2539\">Bei der Entwicklung des <strong data-start=\"2016\" data-end=\"2038\">Mammoth Lite+ 240L<\/strong> standen sowohl Qualit\u00e4t als auch Funktionalit\u00e4t im Vordergrund. Der robuste Rahmen und das reflektierende Innere schaffen ideale Bedingungen f\u00fcr ein gesundes und kr\u00e4ftiges Pflanzenwachstum. Das Zelt bietet gen\u00fcgend Platz f\u00fcr ein komplettes Grow-Kit einschlie\u00dflich Beleuchtung, Bel\u00fcftung und Zubeh\u00f6r &#8211; ohne Kompromisse bei der Stabilit\u00e4t oder Isolierung. Egal, ob Sie von einer kleineren Anlage umsteigen oder gleich gro\u00df anfangen wollen, dieses Grow-Zelt bietet eine professionelle Grundlage f\u00fcr jedes Indoor-Growing-Projekt.<\/p>\n<h3 class=\"\" data-start=\"2546\" data-end=\"2578\">\ud83d\udd27 Technische Daten:<\/h3>\n<ul data-start=\"2579\" data-end=\"3042\">\n<li class=\"\" data-start=\"2579\" data-end=\"2635\">\n<p class=\"\" data-start=\"2581\" data-end=\"2635\"><strong data-start=\"2581\" data-end=\"2596\">Abmessungen:<\/strong> 240 cm (L) x 120 cm (B) x 200 cm (H)<\/p>\n<\/li>\n<li class=\"\" data-start=\"2636\" data-end=\"2701\">\n<p class=\"\" data-start=\"2638\" data-end=\"2701\"><strong data-start=\"2638\" data-end=\"2658\">Innenmaterial:<\/strong> 170D Mylar &#8211; silberner Reflexionsstoff<\/p>\n<\/li>\n<li class=\"\" data-start=\"2702\" data-end=\"2755\">\n<p class=\"\" data-start=\"2704\" data-end=\"2755\"><strong data-start=\"2704\" data-end=\"2714\">Rahmen:<\/strong> 16 mm Stahlrohr (0,4 mm Wandst\u00e4rke)<\/p>\n<\/li>\n<li class=\"\" data-start=\"2756\" data-end=\"2810\">\n<p class=\"\" data-start=\"2758\" data-end=\"2810\"><strong data-start=\"2758\" data-end=\"2774\">Eckst\u00fccke:<\/strong> Aus haltbarem PP-Copolymer<\/p>\n<\/li>\n<li class=\"\" data-start=\"2811\" data-end=\"2932\">\n<p class=\"\" data-start=\"2813\" data-end=\"2843\"><strong data-start=\"2813\" data-end=\"2841\">Bel\u00fcftung und Durchdringungen:<\/strong><\/p>\n<ul data-start=\"2846\" data-end=\"2932\">\n<li class=\"\" data-start=\"2846\" data-end=\"2873\">\n<p class=\"\" data-start=\"2848\" data-end=\"2873\">3x Kabeleinf\u00fchrung \u00d876 mm<\/p>\n<\/li>\n<li class=\"\" data-start=\"2876\" data-end=\"2902\">\n<p class=\"\" data-start=\"2878\" data-end=\"2902\">1x Lufteinlass \u00d8254 mm<\/p>\n<\/li>\n<li class=\"\" data-start=\"2905\" data-end=\"2932\">\n<p class=\"\" data-start=\"2907\" data-end=\"2932\">1x Luftauslass \u00d8254 mm<\/p>\n<\/li>\n<\/ul>\n<\/li>\n<li class=\"\" data-start=\"2933\" data-end=\"2992\">\n<p class=\"\" data-start=\"2935\" data-end=\"2992\"><strong data-start=\"2935\" data-end=\"2947\">Montage:<\/strong> Werkzeugfrei und einfach aufzubauen<\/p>\n<\/li>\n<li class=\"\" data-start=\"2993\" data-end=\"3042\">\n<p class=\"\" data-start=\"2995\" data-end=\"3042\"><strong data-start=\"2995\" data-end=\"3009\">Pflege:<\/strong> Innen und au\u00dfen abwaschbar<\/p>\n<\/li>\n<\/ul>\n<h3 class=\"\" data-start=\"3049\" data-end=\"3118\">\ud83c\udf3f Bestellen Sie den Mammoth Lite+ 240L noch heute bei GreenDiscounter<\/h3>\n<p class=\"\" data-start=\"3119\" data-end=\"3328\">Bestellen Sie das <strong data-start=\"3160\" data-end=\"3182\">Mammoth Lite+ 240L<\/strong> schnell, g\u00fcnstig und mit ausgezeichnetem Service bei <strong data-start=\"3123\" data-end=\"3146\">greendiscounter.com<\/strong>. Das ideale Grow-Zelt f\u00fcr alle, die es mit dem Indoor-Anbau in einer gro\u00dfen, stabilen Umgebung ernst meinen.<\/p>\n<p class=\"\" data-start=\"3330\" data-end=\"3461\">\ud83d\udd12 <strong data-start=\"3333\" data-end=\"3375\">G\u00fcnstige Preise &amp; zuverl\u00e4ssige Lieferung<\/strong> | \ud83d\ude9a <strong data-start=\"3381\" data-end=\"3421\">Schneller Versand aus eigenem Bestand<\/strong> | \ud83d\udca1 <strong data-start=\"3427\" data-end=\"3461\">Ideal f\u00fcr den ernsthaften Z\u00fcchter<\/strong><\/p>\n","protected":false},"excerpt":{"rendered":"<p>Suchen Sie ein besonders ger\u00e4umiges, zuverl\u00e4ssiges und erschwingliches Grow-Zelt f\u00fcr Ihr Indoor-Growing-Projekt? Die Mammoth Lite+ 240L ist die ideale L\u00f6sung sowohl f\u00fcr fortgeschrittene Hobbyz\u00fcchter als auch f\u00fcr professionelle Anf\u00e4nger. Mit gro\u00dfz\u00fcgigen Abmessungen von 240x120x200 cm bietet dieses Zelt genug Platz f\u00fcr eine komplette Grow-Einrichtung, einschlie\u00dflich Beleuchtung, Bel\u00fcftung und mehrere Pflanzen.<\/p>\n","protected":false},"featured_media":39409,"template":"","meta":[],"product_brand":[1054],"product_cat":[484,482,982],"product_tag":[],"class_list":{"0":"post-39412","1":"product","2":"type-product","3":"status-publish","4":"has-post-thumbnail","6":"product_brand-mammoth-tents","7":"product_cat-mammoth-anbauzelte","8":"product_cat-zelte-anbauen","9":"product_cat-mammoth-lite-de","11":"first","12":"instock","13":"taxable","14":"shipping-taxable","15":"purchasable","16":"product-type-simple"},"_links":{"self":[{"href":"https:\/\/greendisc.dev-project.digital\/de\/wp-json\/wp\/v2\/product\/39412","targetHints":{"allow":["GET"]}}],"collection":[{"href":"https:\/\/greendisc.dev-project.digital\/de\/wp-json\/wp\/v2\/product"}],"about":[{"href":"https:\/\/greendisc.dev-project.digital\/de\/wp-json\/wp\/v2\/types\/product"}],"version-history":[{"count":0,"href":"https:\/\/greendisc.dev-project.digital\/de\/wp-json\/wp\/v2\/product\/39412\/revisions"}],"wp:featuredmedia":[{"embeddable":true,"href":"https:\/\/greendisc.dev-project.digital\/de\/wp-json\/wp\/v2\/media\/39409"}],"wp:attachment":[{"href":"https:\/\/greendisc.dev-project.digital\/de\/wp-json\/wp\/v2\/media?parent=39412"}],"wp:term":[{"taxonomy":"product_brand","embeddable":true,"href":"https:\/\/greendisc.dev-project.digital\/de\/wp-json\/wp\/v2\/product_brand?post=39412"},{"taxonomy":"product_cat","embeddable":true,"href":"https:\/\/greendisc.dev-project.digital\/de\/wp-json\/wp\/v2\/product_cat?post=39412"},{"taxonomy":"product_tag","embeddable":true,"href":"https:\/\/greendisc.dev-project.digital\/de\/wp-json\/wp\/v2\/product_tag?post=39412"}],"curies":[{"name":"wp","href":"https:\/\/api.w.org\/{rel}","templated":true}]}}