 {"id":39382,"date":"2025-04-07T12:19:19","date_gmt":"2025-04-07T10:19:19","guid":{"rendered":"https:\/\/greendisc.dev-project.digital\/product\/mammut-zelte-lite-120-120x120x200cm\/"},"modified":"2025-04-07T13:29:21","modified_gmt":"2025-04-07T11:29:21","slug":"mammut-zelte-lite-120-120x120x200cm","status":"publish","type":"product","link":"https:\/\/greendisc.dev-project.digital\/de\/produkt\/mammut-zelte-lite-120-120x120x200cm\/","title":{"rendered":"Mammut Zelte | Lite+ 120 | Wachstumszelt 120x120x200cm"},"content":{"rendered":"<h2 class=\"\" data-start=\"215\" data-end=\"293\">Mammoth Lite+ 120x120x200 cm &#8211; Das ultimative Grow-Zelt f\u00fcr maximale Ernteertr\u00e4ge<\/h2>\n<p class=\"\" data-start=\"295\" data-end=\"645\">Bringen Sie Ihren Indoor-Anbau auf die n\u00e4chste Stufe mit dem <strong data-start=\"344\" data-end=\"375\">Mammoth Lite+ 120 Grow-Zelt<\/strong> &#8211; die Wahl f\u00fcr ernsthafte Z\u00fcchter, die Platz, Leistung und Kontrolle suchen. Mit gro\u00dfz\u00fcgigen Abmessungen von <strong data-start=\"474\" data-end=\"496\">120 x 120 x 200 cm<\/strong> und einem beeindruckenden Volumen von <strong data-start=\"529\" data-end=\"540\">2,88 m\u00b3<\/strong> bietet dieses Zelt alles, was Sie f\u00fcr eine leistungsstarke, effiziente und organisierte Anzuchtumgebung ben\u00f6tigen.<\/p>\n<p class=\"\" data-start=\"647\" data-end=\"743\"><strong data-start=\"647\" data-end=\"743\">Der niedrigste Preis bei greendiscounter.com &#8211; wo Qualit\u00e4t und Preis perfekt zusammenpassen.<\/strong><\/p>\n<h3 class=\"\" data-start=\"750\" data-end=\"794\">Warum sollten Sie sich f\u00fcr das Mammoth Lite+ 120 entscheiden?<\/h3>\n<p class=\"\" data-start=\"796\" data-end=\"1042\">Bei der Entwicklung des <strong data-start=\"799\" data-end=\"820\">Mammoth Lite+ 120<\/strong> standen Stabilit\u00e4t, Lichtoptimierung und Benutzerfreundlichkeit im Vordergrund. Ganz gleich, ob Sie mit LEDs, HPS-Lampen oder fortschrittlichen Bel\u00fcftungssystemen arbeiten &#8211; dieses Zelt ist die zuverl\u00e4ssige Grundlage f\u00fcr Ihren Indoor-Anbau.<\/p>\n<h3 class=\"\" data-start=\"1049\" data-end=\"1104\">\u2705 Die wichtigsten Merkmale des Mammoth Lite+ 120:<\/h3>\n<h4 class=\"\" data-start=\"1106\" data-end=\"1154\">\ud83d\udd06 Maximale Lichtreflexion mit 170D Mylar<\/h4>\n<p class=\"\" data-start=\"1155\" data-end=\"1397\">Die Innenseite des Zelts ist mit <strong data-start=\"1197\" data-end=\"1247\">hochwertigem 170D Silber + Mylar-Reflexionsmaterial<\/strong> ausgekleidet, das eine effiziente Lichtstreuung gew\u00e4hrleistet. So k\u00f6nnen Sie Ihre Beleuchtung optimal nutzen &#8211; unerl\u00e4sslich f\u00fcr ein gesundes und kr\u00e4ftiges Pflanzenwachstum.<\/p>\n<h4 class=\"\" data-start=\"1399\" data-end=\"1437\">\ud83c\udfd7\ufe0f Robuste Stahlkonstruktion<\/h4>\n<p class=\"\" data-start=\"1438\" data-end=\"1649\">Der stabile Rahmen besteht aus <strong data-start=\"1467\" data-end=\"1496\">16 mm dicken Stahlrohren<\/strong>, so dass Sie schwere Anbauger\u00e4te wie Filter, Ventilatoren und Lampen sicher aufh\u00e4ngen k\u00f6nnen. Extra Stabilit\u00e4t auch bei starker Beanspruchung.<\/p>\n<h4 class=\"\" data-start=\"1651\" data-end=\"1688\">\ud83c\udf2c\ufe0f Intelligente L\u00fcftungsschlitze<\/h4>\n<p class=\"\" data-start=\"1689\" data-end=\"1761\">Ein perfekter Luftstrom ist entscheidend. Der Mammoth Lite+ 120 ist ausgestattet mit:<\/p>\n<ul data-start=\"1762\" data-end=\"1961\">\n<li class=\"\" data-start=\"1762\" data-end=\"1792\">\n<p class=\"\" data-start=\"1764\" data-end=\"1792\"><strong data-start=\"1764\" data-end=\"1792\">1x 76 mm Kabeleinf\u00fchrung<\/strong><\/p>\n<\/li>\n<li class=\"\" data-start=\"1793\" data-end=\"1819\">\n<p class=\"\" data-start=\"1795\" data-end=\"1819\"><strong data-start=\"1795\" data-end=\"1819\">1x Einlass von 203 mm<\/strong><\/p>\n<\/li>\n<li class=\"\" data-start=\"1820\" data-end=\"1961\">\n<p class=\"\" data-start=\"1822\" data-end=\"1961\"><strong data-start=\"1822\" data-end=\"1847\">1x 203 mm Auspuff<\/strong><br data-start=\"1847\" data-end=\"1850\">Damit k\u00f6nnen Sie ganz einfach ein kontrolliertes Klima in Ihrem Zelt schaffen und m\u00fchelos Bel\u00fcftungssysteme anschlie\u00dfen.<\/p>\n<\/li>\n<\/ul>\n<h4 class=\"\" data-start=\"1963\" data-end=\"2005\">\ud83d\udeaa Einfacher Zugang und Kontrolle<\/h4>\n<p class=\"\" data-start=\"2006\" data-end=\"2200\">Das Zelt verf\u00fcgt \u00fcber eine <strong data-start=\"2024\" data-end=\"2042\">gro\u00dfe Vordert\u00fcr<\/strong>, damit Sie vollen Zugang zu Ihren Pflanzen haben. Strategisch platzierte <strong data-start=\"2105\" data-end=\"2124\">L\u00fcftungsfenster<\/strong> sorgen au\u00dferdem f\u00fcr einen st\u00e4ndigen Luftaustausch und lassen Ihre Pflanzen atmen.<\/p>\n<h4 class=\"\" data-start=\"2202\" data-end=\"2247\">\ud83e\uddfc Hygienisch und pflegeleicht<\/h4>\n<p class=\"\" data-start=\"2248\" data-end=\"2436\">Das Innen- und Au\u00dfenmaterial ist <strong data-start=\"2295\" data-end=\"2317\">vollst\u00e4ndig abwaschbar<\/strong>, so dass Sie das Zelt leicht sauber halten und immer in einer sauberen Umgebung arbeiten k\u00f6nnen &#8211; ideal f\u00fcr mehrere Wachstumsrunden.<\/p>\n<h3 class=\"\" data-start=\"2443\" data-end=\"2472\">Technische Daten:<\/h3>\n<div class=\"overflow-x-auto contain-inline-size\">\n<table data-start=\"2474\" data-end=\"3481\">\n<thead data-start=\"2474\" data-end=\"2545\">\n<tr data-start=\"2474\" data-end=\"2545\">\n<th data-start=\"2474\" data-end=\"2497\">Merkmal<\/th>\n<th data-start=\"2497\" data-end=\"2545\">Spezifikation<\/th>\n<\/tr>\n<\/thead>\n<tbody data-start=\"2618\" data-end=\"3481\">\n<tr data-start=\"2618\" data-end=\"2689\">\n<td>Abmessungen<\/td>\n<td>120 x 120 x 200 cm (B x T x H)<\/td>\n<\/tr>\n<tr data-start=\"2690\" data-end=\"2761\">\n<td>Band<\/td>\n<td>2,88 m\u00b3<\/td>\n<\/tr>\n<tr data-start=\"2762\" data-end=\"2833\">\n<td>Inneres Material<\/td>\n<td>170D Silber mit reflektierendem Mylar<\/td>\n<\/tr>\n<tr data-start=\"2834\" data-end=\"2905\">\n<td>Rahmen<\/td>\n<td>16 mm Stahlrohre<\/td>\n<\/tr>\n<tr data-start=\"2906\" data-end=\"2977\">\n<td>T\u00fcr(en)<\/td>\n<td>1 gro\u00dfe Eingangst\u00fcr<\/td>\n<\/tr>\n<tr data-start=\"2978\" data-end=\"3049\">\n<td>L\u00fcftungsfenster<\/td>\n<td>Ja<\/td>\n<\/tr>\n<tr data-start=\"3050\" data-end=\"3121\">\n<td>Einlass<\/td>\n<td>1x 76 mm (Kabel), 1x 203 mm (Lufteinlass)<\/td>\n<\/tr>\n<tr data-start=\"3122\" data-end=\"3193\">\n<td>Auspuff<\/td>\n<td>1x 203 mm<\/td>\n<\/tr>\n<tr data-start=\"3194\" data-end=\"3265\">\n<td>Waschbar<\/td>\n<td>Innen und au\u00dfen<\/td>\n<\/tr>\n<tr data-start=\"3266\" data-end=\"3337\">\n<td>Wasserauffangwanne<\/td>\n<td>Nicht enthalten<\/td>\n<\/tr>\n<tr data-start=\"3338\" data-end=\"3409\">\n<td>Montage<\/td>\n<td>Einfach und schnell<\/td>\n<\/tr>\n<tr data-start=\"3410\" data-end=\"3481\">\n<td>Entworfen in<\/td>\n<td>Niederlande<\/td>\n<\/tr>\n<\/tbody>\n<\/table>\n<\/div>\n<h3 class=\"\" data-start=\"3488\" data-end=\"3541\">Bestellen Sie Ihr Mammoth Lite+ 120 bei GreenDiscounter<\/h3>\n<p class=\"\" data-start=\"3543\" data-end=\"3742\">Ob Sie Tomaten, Kr\u00e4uter oder exotische Pflanzen anbauen &#8211; der <strong data-start=\"3603\" data-end=\"3624\">Mammoth Lite+ 120<\/strong> bietet das perfekte Mikroklima f\u00fcr optimale Ergebnisse. Entwickelt mit viel Liebe zum Detail, Robustheit und Benutzerfreundlichkeit.<\/p>\n<p class=\"\" data-start=\"3744\" data-end=\"3878\">\u2714 Superscharfer Preis<br data-start=\"3764\" data-end=\"3767\">\u2714 Schnelle Lieferung aus eigenem Lager<br data-start=\"3835\" data-end=\"3838\">\u2714 Fachkundige Beratung durch unsere G\u00e4rtnereiexperten<\/p>\n<p class=\"\" data-start=\"3880\" data-end=\"4018\"><strong data-start=\"3880\" data-end=\"4018\">\u27a1\ufe0f Bestellen Sie Ihr Mammoth Lite+ 120 Grow-Zelt jetzt bei greendiscounter.com und lassen Sie Ihre Pflanzen in einer professionellen Wachstumsumgebung gedeihen!<\/strong><\/p>\n","protected":false},"excerpt":{"rendered":"<p>Bringen Sie Ihren Indoor-Anbau auf die n\u00e4chste Stufe mit dem Mammoth Lite+ 120 Grow-Zelt &#8211; die Wahl f\u00fcr ernsthafte Z\u00fcchter, die Platz, Leistung und Kontrolle suchen. Mit gro\u00dfz\u00fcgigen Abmessungen von 120 x 120 x 200 cm und einem beeindruckenden Volumen von 2,88 m\u00b3 bietet dieses Zelt alles, was Sie f\u00fcr eine leistungsstarke, effiziente und organisierte Anzuchtumgebung ben\u00f6tigen.<\/p>\n","protected":false},"featured_media":39376,"template":"","meta":[],"product_brand":[1054],"product_cat":[484,482,982],"product_tag":[],"class_list":{"0":"post-39382","1":"product","2":"type-product","3":"status-publish","4":"has-post-thumbnail","6":"product_brand-mammoth-tents","7":"product_cat-mammoth-anbauzelte","8":"product_cat-zelte-anbauen","9":"product_cat-mammoth-lite-de","11":"first","12":"instock","13":"taxable","14":"shipping-taxable","15":"purchasable","16":"product-type-simple"},"_links":{"self":[{"href":"https:\/\/greendisc.dev-project.digital\/de\/wp-json\/wp\/v2\/product\/39382","targetHints":{"allow":["GET"]}}],"collection":[{"href":"https:\/\/greendisc.dev-project.digital\/de\/wp-json\/wp\/v2\/product"}],"about":[{"href":"https:\/\/greendisc.dev-project.digital\/de\/wp-json\/wp\/v2\/types\/product"}],"version-history":[{"count":0,"href":"https:\/\/greendisc.dev-project.digital\/de\/wp-json\/wp\/v2\/product\/39382\/revisions"}],"wp:featuredmedia":[{"embeddable":true,"href":"https:\/\/greendisc.dev-project.digital\/de\/wp-json\/wp\/v2\/media\/39376"}],"wp:attachment":[{"href":"https:\/\/greendisc.dev-project.digital\/de\/wp-json\/wp\/v2\/media?parent=39382"}],"wp:term":[{"taxonomy":"product_brand","embeddable":true,"href":"https:\/\/greendisc.dev-project.digital\/de\/wp-json\/wp\/v2\/product_brand?post=39382"},{"taxonomy":"product_cat","embeddable":true,"href":"https:\/\/greendisc.dev-project.digital\/de\/wp-json\/wp\/v2\/product_cat?post=39382"},{"taxonomy":"product_tag","embeddable":true,"href":"https:\/\/greendisc.dev-project.digital\/de\/wp-json\/wp\/v2\/product_tag?post=39382"}],"curies":[{"name":"wp","href":"https:\/\/api.w.org\/{rel}","templated":true}]}}