 {"id":39372,"date":"2025-04-07T12:07:46","date_gmt":"2025-04-07T10:07:46","guid":{"rendered":"https:\/\/greendisc.dev-project.digital\/product\/mammut-zelte-lite-100-wachstumszelt-100x100x180cm\/"},"modified":"2025-04-07T12:07:46","modified_gmt":"2025-04-07T10:07:46","slug":"mammut-zelte-lite-100-wachstumszelt-100x100x180cm","status":"publish","type":"product","link":"https:\/\/greendisc.dev-project.digital\/de\/produkt\/mammut-zelte-lite-100-wachstumszelt-100x100x180cm\/","title":{"rendered":"Mammut Zelte | Lite+ 100 | Wachstumszelt 100x100x180cm"},"content":{"rendered":"<h2 class=\"\" data-start=\"190\" data-end=\"278\">Mammoth Lite+ 100x100x180 cm &#8211; Ger\u00e4umiges und reflektierendes Grow-Zelt f\u00fcr maximale Ertr\u00e4ge<\/h2>\n<p class=\"\" data-start=\"280\" data-end=\"592\">Sie m\u00f6chten das Beste aus Ihrem Indoor-Anbau herausholen? Das <strong data-start=\"330\" data-end=\"378\">Mammoth Lite+ 100 Grow-Zelt (100x100x180 cm)<\/strong> ist die L\u00f6sung f\u00fcr Z\u00fcchter, die nach Platz, Effizienz und Zuverl\u00e4ssigkeit suchen. Dieses Zelt bietet genug Platz f\u00fcr ein ernsthaftes Grow-Setup, w\u00e4hrend sein elegantes Design perfekt in die meisten Innenr\u00e4ume passt.<\/p>\n<p class=\"\" data-start=\"594\" data-end=\"700\">Jetzt erh\u00e4ltlich bei <strong data-start=\"614\" data-end=\"637\">greendiscounter.com<\/strong> &#8211; Ihrem Partner f\u00fcr erschwingliche, professionelle Anbauger\u00e4te.<\/p>\n<h3 class=\"\" data-start=\"707\" data-end=\"774\">Was macht die Mammoth Lite+ 100 so beliebt bei Indoor-Z\u00fcchtern?<\/h3>\n<p class=\"\" data-start=\"776\" data-end=\"1022\">Der <strong data-start=\"779\" data-end=\"800\">Mammoth Lite+ 100<\/strong> ist auf Stabilit\u00e4t, Komfort und optimales Pflanzenwachstum ausgelegt. Mit hochwertigen Materialien, intelligenten Bel\u00fcftungsoptionen und benutzerfreundlichen Funktionen ist dies das perfekte Grow-Zelt f\u00fcr Hobbyg\u00e4rtner und fortgeschrittene Z\u00fcchter gleicherma\u00dfen.<\/p>\n<h3 class=\"\" data-start=\"1029\" data-end=\"1082\">Die wichtigsten Vorteile des Mammoth Lite+ 100:<\/h3>\n<h4 class=\"\" data-start=\"1084\" data-end=\"1121\">\u2705 Gro\u00dfe, praktische Abmessungen<\/h4>\n<p class=\"\" data-start=\"1122\" data-end=\"1313\">Mit <strong data-start=\"1126\" data-end=\"1148\">100 x 100 x 180 cm<\/strong> haben Sie gen\u00fcgend Platz f\u00fcr mehrere Pflanzen, Beleuchtung, Bel\u00fcftung und andere Ger\u00e4te. Sein Gesamtvolumen von <strong data-start=\"1264\" data-end=\"1275\">1,80 m\u00b3<\/strong> macht ihn ideal f\u00fcr Wachstum und Bl\u00fcte.<\/p>\n<h4 class=\"\" data-start=\"1315\" data-end=\"1357\">\u2705 Hochwertige 170D Mylar Reflexion<\/h4>\n<p class=\"\" data-start=\"1358\" data-end=\"1577\">Die Innenw\u00e4nde sind mit <strong data-start=\"1391\" data-end=\"1419\">170D Silbermylar<\/strong> ausgekleidet, das f\u00fcr eine starke Lichtreflexion sorgt. Dies maximiert die Nutzung der verf\u00fcgbaren Beleuchtung und sorgt f\u00fcr eine gleichm\u00e4\u00dfige Lichtverteilung im gesamten Zelt.<\/p>\n<h4 class=\"\" data-start=\"1579\" data-end=\"1609\">\u2705 Robuster Metallrahmen<\/h4>\n<p class=\"\" data-start=\"1610\" data-end=\"1796\">Die 16 mm dicken Stahlrohre bieten eine solide Basis f\u00fcr Ihre komplette Installation. Sie k\u00f6nnen problemlos schwerere Lampen, Kohlefilter oder Ventilatoren aufh\u00e4ngen, ohne sich um die Stabilit\u00e4t sorgen zu m\u00fcssen.<\/p>\n<h4 class=\"\" data-start=\"1798\" data-end=\"1833\">\u2705 Intelligente L\u00fcftungsschlitze<\/h4>\n<p class=\"\" data-start=\"1834\" data-end=\"1904\">Das Zelt ist mit mehreren \u00d6ffnungen f\u00fcr das Luft- und Kabelmanagement ausgestattet:<\/p>\n<ul data-start=\"1905\" data-end=\"2000\">\n<li class=\"\" data-start=\"1905\" data-end=\"1931\">\n<p class=\"\" data-start=\"1907\" data-end=\"1931\"><strong data-start=\"1907\" data-end=\"1929\">1 Einlass von 76 mm<\/strong><\/p>\n<\/li>\n<li class=\"\" data-start=\"1932\" data-end=\"1971\">\n<p class=\"\" data-start=\"1934\" data-end=\"1971\"><strong data-start=\"1934\" data-end=\"1969\">1 extra gro\u00dfer Einlass von 203 mm<\/strong><\/p>\n<\/li>\n<li class=\"\" data-start=\"1972\" data-end=\"2000\">\n<p class=\"\" data-start=\"1974\" data-end=\"2000\"><strong data-start=\"1974\" data-end=\"1998\">1 Auslass von 203 mm<\/strong><\/p>\n<\/li>\n<\/ul>\n<p class=\"\" data-start=\"2002\" data-end=\"2129\">So steuern Sie m\u00fchelos eine effiziente Luftzirkulation und verhindern einen Hei\u00dfluftstau &#8211; unerl\u00e4sslich f\u00fcr gesundes Pflanzenwachstum.<\/p>\n<h4 class=\"\" data-start=\"2131\" data-end=\"2168\">\u2705 Bequemer Zugang &amp; Beobachtung<\/h4>\n<p class=\"\" data-start=\"2169\" data-end=\"2358\">Die <strong data-start=\"2172\" data-end=\"2190\">gro\u00dfe Frontt\u00fcr<\/strong> erm\u00f6glicht einen schnellen Zugang zu Ihren Pflanzen, w\u00e4hrend Sie durch das <strong data-start=\"2245\" data-end=\"2268\">300&#215;200 mm gro\u00dfe Seitenfenster<\/strong> das Wachstum beobachten k\u00f6nnen, ohne das Mikroklima zu st\u00f6ren.<\/p>\n<h4 class=\"\" data-start=\"2360\" data-end=\"2404\">\u2705 Pflegeleicht und hygienisch<\/h4>\n<p class=\"\" data-start=\"2405\" data-end=\"2587\">Die Innen- und Au\u00dfenseite ist vollst\u00e4ndig <strong data-start=\"2445\" data-end=\"2458\">abwaschbar<\/strong> und sorgt so f\u00fcr eine saubere Wachstumsumgebung zwischen verschiedenen Wachstumszyklen. Auf diese Weise reduzieren Sie das Risiko von Schimmel und Sch\u00e4dlingen.<\/p>\n<h3 class=\"\" data-start=\"2594\" data-end=\"2623\">Technische Daten:<\/h3>\n<div class=\"overflow-x-auto contain-inline-size\">\n<table data-start=\"2625\" data-end=\"3632\">\n<thead data-start=\"2625\" data-end=\"2696\">\n<tr data-start=\"2625\" data-end=\"2696\">\n<th data-start=\"2625\" data-end=\"2648\">Merkmal<\/th>\n<th data-start=\"2648\" data-end=\"2696\">Spezifikation<\/th>\n<\/tr>\n<\/thead>\n<tbody data-start=\"2769\" data-end=\"3632\">\n<tr data-start=\"2769\" data-end=\"2840\">\n<td>Abmessungen<\/td>\n<td>100 x 100 x 180 cm<\/td>\n<\/tr>\n<tr data-start=\"2841\" data-end=\"2912\">\n<td>Band<\/td>\n<td>1,80 m\u00b3<\/td>\n<\/tr>\n<tr data-start=\"2913\" data-end=\"2984\">\n<td>Inneres Material<\/td>\n<td>170D Silberner Stoff + 170D Mylar Reflexion<\/td>\n<\/tr>\n<tr data-start=\"2985\" data-end=\"3056\">\n<td>Rahmen<\/td>\n<td>16 mm Stahlrohre<\/td>\n<\/tr>\n<tr data-start=\"3057\" data-end=\"3128\">\n<td>T\u00fcr(en)<\/td>\n<td>1 Vordert\u00fcr<\/td>\n<\/tr>\n<tr data-start=\"3129\" data-end=\"3200\">\n<td>Fenster zur Beobachtung<\/td>\n<td>300 x 200 mm<\/td>\n<\/tr>\n<tr data-start=\"3201\" data-end=\"3272\">\n<td>Bel\u00fcftungseinl\u00e4sse<\/td>\n<td>1x 76 mm, 1x 203 mm<\/td>\n<\/tr>\n<tr data-start=\"3273\" data-end=\"3344\">\n<td>Entl\u00fcftungs\u00f6ffnung<\/td>\n<td>1x 203 mm<\/td>\n<\/tr>\n<tr data-start=\"3345\" data-end=\"3416\">\n<td>Zubeh\u00f6r<\/td>\n<td>Befestigungspunkte f\u00fcr Kabel\/Ger\u00e4te<\/td>\n<\/tr>\n<tr data-start=\"3417\" data-end=\"3488\">\n<td>Wasserauffangwanne<\/td>\n<td>Nicht enthalten<\/td>\n<\/tr>\n<tr data-start=\"3489\" data-end=\"3560\">\n<td>Wartung<\/td>\n<td>Innen und au\u00dfen abwaschbar<\/td>\n<\/tr>\n<tr data-start=\"3561\" data-end=\"3632\">\n<td>Montage<\/td>\n<td>Einfach und schnell einzurichten<\/td>\n<\/tr>\n<\/tbody>\n<\/table>\n<\/div>\n<h3 class=\"\" data-start=\"3639\" data-end=\"3690\">Bestellen Sie den Mammoth Lite+ 100 bei GreenDiscounter<\/h3>\n<p class=\"\" data-start=\"3692\" data-end=\"3860\">Sind Sie bereit, Ihr Grow-Setup aufzur\u00fcsten? Das <strong data-start=\"3736\" data-end=\"3767\">Mammoth Lite+ 100 Grow-Zelt<\/strong> bietet alles, was Sie f\u00fcr eine erfolgreiche Ernte ben\u00f6tigen. Robust, ger\u00e4umig und einsatzbereit.<\/p>\n<p class=\"\" data-start=\"3862\" data-end=\"3998\">\u2714 Niedrige Preise, hohe Qualit\u00e4t<br data-start=\"3892\" data-end=\"3895\">\u2714 Direkt ab Lager lieferbar<br data-start=\"3926\" data-end=\"3929\">\u2714 Kostenloser Versand ab \u20ac75<br data-start=\"3958\" data-end=\"3961\">\u2714 Unterst\u00fctzung durch Zuchtspezialisten<\/p>\n<p class=\"\" data-start=\"4000\" data-end=\"4117\"><strong data-start=\"4000\" data-end=\"4117\">\u27a1\ufe0f Bestellen Sie Ihre Mammoth Lite+ 100 noch heute bei greendiscounter.com und lassen Sie Ihre Pflanzen wachsen wie nie zuvor!<\/strong><\/p>\n","protected":false},"excerpt":{"rendered":"<p>Sie m\u00f6chten das Beste aus Ihrem Indoor-Anbau herausholen? Das Mammoth Lite+ 100 Grow-Zelt (100x100x180 cm) ist die L\u00f6sung f\u00fcr Z\u00fcchter, die nach Platz, Effizienz und Zuverl\u00e4ssigkeit suchen. Dieses Zelt bietet genug Platz f\u00fcr ein ernsthaftes Grow-Setup, w\u00e4hrend sein elegantes Design perfekt in die meisten Innenr\u00e4ume passt.<\/p>\n","protected":false},"featured_media":39366,"template":"","meta":[],"product_brand":[1054],"product_cat":[484,482,982],"product_tag":[],"class_list":{"0":"post-39372","1":"product","2":"type-product","3":"status-publish","4":"has-post-thumbnail","6":"product_brand-mammoth-tents","7":"product_cat-mammoth-anbauzelte","8":"product_cat-zelte-anbauen","9":"product_cat-mammoth-lite-de","11":"first","12":"instock","13":"taxable","14":"shipping-taxable","15":"purchasable","16":"product-type-simple"},"_links":{"self":[{"href":"https:\/\/greendisc.dev-project.digital\/de\/wp-json\/wp\/v2\/product\/39372","targetHints":{"allow":["GET"]}}],"collection":[{"href":"https:\/\/greendisc.dev-project.digital\/de\/wp-json\/wp\/v2\/product"}],"about":[{"href":"https:\/\/greendisc.dev-project.digital\/de\/wp-json\/wp\/v2\/types\/product"}],"version-history":[{"count":0,"href":"https:\/\/greendisc.dev-project.digital\/de\/wp-json\/wp\/v2\/product\/39372\/revisions"}],"wp:featuredmedia":[{"embeddable":true,"href":"https:\/\/greendisc.dev-project.digital\/de\/wp-json\/wp\/v2\/media\/39366"}],"wp:attachment":[{"href":"https:\/\/greendisc.dev-project.digital\/de\/wp-json\/wp\/v2\/media?parent=39372"}],"wp:term":[{"taxonomy":"product_brand","embeddable":true,"href":"https:\/\/greendisc.dev-project.digital\/de\/wp-json\/wp\/v2\/product_brand?post=39372"},{"taxonomy":"product_cat","embeddable":true,"href":"https:\/\/greendisc.dev-project.digital\/de\/wp-json\/wp\/v2\/product_cat?post=39372"},{"taxonomy":"product_tag","embeddable":true,"href":"https:\/\/greendisc.dev-project.digital\/de\/wp-json\/wp\/v2\/product_tag?post=39372"}],"curies":[{"name":"wp","href":"https:\/\/api.w.org\/{rel}","templated":true}]}}