 {"id":39362,"date":"2025-04-07T11:54:34","date_gmt":"2025-04-07T09:54:34","guid":{"rendered":"https:\/\/greendisc.dev-project.digital\/product\/mammut-zelte-lite-90-wachstumszelt-90x90x180cm\/"},"modified":"2025-04-07T11:54:34","modified_gmt":"2025-04-07T09:54:34","slug":"mammut-zelte-lite-90-wachstumszelt-90x90x180cm","status":"publish","type":"product","link":"https:\/\/greendisc.dev-project.digital\/de\/produkt\/mammut-zelte-lite-90-wachstumszelt-90x90x180cm\/","title":{"rendered":"Mammut Zelte | Lite+ 90 | Wachstumszelt 90x90x180cm"},"content":{"rendered":"<h2 class=\"\" data-start=\"196\" data-end=\"281\">Mammoth Lite+ 90x90x180 cm &#8211; Stabiles und ger\u00e4umiges Wachstumszelt f\u00fcr optimales Pflanzenwachstum<\/h2>\n<p class=\"\" data-start=\"283\" data-end=\"583\">M\u00f6chten Sie Ihr Wachstumsprojekt auf die n\u00e4chste Stufe bringen? Das <strong data-start=\"341\" data-end=\"386\">Mammoth Lite+ 90 Grow-Zelt (90x90x180 cm)<\/strong> bietet ernsthaften Heimz\u00fcchtern ein ideales Gleichgewicht aus Platz, Funktionalit\u00e4t und Haltbarkeit. Erh\u00e4ltlich bei <strong data-start=\"498\" data-end=\"521\">greendiscounter.com<\/strong>, dem Ort f\u00fcr qualitativ hochwertige Zuchtzelte zu g\u00fcnstigen Preisen.<\/p>\n<h3 class=\"\" data-start=\"590\" data-end=\"633\">Warum sollten Sie sich f\u00fcr das Mammoth Lite+ 90 entscheiden?<\/h3>\n<p class=\"\" data-start=\"635\" data-end=\"919\">Mit einer gro\u00dfz\u00fcgigen Anbaufl\u00e4che von <strong data-start=\"669\" data-end=\"683\">90 x 90 cm<\/strong> und einer H\u00f6he von <strong data-start=\"702\" data-end=\"712\">180 cm<\/strong> ist dieses Zelt perfekt f\u00fcr diejenigen, die mehr Platz f\u00fcr wachsende oder bl\u00fchende Pflanzen ben\u00f6tigen. Das intelligente Design, kombiniert mit hochwertigen Materialien, sorgt f\u00fcr eine zuverl\u00e4ssige und effiziente Wachstumsumgebung.<\/p>\n<h3 class=\"\" data-start=\"926\" data-end=\"978\">Die wichtigsten Vorteile des Mammoth Lite+ 90:<\/h3>\n<h4 class=\"\" data-start=\"980\" data-end=\"1021\">\u2705 Gro\u00dfes Volumen f\u00fcr intensiven Anbau<\/h4>\n<p class=\"\" data-start=\"1022\" data-end=\"1181\">Mit einem Gesamtvolumen von <strong data-start=\"1047\" data-end=\"1058\">1,30 m\u00b3<\/strong> haben Sie genug Platz, um mehrere Pflanzen zu z\u00fcchten, einschlie\u00dflich Platz f\u00fcr Beleuchtung, Bel\u00fcftung und anderes Zubeh\u00f6r.<\/p>\n<h4 class=\"\" data-start=\"1183\" data-end=\"1229\">\u2705 Reflektierendes 170D Mylar Innenmaterial<\/h4>\n<p class=\"\" data-start=\"1230\" data-end=\"1470\">Die Innenseite des Zeltes ist mit hochwertigem <strong data-start=\"1283\" data-end=\"1304\">170D Silbermylar<\/strong> ausgekleidet, einem reflektierenden Material, das das vorhandene Licht optimal streut. Auf diese Weise nutzen Sie Ihre Growlampen optimal und f\u00f6rdern ein gesundes, kr\u00e4ftiges Pflanzenwachstum.<\/p>\n<h4 class=\"\" data-start=\"1472\" data-end=\"1501\">\u2705 Starker und stabiler Rahmen<\/h4>\n<p class=\"\" data-start=\"1502\" data-end=\"1740\">Die Konstruktion besteht aus <strong data-start=\"1529\" data-end=\"1560\">16 mm dicken Metallst\u00e4ben<\/strong> mit einer Wandst\u00e4rke von <strong data-start=\"1583\" data-end=\"1593\">0,4 mm<\/strong>. Dieser stabile Sockel macht es einfach, schwerere Anbauger\u00e4te wie Filter und Lampen aufzuh\u00e4ngen, ohne dass die Stabilit\u00e4t darunter leidet.<\/p>\n<h4 class=\"\" data-start=\"1742\" data-end=\"1770\">\u2705 Effiziente Bel\u00fcftung<\/h4>\n<p class=\"\" data-start=\"1771\" data-end=\"1866\">Der Mammoth Lite+ 90 verf\u00fcgt \u00fcber mehrere \u00d6ffnungen, um die Luftzirkulation perfekt zu regulieren:<\/p>\n<ul data-start=\"1867\" data-end=\"1969\">\n<li class=\"\" data-start=\"1867\" data-end=\"1891\">\n<p class=\"\" data-start=\"1869\" data-end=\"1891\"><strong data-start=\"1869\" data-end=\"1891\">1 Einlass von 76 mm<\/strong><\/p>\n<\/li>\n<li class=\"\" data-start=\"1892\" data-end=\"1919\">\n<p class=\"\" data-start=\"1894\" data-end=\"1919\"><strong data-start=\"1894\" data-end=\"1919\">2 Ausl\u00e4sse von 152 mm<\/strong><\/p>\n<\/li>\n<li class=\"\" data-start=\"1920\" data-end=\"1969\">\n<p class=\"\" data-start=\"1922\" data-end=\"1969\"><strong data-start=\"1922\" data-end=\"1969\">1 Beobachtungs-\/L\u00fcftungsfenster 300&#215;200 mm<\/strong><\/p>\n<\/li>\n<\/ul>\n<p class=\"\" data-start=\"1971\" data-end=\"2083\">Dies macht es einfach, ein gut reguliertes Klima in Ihrem Zelt zu schaffen &#8211; unerl\u00e4sslich f\u00fcr optimale Wachstumsbedingungen.<\/p>\n<h4 class=\"\" data-start=\"2085\" data-end=\"2117\">\u2705 Intelligentes und praktisches Design<\/h4>\n<ul data-start=\"2118\" data-end=\"2371\">\n<li class=\"\" data-start=\"2118\" data-end=\"2168\">\n<p class=\"\" data-start=\"2120\" data-end=\"2168\"><strong data-start=\"2120\" data-end=\"2142\">Eine gro\u00dfe Vordert\u00fcr<\/strong> f\u00fcr einfachen Zugang<\/p>\n<\/li>\n<li class=\"\" data-start=\"2169\" data-end=\"2230\">\n<p class=\"\" data-start=\"2171\" data-end=\"2230\"><strong data-start=\"2171\" data-end=\"2193\">Wasserdichte Tropfschale<\/strong>, um ein Versch\u00fctten auf dem Boden zu verhindern<\/p>\n<\/li>\n<li class=\"\" data-start=\"2231\" data-end=\"2298\">\n<p class=\"\" data-start=\"2233\" data-end=\"2298\"><strong data-start=\"2233\" data-end=\"2271\">Waschbare Innen- und Au\u00dfenbez\u00fcge<\/strong> f\u00fcr einfache Pflege<\/p>\n<\/li>\n<li class=\"\" data-start=\"2299\" data-end=\"2371\">\n<p class=\"\" data-start=\"2301\" data-end=\"2371\"><strong data-start=\"2301\" data-end=\"2322\">Beobachtungsfenster<\/strong> zur \u00dcberwachung der Pflanzen ohne \u00d6ffnen des Zeltes<\/p>\n<\/li>\n<\/ul>\n<p class=\"\" data-start=\"2373\" data-end=\"2469\">Ob Sie sich in der Wachstums- oder Bl\u00fctephase befinden, dieses Zelt unterst\u00fctzt jeden Schritt Ihres Wachstumszyklus.<\/p>\n<h3 class=\"\" data-start=\"2476\" data-end=\"2505\">Technische Daten:<\/h3>\n<div class=\"overflow-x-auto contain-inline-size\">\n<table data-start=\"2507\" data-end=\"3310\">\n<thead data-start=\"2507\" data-end=\"2573\">\n<tr data-start=\"2507\" data-end=\"2573\">\n<th data-start=\"2507\" data-end=\"2530\">Merkmal<\/th>\n<th data-start=\"2530\" data-end=\"2573\">Spezifikation<\/th>\n<\/tr>\n<\/thead>\n<tbody data-start=\"2641\" data-end=\"3310\">\n<tr data-start=\"2641\" data-end=\"2707\">\n<td>Abmessungen<\/td>\n<td>90 x 90 x 180 cm<\/td>\n<\/tr>\n<tr data-start=\"2708\" data-end=\"2774\">\n<td>Band<\/td>\n<td>1,30 m\u00b3<\/td>\n<\/tr>\n<tr data-start=\"2775\" data-end=\"2841\">\n<td>Inneres Material<\/td>\n<td>170D Mylar (silbern reflektierendes Material)<\/td>\n<\/tr>\n<tr data-start=\"2842\" data-end=\"2908\">\n<td>Rahmen<\/td>\n<td>16 mm Metallrohre, 0,4 mm dick<\/td>\n<\/tr>\n<tr data-start=\"2909\" data-end=\"2975\">\n<td>T\u00fcr(en)<\/td>\n<td>1 Vordert\u00fcr<\/td>\n<\/tr>\n<tr data-start=\"2976\" data-end=\"3042\">\n<td>Fenster zur Beobachtung<\/td>\n<td>300 x 200 mm<\/td>\n<\/tr>\n<tr data-start=\"3043\" data-end=\"3109\">\n<td>Bel\u00fcftungseinlass<\/td>\n<td>1x 76 mm<\/td>\n<\/tr>\n<tr data-start=\"3110\" data-end=\"3176\">\n<td>Bel\u00fcftungs\u00f6ffnungen<\/td>\n<td>2x 152 mm<\/td>\n<\/tr>\n<tr data-start=\"3177\" data-end=\"3243\">\n<td>Wasserauffangwanne<\/td>\n<td>Ja<\/td>\n<\/tr>\n<tr data-start=\"3244\" data-end=\"3310\">\n<td>Wartung<\/td>\n<td>Innen und au\u00dfen abwaschbar<\/td>\n<\/tr>\n<\/tbody>\n<\/table>\n<\/div>\n<h3 class=\"\" data-start=\"3317\" data-end=\"3384\">Bestellen Sie das Mammoth Lite+ 90 einfach online bei GreenDiscounter<\/h3>\n<p class=\"\" data-start=\"3386\" data-end=\"3538\">Sind Sie bereit, Ihren Grow Room professionell einzurichten? Mit dem <strong data-start=\"3453\" data-end=\"3483\">Mammoth Lite+ 90 Anbauzelt<\/strong> entscheiden Sie sich f\u00fcr Qualit\u00e4t, Benutzerfreundlichkeit und Haltbarkeit.<\/p>\n<p class=\"\" data-start=\"3540\" data-end=\"3657\">\u2714 Kostenloser Versand ab \u20ac75<br data-start=\"3569\" data-end=\"3572\">\u2714 Direkt ab Lager lieferbar<br data-start=\"3603\" data-end=\"3606\">\u2714 Fachkundige Unterst\u00fctzung durch Anbauspezialisten<\/p>\n<p class=\"\" data-start=\"3659\" data-end=\"3749\"><strong data-start=\"3659\" data-end=\"3749\">\u27a1\ufe0f Bestellen Sie Ihr Mammoth Lite+ 90 jetzt bei greendiscounter.com und wachsen Sie wie nie zuvor!<\/strong><\/p>\n","protected":false},"excerpt":{"rendered":"<p>M\u00f6chten Sie Ihr Wachstumsprojekt auf die n\u00e4chste Stufe bringen? Das Mammoth Lite+ 90 Grow-Zelt (90x90x180 cm) bietet ernsthaften Heimz\u00fcchtern eine ideale Balance zwischen Platz, Funktionalit\u00e4t und Haltbarkeit. Erh\u00e4ltlich bei greendiscounter.com, dem Ort f\u00fcr qualitativ hochwertige Zuchtzelte zu g\u00fcnstigen Preisen.<\/p>\n","protected":false},"featured_media":39356,"template":"","meta":[],"product_brand":[1054],"product_cat":[484,482,982],"product_tag":[],"class_list":{"0":"post-39362","1":"product","2":"type-product","3":"status-publish","4":"has-post-thumbnail","6":"product_brand-mammoth-tents","7":"product_cat-mammoth-anbauzelte","8":"product_cat-zelte-anbauen","9":"product_cat-mammoth-lite-de","11":"first","12":"instock","13":"taxable","14":"shipping-taxable","15":"purchasable","16":"product-type-simple"},"_links":{"self":[{"href":"https:\/\/greendisc.dev-project.digital\/de\/wp-json\/wp\/v2\/product\/39362","targetHints":{"allow":["GET"]}}],"collection":[{"href":"https:\/\/greendisc.dev-project.digital\/de\/wp-json\/wp\/v2\/product"}],"about":[{"href":"https:\/\/greendisc.dev-project.digital\/de\/wp-json\/wp\/v2\/types\/product"}],"version-history":[{"count":0,"href":"https:\/\/greendisc.dev-project.digital\/de\/wp-json\/wp\/v2\/product\/39362\/revisions"}],"wp:featuredmedia":[{"embeddable":true,"href":"https:\/\/greendisc.dev-project.digital\/de\/wp-json\/wp\/v2\/media\/39356"}],"wp:attachment":[{"href":"https:\/\/greendisc.dev-project.digital\/de\/wp-json\/wp\/v2\/media?parent=39362"}],"wp:term":[{"taxonomy":"product_brand","embeddable":true,"href":"https:\/\/greendisc.dev-project.digital\/de\/wp-json\/wp\/v2\/product_brand?post=39362"},{"taxonomy":"product_cat","embeddable":true,"href":"https:\/\/greendisc.dev-project.digital\/de\/wp-json\/wp\/v2\/product_cat?post=39362"},{"taxonomy":"product_tag","embeddable":true,"href":"https:\/\/greendisc.dev-project.digital\/de\/wp-json\/wp\/v2\/product_tag?post=39362"}],"curies":[{"name":"wp","href":"https:\/\/api.w.org\/{rel}","templated":true}]}}