 {"id":39351,"date":"2025-04-07T11:45:27","date_gmt":"2025-04-07T09:45:27","guid":{"rendered":"https:\/\/greendisc.dev-project.digital\/product\/mammut-zelte-lite-80-wachstumszelt-80x80x160cm\/"},"modified":"2025-04-07T11:45:27","modified_gmt":"2025-04-07T09:45:27","slug":"mammut-zelte-lite-80-wachstumszelt-80x80x160cm","status":"publish","type":"product","link":"https:\/\/greendisc.dev-project.digital\/de\/produkt\/mammut-zelte-lite-80-wachstumszelt-80x80x160cm\/","title":{"rendered":"Mammut Zelte | Lite+ 80 | Wachstumszelt 80x80x160cm"},"content":{"rendered":"<h2 class=\"\" data-start=\"230\" data-end=\"311\">Mammoth Lite+ 80x80x160 cm &#8211; Ger\u00e4umiges und robustes Growzelt f\u00fcr ernsthafte Z\u00fcchter<\/h2>\n<p class=\"\" data-start=\"313\" data-end=\"635\">Suchen Sie ein <strong data-start=\"330\" data-end=\"359\">Grow-Zelt mit mehr Platz<\/strong> und maximaler Leistung? Das <strong data-start=\"387\" data-end=\"422\">Mammoth Lite+ 80 (80x80x160 cm)<\/strong> ist die ideale Wahl f\u00fcr Innenanbauer, die ihren Pflanzen die besten Wachstumsbedingungen bieten wollen. Erh\u00e4ltlich bei <strong data-start=\"538\" data-end=\"561\">greendiscounter.com<\/strong>, Ihrem zuverl\u00e4ssigen Partner f\u00fcr wirtschaftliche und hochwertige Anbaul\u00f6sungen.<\/p>\n<h3 class=\"\" data-start=\"637\" data-end=\"688\">Warum der Mammoth Lite+ 80 eine kluge Wahl ist:<\/h3>\n<p class=\"\" data-start=\"690\" data-end=\"904\">Der <strong data-start=\"693\" data-end=\"713\">Mammoth Lite+ 80<\/strong> bietet ein perfektes Gleichgewicht zwischen Platzangebot, Robustheit und Benutzerfreundlichkeit. Egal, ob Sie Anf\u00e4nger oder bereits erfahrener Z\u00fcchter sind, dieses Zelt gibt Ihnen alle Werkzeuge an die Hand, die Sie f\u00fcr einen erfolgreichen Anbau ben\u00f6tigen.<\/p>\n<h3 class=\"\" data-start=\"911\" data-end=\"963\">Die wichtigsten Vorteile des Mammoth Lite+ 80:<\/h3>\n<h4 class=\"\" data-start=\"965\" data-end=\"991\">\u2705 Gro\u00dfe Anbaufl\u00e4che<\/h4>\n<p class=\"\" data-start=\"992\" data-end=\"1222\">Mit den Ma\u00dfen <strong data-start=\"1013\" data-end=\"1033\">80 x 80 x 160 cm<\/strong> bietet dieses Zelt ausreichend Platz f\u00fcr mehrere Pflanzen, w\u00e4hrend seine kompakte Gr\u00f6\u00dfe auch f\u00fcr kleinere Innenr\u00e4ume wie G\u00e4stezimmer, Abstellr\u00e4ume oder Dachb\u00f6den geeignet ist.<\/p>\n<h4 class=\"\" data-start=\"1224\" data-end=\"1269\">\u2705 Strapazierf\u00e4higes 170D Mylar Reflexionsmaterial<\/h4>\n<p class=\"\" data-start=\"1270\" data-end=\"1513\">Die Innenseite ist mit <strong data-start=\"1299\" data-end=\"1333\">silberfarbenem 170D-Reflexionsmaterial<\/strong> (Mylar) ausgekleidet, das f\u00fcr eine hervorragende Lichtverteilung im Zelt sorgt. So k\u00f6nnen Ihre Pflanzen jedes Lumen voll ausnutzen, was zu einem schnelleren und ges\u00fcnderen Wachstum f\u00fchrt.<\/p>\n<h4 class=\"\" data-start=\"1515\" data-end=\"1545\">\u2705 Solider und stabiler Rahmen<\/h4>\n<p class=\"\" data-start=\"1546\" data-end=\"1788\">Der robuste Rahmen mit <strong data-start=\"1579\" data-end=\"1594\">16 mm dicken<\/strong> Rohren bietet maximale Stabilit\u00e4t, auch beim Aufh\u00e4ngen von schwerem Zubeh\u00f6r wie Filtern, Lampen und Ventilatoren. Die Ecken sind aus strapazierf\u00e4higem <strong data-start=\"1747\" data-end=\"1764\">PP-Copolymer<\/strong> f\u00fcr eine lange Nutzungsdauer gefertigt.<\/p>\n<h4 class=\"\" data-start=\"1790\" data-end=\"1837\">\u2705 Effiziente Bel\u00fcftung &amp; intelligente \u00d6ffnungen<\/h4>\n<p class=\"\" data-start=\"1838\" data-end=\"1870\">Dieses Growzelt ist ausgestattet mit:<\/p>\n<ul data-start=\"1871\" data-end=\"1965\">\n<li class=\"\" data-start=\"1871\" data-end=\"1901\">\n<p class=\"\" data-start=\"1873\" data-end=\"1901\"><strong data-start=\"1873\" data-end=\"1899\">1 Lufteinlass (152 mm)<\/strong><\/p>\n<\/li>\n<li class=\"\" data-start=\"1902\" data-end=\"1933\">\n<p class=\"\" data-start=\"1904\" data-end=\"1933\"><strong data-start=\"1904\" data-end=\"1931\">1 Luftauslass (152 mm)<\/strong><\/p>\n<\/li>\n<li class=\"\" data-start=\"1934\" data-end=\"1965\">\n<p class=\"\" data-start=\"1936\" data-end=\"1965\"><strong data-start=\"1936\" data-end=\"1963\">1 Kabeleinf\u00fchrung (76 mm)<\/strong><\/p>\n<\/li>\n<\/ul>\n<p class=\"\" data-start=\"1967\" data-end=\"2140\">So k\u00f6nnen Sie alle Bel\u00fcftungsger\u00e4te und Kabel sauber installieren und gleichzeitig die Luftzirkulation optimal steuern &#8211; entscheidend f\u00fcr eine gesunde Wachstumsumgebung.<\/p>\n<h4 class=\"\" data-start=\"2142\" data-end=\"2181\">\u2705 Praktischer Zugang und Beobachtung<\/h4>\n<p class=\"\" data-start=\"2182\" data-end=\"2406\">Die <strong data-start=\"2193\" data-end=\"2211\">gro\u00dfe Eingangst\u00fcr<\/strong> erm\u00f6glicht Ihnen einen einfachen Zugang zu Ihren Pflanzen. Au\u00dferdem verf\u00fcgt das Zelt \u00fcber ein praktisches <strong data-start=\"2298\" data-end=\"2332\">Beobachtungsfenster (300&#215;200 mm)<\/strong>, durch das Sie Ihre Pflanzen schnell \u00fcberpr\u00fcfen k\u00f6nnen, ohne das Klima zu st\u00f6ren.<\/p>\n<h4 class=\"\" data-start=\"2408\" data-end=\"2457\">\u2705 Schnell einzurichten &amp; leicht zu pflegen<\/h4>\n<p class=\"\" data-start=\"2458\" data-end=\"2696\">Der <strong data-start=\"2461\" data-end=\"2481\">Mammoth Lite+ 80<\/strong> l\u00e4sst sich auch von Anf\u00e4ngern leicht zusammenbauen. Das Material ist sowohl innen als auch au\u00dfen <strong data-start=\"2589\" data-end=\"2600\">waschbar<\/strong>, so dass das Zelt leicht sauber und hygienisch zu halten ist &#8211; unerl\u00e4sslich f\u00fcr mehrere Wachstumsperioden.<\/p>\n<h3 class=\"\" data-start=\"2703\" data-end=\"2732\">Technische Daten:<\/h3>\n<div class=\"overflow-x-auto contain-inline-size\">\n<table data-start=\"2734\" data-end=\"3630\">\n<thead data-start=\"2734\" data-end=\"2802\">\n<tr data-start=\"2734\" data-end=\"2802\">\n<th data-start=\"2734\" data-end=\"2757\">Merkmal<\/th>\n<th data-start=\"2757\" data-end=\"2802\">Spezifikation<\/th>\n<\/tr>\n<\/thead>\n<tbody data-start=\"2872\" data-end=\"3630\">\n<tr data-start=\"2872\" data-end=\"2940\">\n<td>Abmessungen<\/td>\n<td>80 x 80 x 160 cm<\/td>\n<\/tr>\n<tr data-start=\"2941\" data-end=\"3009\">\n<td>Reflektierendes Material<\/td>\n<td>170D Silber Mylar<\/td>\n<\/tr>\n<tr data-start=\"3010\" data-end=\"3078\">\n<td>Rahmen<\/td>\n<td>16 mm Stahlrohre<\/td>\n<\/tr>\n<tr data-start=\"3079\" data-end=\"3147\">\n<td>Eckst\u00fccke<\/td>\n<td>PP Copolymer<\/td>\n<\/tr>\n<tr data-start=\"3148\" data-end=\"3216\">\n<td>Einlass<\/td>\n<td>152 mm Lufteinlass<\/td>\n<\/tr>\n<tr data-start=\"3217\" data-end=\"3285\">\n<td>Auspuff<\/td>\n<td>152 mm Luftauslass<\/td>\n<\/tr>\n<tr data-start=\"3286\" data-end=\"3354\">\n<td>Kabeldurchf\u00fchrungst\u00fclle<\/td>\n<td>76 mm<\/td>\n<\/tr>\n<tr data-start=\"3355\" data-end=\"3423\">\n<td>Fenster zur Beobachtung<\/td>\n<td>300 x 200 mm<\/td>\n<\/tr>\n<tr data-start=\"3424\" data-end=\"3492\">\n<td>T\u00fcr(en)<\/td>\n<td>1 Vordert\u00fcr<\/td>\n<\/tr>\n<tr data-start=\"3493\" data-end=\"3561\">\n<td>Herkunft<\/td>\n<td>Entworfen in den Niederlanden<\/td>\n<\/tr>\n<tr data-start=\"3562\" data-end=\"3630\">\n<td>Wartung<\/td>\n<td>Innen und au\u00dfen leicht zu waschen<\/td>\n<\/tr>\n<\/tbody>\n<\/table>\n<\/div>\n<h3 class=\"\" data-start=\"3637\" data-end=\"3699\">Bestellen Sie den Mammoth Lite+ 80 noch heute bei GreenDiscounter<\/h3>\n<p class=\"\" data-start=\"3701\" data-end=\"3916\">Sie m\u00f6chten professionell in einem kompakten, aber ger\u00e4umigen Zelt anbauen? Der <strong data-start=\"3765\" data-end=\"3785\">Mammoth Lite+ 80<\/strong> ist die erste Wahl f\u00fcr alle, die auf Zuverl\u00e4ssigkeit, Langlebigkeit und Benutzerfreundlichkeit Wert legen. Perfekt f\u00fcr Hobbyz\u00fcchter und ernsthafte Heimz\u00fcchter.<\/p>\n<p class=\"\" data-start=\"3918\" data-end=\"4049\">\u2714 Scharfe Preise<br data-start=\"3935\" data-end=\"3938\">\u2714 Schnelle Lieferung aus eigenem Lager<br data-start=\"4006\" data-end=\"4009\">\u2714 Kundenservice mit Kenntnissen der Zucht<\/p>\n<p class=\"\" data-start=\"4051\" data-end=\"4152\"><strong data-start=\"4051\" data-end=\"4152\">\u27a1\ufe0f Bestellen Sie den Mammoth Lite+ 80 jetzt bei greendiscounter.com und holen Sie das Beste aus Ihrem Grow Room heraus!<\/strong><\/p>\n","protected":false},"excerpt":{"rendered":"<p>Suchen Sie ein Grow-Zelt mit mehr Platz und maximaler Leistung? Das Mammoth Lite+ 80 (80x80x160 cm) ist die ideale Wahl f\u00fcr Innenanbauer, die ihren Pflanzen die besten Wachstumsbedingungen bieten wollen. Erh\u00e4ltlich bei greendiscounter.com, Ihrem zuverl\u00e4ssigen Partner f\u00fcr wirtschaftliche und hochwertige Anbaul\u00f6sungen.<\/p>\n","protected":false},"featured_media":39345,"template":"","meta":[],"product_brand":[1054],"product_cat":[484,482,982],"product_tag":[],"class_list":{"0":"post-39351","1":"product","2":"type-product","3":"status-publish","4":"has-post-thumbnail","6":"product_brand-mammoth-tents","7":"product_cat-mammoth-anbauzelte","8":"product_cat-zelte-anbauen","9":"product_cat-mammoth-lite-de","11":"first","12":"instock","13":"taxable","14":"shipping-taxable","15":"purchasable","16":"product-type-simple"},"_links":{"self":[{"href":"https:\/\/greendisc.dev-project.digital\/de\/wp-json\/wp\/v2\/product\/39351","targetHints":{"allow":["GET"]}}],"collection":[{"href":"https:\/\/greendisc.dev-project.digital\/de\/wp-json\/wp\/v2\/product"}],"about":[{"href":"https:\/\/greendisc.dev-project.digital\/de\/wp-json\/wp\/v2\/types\/product"}],"version-history":[{"count":0,"href":"https:\/\/greendisc.dev-project.digital\/de\/wp-json\/wp\/v2\/product\/39351\/revisions"}],"wp:featuredmedia":[{"embeddable":true,"href":"https:\/\/greendisc.dev-project.digital\/de\/wp-json\/wp\/v2\/media\/39345"}],"wp:attachment":[{"href":"https:\/\/greendisc.dev-project.digital\/de\/wp-json\/wp\/v2\/media?parent=39351"}],"wp:term":[{"taxonomy":"product_brand","embeddable":true,"href":"https:\/\/greendisc.dev-project.digital\/de\/wp-json\/wp\/v2\/product_brand?post=39351"},{"taxonomy":"product_cat","embeddable":true,"href":"https:\/\/greendisc.dev-project.digital\/de\/wp-json\/wp\/v2\/product_cat?post=39351"},{"taxonomy":"product_tag","embeddable":true,"href":"https:\/\/greendisc.dev-project.digital\/de\/wp-json\/wp\/v2\/product_tag?post=39351"}],"curies":[{"name":"wp","href":"https:\/\/api.w.org\/{rel}","templated":true}]}}