 {"id":39341,"date":"2025-04-07T11:13:08","date_gmt":"2025-04-07T09:13:08","guid":{"rendered":"https:\/\/greendisc.dev-project.digital\/product\/mammut-zelte-lite-60-60x60x140cm\/"},"modified":"2025-04-07T13:26:55","modified_gmt":"2025-04-07T11:26:55","slug":"mammut-zelte-lite-60-60x60x140cm","status":"publish","type":"product","link":"https:\/\/greendisc.dev-project.digital\/de\/produkt\/mammut-zelte-lite-60-60x60x140cm\/","title":{"rendered":"Mammut Zelte | Lite+ 60 | Wachstumszelt 60x60x140cm"},"content":{"rendered":"<h2 class=\"\" data-start=\"270\" data-end=\"349\">Mammoth Lite+ 60x60x140 cm &#8211; Das beste kompakte Anbauzelt f\u00fcr kleine R\u00e4ume<\/h2>\n<p class=\"\" data-start=\"351\" data-end=\"659\">Suchen Sie ein kompaktes und effizientes Grow-Zelt f\u00fcr einen kleinen Raum? Die <strong data-start=\"435\" data-end=\"470\">Mammoth Lite+ 60 (60x60x140 cm)<\/strong> ist die ideale L\u00f6sung f\u00fcr Z\u00fcchter im Innenbereich, die maximale Ergebnisse auf minimalem Raum erzielen m\u00f6chten. Erh\u00e4ltlich bei <strong data-start=\"589\" data-end=\"612\">greendiscounter.com<\/strong>, dem Spezialisten f\u00fcr g\u00fcnstige Anbaul\u00f6sungen.<\/p>\n<h3 class=\"\" data-start=\"661\" data-end=\"704\">Warum sollten Sie sich f\u00fcr das Mammoth Lite+ 60 entscheiden?<\/h3>\n<p class=\"\" data-start=\"706\" data-end=\"941\">Dieses <strong data-start=\"711\" data-end=\"731\">kleine Grow-Zelt<\/strong> wurde speziell f\u00fcr Anf\u00e4nger und erfahrene Hobbyz\u00fcchter entwickelt. Dank seines intelligenten, langlebigen Designs k\u00f6nnen Sie ganz einfach eine professionelle Anbaubedingung schaffen &#8211; selbst in einem Schrank, Schuppen oder kleinen Raum.<\/p>\n<h3 class=\"\" data-start=\"943\" data-end=\"995\">Die wichtigsten Vorteile des Mammoth Lite+ 60:<\/h3>\n<h4 class=\"\" data-start=\"997\" data-end=\"1030\">\u2705 Kompakt und platzsparend<\/h4>\n<p class=\"\" data-start=\"1031\" data-end=\"1232\">Mit den Ma\u00dfen <strong data-start=\"1055\" data-end=\"1071\">60x60x140 cm<\/strong> passt dieses Zelt m\u00fchelos in fast jeden Raum. Ideal f\u00fcr den Anbau von einer bis wenigen Pflanzen, ohne Kompromisse bei der Qualit\u00e4t oder Funktionalit\u00e4t einzugehen.<\/p>\n<h4 class=\"\" data-start=\"1234\" data-end=\"1265\">\u2705 Stabiler und langlebiger Rahmen<\/h4>\n<p class=\"\" data-start=\"1266\" data-end=\"1542\">Das Zelt verf\u00fcgt \u00fcber robuste Metallstangen mit einer <strong data-start=\"1319\" data-end=\"1334\">St\u00e4rke von 16 mm<\/strong> und einer Wandst\u00e4rke von <strong data-start=\"1357\" data-end=\"1367\">0,4 mm<\/strong>, die f\u00fcr Stabilit\u00e4t und Langlebigkeit sorgen. Die Verbindungsecken bestehen aus <strong data-start=\"1463\" data-end=\"1480\">PP-Copolymer<\/strong>, das bei regelm\u00e4\u00dfiger Montage und Demontage zus\u00e4tzliche Haltbarkeit bietet.<\/p>\n<h4 class=\"\" data-start=\"1544\" data-end=\"1604\">\u2705 Optimale Lichtreflexion mit 170D Silber Innenfutter<\/h4>\n<p class=\"\" data-start=\"1605\" data-end=\"1865\">Die Innenseite des Zelts ist mit <strong data-start=\"1646\" data-end=\"1680\">silberfarbenem, reflektierendem 170D-Material<\/strong> ausgekleidet, das eine maximale Lichtleistung und eine gleichm\u00e4\u00dfige Lichtverteilung gew\u00e4hrleistet. So k\u00f6nnen Sie die Beleuchtung optimal nutzen und ein kr\u00e4ftiges und gesundes Pflanzenwachstum f\u00f6rdern.<\/p>\n<h4 class=\"\" data-start=\"1867\" data-end=\"1914\">\u2705 Effiziente Bel\u00fcftung und Luftzirkulation<\/h4>\n<p class=\"\" data-start=\"1915\" data-end=\"1959\">Ausgestattet mit mehreren Bel\u00fcftungs\u00f6ffnungen:<\/p>\n<ul data-start=\"1960\" data-end=\"2044\">\n<li class=\"\" data-start=\"1960\" data-end=\"1985\">\n<p class=\"\" data-start=\"1962\" data-end=\"1985\"><strong data-start=\"1962\" data-end=\"1983\">Einlass von 152 mm<\/strong><\/p>\n<\/li>\n<li class=\"\" data-start=\"1986\" data-end=\"2012\">\n<p class=\"\" data-start=\"1988\" data-end=\"2012\"><strong data-start=\"1988\" data-end=\"2010\">Auspuff von 152 mm<\/strong><\/p>\n<\/li>\n<li class=\"\" data-start=\"2013\" data-end=\"2044\">\n<p class=\"\" data-start=\"2015\" data-end=\"2044\"><strong data-start=\"2015\" data-end=\"2042\">76 mm Kabeldurchf\u00fchrungst\u00fclle<\/strong><\/p>\n<\/li>\n<\/ul>\n<p class=\"\" data-start=\"2046\" data-end=\"2245\">Dank dieser \u00d6ffnungen k\u00f6nnen Sie einen <strong data-start=\"2088\" data-end=\"2106\">Kohlefilter<\/strong>, einen <strong data-start=\"2108\" data-end=\"2120\">Abzug<\/strong>, einen <strong data-start=\"2122\" data-end=\"2136\">Ventilator<\/strong> oder Kabel sauber und effizient installieren. So bleibt Ihr Anbauraum geordnet und optimal bel\u00fcftet.<\/p>\n<h4 class=\"\" data-start=\"2247\" data-end=\"2272\">\u2705 Lichtdichtes Design<\/h4>\n<p class=\"\" data-start=\"2273\" data-end=\"2506\">Das Zelt ist vollst\u00e4ndig lichtdicht, was f\u00fcr die Aufrechterhaltung eines stabilen Lichtzyklus unerl\u00e4sslich ist. Unerw\u00fcnschtes Eindringen von Licht wird verhindert, so dass Ihre Pflanzen genau die richtige Menge an Licht erhalten &#8211; unerl\u00e4sslich f\u00fcr Wachstum und Bl\u00fcte.<\/p>\n<h4 class=\"\" data-start=\"2508\" data-end=\"2555\">\u2705 Benutzerfreundlich und schnell einzurichten<\/h4>\n<p class=\"\" data-start=\"2556\" data-end=\"2766\">Kein \u00c4rger beim Zusammenbau: Der <strong data-start=\"2588\" data-end=\"2608\">Mammoth Lite+ 60<\/strong> l\u00e4sst sich dank seines intelligenten Designs und seiner klaren Anschl\u00fcsse leicht zusammenbauen. Selbst wenn Sie neu im Indoor-Anbau sind, ist der Aufbau dieses Zeltes kein Problem.<\/p>\n<h3 class=\"\" data-start=\"2773\" data-end=\"2802\">Technische Daten:<\/h3>\n<div class=\"overflow-x-auto contain-inline-size\">\n<table data-start=\"2804\" data-end=\"3370\">\n<thead data-start=\"2804\" data-end=\"2866\">\n<tr data-start=\"2804\" data-end=\"2866\">\n<th data-start=\"2804\" data-end=\"2827\">Merkmal<\/th>\n<th data-start=\"2827\" data-end=\"2866\">Spezifikation<\/th>\n<\/tr>\n<\/thead>\n<tbody data-start=\"2930\" data-end=\"3370\">\n<tr data-start=\"2930\" data-end=\"2992\">\n<td>Abmessungen<\/td>\n<td>60 x 60 x 140 cm<\/td>\n<\/tr>\n<tr data-start=\"2993\" data-end=\"3055\">\n<td>Inneres Material<\/td>\n<td>170D Silberner Reflexionsstoff<\/td>\n<\/tr>\n<tr data-start=\"3056\" data-end=\"3118\">\n<td>Rahmen<\/td>\n<td>16 mm Rohre, 0,4 mm dick<\/td>\n<\/tr>\n<tr data-start=\"3119\" data-end=\"3181\">\n<td>Eckst\u00fccke<\/td>\n<td>PP Copolymer<\/td>\n<\/tr>\n<tr data-start=\"3182\" data-end=\"3244\">\n<td>Einlass Bel\u00fcftung<\/td>\n<td>152 mm<\/td>\n<\/tr>\n<tr data-start=\"3245\" data-end=\"3307\">\n<td>Entl\u00fcftung<\/td>\n<td>152 mm<\/td>\n<\/tr>\n<tr data-start=\"3308\" data-end=\"3370\">\n<td>Kabeldurchf\u00fchrungst\u00fclle<\/td>\n<td>76 mm<\/td>\n<\/tr>\n<\/tbody>\n<\/table>\n<\/div>\n<h3 class=\"\" data-start=\"3377\" data-end=\"3430\">Bestellen Sie den Mammoth Lite+ 60 jetzt bei GreenDiscounter<\/h3>\n<p class=\"\" data-start=\"3432\" data-end=\"3645\">Sie suchen ein <strong data-start=\"3449\" data-end=\"3490\">hochwertiges kompaktes Grow-Zelt<\/strong> zu einem g\u00fcnstigen Preis? Bestellen Sie den <strong data-start=\"3526\" data-end=\"3546\">Mammoth Lite+ 60<\/strong> noch heute bei <strong data-start=\"3563\" data-end=\"3586\">greendiscounter.com<\/strong> und schaffen Sie sich Ihren idealen Raum f\u00fcr den Indoor-Anbau, wo immer Sie auch sind.<\/p>\n<p class=\"\" data-start=\"3647\" data-end=\"3749\">\u2714 Kostenloser Versand ab \u20ac75<br data-start=\"3676\" data-end=\"3679\">\u2714 Schnelle Lieferung<br data-start=\"3696\" data-end=\"3699\">\u2714 Fachkundige Beratung durch erfahrene Anbauspezialisten<\/p>\n<p class=\"\" data-start=\"3751\" data-end=\"3838\"><strong data-start=\"3751\" data-end=\"3838\">\u27a1\ufe0f Sind Sie bereit f\u00fcr den Anbau auf kleinem Raum? Bestellen Sie den Mammoth Lite+ 60 jetzt!<\/strong><\/p>\n","protected":false},"excerpt":{"rendered":"<p>Suchen Sie ein kompaktes und effizientes Grow-Zelt f\u00fcr einen kleinen Raum? Die Mammoth Lite+ 60 (60x60x140 cm) ist die ideale L\u00f6sung f\u00fcr Z\u00fcchter im Innenbereich, die maximale Ergebnisse auf minimalem Raum erzielen m\u00f6chten. Erh\u00e4ltlich bei greendiscounter.com, dem Spezialisten f\u00fcr g\u00fcnstige Anbaul\u00f6sungen.<\/p>\n","protected":false},"featured_media":39335,"template":"","meta":[],"product_brand":[1054],"product_cat":[484,482,982],"product_tag":[],"class_list":{"0":"post-39341","1":"product","2":"type-product","3":"status-publish","4":"has-post-thumbnail","6":"product_brand-mammoth-tents","7":"product_cat-mammoth-anbauzelte","8":"product_cat-zelte-anbauen","9":"product_cat-mammoth-lite-de","11":"first","12":"instock","13":"taxable","14":"shipping-taxable","15":"purchasable","16":"product-type-simple"},"_links":{"self":[{"href":"https:\/\/greendisc.dev-project.digital\/de\/wp-json\/wp\/v2\/product\/39341","targetHints":{"allow":["GET"]}}],"collection":[{"href":"https:\/\/greendisc.dev-project.digital\/de\/wp-json\/wp\/v2\/product"}],"about":[{"href":"https:\/\/greendisc.dev-project.digital\/de\/wp-json\/wp\/v2\/types\/product"}],"version-history":[{"count":0,"href":"https:\/\/greendisc.dev-project.digital\/de\/wp-json\/wp\/v2\/product\/39341\/revisions"}],"wp:featuredmedia":[{"embeddable":true,"href":"https:\/\/greendisc.dev-project.digital\/de\/wp-json\/wp\/v2\/media\/39335"}],"wp:attachment":[{"href":"https:\/\/greendisc.dev-project.digital\/de\/wp-json\/wp\/v2\/media?parent=39341"}],"wp:term":[{"taxonomy":"product_brand","embeddable":true,"href":"https:\/\/greendisc.dev-project.digital\/de\/wp-json\/wp\/v2\/product_brand?post=39341"},{"taxonomy":"product_cat","embeddable":true,"href":"https:\/\/greendisc.dev-project.digital\/de\/wp-json\/wp\/v2\/product_cat?post=39341"},{"taxonomy":"product_tag","embeddable":true,"href":"https:\/\/greendisc.dev-project.digital\/de\/wp-json\/wp\/v2\/product_tag?post=39341"}],"curies":[{"name":"wp","href":"https:\/\/api.w.org\/{rel}","templated":true}]}}