 {"id":39318,"date":"2025-04-04T15:24:24","date_gmt":"2025-04-04T13:24:24","guid":{"rendered":"https:\/\/greendisc.dev-project.digital\/product\/ocl-pro-controller-touchscreen-4g-wifi\/"},"modified":"2025-04-04T15:24:24","modified_gmt":"2025-04-04T13:24:24","slug":"ocl-pro-controller-touchscreen-4g-wifi","status":"publish","type":"product","link":"https:\/\/greendisc.dev-project.digital\/de\/produkt\/ocl-pro-controller-touchscreen-4g-wifi\/","title":{"rendered":"OCL | PRO Controller | Touchscreen | 4G + WIFI"},"content":{"rendered":"<h2 class=\"\" data-start=\"289\" data-end=\"389\"><strong data-start=\"292\" data-end=\"389\">OCL Lighting Master Controller &#8211; Die intelligenteste Beleuchtungssteuerung f\u00fcr professionelle Z\u00fcchter<\/strong><\/h2>\n<h3 class=\"\" data-start=\"391\" data-end=\"495\">Maximale Kontrolle \u00fcber Ihren Grow Room mit der genauesten Temperatur\u00fcberwachung der Branche<\/h3>\n<p class=\"\" data-start=\"497\" data-end=\"795\">Entdecken Sie die neueste Generation der Beleuchtungssteuerung mit dem <strong data-start=\"555\" data-end=\"589\">OCL Lighting Master Controller<\/strong>, entwickelt <strong data-start=\"602\" data-end=\"632\">von Landwirten f\u00fcr Landwirte<\/strong>. Dank der Zusammenarbeit mit Top-Ingenieuren der Mobilfunkbranche ist dieser Controller so konzipiert, dass er f\u00fcr die n\u00e4chsten Jahre neue Ma\u00dfst\u00e4be in der Anbautechnologie setzt.<\/p>\n<h3 class=\"\" data-start=\"797\" data-end=\"848\">Steuern Sie bis zu 300 Lampen mit einem Controller<\/h3>\n<p class=\"\" data-start=\"850\" data-end=\"1231\">Mit diesem <strong data-start=\"876\" data-end=\"906\">OCL-Touchscreen-Controller<\/strong> der zweiten Generation k\u00f6nnen Sie bis zu <strong data-start=\"918\" data-end=\"937\">300 Grow-Lampen<\/strong> steuern, verteilt auf zwei unabh\u00e4ngige Ausg\u00e4nge. Im Gegensatz zu \u00e4lteren Modellen bietet dieser Master Controller v\u00f6llig <strong data-start=\"1069\" data-end=\"1104\">einzigartige Einstellungen pro Ausgang<\/strong>. So k\u00f6nnen Sie mit einem einzigen Ger\u00e4t zwei Growr\u00e4ume separat verwalten &#8211; ideal f\u00fcr effiziente und professionelle Anbausysteme.<\/p>\n<h3 class=\"\" data-start=\"1233\" data-end=\"1290\">Intelligente Timer-Funktionen &#8211; auch f\u00fcr nicht-24-st\u00fcndige Tageszyklen<\/h3>\n<p class=\"\" data-start=\"1292\" data-end=\"1662\">Mit dem OCL Master Controller stellen Sie nicht nur die Ein- und Ausschaltzeiten Ihrer Beleuchtung ein, sondern profitieren auch von den <strong data-start=\"1412\" data-end=\"1438\">asynchronen Timer-Optionen<\/strong>. Das bedeutet, dass Sie die Pflanzen mit einem k\u00fcrzeren Tageszyklus als den \u00fcblichen 24 Stunden trainieren k\u00f6nnen &#8211; etwas, worauf bestimmte Sorten besonders gut ansprechen. Dies bietet Ihnen als Z\u00fcchter mehr Kontrolle \u00fcber Wachstumsstadien und Erntezeiten.<\/p>\n<h3 class=\"\" data-start=\"1664\" data-end=\"1720\">Dimmfunktion mit Sonnenaufgangs- und Sonnenuntergangssimulation<\/h3>\n<p class=\"\" data-start=\"1722\" data-end=\"2086\">In der Natur erwachen die Pflanzen langsam und gehen allm\u00e4hlich in die Ruhephase \u00fcber. Der OCL-Controller ahmt diesen nat\u00fcrlichen Prozess mit einer <strong data-start=\"1854\" data-end=\"1896\">ultra-sanften Sonnenaufgangs- und Sonnenuntergangsfunktion<\/strong> nach und verhindert so Stress f\u00fcr Ihre Pflanzen. Anstelle eines abrupten Lichtwechsels von 0-100% baut der Controller das Licht langsam auf und ab &#8211; was zu ges\u00fcnderen Pflanzen und h\u00f6heren Ertr\u00e4gen f\u00fchrt.<\/p>\n<h3 class=\"\" data-start=\"2088\" data-end=\"2152\">Automatischer Temperaturschutz mit pr\u00e4zisen Sensoren<\/h3>\n<p class=\"\" data-start=\"2154\" data-end=\"2512\">\u00dcberm\u00e4\u00dfige Hitze aufgrund von defekten Klimaanlagen oder Sommerspitzen? Machen Sie sich keine Sorgen. Der OCL Master Controller verf\u00fcgt \u00fcber einen <strong data-start=\"2279\" data-end=\"2318\">intelligenten Temperaturschutz<\/strong> mit automatischen <strong data-start=\"2336\" data-end=\"2366\">Dimm- und Abschaltfunktionen<\/strong>. Dank des externen Temperatursensors vermeiden Sie, dass Sie Ihre Lampen aufgrund ungenauer Messwerte oder W\u00e4rmeflecken zu fr\u00fch ausschalten.<\/p>\n<h3 class=\"\" data-start=\"2514\" data-end=\"2574\">Erweiterbar mit VPD-, CO\u2082- und Feuchtigkeitsmessungen<\/h3>\n<p class=\"\" data-start=\"2576\" data-end=\"2896\">F\u00fcr noch mehr Kontrolle \u00fcber Ihr Klima kann der Controller mit optionalem Zubeh\u00f6r zur Messung von <strong data-start=\"2696\" data-end=\"2728\">VPD (Verdunstungsdruckdefizit<\/strong>), <strong data-start=\"2730\" data-end=\"2744\">CO\u2082-Wert<\/strong> und <strong data-start=\"2748\" data-end=\"2768\">Luftfeuchtigkeit<\/strong> erweitert werden. \u00dcber den intelligenten Stromanschluss k\u00f6nnen Sie zus\u00e4tzliche Ger\u00e4te ganz einfach automatisch ein- oder ausschalten, je nach Ihren Einstellungen.<\/p>\n<hr class=\"\" data-start=\"2898\" data-end=\"2901\">\n<h2 class=\"\" data-start=\"2903\" data-end=\"2968\">Die wichtigsten Merkmale des OCL Lighting Master Controller:<\/h2>\n<ul data-start=\"2970\" data-end=\"3587\">\n<li class=\"\" data-start=\"2970\" data-end=\"3033\">\n<p class=\"\" data-start=\"2972\" data-end=\"3033\">\ud83d\udd0c <strong data-start=\"2975\" data-end=\"3003\">Unabh\u00e4ngige Ausg\u00e4nge<\/strong> f\u00fcr zwei separate Growr\u00e4ume<\/p>\n<\/li>\n<li class=\"\" data-start=\"3034\" data-end=\"3118\">\n<p class=\"\" data-start=\"3036\" data-end=\"3118\">\ud83c\udf21\ufe0f <strong data-start=\"3040\" data-end=\"3079\">Fortschrittlicher Temperaturschutz<\/strong> mit automatischer Dimmung und Abschaltung<\/p>\n<\/li>\n<li class=\"\" data-start=\"3119\" data-end=\"3197\">\n<p class=\"\" data-start=\"3121\" data-end=\"3197\">\ud83c\udf05 <strong data-start=\"3124\" data-end=\"3169\">Simulation von Sonnenaufgang und Sonnenuntergang<\/strong> f\u00fcr nat\u00fcrliche Lichtzyklen<\/p>\n<\/li>\n<li class=\"\" data-start=\"3198\" data-end=\"3242\">\n<p class=\"\" data-start=\"3200\" data-end=\"3242\">\u23f1\ufe0f <strong data-start=\"3203\" data-end=\"3242\">Standard- und asynchrone Timer-Optionen<\/strong><\/p>\n<\/li>\n<li class=\"\" data-start=\"3243\" data-end=\"3327\">\n<p class=\"\" data-start=\"3245\" data-end=\"3327\">\ud83c\udf25\ufe0f <strong data-start=\"3249\" data-end=\"3263\">Wolkenmodus<\/strong> &#8211; simulieren Sie Wolken f\u00fcr besonders nat\u00fcrliche Lichtverh\u00e4ltnisse<\/p>\n<\/li>\n<li class=\"\" data-start=\"3328\" data-end=\"3387\">\n<p class=\"\" data-start=\"3330\" data-end=\"3387\">\ud83d\udcc8 <strong data-start=\"3333\" data-end=\"3349\">Datenprotokollierung<\/strong> f\u00fcr vollen Zugriff auf Ihre Anbaudaten<\/p>\n<\/li>\n<li class=\"\" data-start=\"3388\" data-end=\"3451\">\n<p class=\"\" data-start=\"3390\" data-end=\"3451\">\ud83d\udd04 <strong data-start=\"3393\" data-end=\"3423\">Option 12\/12 inverser Zeitplan<\/strong> f\u00fcr konstante Stromabnahme<\/p>\n<\/li>\n<li class=\"\" data-start=\"3452\" data-end=\"3502\">\n<p class=\"\" data-start=\"3454\" data-end=\"3502\">\ud83c\udf2c\ufe0f <strong data-start=\"3458\" data-end=\"3502\">Kompatibel mit VPD-, CO\u2082- und RH-Sensoren<\/strong><\/p>\n<\/li>\n<li class=\"\" data-start=\"3503\" data-end=\"3537\">\n<p class=\"\" data-start=\"3505\" data-end=\"3537\">\ud83d\udcf6 <strong data-start=\"3508\" data-end=\"3537\">4G- und WiFi-Konnektivit\u00e4t<\/strong><\/p>\n<\/li>\n<li class=\"\" data-start=\"3538\" data-end=\"3587\">\n<p class=\"\" data-start=\"3540\" data-end=\"3587\">\ud83d\udca1 <strong data-start=\"3543\" data-end=\"3587\">Steuert bis zu 300 Lampen (150 pro Kanal)<\/strong><\/p>\n<\/li>\n<\/ul>\n<hr class=\"\" data-start=\"3589\" data-end=\"3592\">\n<h3 class=\"\" data-start=\"3594\" data-end=\"3623\">Mitgeliefertes Zubeh\u00f6r:<\/h3>\n<ul data-start=\"3625\" data-end=\"3857\">\n<li class=\"\" data-start=\"3625\" data-end=\"3655\">\n<p class=\"\" data-start=\"3627\" data-end=\"3655\">1x OCL Beleuchtungssteuerung<\/p>\n<\/li>\n<li class=\"\" data-start=\"3656\" data-end=\"3695\">\n<p class=\"\" data-start=\"3658\" data-end=\"3695\">1x Wandmontagesockel f\u00fcr Controller<\/p>\n<\/li>\n<li class=\"\" data-start=\"3696\" data-end=\"3727\">\n<p class=\"\" data-start=\"3698\" data-end=\"3727\">1x 120\/240V auf 5V Adapter<\/p>\n<\/li>\n<li class=\"\" data-start=\"3728\" data-end=\"3774\">\n<p class=\"\" data-start=\"3730\" data-end=\"3774\">1x Temperatur- und Feuchtigkeitssensor<\/p>\n<\/li>\n<li class=\"\" data-start=\"3775\" data-end=\"3857\">\n<p class=\"\" data-start=\"3777\" data-end=\"3857\">2x 2-Meter-RJ45-Kabel (f\u00fcr den Anschluss an das erste Vorschaltger\u00e4t oder die LED-Leuchte)<\/p>\n<\/li>\n<\/ul>\n<hr class=\"\" data-start=\"3859\" data-end=\"3862\">\n<p class=\"\" data-start=\"3864\" data-end=\"4028\"><strong data-start=\"3864\" data-end=\"4028\">Machen Sie Ihre Anzuchtumgebung intelligenter, sicherer und effizienter mit dem OCL Lighting Master Controller &#8211; dem ultimativen Werkzeug f\u00fcr maximale Lichtkontrolle und Pflanzengesundheit.<\/strong><\/p>\n","protected":false},"excerpt":{"rendered":"<p>OCL Lighting Master Controller &#8211; Die intelligenteste Beleuchtungssteuerung f\u00fcr professionelle Z\u00fcchter Maximale Kontrolle \u00fcber Ihren Grow Room mit der genauesten<\/p>\n","protected":false},"featured_media":39315,"template":"","meta":[],"product_brand":[1053],"product_cat":[337,548,358],"product_tag":[],"class_list":{"0":"post-39318","1":"product","2":"type-product","3":"status-publish","4":"has-post-thumbnail","6":"product_brand-ocl-lighting","7":"product_cat-beleuchtung","8":"product_cat-steuerungen-de","9":"product_cat-led-ocl-de","11":"first","12":"instock","13":"sale","14":"taxable","15":"shipping-taxable","16":"purchasable","17":"product-type-simple"},"_links":{"self":[{"href":"https:\/\/greendisc.dev-project.digital\/de\/wp-json\/wp\/v2\/product\/39318","targetHints":{"allow":["GET"]}}],"collection":[{"href":"https:\/\/greendisc.dev-project.digital\/de\/wp-json\/wp\/v2\/product"}],"about":[{"href":"https:\/\/greendisc.dev-project.digital\/de\/wp-json\/wp\/v2\/types\/product"}],"version-history":[{"count":0,"href":"https:\/\/greendisc.dev-project.digital\/de\/wp-json\/wp\/v2\/product\/39318\/revisions"}],"wp:featuredmedia":[{"embeddable":true,"href":"https:\/\/greendisc.dev-project.digital\/de\/wp-json\/wp\/v2\/media\/39315"}],"wp:attachment":[{"href":"https:\/\/greendisc.dev-project.digital\/de\/wp-json\/wp\/v2\/media?parent=39318"}],"wp:term":[{"taxonomy":"product_brand","embeddable":true,"href":"https:\/\/greendisc.dev-project.digital\/de\/wp-json\/wp\/v2\/product_brand?post=39318"},{"taxonomy":"product_cat","embeddable":true,"href":"https:\/\/greendisc.dev-project.digital\/de\/wp-json\/wp\/v2\/product_cat?post=39318"},{"taxonomy":"product_tag","embeddable":true,"href":"https:\/\/greendisc.dev-project.digital\/de\/wp-json\/wp\/v2\/product_tag?post=39318"}],"curies":[{"name":"wp","href":"https:\/\/api.w.org\/{rel}","templated":true}]}}