 {"id":39293,"date":"2025-04-04T12:53:37","date_gmt":"2025-04-04T10:53:37","guid":{"rendered":"https:\/\/greendisc.dev-project.digital\/product\/dimlux-xplore-serie-netzwerkkabel-730w-fuer-maxicontroller\/"},"modified":"2025-04-04T12:53:37","modified_gmt":"2025-04-04T10:53:37","slug":"dimlux-xplore-serie-netzwerkkabel-730w-fuer-maxicontroller","status":"publish","type":"product","link":"https:\/\/greendisc.dev-project.digital\/de\/produkt\/dimlux-xplore-serie-netzwerkkabel-730w-fuer-maxicontroller\/","title":{"rendered":"Dimlux | Xplore Serie | Netzwerkkabel 730w | f\u00fcr Maxicontroller"},"content":{"rendered":"<p class=\"\" data-start=\"182\" data-end=\"290\"><strong data-start=\"182\" data-end=\"290\">Dimlux Xplore 730W \/ 730W 9X Maxi Controller Kabel &#8211; Unverzichtbares Kabel f\u00fcr die Verwendung des Maxi Controllers mit dem Dimlux Xplore 730w \/ 730w 9X.  <\/strong><\/p>\n<p class=\"\" data-start=\"292\" data-end=\"832\">Das <strong data-start=\"295\" data-end=\"349\">Dimlux Xplore 730W \/ 730W 9X Maxi Controller Kabel<\/strong> ist ein unverzichtbares Zubeh\u00f6r f\u00fcr jeden Z\u00fcchter, der das Beste aus seinem Dimlux Beleuchtungssystem herausholen m\u00f6chte. Dieses spezielle Verbindungskabel wurde entwickelt, um die <strong data-start=\"511\" data-end=\"533\">Dimlux Xplore 730W<\/strong> und <strong data-start=\"537\" data-end=\"562\">Dimlux Xplore 730W 9X<\/strong> Growlampen problemlos an den <strong data-start=\"609\" data-end=\"635\">Dimlux Maxi Controller<\/strong> anzuschlie\u00dfen. Diese Kopplung sorgt f\u00fcr eine stabile und zuverl\u00e4ssige Kommunikation zwischen Lampe und Steuerger\u00e4t. Das Ergebnis ist eine hochpr\u00e4zise Steuerung und maximale Effizienz Ihrer Wachstumsumgebung.<\/p>\n<h3 class=\"\" data-start=\"834\" data-end=\"900\">Die wichtigsten Merkmale des Dimlux Xplore Controller Kabel:<\/h3>\n<ul data-start=\"901\" data-end=\"1328\">\n<li class=\"\" data-start=\"901\" data-end=\"962\">\n<p class=\"\" data-start=\"903\" data-end=\"962\">\u2714 <strong data-start=\"905\" data-end=\"962\">Vollst\u00e4ndig kompatibel mit Dimlux Xplore 730W und 730W 9X<\/strong><\/p>\n<\/li>\n<li class=\"\" data-start=\"963\" data-end=\"1022\">\n<p class=\"\" data-start=\"965\" data-end=\"1022\">\u2714 <strong data-start=\"967\" data-end=\"1022\">Geeignet f\u00fcr die Verwendung mit dem Dimlux Maxi Controller<\/strong><\/p>\n<\/li>\n<li class=\"\" data-start=\"1023\" data-end=\"1080\">\n<p class=\"\" data-start=\"1025\" data-end=\"1080\">\u2714 <strong data-start=\"1027\" data-end=\"1080\">Garantiert eine st\u00f6rungsfreie, stabile Verbindung<\/strong><\/p>\n<\/li>\n<li class=\"\" data-start=\"1081\" data-end=\"1134\">\n<p class=\"\" data-start=\"1083\" data-end=\"1134\">\u2714 <strong data-start=\"1085\" data-end=\"1134\">Schnelle und einfache Installation, Plug &amp; Play<\/strong><\/p>\n<\/li>\n<li class=\"\" data-start=\"1135\" data-end=\"1328\">\n<p class=\"\" data-start=\"1137\" data-end=\"1199\">\u2714 <strong data-start=\"1139\" data-end=\"1199\">Unterst\u00fctzt alle Funktionen des Maxi Controllers, wie z.B.:<\/strong><\/p>\n<ul data-start=\"1202\" data-end=\"1328\">\n<li class=\"\" data-start=\"1202\" data-end=\"1228\">\n<p class=\"\" data-start=\"1204\" data-end=\"1228\">Erweiterte Dimmfunktionen<\/p>\n<\/li>\n<li class=\"\" data-start=\"1231\" data-end=\"1274\">\n<p class=\"\" data-start=\"1233\" data-end=\"1274\">Steuerung von Temperatur und Lichtintensit\u00e4t<\/p>\n<\/li>\n<li class=\"\" data-start=\"1277\" data-end=\"1328\">\n<p class=\"\" data-start=\"1279\" data-end=\"1328\">Zeitgesteuerte Schalt- und Sicherheitssysteme<\/p>\n<\/li>\n<\/ul>\n<\/li>\n<\/ul>\n<h3 class=\"\" data-start=\"1330\" data-end=\"1364\">Warum sollten Sie dieses Kabel w\u00e4hlen?<\/h3>\n<p class=\"\" data-start=\"1365\" data-end=\"1773\">Holen Sie mit diesem originalen Dimlux-Steuerkabel das Beste aus Ihren Growlampen heraus. Die direkte Kommunikation zwischen Lampe und Steuerger\u00e4t erm\u00f6glicht es Ihnen, die Beleuchtung auf die Bed\u00fcrfnisse Ihrer Pflanzen abzustimmen, was zu einem ges\u00fcnderen Wachstum, h\u00f6heren Ertr\u00e4gen und einem effizienteren Energieverbrauch f\u00fchrt. Au\u00dferdem tr\u00e4gt die Verwendung des richtigen Kabels zur Lebensdauer sowohl der Lampe als auch des Controllers bei.<\/p>\n<h3 class=\"\" data-start=\"1775\" data-end=\"1816\">Optimale Kontrolle \u00fcber Ihre Anbaufl\u00e4che<\/h3>\n<p class=\"\" data-start=\"1817\" data-end=\"2066\">Egal, ob Sie ein professioneller Z\u00fcchter sind oder gerade erst anfangen, mit diesem Kabel k\u00f6nnen Sie Ihre Wachstumsumgebung im Detail kontrollieren. Durch seine Kompatibilit\u00e4t mit dem Dimlux-\u00d6kosystem ist er die perfekte Erg\u00e4nzung f\u00fcr Ihr High-End-Grow-Setup.<\/p>\n","protected":false},"excerpt":{"rendered":"<p>Dimlux Xplore 730W \/ 730W 9X Maxi Controller Kabel &#8211; Unverzichtbares Kabel f\u00fcr die Verwendung des Maxi Controllers mit dem Dimlux Xplore 730w \/ 730w 9X.<\/p>\n","protected":false},"featured_media":39291,"template":"","meta":[],"product_brand":[1006],"product_cat":[337,548,545,355],"product_tag":[],"class_list":{"0":"post-39293","1":"product","2":"type-product","3":"status-publish","4":"has-post-thumbnail","6":"product_brand-dimlux","7":"product_cat-beleuchtung","8":"product_cat-steuerungen-de","9":"product_cat-led-dimlux-de","10":"product_cat-led-leuchten","12":"first","13":"instock","14":"taxable","15":"shipping-taxable","16":"purchasable","17":"product-type-simple"},"_links":{"self":[{"href":"https:\/\/greendisc.dev-project.digital\/de\/wp-json\/wp\/v2\/product\/39293","targetHints":{"allow":["GET"]}}],"collection":[{"href":"https:\/\/greendisc.dev-project.digital\/de\/wp-json\/wp\/v2\/product"}],"about":[{"href":"https:\/\/greendisc.dev-project.digital\/de\/wp-json\/wp\/v2\/types\/product"}],"version-history":[{"count":0,"href":"https:\/\/greendisc.dev-project.digital\/de\/wp-json\/wp\/v2\/product\/39293\/revisions"}],"wp:featuredmedia":[{"embeddable":true,"href":"https:\/\/greendisc.dev-project.digital\/de\/wp-json\/wp\/v2\/media\/39291"}],"wp:attachment":[{"href":"https:\/\/greendisc.dev-project.digital\/de\/wp-json\/wp\/v2\/media?parent=39293"}],"wp:term":[{"taxonomy":"product_brand","embeddable":true,"href":"https:\/\/greendisc.dev-project.digital\/de\/wp-json\/wp\/v2\/product_brand?post=39293"},{"taxonomy":"product_cat","embeddable":true,"href":"https:\/\/greendisc.dev-project.digital\/de\/wp-json\/wp\/v2\/product_cat?post=39293"},{"taxonomy":"product_tag","embeddable":true,"href":"https:\/\/greendisc.dev-project.digital\/de\/wp-json\/wp\/v2\/product_tag?post=39293"}],"curies":[{"name":"wp","href":"https:\/\/api.w.org\/{rel}","templated":true}]}}