 {"id":38995,"date":"2025-03-28T14:39:31","date_gmt":"2025-03-28T13:39:31","guid":{"rendered":"https:\/\/greendisc.dev-project.digital\/product\/ralight-led-wachsendes-licht-unter-vordach-120w\/"},"modified":"2025-04-18T12:57:05","modified_gmt":"2025-04-18T10:57:05","slug":"ralight-led-wachsendes-licht-unter-vordach-120w","status":"publish","type":"product","link":"https:\/\/greendisc.dev-project.digital\/de\/produkt\/ralight-led-wachsendes-licht-unter-vordach-120w\/","title":{"rendered":"Ralight | LED Wachsendes Licht | Unter Vordach 120w"},"content":{"rendered":"<p><strong>alight Under Canopy LED 120W: Die perfekte Erg\u00e4nzung f\u00fcr Ihr Grow-Setup<\/strong><\/p>\n<p>Entdecken Sie das <strong>Ralight Under Canopy LED 120W<\/strong>, das ideale Wachstumslicht, um das Beste aus Ihren Pflanzen herauszuholen. Diese leistungsstarke LED-Lampe wurde speziell f\u00fcr den Einsatz unter dem Baldachin entwickelt. Seine einzigartige Position auf dem Boden l\u00e4sst das Licht nach oben strahlen und sorgt daf\u00fcr, dass auch die unteren Teile Ihrer Pflanzen optimal belichtet werden. Dies f\u00fchrt zu einem besseren Wachstum und h\u00f6heren Ertr\u00e4gen.<\/p>\n<h3><strong>Warum sollten Sie sich f\u00fcr die Ralight Under Canopy LED 120W entscheiden?<\/strong><\/h3>\n<ul>\n<li><strong>Hohe Effizienz<\/strong>: Mit einer beeindruckenden Effizienz von <strong>2,8 \u00b5mol\/J<\/strong> und <strong>336 \u00b5mol\/s pro Balken<\/strong> garantiert diese Lampe maximale Lichtleistung bei minimalem Energieverbrauch.<\/li>\n<li><strong>Fortschrittliches Design<\/strong>: speziell entwickelt, um Ihre bestehende Einrichtung zu erg\u00e4nzen. Perfekt f\u00fcr Z\u00fcchter, die das Licht unter dem Kronendach optimieren m\u00f6chten.<\/li>\n<li><strong>Langlebig und zuverl\u00e4ssig<\/strong>: Das hochwertige Design von Ralight gew\u00e4hrleistet eine langfristige Leistung auch in anspruchsvollen Wachstumsumgebungen.<\/li>\n<\/ul>\n<h3><strong>Die Vorteile der Unterbelichtung<\/strong><\/h3>\n<p>Die Unterbelichtung mit der Ralight Under Canopy LED 120W stimuliert die Photosynthese in den schattigen Bereichen Ihrer Pflanzen. Dies verbessert die allgemeine Gesundheit Ihrer Pflanzen, f\u00f6rdert ein gleichm\u00e4\u00dfiges Wachstum und erh\u00f6ht die Qualit\u00e4t Ihrer Ernte.<\/p>\n<h3><strong>Technische Daten<\/strong><\/h3>\n<ul>\n<li><strong>Leistungsabgabe<\/strong>: 120W<\/li>\n<li><strong>Wirkungsgrad<\/strong>: 2,8 \u00b5mol\/J<\/li>\n<li><strong>Lichtleistung<\/strong>: 336 \u00b5mol\/s pro Balken<\/li>\n<li><strong>Installation<\/strong>: Einfach am Boden Ihres Zuchtraums zu platzieren<\/li>\n<\/ul>\n<p>Erweitern Sie Ihr Grow-Setup noch heute mit der <strong>Ralight Under Canopy LED 120W<\/strong> und erleben Sie den Unterschied, den eine Unterbelichtung machen kann.<\/p>\n<p>BITTE BEACHTEN SIE: Wird <span style=\"text-decoration: underline;\">ohne<\/span> Netzkabel geliefert. Sie k\u00f6nnen diese hier separat bestellen.<\/p>\n<p><strong>Bestellen Sie jetzt und geben Sie Ihren Pflanzen das Licht, das sie verdienen!<\/strong><\/p>\n","protected":false},"excerpt":{"rendered":"<p>Diese leistungsstarke LED-Lampe wurde speziell f\u00fcr den Einsatz unter dem Baldachin entwickelt. Seine einzigartige Position auf dem Boden l\u00e4sst das Licht nach oben strahlen und sorgt daf\u00fcr, dass auch die unteren Teile Ihrer Pflanzen optimal belichtet werden. Dies f\u00fchrt zu einem besseren Wachstum und h\u00f6heren Ertr\u00e4gen.<\/p>\n","protected":false},"featured_media":38980,"template":"","meta":[],"product_brand":[1007],"product_cat":[337,356,355,562],"product_tag":[],"class_list":{"0":"post-38995","1":"product","2":"type-product","3":"status-publish","4":"has-post-thumbnail","6":"product_brand-ralight","7":"product_cat-beleuchtung","8":"product_cat-led-ralight","9":"product_cat-led-leuchten","10":"product_cat-uncategory-de","12":"first","13":"instock","14":"taxable","15":"shipping-taxable","16":"purchasable","17":"product-type-simple"},"_links":{"self":[{"href":"https:\/\/greendisc.dev-project.digital\/de\/wp-json\/wp\/v2\/product\/38995","targetHints":{"allow":["GET"]}}],"collection":[{"href":"https:\/\/greendisc.dev-project.digital\/de\/wp-json\/wp\/v2\/product"}],"about":[{"href":"https:\/\/greendisc.dev-project.digital\/de\/wp-json\/wp\/v2\/types\/product"}],"version-history":[{"count":0,"href":"https:\/\/greendisc.dev-project.digital\/de\/wp-json\/wp\/v2\/product\/38995\/revisions"}],"wp:featuredmedia":[{"embeddable":true,"href":"https:\/\/greendisc.dev-project.digital\/de\/wp-json\/wp\/v2\/media\/38980"}],"wp:attachment":[{"href":"https:\/\/greendisc.dev-project.digital\/de\/wp-json\/wp\/v2\/media?parent=38995"}],"wp:term":[{"taxonomy":"product_brand","embeddable":true,"href":"https:\/\/greendisc.dev-project.digital\/de\/wp-json\/wp\/v2\/product_brand?post=38995"},{"taxonomy":"product_cat","embeddable":true,"href":"https:\/\/greendisc.dev-project.digital\/de\/wp-json\/wp\/v2\/product_cat?post=38995"},{"taxonomy":"product_tag","embeddable":true,"href":"https:\/\/greendisc.dev-project.digital\/de\/wp-json\/wp\/v2\/product_tag?post=38995"}],"curies":[{"name":"wp","href":"https:\/\/api.w.org\/{rel}","templated":true}]}}