 {"id":38029,"date":"2025-03-14T14:00:43","date_gmt":"2025-03-14T13:00:43","guid":{"rendered":"https:\/\/greendisc.dev-project.digital\/product\/ralight-led-kweeklamp-250w-60x40cm\/"},"modified":"2025-03-17T10:47:05","modified_gmt":"2025-03-17T09:47:05","slug":"ralight-led-kweeklamp-250w-60x40cm","status":"publish","type":"product","link":"https:\/\/greendisc.dev-project.digital\/de\/produkt\/ralight-led-kweeklamp-250w-60x40cm\/","title":{"rendered":"Ralight | LED Growlamp | 250w 60x40cm"},"content":{"rendered":"<p><strong>RALIGHT 250W FULL BALANCED SPECTRUM GROW LIGHT 675 UMOL\/S 60x40cm<\/strong><\/p>\n<p><strong>Unser ma\u00dfgeschneidertes Lichtspektrum liefert au\u00dfergew\u00f6hnlich hohe Ertr\u00e4ge von unvergleichlicher Qualit\u00e4t und bietet das beste Preis-Leistungs-Verh\u00e4ltnis auf dem Markt.<\/strong><\/p>\n<p>Unsere Produkte sind f\u00fcr ihre exzellente Leistung bekannt, unter anderem dank fortschrittlicher Technologie und sorgf\u00e4ltig entwickelter Lichtspektrum-L\u00f6sungen. Dadurch werden nicht nur die Ertr\u00e4ge maximiert, sondern auch der Geschmack und die Qualit\u00e4t des Endprodukts verbessert. Mit unseren Produkten entscheiden Sie sich f\u00fcr Spitzenqualit\u00e4t ohne Kompromisse.<\/p>\n<p>Das Ralight 250W Modell mit integriertem Treiber ist ein hochwertiges LED-Panel, das speziell f\u00fcr Anwendungen im Landschaftsbau entwickelt wurde. Dank der einstellbaren Leistung kann das Gleichgewicht zwischen Lichtqualit\u00e4t und -quantit\u00e4t genau abgestimmt werden, um optimale Wachstumsbedingungen w\u00e4hrend der gesamten Wachstums- und Bl\u00fctephase zu schaffen. Das Ergebnis ist eine gleichm\u00e4\u00dfige Beleuchtung aus einer einzigen Quelle.<\/p>\n<p>Dieses lineare Multilichtger\u00e4t erzeugt beeindruckende 675 \u03bcmol\/s und sorgt so f\u00fcr eine gleichm\u00e4\u00dfige Lichtverteilung auch bei geringen Abst\u00e4nden zur Pflanze. Das macht sie ideal f\u00fcr den Einsatz in mehrschichtigen Anbausystemen, niedrigen R\u00e4umen, Gew\u00e4chsh\u00e4usern und anderen Umgebungen, in denen eine effiziente und hochwertige Beleuchtung unerl\u00e4sslich ist. Kurzum, mit dem Ralight 250W Modell investieren Sie in ein System, das nicht nur hochwertige Ertr\u00e4ge liefert, sondern auch erschwinglich ist. Damit ist es die perfekte Wahl f\u00fcr alle, die nach den besten Ergebnissen streben.<\/p>\n<p><strong>Perfekt f\u00fcr Ihr 0.6X0.6M\/0.8&#215;0.8M Grow-Zelt<\/strong><\/p>\n<p>Diese leistungsstarke LED ist ideal f\u00fcr den Einsatz in Grow-Zelten.<\/p>\n<p><strong>Die 5 wichtigsten Vorteile des Ralight 250W LED-Panels<\/strong><\/p>\n<ol>\n<li><strong>Ausgezeichnetes Preis-Leistungs-Verh\u00e4ltnis<\/strong>\n<ul>\n<li>Das Ralight 250W Modell bietet un\u00fcbertroffene Leistung zu einem sehr g\u00fcnstigen Preis. Das macht ihn zu einer kosteneffektiven Wahl sowohl f\u00fcr kommerzielle Z\u00fcchter als auch f\u00fcr Hobbyg\u00e4rtner, die beste Ergebnisse ohne hohe Kosten erzielen m\u00f6chten.<\/li>\n<\/ul>\n<\/li>\n<li><strong>Maximale Ertr\u00e4ge von hoher Qualit\u00e4t<\/strong>\n<ul>\n<li>Dank seines fortschrittlichen und sorgf\u00e4ltig abgestimmten Lichtspektrums f\u00f6rdert dieses LED-Panel das Pflanzenwachstum, was zu hohen Ertr\u00e4gen mit verbessertem Geschmack und Qualit\u00e4t des Endprodukts f\u00fchrt. Ideal f\u00fcr Landwirte, die die beste Rendite f\u00fcr ihre Investition suchen.<\/li>\n<\/ul>\n<\/li>\n<li><strong>Flexible Leistungssteuerung<\/strong>\n<ul>\n<li>Durch die M\u00f6glichkeit der Feinabstimmung der Leistungsabgabe k\u00f6nnen Benutzer die perfekte Balance zwischen Lichtqualit\u00e4t und -menge finden. Dies gew\u00e4hrleistet optimale Wachstumsbedingungen w\u00e4hrend des gesamten Lebenszyklus der Pflanzen, von der Keimung bis zur Ernte.<\/li>\n<\/ul>\n<\/li>\n<li><strong>Gleichm\u00e4\u00dfige Lichtverteilung<\/strong>\n<ul>\n<li>Der lineare Multilichtbalken sorgt f\u00fcr eine gleichm\u00e4\u00dfige Lichtverteilung auch bei geringem Abstand zur Pflanze. Dadurch eignet es sich besonders f\u00fcr mehrschichtige Anbausysteme, niedrige R\u00e4ume, Gew\u00e4chsh\u00e4user und andere spezielle Anbaubedingungen.<\/li>\n<\/ul>\n<\/li>\n<li><strong>Effizient und nachhaltig<\/strong>\n<ul>\n<li>Das Ralight 250W Modell ist energieeffizient, was nicht nur Kosten f\u00fcr die Stromrechnung spart, sondern es auch zu einer nachhaltigen Wahl macht. Das robuste Design und die hochwertigen Materialien sorgen f\u00fcr eine lange Lebensdauer und garantieren Ihnen eine zuverl\u00e4ssige und langlebige Beleuchtung.<\/li>\n<\/ul>\n<\/li>\n<\/ol>\n<p>Diese Vorteile machen das Ralight 250W LED-Panel zu einer f\u00fchrenden Wahl f\u00fcr alle, die Spitzenqualit\u00e4t bei der Gartenbau-Beleuchtung anstreben.<\/p>\n<h3><strong>Spezifikationen:<\/strong><\/h3>\n<p><strong>Frequenz <\/strong>50Hz<\/p>\n<p><strong>Eingangsspannung <\/strong>220-240v<\/p>\n<p><strong>Leistung <\/strong>250W<\/p>\n<p><strong>Ausbeute <\/strong>2,7 \u03bcmol\/J<\/p>\n<p><strong>Lichtleistung <\/strong>675 \u03bcmol\/J<\/p>\n<p><strong>Marke Fahrer<\/strong> Ralight<\/p>\n<p><strong>Kundenspezifische LED-Chips <\/strong>672x4K\/24x660nm<\/p>\n<p><strong>LM80 <\/strong>&gt; 50.000 Stunden<\/p>\n<p><strong>4 LED-Balken<\/strong><\/p>\n<p><strong>Vollst\u00e4ndig ausgeglichenes Spektrum<\/strong><\/p>\n<p><strong>RJ14-Anschluss f\u00fcr Master-Controller<\/strong><\/p>\n<p>&nbsp;<\/p>\n<h3><strong>Produktinformation:<\/strong><\/h3>\n<p><strong>Marke: <\/strong>Ralight<\/p>\n<p><strong>Farbe <\/strong>Schwarz<\/p>\n<p><strong>Gewicht <\/strong>4kg<\/p>\n<h3><strong>Einstellungen und Funktionen:<\/strong><\/h3>\n<p><strong>Einstellbare Leistung <\/strong>25\/50\/75\/100%<\/p>\n<p><strong>Mehrschichtige Montage <\/strong>Ja<\/p>\n<p><strong>Ein\/Aus-Schalter <\/strong>Ja<\/p>\n<h3><strong>Funktionen zur Lichtbehandlung:<\/strong><\/h3>\n<p><strong>Wachstumsphase <\/strong>Ja<\/p>\n<p><strong>Bl\u00fctephase <\/strong>Ja<\/p>\n<h3><strong>Weitere Merkmale:<\/strong><\/h3>\n<p><strong>CE-Kennzeichnung <\/strong>Sichtbar<\/p>\n<p><strong>Werksgarantiezeit <\/strong>2 Jahre<\/p>\n<p><strong>Modell <\/strong>360w Volles ausgeglichenes Spektrum<\/p>\n<p><strong>Produktgewicht <\/strong>4kg<\/p>\n<p><strong>Produktl\u00e4nge <\/strong>60cm<\/p>\n<p><strong>Produktbreite <\/strong>40cm<\/p>\n<p><strong>Produkth\u00f6he <\/strong>11,5cm<\/p>\n<p><strong>Verpackung lxbxh <\/strong>63,5X41X5,5cm<\/p>\n","protected":false},"excerpt":{"rendered":"<p>RALIGHT 250W FULL BALANCED SPECTRUM GROW LIGHT 675 UMOL\/S 60x40cm. Unser ma\u00dfgeschneidertes Lichtspektrum liefert au\u00dfergew\u00f6hnlich hohe Ertr\u00e4ge von unvergleichlicher Qualit\u00e4t und bietet das beste Preis-Leistungs-Verh\u00e4ltnis auf dem Markt. Unsere Produkte sind f\u00fcr ihre exzellente Leistung bekannt, unter anderem dank fortschrittlicher Technologie und sorgf\u00e4ltig entwickelter Lichtspektrum-L\u00f6sungen. Dadurch werden nicht nur die Ertr\u00e4ge maximiert, sondern auch der Geschmack und die Qualit\u00e4t des Endprodukts<\/p>\n","protected":false},"featured_media":38319,"template":"","meta":[],"product_brand":[1007],"product_cat":[337,356,355],"product_tag":[],"class_list":{"0":"post-38029","1":"product","2":"type-product","3":"status-publish","4":"has-post-thumbnail","6":"product_brand-ralight","7":"product_cat-beleuchtung","8":"product_cat-led-ralight","9":"product_cat-led-leuchten","11":"first","12":"instock","13":"sale","14":"taxable","15":"shipping-taxable","16":"purchasable","17":"product-type-simple"},"_links":{"self":[{"href":"https:\/\/greendisc.dev-project.digital\/de\/wp-json\/wp\/v2\/product\/38029","targetHints":{"allow":["GET"]}}],"collection":[{"href":"https:\/\/greendisc.dev-project.digital\/de\/wp-json\/wp\/v2\/product"}],"about":[{"href":"https:\/\/greendisc.dev-project.digital\/de\/wp-json\/wp\/v2\/types\/product"}],"version-history":[{"count":0,"href":"https:\/\/greendisc.dev-project.digital\/de\/wp-json\/wp\/v2\/product\/38029\/revisions"}],"wp:featuredmedia":[{"embeddable":true,"href":"https:\/\/greendisc.dev-project.digital\/de\/wp-json\/wp\/v2\/media\/38319"}],"wp:attachment":[{"href":"https:\/\/greendisc.dev-project.digital\/de\/wp-json\/wp\/v2\/media?parent=38029"}],"wp:term":[{"taxonomy":"product_brand","embeddable":true,"href":"https:\/\/greendisc.dev-project.digital\/de\/wp-json\/wp\/v2\/product_brand?post=38029"},{"taxonomy":"product_cat","embeddable":true,"href":"https:\/\/greendisc.dev-project.digital\/de\/wp-json\/wp\/v2\/product_cat?post=38029"},{"taxonomy":"product_tag","embeddable":true,"href":"https:\/\/greendisc.dev-project.digital\/de\/wp-json\/wp\/v2\/product_tag?post=38029"}],"curies":[{"name":"wp","href":"https:\/\/api.w.org\/{rel}","templated":true}]}}