 {"id":38014,"date":"2025-03-14T13:37:15","date_gmt":"2025-03-14T12:37:15","guid":{"rendered":"https:\/\/greendisc.dev-project.digital\/product\/led-kweeklamp-dimlux-xplore-series-led-730w-9x\/"},"modified":"2025-05-07T13:29:34","modified_gmt":"2025-05-07T11:29:34","slug":"led-kweeklamp-dimlux-xplore-series-led-730w-9x","status":"publish","type":"product","link":"https:\/\/greendisc.dev-project.digital\/de\/produkt\/led-kweeklamp-dimlux-xplore-series-led-730w-9x\/","title":{"rendered":"Dimlux | LED Grow Lampe | Xplore Serie | 730W 9X | 2.7 \u00b5mol\/J"},"content":{"rendered":"<h1>Dimlux Xplore Serie 730W 9X &#8211; Hochwertiges LED-Grow-Licht f\u00fcr jeden Grower<\/h1>\n<h2>Professionelle LED-Grow-Lampen speziell f\u00fcr Grow-Zelte<\/h2>\n<h3>Erschwingliche Spitzenqualit\u00e4t von Dimlux<\/h3>\n<p>Mit der Einf\u00fchrung der <strong>Dimlux Xplore Serie<\/strong> bringt Dimlux <strong>High-End-LED-Grow-Lampen<\/strong> in die Reichweite eines jeden Z\u00fcchters. Diese Serie kombiniert kompromisslose Qualit\u00e4t mit einem budgetfreundlichen Preis. Das <strong>Modell 730W 9X<\/strong> ist auch speziell f\u00fcr die Verwendung in Grow-Zelten konzipiert, z.B. f\u00fcr ein 100&#215;100 cm Setup.<\/p>\n<h2>Maximale Rendite durch au\u00dfergew\u00f6hnliche Leistung<\/h2>\n<h3>Effizienz und Leistung in einer Leuchte<\/h3>\n<p>Dank intensiver Forschungs- und Entwicklungsarbeit hat Dimlux eine leistungsstarke Leuchte entwickelt, die sich sowohl durch ihre <strong>Lichtleistung<\/strong> als auch durch ihre Lichtverteilung auszeichnet. Mit einem <strong>Gesamtwirkungsgrad von bis zu 2,70 \u00b5mol\/J<\/strong> und einer Leistung von <strong>1944 \u00b5mol\/s<\/strong> garantiert der Xplore 730W 9X maximalen Ertrag bei minimalem Energieverbrauch.<\/p>\n<h3>Perfekte Lichtverteilung dank der asymmetrischen Positionierung der LEDs<\/h3>\n<p>Die LED-Dioden sind asymmetrisch angeordnet und verteilen das Licht gleichm\u00e4\u00dfig \u00fcber die gesamte Wachstumsfl\u00e4che. Dadurch erhalten die R\u00e4nder Ihrer Anbaufl\u00e4che bis zu 80% mehr Licht als bei herk\u00f6mmlichen LED-Layouts &#8211; f\u00fcr gleichm\u00e4\u00dfiges Wachstum und Bl\u00fcte in jeder Ecke Ihres Anbauraums.<\/p>\n<h2>Zukunftssicheres und erweiterbares System<\/h2>\n<h3>Modulare Erweiterung f\u00fcr maximale Kontrolle<\/h3>\n<p>Die Xplore Serie ist f\u00fcr die Zukunft ger\u00fcstet. Kombinieren Sie die Leuchte mit dem <strong>Dimlux Maxicontroller<\/strong>, um Ihre Beleuchtungspl\u00e4ne vollst\u00e4ndig zu automatisieren, oder schlie\u00dfen Sie eine <strong>Kamera f\u00fcr die Pflanzentemperatur<\/strong> an, um zus\u00e4tzliche Einblicke in den Anbau zu erhalten. Dimlux bietet au\u00dferdem eine <strong>3-Jahres-Garantie*<\/strong> auf diese Leuchte, wobei die ersten beiden Jahre den vollen Versicherungsschutz bieten.<\/p>\n<h2>Schnelle Amortisationszeit und niedriger Einstiegspreis<\/h2>\n<h3>Professionelle Anbauqualit\u00e4t zu einem erschwinglichen Preis<\/h3>\n<p>Der <strong>Dimlux Xplore 730W 9X<\/strong> bietet erstklassige Leistung zu einem g\u00fcnstigen Preis. Seine hohe Effizienz, die robuste Bauweise und die Erweiterbarkeit machen ihn zu einer Investition, die sich schnell bezahlt macht.<\/p>\n<h2>Vorteile auf einen Blick<\/h2>\n<ul>\n<li>Professionelle Leistung mit einer effizienten Leistung von <strong>2,70 \u00b5mol\/J<\/strong><\/li>\n<li>Lichtleistung von <strong>1944 \u00b5mol\/s<\/strong> bei 730W Leistung<\/li>\n<li>Asymmetrisch angeordnete LED-Dioden f\u00fcr <strong>80% mehr Licht in der Peripherie<\/strong><\/li>\n<li>Speziell f\u00fcr die Verwendung in <strong>100&#215;100 cm gro\u00dfen Grow-Zelten<\/strong> entwickelt<\/li>\n<li><strong>3 Jahre Dimlux-Garantie*<\/strong> (2 Jahre Vollgarantie, 3 Jahre Hardware)<\/li>\n<li>Optionale Erweiterungen mit dem <strong>Maxicontroller<\/strong> und <strong>Temperatursensor<\/strong><\/li>\n<li>Budgetfreundliche Alternative ohne Kompromisse bei der Leistung<\/li>\n<\/ul>\n<h2>Was ist in dem Paket enthalten?<\/h2>\n<ul>\n<li>Dimlux Xplore 730W 9X LED Leuchte (inkl. Treiber und Dimmer)<\/li>\n<li>Stromkabel<\/li>\n<li>Seil-Ratschen-Aufh\u00e4ngungssystem<\/li>\n<li>Handbuch<\/li>\n<\/ul>\n<h2>Technische Daten<\/h2>\n<h3>Abmessungen und Gewicht<\/h3>\n<ul>\n<li>Abmessungen: 900 x 960 x 54 mm<\/li>\n<li>Gewicht: 8,60 kg<\/li>\n<\/ul>\n<h3>Elektrische Leistung<\/h3>\n<ul>\n<li>LED Leistung: 730W<\/li>\n<li>Vorschaltger\u00e4t: Dimlux Xplore Digitales Vorschaltger\u00e4t 730W<\/li>\n<li>AC-Eingangsspannung: 220-240V AC, 50\/60Hz<\/li>\n<li>AC Leistung: 730W<\/li>\n<li>Gesamte harmonische Verzerrung (THD): &lt; 10%<\/li>\n<\/ul>\n<h3>Beleuchtungsleistung und Effizienz<\/h3>\n<ul>\n<li>Spektrum: Wei\u00dfes und rotes Vollspektrum LED-Dioden<\/li>\n<li>PPF (350-800nm): 1931 \u00b5mol\/s<\/li>\n<li>PPF gesamt: 1944 \u00b5mol\/s<\/li>\n<li>PAR-Effizienz (400-700nm): 2,69 \u00b5mol\/J<\/li>\n<li>Gesamtwirkungsgrad (350-800nm): 2,70 \u00b5mol\/J<\/li>\n<li>Abstrahlwinkel: 120\u00b0<\/li>\n<li>Optik: Konforme Beschichtung<\/li>\n<\/ul>\n<h3>Installation und Verwendung<\/h3>\n<ul>\n<li>Empfohlene Montageh\u00f6he: 100&#215;100 cm, min. 25 cm<\/li>\n<li>LED-Positionierung: Asymmetrisch<\/li>\n<li>Bedienung: \u00fcber Dimmertaste oder Maxi Controller<\/li>\n<li>Umgebungstemperatur: -25 bis 40\u00b0C<\/li>\n<li>IP Schutzart: IP44<\/li>\n<li>Lebenserwartung: L90 &gt; 50.000 Stunden<\/li>\n<li>Zertifizierung: CE, UKCA<\/li>\n<\/ul>\n<p><em>*Garantiebedingungen: 2 Jahre Vollgarantie, 3 Jahre nur f\u00fcr die Hardware (ausgenommen Arbeit und Transport). Siehe Produktspezifikationen f\u00fcr Details.<\/em><\/p>\n<h2>Sie suchen nach maximaler Kontrolle in einem kompakten Zuchtraum?<\/h2>\n<p>Die <strong>Dimlux Xplore Serie 730W 9X<\/strong> ist die ideale Wahl f\u00fcr G\u00e4rtner, die eine starke Leistung auf kleinem Raum w\u00fcnschen. Speziell f\u00fcr Anbauzelte entwickelt, mit zukunftssicherer Technologie ausgestattet und zu einem wettbewerbsf\u00e4higen Preis geliefert. Entscheiden Sie sich f\u00fcr Zuverl\u00e4ssigkeit, Effizienz und Kontrolle &#8211; w\u00e4hlen Sie Dimlux Xplore.<\/p>\n","protected":false},"excerpt":{"rendered":"<p>Das Modell Xplore 9X ist f\u00fcr eine Anbaufl\u00e4che von 1 m\u00b2 optimiert. Mit den Ma\u00dfen 90 x 96 x 5,4 cm passt diese Leuchte perfekt in ein 100 x 100 cm gro\u00dfes Growzelt. Das macht sie besonders geeignet f\u00fcr Kleinbauern, die auf begrenztem Raum maximale Ertr\u00e4ge erzielen wollen.<\/p>\n","protected":false},"featured_media":38008,"template":"","meta":[],"product_brand":[1006],"product_cat":[337,545,355],"product_tag":[],"class_list":{"0":"post-38014","1":"product","2":"type-product","3":"status-publish","4":"has-post-thumbnail","6":"product_brand-dimlux","7":"product_cat-beleuchtung","8":"product_cat-led-dimlux-de","9":"product_cat-led-leuchten","11":"first","12":"instock","13":"taxable","14":"shipping-taxable","15":"purchasable","16":"product-type-simple"},"_links":{"self":[{"href":"https:\/\/greendisc.dev-project.digital\/de\/wp-json\/wp\/v2\/product\/38014","targetHints":{"allow":["GET"]}}],"collection":[{"href":"https:\/\/greendisc.dev-project.digital\/de\/wp-json\/wp\/v2\/product"}],"about":[{"href":"https:\/\/greendisc.dev-project.digital\/de\/wp-json\/wp\/v2\/types\/product"}],"version-history":[{"count":0,"href":"https:\/\/greendisc.dev-project.digital\/de\/wp-json\/wp\/v2\/product\/38014\/revisions"}],"wp:featuredmedia":[{"embeddable":true,"href":"https:\/\/greendisc.dev-project.digital\/de\/wp-json\/wp\/v2\/media\/38008"}],"wp:attachment":[{"href":"https:\/\/greendisc.dev-project.digital\/de\/wp-json\/wp\/v2\/media?parent=38014"}],"wp:term":[{"taxonomy":"product_brand","embeddable":true,"href":"https:\/\/greendisc.dev-project.digital\/de\/wp-json\/wp\/v2\/product_brand?post=38014"},{"taxonomy":"product_cat","embeddable":true,"href":"https:\/\/greendisc.dev-project.digital\/de\/wp-json\/wp\/v2\/product_cat?post=38014"},{"taxonomy":"product_tag","embeddable":true,"href":"https:\/\/greendisc.dev-project.digital\/de\/wp-json\/wp\/v2\/product_tag?post=38014"}],"curies":[{"name":"wp","href":"https:\/\/api.w.org\/{rel}","templated":true}]}}