 {"id":30771,"date":"2023-11-14T12:19:15","date_gmt":"2023-11-14T11:19:15","guid":{"rendered":"https:\/\/greendisc.dev-project.digital\/\/product\/bcuzz-1-compo-5-ltr\/"},"modified":"2024-12-16T09:35:44","modified_gmt":"2024-12-16T08:35:44","slug":"bcuzz-1-compo-5-ltr","status":"publish","type":"product","link":"https:\/\/greendisc.dev-project.digital\/de\/produkt\/bcuzz-1-compo-5-ltr\/","title":{"rendered":"B&#8217;cuzz 1 Compo 5 ltr."},"content":{"rendered":"<p>B&#8217;cuzz 1-Komponenten ist eine professionelle Gesamtl\u00f6sung zur mineralischen Pflanzenern\u00e4hrung mit ausgewogenem NPK-Verh\u00e4ltnis. Der 1-Komponenten-D\u00fcnger enth\u00e4lt rotes Eisenchelat, wodurch die Pflanzen die N\u00e4hrstoffe optimal aufnehmen k\u00f6nnen. Dar\u00fcber hinaus enth\u00e4lt die L\u00f6sung keine Ballaststoffe.<\/p>\n<p>Das NPK-Verh\u00e4ltnis ergibt einen N\u00e4hrstoff, der sich gut mit Boostern und Stimulatoren kombinieren l\u00e4sst. Sie k\u00f6nnen die 1-Komponenten-Ern\u00e4hrung \u00fcber den gesamten Lebenszyklus anwenden, sie unterst\u00fctzt die Bl\u00fctephase und sorgt zudem f\u00fcr eine gesunde Grundlage. Mit anderen Worten: ein ideales Netzteil, das einfach und wirtschaftlich zu verwenden ist. B&#8217;cuzz 1-Komponenten wurde f\u00fcr verschiedene Arten von kalkhaltigen Untergr\u00fcnden entwickelt. 1-Komponenten enthalten kein Kalzium, da kalkhaltiger Boden von Natur aus Kalzium enth\u00e4lt. Dar\u00fcber hinaus sind viele Boden- und Torfarten relativ gut darin, N\u00e4hrstoffe zu speichern (dies variiert je nach Bodenart). Einige Sandb\u00f6den enthalten relativ viel Kalk (Kalk), andere Elemente werden jedoch h\u00e4ufig durch sie hindurchgesp\u00fclt.<\/p>\n<p>Leitungswasser oder Grundwasser enthalten oft auch h\u00f6here Mengen an Kalzium und Magnesium, sodass die Wahl von 1-Komponenten eine gute Entscheidung sein kann. Mikron\u00e4hrstoffe sind in einer Komponente etwas h\u00f6her. Dies soll die Pflanzen auf etwas \u00e4rmeren (zum Beispiel sandigen) B\u00f6den unterst\u00fctzen.<\/p>\n<p><strong>Eigenschaften<\/strong><\/p>\n<p>Einfach zu verwenden<br \/>\nEin Produkt f\u00fcr den Wachstumszyklus und die Bl\u00fctephase<br \/>\nAusgewogenes NPK-Verh\u00e4ltnis<\/p>\n<p>Die 1-Komponenten-Bodennahrung ist eine professionelle bio-mineralische Nahrung ohne Ballaststoffe, die von der Pflanze leicht aufgenommen wird. Dieses Futter wurde speziell f\u00fcr den Anbau auf Erde entwickelt und ist besonders erfolgreich auf kalkhaltigen Substraten. Es hilft auch dabei, den Bl\u00fctezyklus Ihrer Pflanze in Gang zu setzen und sorgt f\u00fcr ein gesundes Bodenleben. Da es sich um ein sehr reines Lebensmittel handelt, geh\u00f6ren Verstopfungen im Bew\u00e4sserungssystem der Vergangenheit an. Die Erdn\u00e4hrstoffe A &amp; B k\u00f6nnen sowohl f\u00fcr den Innen- als auch f\u00fcr den Au\u00dfenanbau verwendet werden.<\/p>\n<p><strong>Anwendung:<\/strong><\/p>\n<p>Speziell f\u00fcr kalkhaltige Untergr\u00fcnde entwickelt.<\/p>\n<p>Dosierung (1:200): 5 ml 1-Komponenten-Erdn\u00e4hrstoff auf 1 Liter N\u00e4hrl\u00f6sung verwenden. Halbieren Sie die Dosierung zu Beginn des Zyklus. Einmal pro Woche nur N\u00e4hrl\u00f6sung ohne Nahrung verabreichen.<\/p>\n<p><strong>NPK: 2-3-5 W\/W<\/strong><\/p>\n<p>Achtung: Bei Zimmertemperatur aufbewahren. Vor Gebrauch gut sch\u00fctteln. Au\u00dferhalb der Reichweite von Kindern aufbewahren. Nach dem \u00d6ffnen verderblich. Nicht zum Verzehr geeignet. Der Hersteller haftet nicht f\u00fcr verursachte Sch\u00e4den gem\u00e4\u00df unseren Allgemeinen Gesch\u00e4ftsbedingungen.<\/p>\n","protected":false},"excerpt":{"rendered":"<p>B&#8217;cuzz 1-Komponenten ist eine professionelle Gesamtl\u00f6sung zur mineralischen Pflanzenern\u00e4hrung mit ausgewogenem NPK-Verh\u00e4ltnis. Der 1-Komponenten-D\u00fcnger enth\u00e4lt rotes Eisenchelat, wodurch die Pflanzen die N\u00e4hrstoffe optimal aufnehmen k\u00f6nnen. Dar\u00fcber hinaus enth\u00e4lt die L\u00f6sung keine Ballaststoffe.<\/p>\n","protected":false},"featured_media":24611,"template":"","meta":[],"product_brand":[],"product_cat":[388,344],"product_tag":[],"class_list":{"0":"post-30771","1":"product","2":"type-product","3":"status-publish","4":"has-post-thumbnail","6":"product_cat-atami-bcuzz-de","7":"product_cat-pflanzennahrung","9":"first","10":"instock","11":"taxable","12":"shipping-taxable","13":"purchasable","14":"product-type-simple"},"_links":{"self":[{"href":"https:\/\/greendisc.dev-project.digital\/de\/wp-json\/wp\/v2\/product\/30771","targetHints":{"allow":["GET"]}}],"collection":[{"href":"https:\/\/greendisc.dev-project.digital\/de\/wp-json\/wp\/v2\/product"}],"about":[{"href":"https:\/\/greendisc.dev-project.digital\/de\/wp-json\/wp\/v2\/types\/product"}],"version-history":[{"count":0,"href":"https:\/\/greendisc.dev-project.digital\/de\/wp-json\/wp\/v2\/product\/30771\/revisions"}],"wp:featuredmedia":[{"embeddable":true,"href":"https:\/\/greendisc.dev-project.digital\/de\/wp-json\/wp\/v2\/media\/24611"}],"wp:attachment":[{"href":"https:\/\/greendisc.dev-project.digital\/de\/wp-json\/wp\/v2\/media?parent=30771"}],"wp:term":[{"taxonomy":"product_brand","embeddable":true,"href":"https:\/\/greendisc.dev-project.digital\/de\/wp-json\/wp\/v2\/product_brand?post=30771"},{"taxonomy":"product_cat","embeddable":true,"href":"https:\/\/greendisc.dev-project.digital\/de\/wp-json\/wp\/v2\/product_cat?post=30771"},{"taxonomy":"product_tag","embeddable":true,"href":"https:\/\/greendisc.dev-project.digital\/de\/wp-json\/wp\/v2\/product_tag?post=30771"}],"curies":[{"name":"wp","href":"https:\/\/api.w.org\/{rel}","templated":true}]}}