 {"id":30758,"date":"2023-11-14T12:19:17","date_gmt":"2023-11-14T11:19:17","guid":{"rendered":"https:\/\/greendisc.dev-project.digital\/\/product\/bcuzz-aarde-ab-10-ltr\/"},"modified":"2024-12-16T09:35:43","modified_gmt":"2024-12-16T08:35:43","slug":"bcuzz-aarde-ab-10-ltr","status":"publish","type":"product","link":"https:\/\/greendisc.dev-project.digital\/de\/produkt\/bcuzz-aarde-ab-10-ltr\/","title":{"rendered":"B&#8217;cuzz Aarde A&amp;B 10 ltr."},"content":{"rendered":"<p>Professionelle Mineralstoffern\u00e4hrung ohne Abfall. Speziell f\u00fcr den Bau des Bodens entwickelt. Nur zusammen verw\u00f6hnt. Atami empfiehlt die Verwendung von Zusatzstoffen f\u00fcr beste Ergebnisse.<\/p>\n<p>Geeignet f\u00fcr eine Vielzahl von Gem\u00fcse, Obst, Kr\u00e4utern und Gew\u00fcrzen wie Zucchini, Bohnen und Bohnenkraut. Es kann auch f\u00fcr Zimmer- und Topfpflanzen (z. B. Rittersporn, Ziergr\u00e4ser) verwendet werden.<\/p>\n<p>Dieses Futter kann nur verwendet werden, wenn die B&#8217;cuzz Earth-Futter A und B miteinander vermischt und gleichzeitig in Wasser gegeben werden. F\u00fcr die besten Ergebnisse empfehlen wir<\/p>\n<p>Attraktive Pflege f\u00fcr zimmerwarmes Wasser (21\u00b0C).<\/p>\n<p><strong>Dosierung:<\/strong> Stark ged\u00fcngte (Blumenerde): 1-3 ml A und 1-3 ml B pro Liter N\u00e4hrl\u00f6sung t\u00e4glich. Leicht ged\u00fcngte (Blumenerde): 1\u20135 ml A und 1\u20135 ml B pro Liter N\u00e4hrl\u00f6sung t\u00e4glich<\/p>\n<p><strong>NPK:<\/strong><\/p>\n<p><strong>Bodenn\u00e4hrstoff A:<\/strong> NK 3-3 W\/W<\/p>\n<p><strong>Bodenn\u00e4hrstoff B:<\/strong> PK 3-4 W\/W<\/p>\n<p><strong>Achtung:<\/strong> Bei Zimmertemperatur aufbewahren. Vor Gebrauch gut sch\u00fctteln. Au\u00dferhalb der Reichweite von Kindern aufbewahren. Nach dem \u00d6ffnen verderblich. Nicht zum Verzehr geeignet. Der Hersteller haftet nicht f\u00fcr verursachte Sch\u00e4den gem\u00e4\u00df unseren Allgemeinen Gesch\u00e4ftsbedingungen.<\/p>\n","protected":false},"excerpt":{"rendered":"<p>Professionelle Mineralstoffern\u00e4hrung ohne Abfall. Speziell f\u00fcr den Bau des Bodens entwickelt. Nur zusammen verw\u00f6hnt. Atami empfiehlt die Verwendung von Zusatzstoffen f\u00fcr beste Ergebnisse.<\/p>\n","protected":false},"featured_media":24615,"template":"","meta":[],"product_brand":[],"product_cat":[388,344],"product_tag":[],"class_list":{"0":"post-30758","1":"product","2":"type-product","3":"status-publish","4":"has-post-thumbnail","6":"product_cat-atami-bcuzz-de","7":"product_cat-pflanzennahrung","9":"first","10":"instock","11":"taxable","12":"shipping-taxable","13":"purchasable","14":"product-type-simple"},"_links":{"self":[{"href":"https:\/\/greendisc.dev-project.digital\/de\/wp-json\/wp\/v2\/product\/30758","targetHints":{"allow":["GET"]}}],"collection":[{"href":"https:\/\/greendisc.dev-project.digital\/de\/wp-json\/wp\/v2\/product"}],"about":[{"href":"https:\/\/greendisc.dev-project.digital\/de\/wp-json\/wp\/v2\/types\/product"}],"version-history":[{"count":0,"href":"https:\/\/greendisc.dev-project.digital\/de\/wp-json\/wp\/v2\/product\/30758\/revisions"}],"wp:featuredmedia":[{"embeddable":true,"href":"https:\/\/greendisc.dev-project.digital\/de\/wp-json\/wp\/v2\/media\/24615"}],"wp:attachment":[{"href":"https:\/\/greendisc.dev-project.digital\/de\/wp-json\/wp\/v2\/media?parent=30758"}],"wp:term":[{"taxonomy":"product_brand","embeddable":true,"href":"https:\/\/greendisc.dev-project.digital\/de\/wp-json\/wp\/v2\/product_brand?post=30758"},{"taxonomy":"product_cat","embeddable":true,"href":"https:\/\/greendisc.dev-project.digital\/de\/wp-json\/wp\/v2\/product_cat?post=30758"},{"taxonomy":"product_tag","embeddable":true,"href":"https:\/\/greendisc.dev-project.digital\/de\/wp-json\/wp\/v2\/product_tag?post=30758"}],"curies":[{"name":"wp","href":"https:\/\/api.w.org\/{rel}","templated":true}]}}