 {"id":30747,"date":"2023-11-14T12:19:09","date_gmt":"2023-11-14T11:19:09","guid":{"rendered":"https:\/\/greendisc.dev-project.digital\/\/product\/ata-zyme-1-ltr\/"},"modified":"2024-12-16T09:35:42","modified_gmt":"2024-12-16T08:35:42","slug":"ata-zyme-1-ltr","status":"publish","type":"product","link":"https:\/\/greendisc.dev-project.digital\/de\/produkt\/ata-zyme-1-ltr\/","title":{"rendered":"ATA Zyme 1 ltr."},"content":{"rendered":"<p>ATAzyme ist ein Bodenverbesserer auf Enzymbasis, der kein NPK-Zusatz zur N\u00e4hrl\u00f6sung ist und nur geringe Auswirkungen auf die EC-Werte der N\u00e4hrl\u00f6sung hat.<\/p>\n<p>Enzyme wirken als Katalysatoren und spielen daher eine Rolle bei der Durchf\u00fchrung (bio)chemischer Reaktionen, indem sie diese beschleunigen und\/oder erm\u00f6glichen.<\/p>\n<p>ATAzyme sorgt daf\u00fcr, dass altes und abgestorbenes Wurzelmaterial unter der Erde abgebaut wird. Dies sorgt einerseits daf\u00fcr, dass dem Bodenmilieu wertvolle Mineralien und Zucker zur Verf\u00fcgung stehen und andererseits daf\u00fcr, dass der Boden durch die \u201eAufr\u00e4umung\u201c des Wurzelmaterials luftiger wird. Ein gut durchl\u00fcftetes Substrat sorgt f\u00fcr eine bessere Wurzelentwicklung und damit f\u00fcr eine bessere Widerstandsf\u00e4higkeit der Pflanze gegen Krankheiten und Pilze.<\/p>\n<p>Geeignet f\u00fcr viele verschiedene Gem\u00fcse-, Obst- und Kr\u00e4utersorten, wie Bohnen, Thymian, Oregano, Basilikum, Radieschensprossen, Sauerampfer usw.<\/p>\n<p><strong>Eigenschaften<\/strong><\/p>\n<ul>\n<li>Verbessert das Bodenleben<\/li>\n<li>Zersetzt abgestorbenes Wurzelmaterial<\/li>\n<li>Mehr Sauerstoff im Substrat f\u00fcr ges\u00fcndere Wurzeln<\/li>\n<\/ul>\n<p><strong>Wachstumstipp:<\/strong><\/p>\n<p>Atazyme ist auch sehr effektiv bei der (teilweisen) Wiederverwendung des Substrats.<\/p>\n<p><strong>Anwendung:<\/strong><\/p>\n<p>Geeignet als Erg\u00e4nzung zur normalen Ern\u00e4hrung f\u00fcr den Anbau auf Erde, Hydro und Kokos. Am besten einmal pro Woche w\u00e4hrend des gesamten Wachstums- und Bl\u00fctezyklus verwenden.<\/p>\n<p><strong>Dosierung (1:1000):<\/strong><\/p>\n<p>2 ml pro Liter Wasser.<\/p>\n<p><strong>Verwendung: Bei Raumtemperatur lagern. Vor Gebrauch gut sch\u00fctteln. Au\u00dferhalb der Reichweite von Kindern aufbewahren. Nach dem \u00d6ffnen verderblich. Nicht zum Verzehr geeignet. Der Hersteller haftet nicht f\u00fcr verursachte Sch\u00e4den gem\u00e4\u00df unseren Allgemeinen Gesch\u00e4ftsbedingungen.<\/strong><\/p>\n","protected":false},"excerpt":{"rendered":"<p>ATAzyme ist ein Bodenverbesserer auf Enzymbasis, der kein NPK-Zusatz zur N\u00e4hrl\u00f6sung ist und nur geringe Auswirkungen auf die EC-Werte der N\u00e4hrl\u00f6sung hat.<\/p>\n","protected":false},"featured_media":24601,"template":"","meta":[],"product_brand":[],"product_cat":[388,344],"product_tag":[],"class_list":{"0":"post-30747","1":"product","2":"type-product","3":"status-publish","4":"has-post-thumbnail","6":"product_cat-atami-bcuzz-de","7":"product_cat-pflanzennahrung","9":"first","10":"instock","11":"taxable","12":"shipping-taxable","13":"purchasable","14":"product-type-simple"},"_links":{"self":[{"href":"https:\/\/greendisc.dev-project.digital\/de\/wp-json\/wp\/v2\/product\/30747","targetHints":{"allow":["GET"]}}],"collection":[{"href":"https:\/\/greendisc.dev-project.digital\/de\/wp-json\/wp\/v2\/product"}],"about":[{"href":"https:\/\/greendisc.dev-project.digital\/de\/wp-json\/wp\/v2\/types\/product"}],"version-history":[{"count":0,"href":"https:\/\/greendisc.dev-project.digital\/de\/wp-json\/wp\/v2\/product\/30747\/revisions"}],"wp:featuredmedia":[{"embeddable":true,"href":"https:\/\/greendisc.dev-project.digital\/de\/wp-json\/wp\/v2\/media\/24601"}],"wp:attachment":[{"href":"https:\/\/greendisc.dev-project.digital\/de\/wp-json\/wp\/v2\/media?parent=30747"}],"wp:term":[{"taxonomy":"product_brand","embeddable":true,"href":"https:\/\/greendisc.dev-project.digital\/de\/wp-json\/wp\/v2\/product_brand?post=30747"},{"taxonomy":"product_cat","embeddable":true,"href":"https:\/\/greendisc.dev-project.digital\/de\/wp-json\/wp\/v2\/product_cat?post=30747"},{"taxonomy":"product_tag","embeddable":true,"href":"https:\/\/greendisc.dev-project.digital\/de\/wp-json\/wp\/v2\/product_tag?post=30747"}],"curies":[{"name":"wp","href":"https:\/\/api.w.org\/{rel}","templated":true}]}}