 {"id":30739,"date":"2023-11-14T12:19:09","date_gmt":"2023-11-14T11:19:09","guid":{"rendered":"https:\/\/greendisc.dev-project.digital\/\/product\/ata-xl-5-ltr\/"},"modified":"2024-12-16T09:35:42","modified_gmt":"2024-12-16T08:35:42","slug":"ata-xl-5-ltr","status":"publish","type":"product","link":"https:\/\/greendisc.dev-project.digital\/de\/produkt\/ata-xl-5-ltr\/","title":{"rendered":"ATA XL 5 ltr."},"content":{"rendered":"<p>Hochwertiger, nat\u00fcrlicher Wachstums- und Bl\u00fchstimulator. Unterst\u00fctzt das Wurzel-, Bl\u00fcten- und Fruchtwachstum.<\/p>\n<p>Geeignet f\u00fcr eine Vielzahl von Obst- und Gem\u00fcsesorten, wie Blaubeeren, Himbeeren und Erdbeeren. Es kann auch zur Bl\u00fcte von Zierpflanzen (z. B. Orchideen, Anthurien) verwendet werden.<\/p>\n<p>Da Ata XL aus nat\u00fcrlichen Inhaltsstoffen besteht, ist es m\u00f6glich, dass es einen organischen Duft entwickelt. Die Funktion des Produkts wird dadurch nicht beeintr\u00e4chtigt.<\/p>\n<p><strong>Anwendung<\/strong><\/p>\n<p>Geeignet als Erg\u00e4nzung zur regul\u00e4ren NPK-Nahrung f\u00fcr den Anbau in Erde, Hydro und Kokosnuss. Ab der 3. Woche des Wachstumszyklus bis zur letzten Woche der Bl\u00fctezeit dem N\u00e4hrwasser hinzuf\u00fcgen.<\/p>\n<p><strong>Qualit\u00e4t garantiert<\/strong><\/p>\n<p>Die Stimulatoren und Fl\u00fcssignahrung von Atami sind unter dem Schraubverschluss versiegelt und lichtdicht verpackt, so dass die Qualit\u00e4t gew\u00e4hrleistet ist.<\/p>\n<p><strong>Dosierung: (1:1000)<\/strong><\/p>\n<p>1 ml pro Liter Speisewasser.<\/p>\n","protected":false},"excerpt":{"rendered":"<p>Hochwertiger, nat\u00fcrlicher Wachstums- und Bl\u00fchstimulator. Unterst\u00fctzt das Wurzel-, Bl\u00fcten- und Fruchtwachstum.<\/p>\n","protected":false},"featured_media":24599,"template":"","meta":[],"product_brand":[],"product_cat":[388,344],"product_tag":[],"class_list":{"0":"post-30739","1":"product","2":"type-product","3":"status-publish","4":"has-post-thumbnail","6":"product_cat-atami-bcuzz-de","7":"product_cat-pflanzennahrung","9":"first","10":"instock","11":"taxable","12":"shipping-taxable","13":"purchasable","14":"product-type-simple"},"_links":{"self":[{"href":"https:\/\/greendisc.dev-project.digital\/de\/wp-json\/wp\/v2\/product\/30739","targetHints":{"allow":["GET"]}}],"collection":[{"href":"https:\/\/greendisc.dev-project.digital\/de\/wp-json\/wp\/v2\/product"}],"about":[{"href":"https:\/\/greendisc.dev-project.digital\/de\/wp-json\/wp\/v2\/types\/product"}],"version-history":[{"count":0,"href":"https:\/\/greendisc.dev-project.digital\/de\/wp-json\/wp\/v2\/product\/30739\/revisions"}],"wp:featuredmedia":[{"embeddable":true,"href":"https:\/\/greendisc.dev-project.digital\/de\/wp-json\/wp\/v2\/media\/24599"}],"wp:attachment":[{"href":"https:\/\/greendisc.dev-project.digital\/de\/wp-json\/wp\/v2\/media?parent=30739"}],"wp:term":[{"taxonomy":"product_brand","embeddable":true,"href":"https:\/\/greendisc.dev-project.digital\/de\/wp-json\/wp\/v2\/product_brand?post=30739"},{"taxonomy":"product_cat","embeddable":true,"href":"https:\/\/greendisc.dev-project.digital\/de\/wp-json\/wp\/v2\/product_cat?post=30739"},{"taxonomy":"product_tag","embeddable":true,"href":"https:\/\/greendisc.dev-project.digital\/de\/wp-json\/wp\/v2\/product_tag?post=30739"}],"curies":[{"name":"wp","href":"https:\/\/api.w.org\/{rel}","templated":true}]}}