 {"id":30351,"date":"2023-11-14T12:19:21","date_gmt":"2023-11-14T11:19:21","guid":{"rendered":"https:\/\/greendisc.dev-project.digital\/\/product\/bcuzz-bloeistimulator-500-ml\/"},"modified":"2024-12-16T09:35:30","modified_gmt":"2024-12-16T08:35:30","slug":"bcuzz-bloeistimulator-500-ml","status":"publish","type":"product","link":"https:\/\/greendisc.dev-project.digital\/de\/produkt\/bcuzz-bloeistimulator-500-ml\/","title":{"rendered":"B&#8217;cuzz Bloeistimulator 500 ml"},"content":{"rendered":"<p>Unterst\u00fctzt die Bl\u00fcten-\/Fruchtentwicklung und beeinflusst den Geruch und Geschmack der Ernte.<\/p>\n<p>Geeignet f\u00fcr eine Vielzahl von Gem\u00fcse- und Obstsorten wie Paprika, Chilischoten und Auberginen. Es kann auch f\u00fcr bl\u00fchende Zierpflanzen (z. B. Kapmargeriten) verwendet werden.<\/p>\n<p><strong>Anwendung:<\/strong><\/p>\n<p>Ab der Bl\u00fctezeit zum N\u00e4hrwasser hinzuf\u00fcgen. Kann w\u00e4hrend der Bl\u00fctephase t\u00e4glich zur Bew\u00e4sserung der Kultur verwendet werden.<\/p>\n<p><strong>Wachstumstipp:<\/strong><\/p>\n<p>Die Kombination von B&#8217;cuzz Booster mit diesem Bl\u00fchstimulator ist sehr zu empfehlen und wird alle Erwartungen \u00fcbertreffen.<\/p>\n<p><strong>Dosierung<\/strong> (1:1000): 0,5 \u2013 1 ml pro Liter N\u00e4hrl\u00f6sung.<\/p>\n<p><strong>Verwendung: Bei Raumtemperatur lagern. Vor Gebrauch gut sch\u00fctteln. Au\u00dferhalb der Reichweite von Kindern aufbewahren. Nach dem \u00d6ffnen verderblich. Nicht zum Verzehr geeignet. Der Hersteller haftet nicht f\u00fcr verursachte Sch\u00e4den gem\u00e4\u00df unseren Allgemeinen Gesch\u00e4ftsbedingungen.<\/strong><\/p>\n","protected":false},"excerpt":{"rendered":"<p>Unterst\u00fctzt die Bl\u00fcten-\/Fruchtentwicklung und beeinflusst den Geruch und Geschmack der Ernte. Geeignet f\u00fcr eine Vielzahl von Gem\u00fcse- und Obstsorten wie Paprika, Chilischoten und Auberginen. Es kann auch f\u00fcr bl\u00fchende Zierpflanzen (z. B. Kapmargeriten) verwendet werden.<\/p>\n","protected":false},"featured_media":24625,"template":"","meta":[],"product_brand":[],"product_cat":[388,344],"product_tag":[],"class_list":{"0":"post-30351","1":"product","2":"type-product","3":"status-publish","4":"has-post-thumbnail","6":"product_cat-atami-bcuzz-de","7":"product_cat-pflanzennahrung","9":"first","10":"instock","11":"taxable","12":"shipping-taxable","13":"purchasable","14":"product-type-simple"},"_links":{"self":[{"href":"https:\/\/greendisc.dev-project.digital\/de\/wp-json\/wp\/v2\/product\/30351","targetHints":{"allow":["GET"]}}],"collection":[{"href":"https:\/\/greendisc.dev-project.digital\/de\/wp-json\/wp\/v2\/product"}],"about":[{"href":"https:\/\/greendisc.dev-project.digital\/de\/wp-json\/wp\/v2\/types\/product"}],"version-history":[{"count":0,"href":"https:\/\/greendisc.dev-project.digital\/de\/wp-json\/wp\/v2\/product\/30351\/revisions"}],"wp:featuredmedia":[{"embeddable":true,"href":"https:\/\/greendisc.dev-project.digital\/de\/wp-json\/wp\/v2\/media\/24625"}],"wp:attachment":[{"href":"https:\/\/greendisc.dev-project.digital\/de\/wp-json\/wp\/v2\/media?parent=30351"}],"wp:term":[{"taxonomy":"product_brand","embeddable":true,"href":"https:\/\/greendisc.dev-project.digital\/de\/wp-json\/wp\/v2\/product_brand?post=30351"},{"taxonomy":"product_cat","embeddable":true,"href":"https:\/\/greendisc.dev-project.digital\/de\/wp-json\/wp\/v2\/product_cat?post=30351"},{"taxonomy":"product_tag","embeddable":true,"href":"https:\/\/greendisc.dev-project.digital\/de\/wp-json\/wp\/v2\/product_tag?post=30351"}],"curies":[{"name":"wp","href":"https:\/\/api.w.org\/{rel}","templated":true}]}}