 {"id":30294,"date":"2023-11-14T12:23:26","date_gmt":"2023-11-14T11:23:26","guid":{"rendered":"https:\/\/greendisc.dev-project.digital\/\/product\/dutch-pro-silica-1-ltr\/"},"modified":"2025-05-29T21:21:35","modified_gmt":"2025-05-29T19:21:35","slug":"dutch-pro-silica-1-ltr","status":"publish","type":"product","link":"https:\/\/greendisc.dev-project.digital\/de\/produkt\/dutch-pro-silica-1-ltr\/","title":{"rendered":"Dutch pro, Silica 1 ltr"},"content":{"rendered":"<p><meta charset=\"utf-8\"><span data-mce-fragment=\"1\">Dutchpro Silica \u2013 Von Liebig&#8217;s Special ist ein Siliziumdioxid, das zur Ertragssteigerung und zum Stresstraining Ihrer Pflanze verwendet wird.<\/span><\/p>\n<p><meta charset=\"utf-8\"><span data-mce-fragment=\"1\">Kiesels\u00e4ure verbessert die N\u00e4hrstoffaufnahme, f\u00f6rdert st\u00e4rkere und dickere St\u00e4ngel, bietet Widerstand gegen Bakterien- und Pilzkrankheiten und reduziert Stress. Kiesels\u00e4ure sorgt au\u00dferdem f\u00fcr eine bessere Wurzelentwicklung und ein schnelleres Wachstum. Dutchpro Silica \u2013 Von Liebig&#8217;s Special ist hochkonzentriert und nutzt Nanotechnologie, um die Wirksamkeit zu steigern. 3,8 % Monokiesels\u00e4ure<\/span><\/p>\n<p><meta charset=\"utf-8\"><span data-mce-fragment=\"1\">Kiesels\u00e4ure erh\u00f6ht die Widerstandsf\u00e4higkeit gegen Hitze und Trockenheit und sorgt daf\u00fcr, dass Pflanzen dickere St\u00e4ngel entwickeln k\u00f6nnen. Dies f\u00fchrt zu einem schnelleren Saftfluss und mehr N\u00e4hrstoffe k\u00f6nnen zu den richtigen Teilen Ihrer Pflanze transportiert werden. Mit der Zeit entwickeln Ihre Pflanzen sichtbar dickere Fr\u00fcchte, die nicht nur gr\u00f6\u00dfer, sondern auch s\u00fc\u00dfer und schwerer sind.<\/span><\/p>\n<p><meta charset=\"utf-8\"><span>Wir verwenden hohe Konzentrationen an Siliziumdioxid, was die allgemeine Gesundheit Ihrer Pflanzen verbessert. Unsere Kiesels\u00e4ure tr\u00e4gt dazu bei, die Menge an Wasser und N\u00e4hrstoffen zu erh\u00f6hen, die die Zellen Ihrer Pflanzen speichern k\u00f6nnen, wodurch Ihre Pflanzen widerstandsf\u00e4higer gegen Klimaver\u00e4nderungen, Wind, CO2 und Temperatur werden.<\/span><\/p>\n<p><span>F\u00fcr optimale Ergebnisse verwenden Sie w\u00e4hrend des gesamten Zyklus Silica.<\/span><\/p>\n","protected":false},"excerpt":{"rendered":"<p>Dutchpro Silica \u2013 Von Liebig&#8217;s Special ist ein Siliziumdioxid, das zur Ertragssteigerung und zum Stresstraining Ihrer Pflanze verwendet wird.<\/p>\n","protected":false},"featured_media":25179,"template":"","meta":[],"product_brand":[],"product_cat":[555,344],"product_tag":[],"class_list":{"0":"post-30294","1":"product","2":"type-product","3":"status-publish","4":"has-post-thumbnail","6":"product_cat-hollandischer-profi","7":"product_cat-pflanzennahrung","9":"first","10":"instock","11":"taxable","12":"shipping-taxable","13":"purchasable","14":"product-type-simple"},"_links":{"self":[{"href":"https:\/\/greendisc.dev-project.digital\/de\/wp-json\/wp\/v2\/product\/30294","targetHints":{"allow":["GET"]}}],"collection":[{"href":"https:\/\/greendisc.dev-project.digital\/de\/wp-json\/wp\/v2\/product"}],"about":[{"href":"https:\/\/greendisc.dev-project.digital\/de\/wp-json\/wp\/v2\/types\/product"}],"version-history":[{"count":0,"href":"https:\/\/greendisc.dev-project.digital\/de\/wp-json\/wp\/v2\/product\/30294\/revisions"}],"wp:featuredmedia":[{"embeddable":true,"href":"https:\/\/greendisc.dev-project.digital\/de\/wp-json\/wp\/v2\/media\/25179"}],"wp:attachment":[{"href":"https:\/\/greendisc.dev-project.digital\/de\/wp-json\/wp\/v2\/media?parent=30294"}],"wp:term":[{"taxonomy":"product_brand","embeddable":true,"href":"https:\/\/greendisc.dev-project.digital\/de\/wp-json\/wp\/v2\/product_brand?post=30294"},{"taxonomy":"product_cat","embeddable":true,"href":"https:\/\/greendisc.dev-project.digital\/de\/wp-json\/wp\/v2\/product_cat?post=30294"},{"taxonomy":"product_tag","embeddable":true,"href":"https:\/\/greendisc.dev-project.digital\/de\/wp-json\/wp\/v2\/product_tag?post=30294"}],"curies":[{"name":"wp","href":"https:\/\/api.w.org\/{rel}","templated":true}]}}