 {"id":30282,"date":"2023-11-14T12:23:28","date_gmt":"2023-11-14T11:23:28","guid":{"rendered":"https:\/\/greendisc.dev-project.digital\/\/product\/dutch-pro-bloom-aarde-soil-ab-1-ltr\/"},"modified":"2024-12-16T09:35:15","modified_gmt":"2024-12-16T08:35:15","slug":"dutch-pro-bloom-aarde-soil-ab-1-ltr","status":"publish","type":"product","link":"https:\/\/greendisc.dev-project.digital\/de\/produkt\/dutch-pro-bloom-aarde-soil-ab-1-ltr\/","title":{"rendered":"Dutch Pro; Bloom Aarde\/Soil A&amp;B 1 ltr"},"content":{"rendered":"<p>A+B Soil Basic Nutrition ist explizit f\u00fcr Blumenerde konzipiert. Unser zweiteiliges System konzentriert sich stark darauf, Ihnen Geld zu sparen und Ihren Pflanzen gleichzeitig alle notwendigen N\u00e4hrstoffe zu liefern.<\/p>\n<p>&nbsp;<\/p>\n<p>Die Dutch Pro A+B Grow and Bloom Bodend\u00fcnger sind speziell f\u00fcr Erde konzipiert. Unsere 2-Komponenten-Systeme sind hochkonzentriert, um Ihnen Geld zu sparen und Ihren Pflanzen gleichzeitig alle notwendigen N\u00e4hrstoffe zu liefern. Diese Produkte enthalten alle wichtigen Makro- und Mikrowachstumsn\u00e4hrstoffe, die f\u00fcr ein hervorragendes Pflanzenwachstum und eine hervorragende Bl\u00fctephase erforderlich sind. Unsere Formel basiert auf dem Liebigschen Minimalgesetz und versorgt Ihre Pflanzen mit den 17 essentiellen N\u00e4hrstoffen. Es ist entscheidend, dass Pflanzen nicht nur gen\u00fcgend N\u00e4hrstoffe erhalten, sondern auch im richtigen Verh\u00e4ltnis. Die hochwertigen N\u00e4hrstoffe in Lebensmittelqualit\u00e4t werden vollst\u00e4ndig absorbiert und hinterlassen kaum oder gar keine R\u00fcckst\u00e4nde, sodass Ihre Pflanzen sauber und stark bleiben.<\/p>\n<p>&nbsp;<\/p>\n<p>W\u00e4hrend der Bl\u00fctephase bereitet sich eine Pflanze auf die Best\u00e4ubung vor. Die Photorezeptorproteine \u200b\u200bin der Pflanze zeigen an, wann die Pflanze bl\u00fchen muss. Zu diesem Zeitpunkt bringt die Pflanze Bl\u00fcten hervor, damit Pollen die weibliche Pflanze befruchten k\u00f6nnen. Dieser Vorgang kostet die Pflanzen Energie. Das richtige Gleichgewicht der 17 essentiellen Elemente ist notwendig, um die Knospenbildung der Pflanze w\u00e4hrend der Bl\u00fctephase anzuregen. Phosphor ist ein wichtiges Element, das f\u00fcr maximale Ertr\u00e4ge ben\u00f6tigt wird. Das richtige N\u00e4hrstoffverh\u00e4ltnis verbessert die Bl\u00fctephase, um gr\u00f6\u00dfere Knospen zu bilden und den Ertrag zu steigern.<\/p>\n<p>A+B Bloom Soil ist ein perfekt gemischtes 2-Komponenten-System, das die maximale Bl\u00fcte anregt und Ihre Pflanzen auf den maximalen Ertrag vorbereitet.<\/p>\n<p>*A+B Bl\u00fchboden ist optimiert, um PPM 900\u20131.150 oder EC-Werte: 1,8\u20132,3 (Abweichungen m\u00f6glich) zu erreichen, um ein noch besseres Ergebnis zu erzielen!<\/p>\n<p>Wachstum NPK: 3 \u2013 2 \u2013 5 GESAMT<br \/>\nBloom NPK: 4 \u2013 1 \u2013 6 GESAMT<br \/>\n*PGRs werden in keinem unserer Produkte verwendet<\/p>\n","protected":false},"excerpt":{"rendered":"<p>A+B Soil Basic Nutrition ist explizit f\u00fcr Blumenerde konzipiert. Unser zweiteiliges System konzentriert sich stark darauf, Ihnen Geld zu sparen und Ihren Pflanzen gleichzeitig alle notwendigen N\u00e4hrstoffe zu liefern.<\/p>\n","protected":false},"featured_media":25183,"template":"","meta":[],"product_brand":[],"product_cat":[555,344],"product_tag":[],"class_list":{"0":"post-30282","1":"product","2":"type-product","3":"status-publish","4":"has-post-thumbnail","6":"product_cat-hollandischer-profi","7":"product_cat-pflanzennahrung","9":"first","10":"instock","11":"taxable","12":"shipping-taxable","13":"purchasable","14":"product-type-simple"},"_links":{"self":[{"href":"https:\/\/greendisc.dev-project.digital\/de\/wp-json\/wp\/v2\/product\/30282","targetHints":{"allow":["GET"]}}],"collection":[{"href":"https:\/\/greendisc.dev-project.digital\/de\/wp-json\/wp\/v2\/product"}],"about":[{"href":"https:\/\/greendisc.dev-project.digital\/de\/wp-json\/wp\/v2\/types\/product"}],"version-history":[{"count":0,"href":"https:\/\/greendisc.dev-project.digital\/de\/wp-json\/wp\/v2\/product\/30282\/revisions"}],"wp:featuredmedia":[{"embeddable":true,"href":"https:\/\/greendisc.dev-project.digital\/de\/wp-json\/wp\/v2\/media\/25183"}],"wp:attachment":[{"href":"https:\/\/greendisc.dev-project.digital\/de\/wp-json\/wp\/v2\/media?parent=30282"}],"wp:term":[{"taxonomy":"product_brand","embeddable":true,"href":"https:\/\/greendisc.dev-project.digital\/de\/wp-json\/wp\/v2\/product_brand?post=30282"},{"taxonomy":"product_cat","embeddable":true,"href":"https:\/\/greendisc.dev-project.digital\/de\/wp-json\/wp\/v2\/product_cat?post=30282"},{"taxonomy":"product_tag","embeddable":true,"href":"https:\/\/greendisc.dev-project.digital\/de\/wp-json\/wp\/v2\/product_tag?post=30282"}],"curies":[{"name":"wp","href":"https:\/\/api.w.org\/{rel}","templated":true}]}}