 {"id":30274,"date":"2023-11-14T12:23:30","date_gmt":"2023-11-14T11:23:30","guid":{"rendered":"https:\/\/greendisc.dev-project.digital\/\/product\/dutch-pro-bloom-aarde-soil-ab-5-ltr\/"},"modified":"2024-12-16T09:35:14","modified_gmt":"2024-12-16T08:35:14","slug":"dutch-pro-bloom-aarde-soil-ab-5-ltr","status":"publish","type":"product","link":"https:\/\/greendisc.dev-project.digital\/de\/produkt\/dutch-pro-bloom-aarde-soil-ab-5-ltr\/","title":{"rendered":"Dutch Pro; Bloom Aarde\/Soil A&amp;B 5 ltr"},"content":{"rendered":"<p><meta charset=\"utf-8\"><\/p>\n<div data-widget_type=\"text-editor.default\" data-element_type=\"widget\" data-id=\"a1d97ee\" class=\"elementor-element elementor-element-a1d97ee elementor-widget elementor-widget-text-editor is-mac\" data-mce-fragment=\"1\">\n<div class=\"elementor-widget-container\" data-mce-fragment=\"1\">\n<div data-widget_type=\"text-editor.default\" data-element_type=\"widget\" data-id=\"49710fa8\" class=\"elementor-element elementor-element-49710fa8 elementor-widget elementor-widget-text-editor is-mac\" data-mce-fragment=\"1\">\n<div class=\"elementor-widget-container\" data-mce-fragment=\"1\">A+B Soil Basic Nutrition wurde speziell f\u00fcr Blumenerde entwickelt. Unser zweiteiliges System ist hochkonzentriert, um Ihnen Geld zu sparen und gleichzeitig alle notwendigen N\u00e4hrstoffe an Ihre Pflanzen zu liefern.<\/div>\n<\/div>\n<\/div>\n<\/div>\n<div data-widget_type=\"accordion.default\" data-element_type=\"widget\" data-id=\"5651d0c\" class=\"elementor-element elementor-element-5651d0c elementor-widget elementor-widget-accordion is-mac\" data-mce-fragment=\"1\">\n<div class=\"elementor-widget-container\" data-mce-fragment=\"1\">\n<div class=\"elementor-accordion\" data-mce-fragment=\"1\">\n<div class=\"elementor-accordion-item\" data-mce-fragment=\"1\">\n<div tabindex=\"0\" aria-selected=\"true\" aria-expanded=\"true\" aria-controls=\"elementor-tab-content-9051\" role=\"button\" data-tab=\"1\" class=\"elementor-tab-title\" id=\"elementor-tab-title-9051\" data-mce-tabindex=\"0\" data-mce-fragment=\"1\">\n<br data-mce-fragment=\"1\"><meta charset=\"utf-8\"><br \/>\n<span data-mce-fragment=\"1\">Die Dutch Pro A+B Grow and Bloom Soil Feeders wurden speziell f\u00fcr Erde entwickelt. Unsere 2-teiligen Systeme sind hochkonzentriert, so dass Sie Geld sparen und Ihren Pflanzen alle notwendigen N\u00e4hrstoffe zuf\u00fchren k\u00f6nnen. Diese Produkte enthalten alle wichtigen Makro- und Mikron\u00e4hrstoffe, die f\u00fcr ein ausgezeichnetes Pflanzenwachstum und eine gute Bl\u00fcte ben\u00f6tigt werden. Auf der Grundlage des Liebigschen Minimumgesetzes versorgt unsere Formel Ihre Pflanzen mit den 17 wichtigsten N\u00e4hrstoffen. Es ist wichtig, dass die Pflanzen nicht nur gen\u00fcgend N\u00e4hrstoffe erhalten, sondern auch im richtigen Verh\u00e4ltnis. Die hochwertigen, n\u00e4hrstoffreichen N\u00e4hrstoffe werden vollst\u00e4ndig absorbiert und hinterlassen wenig bis gar keine R\u00fcckst\u00e4nde, so dass Ihre Pflanzen sauber und kr\u00e4ftig bleiben.<br data-mce-fragment=\"1\"><br data-mce-fragment=\"1\"><meta charset=\"utf-8\"><\/span><\/p>\n<p data-mce-fragment=\"1\">W\u00e4hrend der Bl\u00fctephase bereitet sich eine Pflanze auf die Best\u00e4ubung vor. Die Photorezeptorproteine \u200b\u200bin der Pflanze zeigen an, wann die Pflanze bl\u00fchen muss. Zu diesem Zeitpunkt bringt die Pflanze Bl\u00fcten hervor, damit Pollen die weibliche Pflanze befruchten k\u00f6nnen. Dieser Vorgang kostet die Pflanzen Energie. Das richtige Gleichgewicht der 17 essentiellen Elemente ist notwendig, um die Knospenbildung der Pflanze w\u00e4hrend der Bl\u00fctephase anzuregen. Phosphor ist ein wichtiges Element, das f\u00fcr maximale Ertr\u00e4ge ben\u00f6tigt wird. Das richtige N\u00e4hrstoffverh\u00e4ltnis verbessert die Bl\u00fctephase, um gr\u00f6\u00dfere Knospen zu bilden und den Ertrag zu steigern.<\/p>\n<p data-mce-fragment=\"1\">A+B Bloom Soil ist ein perfekt gemischtes 2-Komponenten-System, das die maximale Bl\u00fcte anregt und Ihre Pflanzen auf den maximalen Ertrag vorbereitet.<\/p>\n<p data-mce-fragment=\"1\">*A+B Bl\u00fchende Erde ist optimiert, um PPM 900\u20131.150 oder EC-Werte: 1,8\u20132,3 (Abweichungen m\u00f6glich) zu erreichen, um ein noch besseres Ergebnis zu erzielen!<\/p>\n<p><span data-mce-fragment=\"1\"><br data-mce-fragment=\"1\">Wachstum NPK: 3 \u2013 2 \u2013 5 GESAMT<br data-mce-fragment=\"1\">Bloom NPK: 4 \u2013 1 \u2013 6 GESAMT<br data-mce-fragment=\"1\">*PGRs werden in keinem unserer Produkte verwendet<\/span>\n<\/div>\n<\/div>\n<\/div>\n<\/div>\n<\/div>\n","protected":false},"excerpt":{"rendered":"<p>Die Dutch Pro A+B Grow and Bloom Soil Feeders wurden speziell f\u00fcr Erde entwickelt. Unsere 2-teiligen Systeme sind hochkonzentriert, so dass Sie Geld sparen und Ihren Pflanzen alle notwendigen N\u00e4hrstoffe zuf\u00fchren k\u00f6nnen. Diese Produkte enthalten alle wichtigen Makro- und Mikron\u00e4hrstoffe, die f\u00fcr ein ausgezeichnetes Pflanzenwachstum und eine gute Bl\u00fcte ben\u00f6tigt werden.<\/p>\n","protected":false},"featured_media":25187,"template":"","meta":[],"product_brand":[],"product_cat":[555,344],"product_tag":[],"class_list":{"0":"post-30274","1":"product","2":"type-product","3":"status-publish","4":"has-post-thumbnail","6":"product_cat-hollandischer-profi","7":"product_cat-pflanzennahrung","9":"first","10":"instock","11":"taxable","12":"shipping-taxable","13":"purchasable","14":"product-type-simple"},"_links":{"self":[{"href":"https:\/\/greendisc.dev-project.digital\/de\/wp-json\/wp\/v2\/product\/30274","targetHints":{"allow":["GET"]}}],"collection":[{"href":"https:\/\/greendisc.dev-project.digital\/de\/wp-json\/wp\/v2\/product"}],"about":[{"href":"https:\/\/greendisc.dev-project.digital\/de\/wp-json\/wp\/v2\/types\/product"}],"version-history":[{"count":0,"href":"https:\/\/greendisc.dev-project.digital\/de\/wp-json\/wp\/v2\/product\/30274\/revisions"}],"wp:featuredmedia":[{"embeddable":true,"href":"https:\/\/greendisc.dev-project.digital\/de\/wp-json\/wp\/v2\/media\/25187"}],"wp:attachment":[{"href":"https:\/\/greendisc.dev-project.digital\/de\/wp-json\/wp\/v2\/media?parent=30274"}],"wp:term":[{"taxonomy":"product_brand","embeddable":true,"href":"https:\/\/greendisc.dev-project.digital\/de\/wp-json\/wp\/v2\/product_brand?post=30274"},{"taxonomy":"product_cat","embeddable":true,"href":"https:\/\/greendisc.dev-project.digital\/de\/wp-json\/wp\/v2\/product_cat?post=30274"},{"taxonomy":"product_tag","embeddable":true,"href":"https:\/\/greendisc.dev-project.digital\/de\/wp-json\/wp\/v2\/product_tag?post=30274"}],"curies":[{"name":"wp","href":"https:\/\/api.w.org\/{rel}","templated":true}]}}