 {"id":30271,"date":"2023-11-14T12:31:05","date_gmt":"2023-11-14T11:31:05","guid":{"rendered":"https:\/\/greendisc.dev-project.digital\/\/product\/plagron-lemon-kick-5-ltr\/"},"modified":"2024-12-16T09:35:14","modified_gmt":"2024-12-16T08:35:14","slug":"plagron-lemon-kick-5-ltr","status":"publish","type":"product","link":"https:\/\/greendisc.dev-project.digital\/de\/produkt\/plagron-lemon-kick-5-ltr\/","title":{"rendered":"Plagron Lemon Kick 5 ltr"},"content":{"rendered":"<p>Entdecken Sie Plagron Lemon Kick \u2013 nat\u00fcrliche pH-Regulierung f\u00fcr optimales Wachstum<\/p>\n<p>Plagron Lemon Kick ist Ihr biologischer Verb\u00fcndeter, um den pH-Wert Ihres N\u00e4hrwassers m\u00fchelos auf den idealen Bereich von 5,5 \u2013 6,5 zu senken. Eine N\u00e4hrl\u00f6sung mit dem richtigen pH-Wert ist entscheidend f\u00fcr eine optimale N\u00e4hrstoffaufnahme durch die Pflanze. Dies regt den Stoffwechsel an und hilft Ihren Pflanzen, schneller zu wachsen und zu gedeihen.<\/p>\n<p><strong>Anwendung:<\/strong> Vor Gebrauch gut sch\u00fctteln. Geben Sie Lemon Kick in Schritten von 0,5 ml pro Liter Wasser hinzu (1:2000 verd\u00fcnnen) und \u00fcberpr\u00fcfen Sie regelm\u00e4\u00dfig den pH-Wert, um das perfekte Gleichgewicht zu gew\u00e4hrleisten.<\/p>\n<p><strong>Lagerungshinweise:<\/strong> Transportieren Sie das Produkt aufrecht und lagern Sie es an einem k\u00fchlen, dunklen Ort zwischen 0 und 30 \u00b0C. Nach dem Aufl\u00f6sen in Wasser ist die L\u00f6sung maximal 24 Stunden haltbar.<\/p>\n<p><strong>Warnung:<\/strong><\/p>\n<ul>\n<li>Verursacht Hautreizungen (H315).<\/li>\n<li>Verursacht schwere Augensch\u00e4den (H318).<\/li>\n<li>Schutzhandschuhe, Kleidung, Augen- und Gesichtsschutz tragen (P280).<\/li>\n<li>Bei Kontakt mit den Augen: Einige Minuten lang sorgf\u00e4ltig mit Wasser sp\u00fclen; Kontaktlinsen nach M\u00f6glichkeit entfernen; weiter sp\u00fclen (P305+P351+P338).<\/li>\n<\/ul>\n<p><strong>Zusammensetzung:<\/strong> Lemon Kick enth\u00e4lt Wasser und Zitronens\u00e4ure, ein nat\u00fcrliches Mittel zur pH-Senkung, das sicher und wirksam ist.<\/p>\n<p><strong>Tipps von Plagron:<\/strong><\/p>\n<ul>\n<li>Lemon Kick hat eine starke Wirkung. Wenden Sie es daher Schritt f\u00fcr Schritt an, um die besten Ergebnisse zu erzielen.<\/li>\n<li>Im Vergleich zu herk\u00f6mmlichen pH-Reglern wie pH Plus und pH Min ist Lemon Kick sicherer in der Anwendung, sodass Sie beruhigt wachsen k\u00f6nnen.<\/li>\n<\/ul>\n<p>Konzentrieren Sie sich auf die nat\u00fcrliche pH-Regulierung und entdecken Sie die Kraft von Plagron Lemon Kick f\u00fcr gesundes, \u00fcppiges Wachstum Ihrer Pflanzen. Senken Sie den pH-Wert sicher und effektiv und beobachten Sie, wie Ihre Pflanzen wie nie zuvor gedeihen. Bestellen Sie jetzt und geben Sie Ihrem wachsenden Projekt den n\u00f6tigen Schub.<\/p>\n","protected":false},"excerpt":{"rendered":"<p>Entdecken Sie Plagron Lemon Kick \u2013 nat\u00fcrliche pH-Regulierung f\u00fcr optimales Wachstum Plagron Lemon Kick ist Ihr biologischer Verb\u00fcndeter, um den pH-Wert Ihres N\u00e4hrwassers m\u00fchelos auf den idealen Bereich von 5,5 \u2013 6,5 zu senken.<\/p>\n","protected":false},"featured_media":27769,"template":"","meta":[],"product_brand":[],"product_cat":[566],"product_tag":[],"class_list":{"0":"post-30271","1":"product","2":"type-product","3":"status-publish","4":"has-post-thumbnail","6":"product_cat-plagron-de","8":"first","9":"instock","10":"taxable","11":"shipping-taxable","12":"purchasable","13":"product-type-simple"},"_links":{"self":[{"href":"https:\/\/greendisc.dev-project.digital\/de\/wp-json\/wp\/v2\/product\/30271","targetHints":{"allow":["GET"]}}],"collection":[{"href":"https:\/\/greendisc.dev-project.digital\/de\/wp-json\/wp\/v2\/product"}],"about":[{"href":"https:\/\/greendisc.dev-project.digital\/de\/wp-json\/wp\/v2\/types\/product"}],"version-history":[{"count":0,"href":"https:\/\/greendisc.dev-project.digital\/de\/wp-json\/wp\/v2\/product\/30271\/revisions"}],"wp:featuredmedia":[{"embeddable":true,"href":"https:\/\/greendisc.dev-project.digital\/de\/wp-json\/wp\/v2\/media\/27769"}],"wp:attachment":[{"href":"https:\/\/greendisc.dev-project.digital\/de\/wp-json\/wp\/v2\/media?parent=30271"}],"wp:term":[{"taxonomy":"product_brand","embeddable":true,"href":"https:\/\/greendisc.dev-project.digital\/de\/wp-json\/wp\/v2\/product_brand?post=30271"},{"taxonomy":"product_cat","embeddable":true,"href":"https:\/\/greendisc.dev-project.digital\/de\/wp-json\/wp\/v2\/product_cat?post=30271"},{"taxonomy":"product_tag","embeddable":true,"href":"https:\/\/greendisc.dev-project.digital\/de\/wp-json\/wp\/v2\/product_tag?post=30271"}],"curies":[{"name":"wp","href":"https:\/\/api.w.org\/{rel}","templated":true}]}}