 {"id":30262,"date":"2023-11-14T12:31:06","date_gmt":"2023-11-14T11:31:06","guid":{"rendered":"https:\/\/greendisc.dev-project.digital\/\/product\/plagron-ph-plus-25-1-ltr\/"},"modified":"2024-12-16T09:35:13","modified_gmt":"2024-12-16T08:35:13","slug":"plagron-ph-plus-25-1-ltr","status":"publish","type":"product","link":"https:\/\/greendisc.dev-project.digital\/de\/produkt\/plagron-ph-plus-25-1-ltr\/","title":{"rendered":"Plagron PH plus (25%) 1 ltr"},"content":{"rendered":"<p>Entdecken Sie Plagron pH Plus \u2013 den Schl\u00fcssel zu optimalen pH-Werten f\u00fcr gesunde Pflanzen<\/p>\n<p>Plagron pH Plus ist Ihr zuverl\u00e4ssiger Partner, um den pH-Wert Ihres N\u00e4hrwassers auf den idealen Bereich von 5,5 \u2013 6,5 zu erh\u00f6hen. Nur mit einer N\u00e4hrl\u00f6sung in diesem pH-Bereich kann die Pflanze N\u00e4hrstoffe optimal aufnehmen. Dadurch wird nicht nur die N\u00e4hrstoffaufnahme gef\u00f6rdert, sondern auch der Stoffwechsel der Pflanze angeregt, was zu einem schnelleren Wachstum f\u00fchrt.<\/p>\n<p><strong>Gebrauchsanweisung:<\/strong> Vor Gebrauch gut sch\u00fctteln. Geben Sie pH Plus in Schritten von 0,5 ml pro Liter Wasser hinzu (1:2000 verd\u00fcnnen) und messen Sie kontinuierlich den pH-Wert, um die Genauigkeit sicherzustellen.<\/p>\n<p><strong>Lagerungshinweise:<\/strong> Transportieren Sie das Produkt aufrecht und lagern Sie es an einem k\u00fchlen, dunklen Ort zwischen 0 und 30 \u00b0C.<\/p>\n<p><strong>Warnung:<\/strong><\/p>\n<ul>\n<li>Gesundheitssch\u00e4dlich beim Verschlucken (H302).<\/li>\n<li>Verursacht schwere Ver\u00e4tzungen (H314).<\/li>\n<li>Schutzhandschuhe, Kleidung, Augen- und Gesichtsschutz tragen (P280).<\/li>\n<li>Bei Kontakt mit den Augen: Einige Minuten lang sorgf\u00e4ltig mit Wasser sp\u00fclen; Kontaktlinsen nach M\u00f6glichkeit entfernen; weiter sp\u00fclen (P305+P351+P338).<\/li>\n<li>Sofort GIFTINFORMATIONSZENTRUM oder Arzt anrufen (P310).<\/li>\n<\/ul>\n<p><strong>Zusammensetzung:<\/strong> Plagron pH Plus enth\u00e4lt Wasser und Kaliumhydroxid (25 %), eine starke pH-erh\u00f6hende Komponente. Es handelt sich um einen NPK-D\u00fcnger (0-0-25) mit 25 % wasserl\u00f6slichem Kaliumoxid (K2O).<\/p>\n<p><strong>Tipps von Plagron:<\/strong><\/p>\n<ul>\n<li>pH Plus hat eine starke Wirkung. Verwenden Sie es daher schrittweise, um optimale Ergebnisse zu erzielen.<\/li>\n<li>Verwenden Sie zur genauen Dosierung ein pH-Meter und stellen Sie den richtigen pH-Wert sicher, um die Gesundheit und das Wachstum Ihrer Pflanzen zu optimieren.<\/li>\n<\/ul>\n<p>Entscheiden Sie sich f\u00fcr Plagron pH Plus und sorgen Sie f\u00fcr eine genaue pH-Regulierung, die zu einem gesunden und \u00fcppigen Pflanzenwachstum f\u00fchrt. Schaffen Sie die ideale Umgebung f\u00fcr das Gedeihen Ihrer Pflanzen und maximieren Sie Ihre Ernte. Bestellen Sie noch heute und geben Sie Ihren Pflanzen den pH-Wert, den sie verdienen.<\/p>\n","protected":false},"excerpt":{"rendered":"<p>Entdecken Sie Plagron pH Plus \u2013 den Schl\u00fcssel zu optimalen pH-Werten f\u00fcr gesunde Pflanzen Plagron pH Plus ist Ihr zuverl\u00e4ssiger Partner, um den pH-Wert Ihres N\u00e4hrwassers auf den idealen Bereich von 5,5 \u2013 6,5 zu erh\u00f6hen. Nur mit einer N\u00e4hrl\u00f6sung in diesem pH-Bereich kann die Pflanze N\u00e4hrstoffe optimal aufnehmen.<\/p>\n","protected":false},"featured_media":26099,"template":"","meta":[],"product_brand":[],"product_cat":[566],"product_tag":[],"class_list":{"0":"post-30262","1":"product","2":"type-product","3":"status-publish","4":"has-post-thumbnail","6":"product_cat-plagron-de","8":"first","9":"instock","10":"taxable","11":"shipping-taxable","12":"purchasable","13":"product-type-simple"},"_links":{"self":[{"href":"https:\/\/greendisc.dev-project.digital\/de\/wp-json\/wp\/v2\/product\/30262","targetHints":{"allow":["GET"]}}],"collection":[{"href":"https:\/\/greendisc.dev-project.digital\/de\/wp-json\/wp\/v2\/product"}],"about":[{"href":"https:\/\/greendisc.dev-project.digital\/de\/wp-json\/wp\/v2\/types\/product"}],"version-history":[{"count":0,"href":"https:\/\/greendisc.dev-project.digital\/de\/wp-json\/wp\/v2\/product\/30262\/revisions"}],"wp:featuredmedia":[{"embeddable":true,"href":"https:\/\/greendisc.dev-project.digital\/de\/wp-json\/wp\/v2\/media\/26099"}],"wp:attachment":[{"href":"https:\/\/greendisc.dev-project.digital\/de\/wp-json\/wp\/v2\/media?parent=30262"}],"wp:term":[{"taxonomy":"product_brand","embeddable":true,"href":"https:\/\/greendisc.dev-project.digital\/de\/wp-json\/wp\/v2\/product_brand?post=30262"},{"taxonomy":"product_cat","embeddable":true,"href":"https:\/\/greendisc.dev-project.digital\/de\/wp-json\/wp\/v2\/product_cat?post=30262"},{"taxonomy":"product_tag","embeddable":true,"href":"https:\/\/greendisc.dev-project.digital\/de\/wp-json\/wp\/v2\/product_tag?post=30262"}],"curies":[{"name":"wp","href":"https:\/\/api.w.org\/{rel}","templated":true}]}}