 {"id":30258,"date":"2023-11-14T12:31:08","date_gmt":"2023-11-14T11:31:08","guid":{"rendered":"https:\/\/greendisc.dev-project.digital\/\/product\/plagron-pk-13-14-1-ltr\/"},"modified":"2024-12-16T09:35:12","modified_gmt":"2024-12-16T08:35:12","slug":"plagron-pk-13-14-1-ltr","status":"publish","type":"product","link":"https:\/\/greendisc.dev-project.digital\/de\/produkt\/plagron-pk-13-14-1-ltr\/","title":{"rendered":"Plagron PK 13\/14 1 ltr"},"content":{"rendered":"<p>Entdecken Sie Plagron PK 13-14 \u2013 F\u00fcr kompakte und harte Fr\u00fcchte<\/p>\n<p>Plagron PK 13-14 ist der biomineralische D\u00fcnger, der Ihre Pflanzen w\u00e4hrend der Bl\u00fctephase mit zus\u00e4tzlichem Phosphor und Kalium versorgt. Dies f\u00fchrt zu kompakten, harten und schwereren Fr\u00fcchten und garantiert einen beeindruckenden Ertrag.<\/p>\n<p><strong>Gebrauchsanweisung:<\/strong> Vor Gebrauch gut sch\u00fctteln. 2 ml PK 13-14 pro 1 Liter Wasser hinzuf\u00fcgen (1:500 verd\u00fcnnen). Anschlie\u00dfend Grundnahrung hinzuf\u00fcgen, bis der gew\u00fcnschte EC-Wert erreicht ist.<\/p>\n<p><strong>Lagerungshinweise:<\/strong> Transportieren Sie das Produkt aufrecht und lagern Sie es an einem k\u00fchlen, dunklen Ort zwischen 0 und 30 \u00b0C.<\/p>\n<p><strong>Warnung:<\/strong><\/p>\n<ul>\n<li>Reizt Augen und Haut (R 36\/38).<\/li>\n<\/ul>\n<p><strong>Zusammensetzung:<\/strong> Plagron PK 13-14 ist ein EC-D\u00fcnger und enth\u00e4lt eine L\u00f6sung aus PK-D\u00fcngern (0-13-14). Es enth\u00e4lt 13 % wasserl\u00f6sliches Phosphorpentoxid (P2O5) und 14 % wasserl\u00f6sliches Kaliumoxid (K2O).<\/p>\n<p><strong>Tipps von Plagron:<\/strong><\/p>\n<ul>\n<li>Um die besten Ergebnisse zu erzielen, kombinieren Sie PK 13-14 mit Sugar Royal.<\/li>\n<li>Sollte die N\u00e4hrl\u00f6sung tr\u00fcbe werden, stellen Sie den pH-Wert unter 6,0 ein und wiederholen Sie den Mischvorgang.<\/li>\n<\/ul>\n<p>Entfesseln Sie die Kraft von Plagron PK 13-14 und beobachten Sie, wie Ihre Pflanzen mit kompakten, harten Fr\u00fcchten gedeihen, die Sie in Erstaunen versetzen werden. Erzielen Sie eine reiche Ernte und maximieren Sie die Qualit\u00e4t Ihrer Pflanzen. Bestellen Sie jetzt und \u00fcberzeugen Sie sich selbst von den Vorteilen von PK 13-14.<\/p>\n","protected":false},"excerpt":{"rendered":"<p>Entdecken Sie Plagron PK 13-14 \u2013 F\u00fcr kompakte und harte Fr\u00fcchte Plagron PK 13-14 ist der biomineralische D\u00fcnger, der Ihre Pflanzen w\u00e4hrend der Bl\u00fctephase mit zus\u00e4tzlichem Phosphor und Kalium versorgt. Dies f\u00fchrt zu kompakten, harten und schwereren Fr\u00fcchten und garantiert einen beeindruckenden Ertrag.<\/p>\n","protected":false},"featured_media":26101,"template":"","meta":[],"product_brand":[],"product_cat":[566],"product_tag":[],"class_list":{"0":"post-30258","1":"product","2":"type-product","3":"status-publish","4":"has-post-thumbnail","6":"product_cat-plagron-de","8":"first","9":"instock","10":"taxable","11":"shipping-taxable","12":"purchasable","13":"product-type-simple"},"_links":{"self":[{"href":"https:\/\/greendisc.dev-project.digital\/de\/wp-json\/wp\/v2\/product\/30258","targetHints":{"allow":["GET"]}}],"collection":[{"href":"https:\/\/greendisc.dev-project.digital\/de\/wp-json\/wp\/v2\/product"}],"about":[{"href":"https:\/\/greendisc.dev-project.digital\/de\/wp-json\/wp\/v2\/types\/product"}],"version-history":[{"count":0,"href":"https:\/\/greendisc.dev-project.digital\/de\/wp-json\/wp\/v2\/product\/30258\/revisions"}],"wp:featuredmedia":[{"embeddable":true,"href":"https:\/\/greendisc.dev-project.digital\/de\/wp-json\/wp\/v2\/media\/26101"}],"wp:attachment":[{"href":"https:\/\/greendisc.dev-project.digital\/de\/wp-json\/wp\/v2\/media?parent=30258"}],"wp:term":[{"taxonomy":"product_brand","embeddable":true,"href":"https:\/\/greendisc.dev-project.digital\/de\/wp-json\/wp\/v2\/product_brand?post=30258"},{"taxonomy":"product_cat","embeddable":true,"href":"https:\/\/greendisc.dev-project.digital\/de\/wp-json\/wp\/v2\/product_cat?post=30258"},{"taxonomy":"product_tag","embeddable":true,"href":"https:\/\/greendisc.dev-project.digital\/de\/wp-json\/wp\/v2\/product_tag?post=30258"}],"curies":[{"name":"wp","href":"https:\/\/api.w.org\/{rel}","templated":true}]}}