 {"id":30248,"date":"2023-11-14T12:31:12","date_gmt":"2023-11-14T11:31:12","guid":{"rendered":"https:\/\/greendisc.dev-project.digital\/\/product\/plagron-power-roots-500-ml\/"},"modified":"2024-12-16T09:35:10","modified_gmt":"2024-12-16T08:35:10","slug":"plagron-power-roots-500-ml","status":"publish","type":"product","link":"https:\/\/greendisc.dev-project.digital\/de\/produkt\/plagron-power-roots-500-ml\/","title":{"rendered":"Plagron Power Roots 500 ml"},"content":{"rendered":"<p>Entdecken Sie Plagron Power Roots \u2013 F\u00f6rdern Sie das Wurzelwachstum und st\u00e4rken Sie die Pflanzenresistenz<\/p>\n<p>Plagron Power Roots, der ultimative biologische Wurzelstimulator, ist Ihre Geheimwaffe f\u00fcr gesunde, starke Pflanzen. Dieser Stimulator, der f\u00fcr den Einsatz w\u00e4hrend der Wachstums- und fr\u00fchen Bl\u00fctephase entwickelt wurde, beschleunigt die Entwicklung kr\u00e4ftiger Wurzeln und erh\u00f6ht die Gesamtresistenz Ihrer Pflanzen. Power Roots wirkt schnell, effizient und kann sofort von der Pflanze aufgenommen werden:<\/p>\n<ul>\n<li><strong>Schnelle und starke Wurzelentwicklung:<\/strong> Starke Wurzeln bilden die Grundlage f\u00fcr gesundes Pflanzenwachstum.<\/li>\n<li><strong>Schnelle Erholung nach dem Umpflanzen:<\/strong> Minimieren Sie den Stress nach dem Umtopfen und erm\u00f6glichen Sie Ihren Pflanzen, sich m\u00fchelos in ihrer neuen Umgebung einzuleben.<\/li>\n<li><strong>Wachstum und Vitalit\u00e4t:<\/strong> Optimieren Sie das Wachstum und die Vitalit\u00e4t Ihrer Pflanzen f\u00fcr \u00fcppige Ergebnisse.<\/li>\n<li><strong>Verbesserte Nahrungsaufnahme:<\/strong> Stimulieren Sie die N\u00e4hrstoffaufnahme, sodass Ihre Pflanzen alle wesentlichen Elemente nutzen k\u00f6nnen.<\/li>\n<li><strong>Bodenstruktur:<\/strong> Tr\u00e4gt zu einer gesunden Bodenstruktur bei, die f\u00fcr ein starkes Pflanzenwachstum entscheidend ist.<\/li>\n<li><strong>30 Tage Wirksamkeit:<\/strong> Langfristige Unterst\u00fctzung w\u00e4hrend der entscheidenden Wachstumsphasen Ihrer Pflanzen.<\/li>\n<li><strong>Kompatibilit\u00e4t:<\/strong> Mit den g\u00e4ngigsten D\u00fcngemitteln kombinierbar und f\u00fcr verschiedene Bew\u00e4sserungssysteme geeignet.<\/li>\n<\/ul>\n<p><strong>Anwendung:<\/strong> Vor Gebrauch gut sch\u00fctteln. 1 ml Power Roots pro Liter Wasser hinzuf\u00fcgen (1:1000 verd\u00fcnnen). Verwenden Sie diese leistungsstarke N\u00e4hrl\u00f6sung bei jedem Gie\u00dfen bis zur dritten Woche der Bl\u00fctephase, um maximale Wirksamkeit zu erzielen.<\/p>\n<p><strong>Lagerungshinweise:<\/strong> Transportieren Sie das Produkt aufrecht und lagern Sie es an einem dunklen Ort zwischen 0 und 30 \u00b0C. Nach dem Aufl\u00f6sen in Wasser ist die L\u00f6sung maximal 24 Stunden haltbar.<\/p>\n<p><strong>Warnung:<\/strong> Dieses Produkt kann Augen und Haut reizen. Befolgen Sie die empfohlenen Sicherheitsma\u00dfnahmen (R 36\/38).<\/p>\n<p><strong>Zusammensetzung:<\/strong> Power Roots enth\u00e4lt eine ausgewogene Mischung aus Wasser, Humins\u00e4uren, Algenextrakt, Ascorbins\u00e4ure (Vitamin C), Aminos\u00e4uren, Myo-Inositol, Thiamin (Vitamin B1) und Alpha-Tocopherol (Vitamin E). Es handelt sich um einen organischen NPK-D\u00fcnger (1-0-2) mit 1 % Gesamtstickstoff (N), davon 1 % organisch gebundener Stickstoff, 0,2 % wasserl\u00f6sliches Phosphorpentoxid (P2O5) und 1,5 % wasserl\u00f6sliches Kaliumoxid (K2O). ).<\/p>\n<p><strong>Tipps von Plagron:<\/strong> Minimieren Sie das Risiko einer \u00dcberd\u00fcngung durch den Einsatz von Power Roots. St\u00e4rken Sie die Widerstandskraft Ihrer Pflanzen, indem Sie diesen leistungsstarken Wurzelstimulator anwenden.<\/p>\n<p>Entscheiden Sie sich f\u00fcr Plagron Power Roots und geben Sie Ihren Pflanzen die kraftvolle Unterst\u00fctzung, die sie f\u00fcr ein gesundes, \u00fcppiges Wachstum ben\u00f6tigen. Das Geheimnis starker Wurzeln und widerstandsf\u00e4higer Pflanzen beginnt hier!<\/p>\n","protected":false},"excerpt":{"rendered":"<p>Entdecken Sie Plagron Power Roots \u2013 F\u00f6rdern Sie das Wurzelwachstum und st\u00e4rken Sie die Pflanzenresistenz Plagron Power Roots, der ultimative biologische Wurzelstimulator, ist Ihre Geheimwaffe f\u00fcr gesunde, starke Pflanzen. <\/p>\n","protected":false},"featured_media":26109,"template":"","meta":[],"product_brand":[],"product_cat":[566],"product_tag":[],"class_list":{"0":"post-30248","1":"product","2":"type-product","3":"status-publish","4":"has-post-thumbnail","6":"product_cat-plagron-de","8":"first","9":"instock","10":"taxable","11":"shipping-taxable","12":"purchasable","13":"product-type-simple"},"_links":{"self":[{"href":"https:\/\/greendisc.dev-project.digital\/de\/wp-json\/wp\/v2\/product\/30248","targetHints":{"allow":["GET"]}}],"collection":[{"href":"https:\/\/greendisc.dev-project.digital\/de\/wp-json\/wp\/v2\/product"}],"about":[{"href":"https:\/\/greendisc.dev-project.digital\/de\/wp-json\/wp\/v2\/types\/product"}],"version-history":[{"count":0,"href":"https:\/\/greendisc.dev-project.digital\/de\/wp-json\/wp\/v2\/product\/30248\/revisions"}],"wp:featuredmedia":[{"embeddable":true,"href":"https:\/\/greendisc.dev-project.digital\/de\/wp-json\/wp\/v2\/media\/26109"}],"wp:attachment":[{"href":"https:\/\/greendisc.dev-project.digital\/de\/wp-json\/wp\/v2\/media?parent=30248"}],"wp:term":[{"taxonomy":"product_brand","embeddable":true,"href":"https:\/\/greendisc.dev-project.digital\/de\/wp-json\/wp\/v2\/product_brand?post=30248"},{"taxonomy":"product_cat","embeddable":true,"href":"https:\/\/greendisc.dev-project.digital\/de\/wp-json\/wp\/v2\/product_cat?post=30248"},{"taxonomy":"product_tag","embeddable":true,"href":"https:\/\/greendisc.dev-project.digital\/de\/wp-json\/wp\/v2\/product_tag?post=30248"}],"curies":[{"name":"wp","href":"https:\/\/api.w.org\/{rel}","templated":true}]}}