 {"id":30246,"date":"2023-11-14T12:31:14","date_gmt":"2023-11-14T11:31:14","guid":{"rendered":"https:\/\/greendisc.dev-project.digital\/\/product\/plagron-pure-zym-1-ltr\/"},"modified":"2024-12-16T09:35:09","modified_gmt":"2024-12-16T08:35:09","slug":"plagron-pure-zym-1-ltr","status":"publish","type":"product","link":"https:\/\/greendisc.dev-project.digital\/de\/produkt\/plagron-pure-zym-1-ltr\/","title":{"rendered":"Plagron Pure Zym 1 ltr"},"content":{"rendered":"<p>Entdecken Sie Plagron Pure Zym \u2013 stimuliert gesundes Pflanzenwachstum und beugt Krankheiten vor<\/p>\n<p>Plagron Pure Zym ist der Bodenverbesserer, den Sie f\u00fcr einen bl\u00fchenden und gesunden Garten ben\u00f6tigen. Dieser nat\u00fcrliche Enzymbeschleuniger beschleunigt den Abbau abgestorbener Pflanzenteile und setzt so zus\u00e4tzliche N\u00e4hrstoffe frei. Dadurch wird nicht nur das Bodenleben angeregt, sondern auch die Sauerstoffaufnahmef\u00e4higkeit Ihrer Pflanzen erh\u00f6ht. Dar\u00fcber hinaus sch\u00fctzt Pure Zym vor Krankheiten, verringert das Kontaminationsrisiko und verhindert die Bildung sch\u00e4dlicher Salze im Boden.<\/p>\n<p><strong>Vorteile von Pure Zym:<\/strong><\/p>\n<ul>\n<li>Beschleunigt die Zersetzung von Pflanzenresten.<\/li>\n<li>Stimuliert das Bodenleben.<\/li>\n<li>Sch\u00fctzt vor Krankheiten.<\/li>\n<li>Erh\u00f6ht die Sauerstoffaufnahmef\u00e4higkeit.<\/li>\n<li>Effiziente Nahrungsaufnahme.<\/li>\n<li>Reduziert das Risiko einer Ansteckung mit Krankheiten.<\/li>\n<li>Hochkonzentriert und 5 Jahre haltbar.<\/li>\n<\/ul>\n<p><strong>Gebrauchsanweisung:<\/strong> Vor Gebrauch gut sch\u00fctteln. 1 ml Pure Zym pro 1 Liter Wasser hinzuf\u00fcgen (1:1000 verd\u00fcnnen). Verwenden Sie diese N\u00e4hrl\u00f6sung bei jeder Bew\u00e4sserung w\u00e4hrend des gesamten Wachstums, um optimale Ergebnisse zu erzielen.<\/p>\n<p><strong>Lagerungshinweise:<\/strong> Transportieren Sie das Produkt aufrecht und lagern Sie es an einem k\u00fchlen, dunklen Ort zwischen 5 und 35 \u00b0C.<\/p>\n<p><strong>Warnung:<\/strong><\/p>\n<ul>\n<li>Reizt Augen und Haut (R 36\/38).<\/li>\n<\/ul>\n<p><strong>Zusammensetzung:<\/strong> Pure Zym enth\u00e4lt Wasser, Sorbit, Zucker, Cellulase-Enzyme und Beta-Glucanase-Enzyme. Es handelt sich um eine stabilisierte Enzyml\u00f6sung mit angegebener Aktivit\u00e4t: 274 BPU und 2 FBG.<\/p>\n<p><strong>Tipp von Plagron:<\/strong> Sp\u00fclen Sie das Substrat bei der Wiederverwendung mit Pure Zym ab und halten Sie Ihren Garten gesund und lebendig.<\/p>\n<p>Entscheiden Sie sich f\u00fcr Plagron Pure Zym und geben Sie Ihren Pflanzen den Schub, den sie verdienen. Maximieren Sie Ihre Ernte und schaffen Sie einen \u00fcppigen, gesunden Garten. Bestellen Sie noch heute und entdecken Sie den Unterschied, den Pure Zym f\u00fcr Ihre Pflanzen bewirken kann!<\/p>\n","protected":false},"excerpt":{"rendered":"<p>Entdecken Sie Plagron Pure Zym \u2013 stimuliert gesundes Pflanzenwachstum und beugt Krankheiten vor Plagron Pure Zym ist der Bodenverbesserer, den Sie f\u00fcr einen bl\u00fchenden und gesunden Garten ben\u00f6tigen.<\/p>\n","protected":false},"featured_media":26111,"template":"","meta":[],"product_brand":[],"product_cat":[566],"product_tag":[],"class_list":{"0":"post-30246","1":"product","2":"type-product","3":"status-publish","4":"has-post-thumbnail","6":"product_cat-plagron-de","8":"first","9":"instock","10":"taxable","11":"shipping-taxable","12":"purchasable","13":"product-type-simple"},"_links":{"self":[{"href":"https:\/\/greendisc.dev-project.digital\/de\/wp-json\/wp\/v2\/product\/30246","targetHints":{"allow":["GET"]}}],"collection":[{"href":"https:\/\/greendisc.dev-project.digital\/de\/wp-json\/wp\/v2\/product"}],"about":[{"href":"https:\/\/greendisc.dev-project.digital\/de\/wp-json\/wp\/v2\/types\/product"}],"version-history":[{"count":0,"href":"https:\/\/greendisc.dev-project.digital\/de\/wp-json\/wp\/v2\/product\/30246\/revisions"}],"wp:featuredmedia":[{"embeddable":true,"href":"https:\/\/greendisc.dev-project.digital\/de\/wp-json\/wp\/v2\/media\/26111"}],"wp:attachment":[{"href":"https:\/\/greendisc.dev-project.digital\/de\/wp-json\/wp\/v2\/media?parent=30246"}],"wp:term":[{"taxonomy":"product_brand","embeddable":true,"href":"https:\/\/greendisc.dev-project.digital\/de\/wp-json\/wp\/v2\/product_brand?post=30246"},{"taxonomy":"product_cat","embeddable":true,"href":"https:\/\/greendisc.dev-project.digital\/de\/wp-json\/wp\/v2\/product_cat?post=30246"},{"taxonomy":"product_tag","embeddable":true,"href":"https:\/\/greendisc.dev-project.digital\/de\/wp-json\/wp\/v2\/product_tag?post=30246"}],"curies":[{"name":"wp","href":"https:\/\/api.w.org\/{rel}","templated":true}]}}