 {"id":30230,"date":"2023-11-14T12:31:17","date_gmt":"2023-11-14T11:31:17","guid":{"rendered":"https:\/\/greendisc.dev-project.digital\/\/product\/plagron-start-up-5-ltr\/"},"modified":"2024-12-16T09:35:06","modified_gmt":"2024-12-16T08:35:06","slug":"plagron-start-up-5-ltr","status":"publish","type":"product","link":"https:\/\/greendisc.dev-project.digital\/de\/produkt\/plagron-start-up-5-ltr\/","title":{"rendered":"Plagron Start up 5 ltr"},"content":{"rendered":"<p>Entdecken Sie Plagron Start Up \u2013 den perfekten Start f\u00fcr junge Pflanzen<\/p>\n<p>Plagron Start Up bietet die ideale N\u00e4hrstoffmischung f\u00fcr Setzlinge, Wurzelstecklinge und Jungpflanzen in ihrer entscheidenden Wachstumsphase. Dieses komplette Wachstumsfutter ist mit einem leistungsstarken Wurzelstimulator angereichert, um Ihren Pflanzen den bestm\u00f6glichen Start zu erm\u00f6glichen.<\/p>\n<p><strong>Vorteile von Plagron Start Up:<\/strong><\/p>\n<ul>\n<li>Komplettes Bio-Wachstumsfutter.<\/li>\n<li>Enth\u00e4lt einen wirksamen Wurzelstimulator.<\/li>\n<li>Optimal ausgewogene N\u00e4hrstoffe f\u00fcr Jungpflanzen.<\/li>\n<li>Geeignet f\u00fcr Setzlinge, bewurzelte Stecklinge und Jungpflanzen.<\/li>\n<\/ul>\n<p><strong>Gebrauchsanweisung:<\/strong> Vor Gebrauch gut sch\u00fctteln. Geben Sie 7 ml Start Up pro 1 Liter Wasser hinzu (Verh\u00e4ltnis 1:150). F\u00fcr gesunde und kr\u00e4ftige Pflanzen verwenden Sie diese N\u00e4hrl\u00f6sung w\u00f6chentlich w\u00e4hrend der Wachstumsphase.<\/p>\n<p><strong>Lagerungshinweise:<\/strong> Transportieren Sie das Produkt aufrecht und lagern Sie es an einem k\u00fchlen, dunklen Ort zwischen 0 und 30 \u00b0C. Nach dem Aufl\u00f6sen in Wasser ist es maximal 24 Stunden haltbar.<\/p>\n<p><strong>Zusammensetzung:<\/strong> Start Up enth\u00e4lt hydrolysierte Proteine, R\u00fcbenvinasse, Algenextrakt und Humins\u00e4uren. Es handelt sich um einen organischen D\u00fcnger mit einem ausgewogenen NPK-Verh\u00e4ltnis von 3-1-3. Das bedeutet 3 % Gesamtstickstoff (N), davon 3 % organisch gebundener Stickstoff, 1 % wasserl\u00f6sliches Phosphorpentoxid (P2O5) und 3 % wasserl\u00f6sliches Kaliumoxid (K2O).<\/p>\n<p><strong>Tipps von Plagron:<\/strong> Nutzen Sie Start Up auch beim Umpflanzen f\u00fcr einen nahtlosen \u00dcbergang und einen starken Start Ihrer Pflanzen.<\/p>\n<p>Entscheiden Sie sich f\u00fcr Plagron Start Up und geben Sie Ihren Jungpflanzen den N\u00e4hrstoffschub, den sie f\u00fcr ein gesundes und kr\u00e4ftiges Wachstum ben\u00f6tigen. Bestellen Sie noch heute und legen Sie den Grundstein f\u00fcr einen \u00fcppigen Garten!<\/p>\n","protected":false},"excerpt":{"rendered":"<p>Entdecken Sie Plagron Start Up \u2013 den perfekten Start f\u00fcr junge Pflanzen Plagron Start Up bietet die ideale N\u00e4hrstoffmischung f\u00fcr Setzlinge, Wurzelstecklinge und Jungpflanzen in ihrer entscheidenden Wachstumsphase. Dieses komplette Wachstumsfutter ist mit einem leistungsstarken Wurzelstimulator angereichert, um Ihren Pflanzen den bestm\u00f6glichen Start zu erm\u00f6glichen.<\/p>\n","protected":false},"featured_media":27773,"template":"","meta":[],"product_brand":[],"product_cat":[566],"product_tag":[],"class_list":{"0":"post-30230","1":"product","2":"type-product","3":"status-publish","4":"has-post-thumbnail","6":"product_cat-plagron-de","8":"first","9":"instock","10":"taxable","11":"shipping-taxable","12":"purchasable","13":"product-type-simple"},"_links":{"self":[{"href":"https:\/\/greendisc.dev-project.digital\/de\/wp-json\/wp\/v2\/product\/30230","targetHints":{"allow":["GET"]}}],"collection":[{"href":"https:\/\/greendisc.dev-project.digital\/de\/wp-json\/wp\/v2\/product"}],"about":[{"href":"https:\/\/greendisc.dev-project.digital\/de\/wp-json\/wp\/v2\/types\/product"}],"version-history":[{"count":0,"href":"https:\/\/greendisc.dev-project.digital\/de\/wp-json\/wp\/v2\/product\/30230\/revisions"}],"wp:featuredmedia":[{"embeddable":true,"href":"https:\/\/greendisc.dev-project.digital\/de\/wp-json\/wp\/v2\/media\/27773"}],"wp:attachment":[{"href":"https:\/\/greendisc.dev-project.digital\/de\/wp-json\/wp\/v2\/media?parent=30230"}],"wp:term":[{"taxonomy":"product_brand","embeddable":true,"href":"https:\/\/greendisc.dev-project.digital\/de\/wp-json\/wp\/v2\/product_brand?post=30230"},{"taxonomy":"product_cat","embeddable":true,"href":"https:\/\/greendisc.dev-project.digital\/de\/wp-json\/wp\/v2\/product_cat?post=30230"},{"taxonomy":"product_tag","embeddable":true,"href":"https:\/\/greendisc.dev-project.digital\/de\/wp-json\/wp\/v2\/product_tag?post=30230"}],"curies":[{"name":"wp","href":"https:\/\/api.w.org\/{rel}","templated":true}]}}