 {"id":30218,"date":"2023-11-14T12:31:20","date_gmt":"2023-11-14T11:31:20","guid":{"rendered":"https:\/\/greendisc.dev-project.digital\/\/product\/plagron-terra-bloom-1-ltr\/"},"modified":"2024-12-16T09:34:59","modified_gmt":"2024-12-16T08:34:59","slug":"plagron-terra-bloom-1-ltr","status":"publish","type":"product","link":"https:\/\/greendisc.dev-project.digital\/de\/produkt\/plagron-terra-bloom-1-ltr\/","title":{"rendered":"Plagron Terra Bloom 1 ltr"},"content":{"rendered":"<p>Entdecken Sie Plagron Terra Bloom \u2013 maximale Bl\u00fcte, maximale Ernte<\/p>\n<p>Plagron Terra Bloom ist der Schl\u00fcssel zu \u00fcppiger Bl\u00fcte und reichlicher Ernte. Dieser kraftvolle, hochkonzentrierte biomineralische Basisd\u00fcnger ist speziell auf die Bl\u00fctephase Ihrer Pflanzen abgestimmt. Es regt nicht nur die Bl\u00fctenbildung an, sondern verbessert auch den Geschmack und die Struktur Ihrer Fr\u00fcchte.<\/p>\n<p><strong>Warum Terra Bloom w\u00e4hlen:<\/strong><\/p>\n<ul>\n<li><strong>Sofort resorbierbar:<\/strong> Schnelle Aufnahme durch Ihre Pflanzen f\u00fcr sofortige Ergebnisse.<\/li>\n<li><strong>Hochwertige Spurenelemente:<\/strong> Enth\u00e4lt Spurenelemente in Chelatform f\u00fcr optimale Wirksamkeit.<\/li>\n<li><strong>Schutz vor Stress und Krankheiten:<\/strong> Wirkt Mangelerscheinungen, Stress und Krankheiten entgegen.<\/li>\n<li><strong>Optimaler Bl\u00fctenansatz:<\/strong> Garantiert einen \u00fcppigen Bl\u00fctenansatz f\u00fcr eine reiche Ernte.<\/li>\n<li><strong>Harte Struktur und reichhaltiger Geschmack:<\/strong> F\u00fcr viele Fr\u00fcchte mit fester Struktur und k\u00f6stlichem Geschmack.<\/li>\n<li><strong>Vielseitig einsetzbar:<\/strong> Geeignet f\u00fcr alle Bodenarten und alle Bew\u00e4sserungssysteme.<\/li>\n<li><strong>Perfekt f\u00fcr Mutterpflanzen:<\/strong> Ideal f\u00fcr die Pflege von Mutterpflanzen.<\/li>\n<\/ul>\n<p><strong>Anwendung:<\/strong> Vor Gebrauch gut sch\u00fctteln. Geben Sie maximal 5 ml Terra Bloom pro 1 Liter Wasser hinzu (Verh\u00e4ltnis 1:200). F\u00fcr optimale Ergebnisse verwenden Sie diese N\u00e4hrl\u00f6sung bei jedem Gie\u00dfen w\u00e4hrend der Bl\u00fctephase.<\/p>\n<p><strong>Lagerungshinweis:<\/strong> Stellen Sie sicher, dass Sie Terra Bloom aufrecht transportieren und an einem k\u00fchlen, dunklen Ort zwischen 0 und 30 \u00b0C lagern.<\/p>\n<p><strong>Zusammensetzung:<\/strong> Terra Bloom enth\u00e4lt Wasser, Kaliumnitrat, Kaliumdihydrogenphosphat, Ammoniumnitrat und Phosphors\u00e4ure. Es handelt sich um einen NPK-D\u00fcnger mit dem Verh\u00e4ltnis 2-2-4, das hei\u00dft 2,1 % Gesamtstickstoff (N), davon 1,6 % Nitratstickstoff (NO3) und 0,5 % Ammoniumstickstoff (NH4), 1,6 % wasserl\u00f6sliches Phosphorpentoxid ( P2O5) und 3,9 % wasserl\u00f6sliches Kaliumoxid (K2O).<\/p>\n<p><strong>Tipp von Plagron:<\/strong> M\u00f6chten Sie die besten Ergebnisse erzielen? Laden Sie dann den 100 % TERRA Grow-Plan herunter, um detaillierte Anweisungen und die richtigen Dosierungen zu erhalten.<\/p>\n<p>W\u00e4hlen Sie Plagron Terra Bloom f\u00fcr bl\u00fchende Pflanzen, die gedeihen und eine \u00fcppige Ernte genie\u00dfen. Bestellen Sie jetzt und lassen Sie Ihren Garten erbl\u00fchen!<\/p>\n","protected":false},"excerpt":{"rendered":"<p>Entdecken Sie Plagron Terra Bloom \u2013 maximale Bl\u00fcte, maximale Ernte Plagron Terra Bloom ist der Schl\u00fcssel zu \u00fcppiger Bl\u00fcte und reichlicher Ernte. Dieser kraftvolle, hochkonzentrierte biomineralische Basisd\u00fcnger ist speziell auf die Bl\u00fctephase Ihrer Pflanzen abgestimmt.<\/p>\n","protected":false},"featured_media":26121,"template":"","meta":[],"product_brand":[],"product_cat":[566],"product_tag":[],"class_list":{"0":"post-30218","1":"product","2":"type-product","3":"status-publish","4":"has-post-thumbnail","6":"product_cat-plagron-de","8":"first","9":"instock","10":"taxable","11":"shipping-taxable","12":"purchasable","13":"product-type-simple"},"_links":{"self":[{"href":"https:\/\/greendisc.dev-project.digital\/de\/wp-json\/wp\/v2\/product\/30218","targetHints":{"allow":["GET"]}}],"collection":[{"href":"https:\/\/greendisc.dev-project.digital\/de\/wp-json\/wp\/v2\/product"}],"about":[{"href":"https:\/\/greendisc.dev-project.digital\/de\/wp-json\/wp\/v2\/types\/product"}],"version-history":[{"count":0,"href":"https:\/\/greendisc.dev-project.digital\/de\/wp-json\/wp\/v2\/product\/30218\/revisions"}],"wp:featuredmedia":[{"embeddable":true,"href":"https:\/\/greendisc.dev-project.digital\/de\/wp-json\/wp\/v2\/media\/26121"}],"wp:attachment":[{"href":"https:\/\/greendisc.dev-project.digital\/de\/wp-json\/wp\/v2\/media?parent=30218"}],"wp:term":[{"taxonomy":"product_brand","embeddable":true,"href":"https:\/\/greendisc.dev-project.digital\/de\/wp-json\/wp\/v2\/product_brand?post=30218"},{"taxonomy":"product_cat","embeddable":true,"href":"https:\/\/greendisc.dev-project.digital\/de\/wp-json\/wp\/v2\/product_cat?post=30218"},{"taxonomy":"product_tag","embeddable":true,"href":"https:\/\/greendisc.dev-project.digital\/de\/wp-json\/wp\/v2\/product_tag?post=30218"}],"curies":[{"name":"wp","href":"https:\/\/api.w.org\/{rel}","templated":true}]}}