 {"id":30199,"date":"2023-11-14T12:31:22","date_gmt":"2023-11-14T11:31:22","guid":{"rendered":"https:\/\/greendisc.dev-project.digital\/\/product\/plagron-terra-grow-1-ltr\/"},"modified":"2024-12-16T09:34:58","modified_gmt":"2024-12-16T08:34:58","slug":"plagron-terra-grow-1-ltr","status":"publish","type":"product","link":"https:\/\/greendisc.dev-project.digital\/de\/produkt\/plagron-terra-grow-1-ltr\/","title":{"rendered":"Plagron Terra Grow 1 ltr"},"content":{"rendered":"<p>Entdecken Sie Plagron Terra Grow \u2013 die ultimative Wachstumsf\u00f6rderung!<\/p>\n<p>Plagron Terra Grow ist der perfekte Begleiter f\u00fcr die Wachstumsphase Ihrer Pflanzen. Dieser leistungsstarke, hochkonzentrierte biomineralische Basisd\u00fcnger liefert Ihren Pflanzen alles, was sie w\u00e4hrend ihrer Wachstumsphase zum Gedeihen ben\u00f6tigen. Es legt ein starkes Fundament, sodass Ihre Pflanzen sp\u00e4ter in der Bl\u00fctephase strahlen k\u00f6nnen.<\/p>\n<p><strong>Warum Sie sich f\u00fcr Terra Grow entscheiden sollten:<\/strong><\/p>\n<ul>\n<li><strong>Sofort resorbierbar:<\/strong> Direkte Aufnahme durch Ihre Pflanzen f\u00fcr schnelles Wachstum und schnelle Entwicklung.<\/li>\n<li><strong>Hochwertige Spurenelemente:<\/strong> Enth\u00e4lt Spurenelemente in Chelatform f\u00fcr optimale Wirksamkeit.<\/li>\n<li><strong>Schutz vor Mangelerscheinungen und Stress:<\/strong> Beugt Mangelerscheinungen, Stress und Krankheiten vor.<\/li>\n<li><strong>Optimaler Bl\u00fctenansatz und Geschmack:<\/strong> Garantiert \u00fcppigen Bl\u00fctenansatz und verbesserten Geschmack.<\/li>\n<li><strong>Starke Struktur und reiche Ernte:<\/strong> F\u00fcr robuste Pflanzen und eine reiche Ernte.<\/li>\n<li><strong>Vielseitig einsetzbar:<\/strong> Geeignet f\u00fcr alle Bodenarten und alle Bew\u00e4sserungssysteme.<\/li>\n<li><strong>Ideal f\u00fcr Mutterpflanzen:<\/strong> Speziell f\u00fcr die Pflege von Mutterpflanzen entwickelt.<\/li>\n<\/ul>\n<p><strong>Anwendung:<\/strong> Vor Gebrauch gut sch\u00fctteln. Geben Sie maximal 5 ml Terra Grow pro 1 Liter Wasser hinzu (Verh\u00e4ltnis 1:200). Verwenden Sie diese N\u00e4hrl\u00f6sung bei jeder Bew\u00e4sserung w\u00e4hrend der Wachstumsphase f\u00fcr optimales Wachstum und optimale Entwicklung.<\/p>\n<p><strong>Lagerungshinweise:<\/strong> Stellen Sie sicher, dass Sie Terra Grow aufrecht transportieren und an einem k\u00fchlen, dunklen Ort zwischen 0 und 30 \u00b0C lagern.<\/p>\n<p><strong>Zusammensetzung:<\/strong> Terra Grow enth\u00e4lt Wasser, Kaliumnitrat, Kaliumdihydrogenphosphat, Ammoniumnitrat und Phosphors\u00e4ure. Es handelt sich um einen NPK-D\u00fcnger mit dem Verh\u00e4ltnis 3-1-3, das hei\u00dft 2,6 % Gesamtstickstoff (N), davon 2,0 % Nitratstickstoff (NO3) und 0,6 % Ammoniumstickstoff (NH4), 1,1 % wasserl\u00f6sliches Phosphorpentoxid (P2O5). ) und 3,1 % wasserl\u00f6sliches Kaliumoxid (K2O).<\/p>\n<p><strong>Tipp von Plagron:<\/strong> F\u00fcr eine detaillierte Anleitung und die richtigen Dosierungen laden Sie den 100% TERRA Grow-Plan f\u00fcr optimales Wachstum Ihrer Pflanzen herunter.<\/p>\n<p>W\u00e4hlen Sie Plagron Terra Grow f\u00fcr \u00fcppiges Wachstum und eine reiche Ernte. Bestellen Sie jetzt und erleben Sie, wie Ihr Garten zum Leben erwacht!<\/p>\n","protected":false},"excerpt":{"rendered":"<p>Entdecken Sie Plagron Terra Grow \u2013 die ultimative Wachstumsf\u00f6rderung!Plagron Terra Grow ist der perfekte Begleiter f\u00fcr die Wachstumsphase Ihrer Pflanzen. Dieser leistungsstarke, hochkonzentrierte biomineralische Basisd\u00fcnger liefert Ihren Pflanzen alles, was sie w\u00e4hrend ihrer Wachstumsphase zum Gedeihen ben\u00f6tigen.<\/p>\n","protected":false},"featured_media":26125,"template":"","meta":[],"product_brand":[],"product_cat":[566],"product_tag":[],"class_list":{"0":"post-30199","1":"product","2":"type-product","3":"status-publish","4":"has-post-thumbnail","6":"product_cat-plagron-de","8":"first","9":"instock","10":"taxable","11":"shipping-taxable","12":"purchasable","13":"product-type-simple"},"_links":{"self":[{"href":"https:\/\/greendisc.dev-project.digital\/de\/wp-json\/wp\/v2\/product\/30199","targetHints":{"allow":["GET"]}}],"collection":[{"href":"https:\/\/greendisc.dev-project.digital\/de\/wp-json\/wp\/v2\/product"}],"about":[{"href":"https:\/\/greendisc.dev-project.digital\/de\/wp-json\/wp\/v2\/types\/product"}],"version-history":[{"count":0,"href":"https:\/\/greendisc.dev-project.digital\/de\/wp-json\/wp\/v2\/product\/30199\/revisions"}],"wp:featuredmedia":[{"embeddable":true,"href":"https:\/\/greendisc.dev-project.digital\/de\/wp-json\/wp\/v2\/media\/26125"}],"wp:attachment":[{"href":"https:\/\/greendisc.dev-project.digital\/de\/wp-json\/wp\/v2\/media?parent=30199"}],"wp:term":[{"taxonomy":"product_brand","embeddable":true,"href":"https:\/\/greendisc.dev-project.digital\/de\/wp-json\/wp\/v2\/product_brand?post=30199"},{"taxonomy":"product_cat","embeddable":true,"href":"https:\/\/greendisc.dev-project.digital\/de\/wp-json\/wp\/v2\/product_cat?post=30199"},{"taxonomy":"product_tag","embeddable":true,"href":"https:\/\/greendisc.dev-project.digital\/de\/wp-json\/wp\/v2\/product_tag?post=30199"}],"curies":[{"name":"wp","href":"https:\/\/api.w.org\/{rel}","templated":true}]}}