 {"id":30185,"date":"2023-11-14T12:30:53","date_gmt":"2023-11-14T11:30:53","guid":{"rendered":"https:\/\/greendisc.dev-project.digital\/\/product\/plagron-calcium-kick-5-kg\/"},"modified":"2024-12-16T09:34:57","modified_gmt":"2024-12-16T08:34:57","slug":"plagron-calcium-kick-5-kg","status":"publish","type":"product","link":"https:\/\/greendisc.dev-project.digital\/de\/produkt\/plagron-calcium-kick-5-kg\/","title":{"rendered":"Plagron Calcium Kick 5 kg"},"content":{"rendered":"<p><meta charset=\"utf-8\"><\/p>\n<p data-mce-fragment=\"1\">Entdecken Sie Plagron Calcium Kick &#8211; Erh\u00f6hen Sie den pH-Wert und ver\u00e4ndern Sie Ihre Bodenstruktur<\/p>\n<p data-mce-fragment=\"1\">Plagron Calcium Kick ist der Schl\u00fcssel zum Erreichen des idealen pH-Wertes von 5,5 &#8211; 6,5 f\u00fcr Ihre Pflanzen. Dieser pH-Regulator hebt nicht nur den pH-Wert auf das optimale Niveau an, sondern verbessert auch die Bodenstruktur, so dass Ihre Pflanzen alle N\u00e4hrstoffe optimal aufnehmen k\u00f6nnen. Dadurch wird der Stoffwechsel der Pflanzen angeregt, was zu einem schnelleren Wachstum und einer \u00fcppigen Bl\u00fcte f\u00fchrt.<\/p>\n<p data-mce-fragment=\"1\"><strong data-mce-fragment=\"1\">Warum Calcium Kick?<\/strong><\/p>\n<ul data-mce-fragment=\"1\">\n<li data-mce-fragment=\"1\">\n<strong data-mce-fragment=\"1\">Optimaler pH-Wert:<\/strong> Bringen Sie den pH-Wert Ihres Bodens in den perfekten Bereich f\u00fcr gesundes Pflanzenwachstum.<\/li>\n<li data-mce-fragment=\"1\">\n<strong data-mce-fragment=\"1\">Bodenverbesserung:<\/strong> Ver\u00e4ndern Sie Ihre Bodenstruktur f\u00fcr eine ges\u00fcndere Umgebung f\u00fcr Wurzeln.<\/li>\n<li data-mce-fragment=\"1\">\n<strong data-mce-fragment=\"1\">Verbesserte N\u00e4hrstoffaufnahme:<\/strong> Sorgen Sie f\u00fcr eine maximale N\u00e4hrstoffaufnahme f\u00fcr \u00fcppiges Wachstum.<\/li>\n<li data-mce-fragment=\"1\">\n<strong data-mce-fragment=\"1\">Stimulierung des Stoffwechsels:<\/strong> Beschleunigen Sie das Wachstum Ihrer Pflanzen dank eines verbesserten Stoffwechsels.<\/li>\n<\/ul>\n<p data-mce-fragment=\"1\"><strong data-mce-fragment=\"1\">Wie zu verwenden:<\/strong><\/p>\n<ul data-mce-fragment=\"1\">\n<li data-mce-fragment=\"1\">\n<strong data-mce-fragment=\"1\">Voller Boden:<\/strong> Verwenden Sie 5 &#8211; 12 kg pro 100 m2 f\u00fcr optimale Ergebnisse.<\/li>\n<li data-mce-fragment=\"1\">\n<strong data-mce-fragment=\"1\">Blumenerde:<\/strong> F\u00fcgen Sie 2,5 &#8211; 5 kg pro 1000 Liter Blumenerde f\u00fcr gesunde, n\u00e4hrstoffreiche Erde hinzu.<\/li>\n<\/ul>\n<p data-mce-fragment=\"1\"><strong data-mce-fragment=\"1\">Hinweise zur Lagerung:<\/strong> Transportieren Sie das Produkt aufrecht und lagern Sie es an einem trockenen, dunklen Ort zwischen 0 und 30\u00b0C, um die Qualit\u00e4t zu erhalten.<\/p>\n<p data-mce-fragment=\"1\"><strong data-mce-fragment=\"1\">Warnung:<\/strong> Dieses Produkt kann die Augen und die Haut reizen. Halten Sie sich an die empfohlenen Sicherheitsma\u00dfnahmen (R 36\/38).<\/p>\n<p data-mce-fragment=\"1\"><strong data-mce-fragment=\"1\">Zusammensetzung:<\/strong> Plagron Calcium Kick enth\u00e4lt kalzinierte Algen, einen Calciumd\u00fcnger mit 50% Calciumoxid (CaO) und 5,5% Magnesiumoxid (MgO) f\u00fcr eine ausgewogene N\u00e4hrstofferg\u00e4nzung.<\/p>\n<p data-mce-fragment=\"1\"><strong data-mce-fragment=\"1\">Tipps von Plagron:<\/strong> Wollen Sie Blumenerde wiederverwenden? Geben Sie Calcium Kick f\u00fcr eine optimale Bodenbeschaffenheit hinzu. Achten Sie darauf, dass Sie Calcium Kick gut und genau mit der Blumenerde mischen, damit die Wurzeln nicht verbrennen.<\/p>\n<p data-mce-fragment=\"1\">Entscheiden Sie sich f\u00fcr Plagron Calcium Kick und geben Sie Ihren Pflanzen die perfekte N\u00e4hrstoffbasis f\u00fcr \u00fcppiges Wachstum und eine sch\u00f6ne Bl\u00fcte. Verwandeln Sie Ihr Wachstumsabenteuer mit der Kraft eines ausgeglichenen pH-Werts und einer gesunden Bodenstruktur.<\/p>\n","protected":false},"excerpt":{"rendered":"<p>Entdecken Sie Plagron Calcium Kick &#8211; Erh\u00f6hen Sie den pH-Wert und ver\u00e4ndern Sie Ihre Bodenstruktur Plagron Calcium Kick ist der Schl\u00fcssel zum Erreichen des idealen pH-Wertes von 5,5 &#8211; 6,5 f\u00fcr Ihre Pflanzen. <\/p>\n","protected":false},"featured_media":40980,"template":"","meta":[],"product_brand":[],"product_cat":[566],"product_tag":[],"class_list":{"0":"post-30185","1":"product","2":"type-product","3":"status-publish","4":"has-post-thumbnail","6":"product_cat-plagron-de","8":"first","9":"instock","10":"taxable","11":"shipping-taxable","12":"purchasable","13":"product-type-simple"},"_links":{"self":[{"href":"https:\/\/greendisc.dev-project.digital\/de\/wp-json\/wp\/v2\/product\/30185","targetHints":{"allow":["GET"]}}],"collection":[{"href":"https:\/\/greendisc.dev-project.digital\/de\/wp-json\/wp\/v2\/product"}],"about":[{"href":"https:\/\/greendisc.dev-project.digital\/de\/wp-json\/wp\/v2\/types\/product"}],"version-history":[{"count":0,"href":"https:\/\/greendisc.dev-project.digital\/de\/wp-json\/wp\/v2\/product\/30185\/revisions"}],"wp:featuredmedia":[{"embeddable":true,"href":"https:\/\/greendisc.dev-project.digital\/de\/wp-json\/wp\/v2\/media\/40980"}],"wp:attachment":[{"href":"https:\/\/greendisc.dev-project.digital\/de\/wp-json\/wp\/v2\/media?parent=30185"}],"wp:term":[{"taxonomy":"product_brand","embeddable":true,"href":"https:\/\/greendisc.dev-project.digital\/de\/wp-json\/wp\/v2\/product_brand?post=30185"},{"taxonomy":"product_cat","embeddable":true,"href":"https:\/\/greendisc.dev-project.digital\/de\/wp-json\/wp\/v2\/product_cat?post=30185"},{"taxonomy":"product_tag","embeddable":true,"href":"https:\/\/greendisc.dev-project.digital\/de\/wp-json\/wp\/v2\/product_tag?post=30185"}],"curies":[{"name":"wp","href":"https:\/\/api.w.org\/{rel}","templated":true}]}}