 {"id":30180,"date":"2023-11-14T12:30:57","date_gmt":"2023-11-14T11:30:57","guid":{"rendered":"https:\/\/greendisc.dev-project.digital\/\/product\/plagron-cocos-ab-5-ltr\/"},"modified":"2024-12-16T09:34:55","modified_gmt":"2024-12-16T08:34:55","slug":"plagron-cocos-ab-5-ltr","status":"publish","type":"product","link":"https:\/\/greendisc.dev-project.digital\/de\/produkt\/plagron-cocos-ab-5-ltr\/","title":{"rendered":"Plagron Cocos A&amp;B 5 ltr."},"content":{"rendered":"<p><meta charset=\"utf-8\"><\/p>\n<p data-mce-fragment=\"1\">Entdecken Sie Plagron Cocos A &amp; Cocos B &#8211; Optimale F\u00fctterung f\u00fcr Wachstum und Bl\u00fcte<\/p>\n<p data-mce-fragment=\"1\">Plagron Cocos A &amp; Cocos B sind der ideale Zweikomponentend\u00fcnger f\u00fcr die Wachstums- und Bl\u00fctephase Ihrer Pflanzen. Dieser hochkonzentrierte biomineralische Basisd\u00fcnger wurde speziell f\u00fcr die Verwendung auf verschiedenen gepufferten Kokossubstraten entwickelt und bietet einen ausgewogenen und leicht absorbierbaren N\u00e4hrstoff f\u00fcr \u00fcppiges Wachstum und Bl\u00fcte. Hier sind einige Gr\u00fcnde, warum dieser D\u00fcnger ein Muss f\u00fcr jeden G\u00e4rtner ist:<\/p>\n<p data-mce-fragment=\"1\"><strong data-mce-fragment=\"1\">Wichtige Merkmale:<\/strong><\/p>\n<ul data-mce-fragment=\"1\">\n<li data-mce-fragment=\"1\">\n<strong data-mce-fragment=\"1\">Ausgewogene Ern\u00e4hrung:<\/strong> Cocos A &amp; B bieten eine perfekt ausgewogene N\u00e4hrstoffmischung f\u00fcr gesunde, frischgr\u00fcne Pflanzen in jedem Stadium ihres Lebens.<\/li>\n<li data-mce-fragment=\"1\">\n<strong data-mce-fragment=\"1\">Humus- und Fulvins\u00e4uren:<\/strong> Enth\u00e4lt Humus- und Fulvins\u00e4uren, die das Wachstum und die Bl\u00fcte f\u00f6rdern, so dass Ihre Pflanzen kr\u00e4ftig gedeihen.<\/li>\n<li data-mce-fragment=\"1\">\n<strong data-mce-fragment=\"1\">Breiter pH-Bereich:<\/strong> Dank der Spurenelemente in hochwertiger chelatierter Form (DTPA) werden die N\u00e4hrstoffe in einem breiten pH-Bereich leicht absorbiert.<\/li>\n<li data-mce-fragment=\"1\">\n<strong data-mce-fragment=\"1\">Kein Auskristallisieren:<\/strong> Verhindert das Auskristallisieren im N\u00e4hrstoffgef\u00e4\u00df und sorgt daf\u00fcr, dass Sie immer eine konsistente N\u00e4hrstoffl\u00f6sung haben.<\/li>\n<li data-mce-fragment=\"1\">\n<strong data-mce-fragment=\"1\">Geeignet f\u00fcr verschiedene Systeme:<\/strong> Ideal f\u00fcr alle Arten von Bew\u00e4sserungssystemen, so dass es sich leicht in verschiedene Anbausituationen integrieren l\u00e4sst.<\/li>\n<\/ul>\n<p data-mce-fragment=\"1\"><strong data-mce-fragment=\"1\">Wie zu verwenden:<\/strong><\/p>\n<ul data-mce-fragment=\"1\">\n<li data-mce-fragment=\"1\">\n<strong data-mce-fragment=\"1\">Gut sch\u00fctteln:<\/strong> Sch\u00fctteln Sie das Produkt vor dem Gebrauch gut.<\/li>\n<li data-mce-fragment=\"1\">\n<strong data-mce-fragment=\"1\">Dosierung:<\/strong> Geben Sie bis zu 4 ml Cocos A pro Liter Wasser (1:250 verd\u00fcnnen). Verwenden Sie f\u00fcr jede Dosis die gleiche Menge an Cocos B. Verwenden Sie diese kombinierte N\u00e4hrstoffl\u00f6sung bei jeder Bew\u00e4sserung.<\/li>\n<\/ul>\n<p data-mce-fragment=\"1\"><strong data-mce-fragment=\"1\">Hinweise zur Lagerung:<\/strong> Transportieren Sie die Produkte aufrecht und lagern Sie sie an einem dunklen Ort zwischen 0 und 30\u00b0C, um die Qualit\u00e4t zu erhalten.<\/p>\n<p data-mce-fragment=\"1\"><strong data-mce-fragment=\"1\">Warnung:<\/strong> Dieses Produkt kann die Augen und die Haut reizen. Behandeln Sie das Ger\u00e4t mit Vorsicht gem\u00e4\u00df den Sicherheitshinweisen (R 36\/38).<\/p>\n<p data-mce-fragment=\"1\"><strong data-mce-fragment=\"1\">Zusammensetzung:<\/strong> <em data-mce-fragment=\"1\">Cocos A:<\/em> Enth\u00e4lt Wasser, Calciumnitrat, Magnesiumnitrat, Kaliumnitrat. Es handelt sich um einen NPK-D\u00fcnger (4-0-1) mit 3,9% Gesamtstickstoff (N), davon 3,9% Nitratstickstoff (NO3), 1% wasserl\u00f6sliches Kaliumoxid (K2O) und 4,5% Kalzium (Ca).<\/p>\n<p data-mce-fragment=\"1\"><em data-mce-fragment=\"1\">Cocos B:<\/em> Enth\u00e4lt Wasser, Magnesiumsulfat, Magnesiumnitrat, Monokaliumphosphat, Phosphors\u00e4ure. Es ist ein NPK-D\u00fcnger (1-4-2) mit 1% Gesamtstickstoff (N), davon 1% Nitratstickstoff (NO3), 4,1% wasserl\u00f6slichem Phosphorpentoxid (P2O5) und 2,4% wasserl\u00f6slichem Kaliumoxid (K2O).<\/p>\n<p data-mce-fragment=\"1\"><strong data-mce-fragment=\"1\">Tipps von Plagron:<\/strong> Sorgen Sie durch ausreichende Bew\u00e4sserung f\u00fcr einen t\u00e4glichen Abfluss von 10-25%. Die hinzugef\u00fcgten Humin- und Fulvins\u00e4uren sorgen f\u00fcr zus\u00e4tzliche Wurzelst\u00e4rke und Bl\u00fchstimulierung, so dass Ihre Pflanzen optimal gedeihen.<\/p>\n","protected":false},"excerpt":{"rendered":"<p>Entdecken Sie Plagron Cocos A &amp; Cocos B &#8211; Optimale F\u00fctterung f\u00fcr Wachstum und Bl\u00fcte Plagron Cocos A &amp; Cocos B sind der ideale Zweikomponentend\u00fcnger f\u00fcr die Wachstums- und Bl\u00fctephase Ihrer Pflanzen. <\/p>\n","protected":false},"featured_media":37025,"template":"","meta":[],"product_brand":[],"product_cat":[566],"product_tag":[],"class_list":{"0":"post-30180","1":"product","2":"type-product","3":"status-publish","4":"has-post-thumbnail","6":"product_cat-plagron-de","8":"first","9":"instock","10":"taxable","11":"shipping-taxable","12":"purchasable","13":"product-type-simple"},"_links":{"self":[{"href":"https:\/\/greendisc.dev-project.digital\/de\/wp-json\/wp\/v2\/product\/30180","targetHints":{"allow":["GET"]}}],"collection":[{"href":"https:\/\/greendisc.dev-project.digital\/de\/wp-json\/wp\/v2\/product"}],"about":[{"href":"https:\/\/greendisc.dev-project.digital\/de\/wp-json\/wp\/v2\/types\/product"}],"version-history":[{"count":0,"href":"https:\/\/greendisc.dev-project.digital\/de\/wp-json\/wp\/v2\/product\/30180\/revisions"}],"wp:featuredmedia":[{"embeddable":true,"href":"https:\/\/greendisc.dev-project.digital\/de\/wp-json\/wp\/v2\/media\/37025"}],"wp:attachment":[{"href":"https:\/\/greendisc.dev-project.digital\/de\/wp-json\/wp\/v2\/media?parent=30180"}],"wp:term":[{"taxonomy":"product_brand","embeddable":true,"href":"https:\/\/greendisc.dev-project.digital\/de\/wp-json\/wp\/v2\/product_brand?post=30180"},{"taxonomy":"product_cat","embeddable":true,"href":"https:\/\/greendisc.dev-project.digital\/de\/wp-json\/wp\/v2\/product_cat?post=30180"},{"taxonomy":"product_tag","embeddable":true,"href":"https:\/\/greendisc.dev-project.digital\/de\/wp-json\/wp\/v2\/product_tag?post=30180"}],"curies":[{"name":"wp","href":"https:\/\/api.w.org\/{rel}","templated":true}]}}