 {"id":30178,"date":"2023-11-14T12:31:03","date_gmt":"2023-11-14T11:31:03","guid":{"rendered":"https:\/\/greendisc.dev-project.digital\/\/product\/plagron-hydro-ab-1-ltr\/"},"modified":"2024-12-16T09:34:54","modified_gmt":"2024-12-16T08:34:54","slug":"plagron-hydro-ab-1-ltr","status":"publish","type":"product","link":"https:\/\/greendisc.dev-project.digital\/de\/produkt\/plagron-hydro-ab-1-ltr\/","title":{"rendered":"Plagron Hydro A&amp;B 1 ltr."},"content":{"rendered":"<p><meta charset=\"utf-8\"><\/p>\n<p data-mce-fragment=\"1\">Entdecken Sie Plagron Hydro A &amp; Hydro B &#8211; Ultimative Kontrolle \u00fcber Wachstum und Bl\u00fcte<\/p>\n<p data-mce-fragment=\"1\">M\u00f6chten Sie die volle Kontrolle \u00fcber die N\u00e4hrstoff- und pH-Werte Ihrer Pflanzen w\u00e4hrend der Wachstums- und Bl\u00fctephase? Plagron Hydro A &amp; Hydro B, ein leistungsstarker Zweikomponentend\u00fcnger, bietet die perfekte L\u00f6sung. Dieser hochkonzentrierte biomineralische Basisd\u00fcnger, der sowohl f\u00fcr die Wachstums- als auch f\u00fcr die Bl\u00fctephase geeignet ist, bietet eine einzigartige Mischung von N\u00e4hrstoffen in einer hochwirksamen Chelatform (DTPA). Das bedeutet, dass sich Ihre Pflanzen auch bei nicht idealen pH-Werten oder niedrigeren Bodentemperaturen optimal entwickeln k\u00f6nnen. Au\u00dferdem ist es f\u00fcr alle Arten von inerten Substraten geeignet, was es vielseitig f\u00fcr verschiedene Anbausituationen macht.<\/p>\n<p data-mce-fragment=\"1\"><strong data-mce-fragment=\"1\">Wichtige Merkmale:<\/strong><\/p>\n<ul data-mce-fragment=\"1\">\n<li data-mce-fragment=\"1\">\n<strong data-mce-fragment=\"1\">Vollst\u00e4ndige Kontrolle:<\/strong> Steuern Sie m\u00fchelos die N\u00e4hrstoff- und pH-Werte Ihrer Pflanzen f\u00fcr optimales Wachstum und Bl\u00fcte.<\/li>\n<li data-mce-fragment=\"1\">\n<strong data-mce-fragment=\"1\">Hochkonzentriert:<\/strong> Eine kleine Menge reicht f\u00fcr einen langen Weg, so dass es sparsam im Gebrauch ist.<\/li>\n<li data-mce-fragment=\"1\">\n<strong data-mce-fragment=\"1\">Kein Auskristallisieren:<\/strong> Verhindert das Auskristallisieren im N\u00e4hrstoffgef\u00e4\u00df und sorgt so f\u00fcr eine konstante N\u00e4hrstoffl\u00f6sung.<\/li>\n<li data-mce-fragment=\"1\">\n<strong data-mce-fragment=\"1\">Hochwertige chelatierte Form:<\/strong> Enth\u00e4lt alle Spurenelemente in einer hochwertigen chelatierten Form (DTPA) f\u00fcr eine optimale Aufnahme durch die Pflanzen.<\/li>\n<li data-mce-fragment=\"1\">\n<strong data-mce-fragment=\"1\">Geeignet f\u00fcr verschiedene Systeme:<\/strong> Ideal f\u00fcr Drain-to-Waste- und Recyclingsysteme und somit f\u00fcr verschiedene Anbaumethoden geeignet.<\/li>\n<\/ul>\n<p data-mce-fragment=\"1\"><strong data-mce-fragment=\"1\">Wie zu verwenden:<\/strong><\/p>\n<ul data-mce-fragment=\"1\">\n<li data-mce-fragment=\"1\">\n<strong data-mce-fragment=\"1\">Gut sch\u00fctteln:<\/strong> Sch\u00fctteln Sie beide Komponenten vor Gebrauch gut.<\/li>\n<li data-mce-fragment=\"1\">\n<strong data-mce-fragment=\"1\">Dosierung:<\/strong> Geben Sie maximal 1,6 ml Hydro A pro Liter Wasser (1:625 verd\u00fcnnt). Verwenden Sie f\u00fcr jede Dosis die gleiche Menge Hydro B. Verwenden Sie diese kombinierte N\u00e4hrstoffl\u00f6sung bei jeder Bew\u00e4sserung.<\/li>\n<\/ul>\n<p data-mce-fragment=\"1\"><strong data-mce-fragment=\"1\">Hinweise zur Lagerung:<\/strong> Transportieren Sie es aufrecht und lagern Sie es an einem dunklen Ort zwischen 10-35\u00b0C, um die Qualit\u00e4t zu erhalten.<\/p>\n<p data-mce-fragment=\"1\"><strong data-mce-fragment=\"1\">Zusammensetzung:<\/strong> <em data-mce-fragment=\"1\">Hydro A:<\/em> Enth\u00e4lt Wasser, Calciumnitrat, Magnesiumnitrat und Kaliumchlorid. Es handelt sich um einen NPK-D\u00fcnger (5-0-2) mit 5% Gesamtstickstoff (N), davon 5% Nitratstickstoff (NO3), 2% wasserl\u00f6slichem Kaliumoxid (K2O) und 8,8% Calciumoxid (CaO).<\/p>\n<p data-mce-fragment=\"1\"><em data-mce-fragment=\"1\">Hydro B:<\/em> Eine L\u00f6sung von NPK-D\u00fcnger (2-5-9) mit 1,8% Gesamtstickstoff (N), davon 1,8% Nitratstickstoff (NO3), 4,8% wasserl\u00f6sliches Phosphorpentoxid (P2O5) und 8,7% wasserl\u00f6sliches Kaliumoxid (K2O).<\/p>\n<p data-mce-fragment=\"1\"><strong data-mce-fragment=\"1\">Tipps von Plagron:<\/strong> Achten Sie darauf, Hydro A und Hydro B immer im Verh\u00e4ltnis 1:1 zu kombinieren, um optimale Ergebnisse zu erzielen. Dieses Produkt ist sowohl f\u00fcr Abfluss- als auch f\u00fcr Recyclingsysteme geeignet, wodurch es vielseitig einsetzbar ist und sich leicht an Ihre wachsenden Bed\u00fcrfnisse anpassen l\u00e4sst.<\/p>\n","protected":false},"excerpt":{"rendered":"<p>Entdecken Sie Plagron Hydro A &amp; Hydro B &#8211; Ultimative Kontrolle \u00fcber Wachstum und Bl\u00fcte M\u00f6chten Sie die volle Kontrolle \u00fcber die N\u00e4hrstoff- und pH-Werte Ihrer Pflanzen w\u00e4hrend der Wachstums- und Bl\u00fctephase? Plagron Hydro A &amp; Hydro B, ein leistungsstarker Zweikomponentend\u00fcnger, bietet die perfekte L\u00f6sung.<\/p>\n","protected":false},"featured_media":26091,"template":"","meta":[],"product_brand":[],"product_cat":[566],"product_tag":[],"class_list":{"0":"post-30178","1":"product","2":"type-product","3":"status-publish","4":"has-post-thumbnail","6":"product_cat-plagron-de","8":"first","9":"instock","10":"taxable","11":"shipping-taxable","12":"purchasable","13":"product-type-simple"},"_links":{"self":[{"href":"https:\/\/greendisc.dev-project.digital\/de\/wp-json\/wp\/v2\/product\/30178","targetHints":{"allow":["GET"]}}],"collection":[{"href":"https:\/\/greendisc.dev-project.digital\/de\/wp-json\/wp\/v2\/product"}],"about":[{"href":"https:\/\/greendisc.dev-project.digital\/de\/wp-json\/wp\/v2\/types\/product"}],"version-history":[{"count":0,"href":"https:\/\/greendisc.dev-project.digital\/de\/wp-json\/wp\/v2\/product\/30178\/revisions"}],"wp:featuredmedia":[{"embeddable":true,"href":"https:\/\/greendisc.dev-project.digital\/de\/wp-json\/wp\/v2\/media\/26091"}],"wp:attachment":[{"href":"https:\/\/greendisc.dev-project.digital\/de\/wp-json\/wp\/v2\/media?parent=30178"}],"wp:term":[{"taxonomy":"product_brand","embeddable":true,"href":"https:\/\/greendisc.dev-project.digital\/de\/wp-json\/wp\/v2\/product_brand?post=30178"},{"taxonomy":"product_cat","embeddable":true,"href":"https:\/\/greendisc.dev-project.digital\/de\/wp-json\/wp\/v2\/product_cat?post=30178"},{"taxonomy":"product_tag","embeddable":true,"href":"https:\/\/greendisc.dev-project.digital\/de\/wp-json\/wp\/v2\/product_tag?post=30178"}],"curies":[{"name":"wp","href":"https:\/\/api.w.org\/{rel}","templated":true}]}}