 {"id":30175,"date":"2023-11-14T12:31:02","date_gmt":"2023-11-14T11:31:02","guid":{"rendered":"https:\/\/greendisc.dev-project.digital\/\/product\/plagron-gruen-senstation-500-ml\/"},"modified":"2024-12-16T09:34:53","modified_gmt":"2024-12-16T08:34:53","slug":"plagron-gruen-senstation-500-ml","status":"publish","type":"product","link":"https:\/\/greendisc.dev-project.digital\/de\/produkt\/plagron-gruen-senstation-500-ml\/","title":{"rendered":"Plagron Gr\u00fcn Senstation 500 ml"},"content":{"rendered":"<p><meta charset=\"utf-8\"><\/p>\n<p data-mce-fragment=\"1\">Entdecken Sie Plagron Green Sensation &#8211; Ihre Geheimwaffe f\u00fcr \u00fcppige Ernten und unvergleichlichen Geschmack<\/p>\n<p data-mce-fragment=\"1\">M\u00f6chten Sie Ihre Pflanzen auf die n\u00e4chste Stufe heben und eine \u00fcppige Bl\u00fcte und einen erstaunlichen Geschmack genie\u00dfen? Plagron Green Sensation ist der Bl\u00fchstimulator, den Sie brauchen. Dieser kraftvolle Booster wurde f\u00fcr die letzten vier bis sechs Wochen der Bl\u00fctephase entwickelt und ist Ihre Garantie f\u00fcr maximale Ertr\u00e4ge.<\/p>\n<p data-mce-fragment=\"1\">Green Sensation wurde mit Pr\u00e4zision formuliert und versorgt Ihre Pflanzen mit allen wichtigen N\u00e4hrstoffen, die sie ben\u00f6tigen, und f\u00f6rdert eine \u00fcppige Bl\u00fcte und Fruchtbildung. Dank der harten Zellstruktur, die er f\u00f6rdert, haben Ihre Pflanzen eine solide Grundlage, um reichlich Fr\u00fcchte zu tragen. Und das Beste von allem? Es steigert nicht nur den Ertrag, sondern verbessert auch den Geschmack bis zur Perfektion.<\/p>\n<p data-mce-fragment=\"1\"><strong data-mce-fragment=\"1\">Wie zu verwenden:<\/strong> Vor Gebrauch gut sch\u00fctteln. Geben Sie 1 ml Green Sensation pro Liter Wasser hinzu (1:1000 verd\u00fcnnen). Mischen Sie dann Ihren Basisd\u00fcnger, bis der gew\u00fcnschte EC-Wert erreicht ist, und beobachten Sie, wie Ihre Pflanzen unter dem Einfluss dieser leistungsstarken Formel gedeihen.<\/p>\n<p data-mce-fragment=\"1\"><strong data-mce-fragment=\"1\">Hinweise zur Lagerung:<\/strong> Transportieren Sie das Produkt aufrecht und lagern Sie es an einem dunklen Ort zwischen 0 und 30\u00b0C, um eine optimale Qualit\u00e4t zu gew\u00e4hrleisten.<\/p>\n<p data-mce-fragment=\"1\"><strong data-mce-fragment=\"1\">Warnung:<\/strong> Dieses Produkt kann die Augen und die Haut reizen. Halten Sie sich an die empfohlenen Sicherheitsma\u00dfnahmen (R 36\/38).<\/p>\n<p data-mce-fragment=\"1\"><strong data-mce-fragment=\"1\">Zusammensetzung:<\/strong> Green Sensation ist ein EC-D\u00fcnger, eine L\u00f6sung von PK-D\u00fcngemitteln (0-9-10). Es enth\u00e4lt 9% wasserl\u00f6sliches Phosphorpentoxid (P2O5) und 10% wasserl\u00f6sliches Kaliumoxid (K2O).<\/p>\n<p data-mce-fragment=\"1\"><strong data-mce-fragment=\"1\">N\u00fctzliche Tipps von Plagron:<\/strong> Mit Green Sensation ben\u00f6tigen Sie keine zus\u00e4tzlichen Zus\u00e4tze wie PK 13-14, Pure Zym oder andere Bl\u00fchstimulatoren mehr. Und je nach Substrat k\u00f6nnen Sie bis zu 50% der N\u00e4hrstoffkosten sparen.<\/p>\n<p data-mce-fragment=\"1\">Warten Sie nicht l\u00e4nger! Setzen Sie die Kraft von Plagron Green Sensation frei und ernten Sie die Fr\u00fcchte eines \u00fcppigen Pflanzenwachstums und eines unvergleichlichen Geschmacks. Ihre Pflanzen werden es Ihnen danken.<\/p>\n","protected":false},"excerpt":{"rendered":"<p>Entdecken Sie Plagron Green Sensation &#8211; Ihre Geheimwaffe f\u00fcr \u00fcppige Ernten und unvergleichlichen Geschmack M\u00f6chten Sie Ihre Pflanzen auf die n\u00e4chste Stufe heben und eine \u00fcppige Bl\u00fcte und einen erstaunlichen Geschmack genie\u00dfen? Plagron Green Sensation ist der Bl\u00fchstimulator, den Sie brauchen. <\/p>\n","protected":false},"featured_media":26089,"template":"","meta":[],"product_brand":[],"product_cat":[566],"product_tag":[],"class_list":{"0":"post-30175","1":"product","2":"type-product","3":"status-publish","4":"has-post-thumbnail","6":"product_cat-plagron-de","8":"first","9":"instock","10":"taxable","11":"shipping-taxable","12":"purchasable","13":"product-type-simple"},"_links":{"self":[{"href":"https:\/\/greendisc.dev-project.digital\/de\/wp-json\/wp\/v2\/product\/30175","targetHints":{"allow":["GET"]}}],"collection":[{"href":"https:\/\/greendisc.dev-project.digital\/de\/wp-json\/wp\/v2\/product"}],"about":[{"href":"https:\/\/greendisc.dev-project.digital\/de\/wp-json\/wp\/v2\/types\/product"}],"version-history":[{"count":0,"href":"https:\/\/greendisc.dev-project.digital\/de\/wp-json\/wp\/v2\/product\/30175\/revisions"}],"wp:featuredmedia":[{"embeddable":true,"href":"https:\/\/greendisc.dev-project.digital\/de\/wp-json\/wp\/v2\/media\/26089"}],"wp:attachment":[{"href":"https:\/\/greendisc.dev-project.digital\/de\/wp-json\/wp\/v2\/media?parent=30175"}],"wp:term":[{"taxonomy":"product_brand","embeddable":true,"href":"https:\/\/greendisc.dev-project.digital\/de\/wp-json\/wp\/v2\/product_brand?post=30175"},{"taxonomy":"product_cat","embeddable":true,"href":"https:\/\/greendisc.dev-project.digital\/de\/wp-json\/wp\/v2\/product_cat?post=30175"},{"taxonomy":"product_tag","embeddable":true,"href":"https:\/\/greendisc.dev-project.digital\/de\/wp-json\/wp\/v2\/product_tag?post=30175"}],"curies":[{"name":"wp","href":"https:\/\/api.w.org\/{rel}","templated":true}]}}