 {"id":30171,"date":"2023-11-14T12:30:58","date_gmt":"2023-11-14T11:30:58","guid":{"rendered":"https:\/\/greendisc.dev-project.digital\/\/product\/plagron-fisch-kraft-1-ltr\/"},"modified":"2024-12-16T09:34:53","modified_gmt":"2024-12-16T08:34:53","slug":"plagron-fisch-kraft-1-ltr","status":"publish","type":"product","link":"https:\/\/greendisc.dev-project.digital\/de\/produkt\/plagron-fisch-kraft-1-ltr\/","title":{"rendered":"Plagron Fisch Kraft 1 ltr"},"content":{"rendered":"<p><meta charset=\"utf-8\"><\/p>\n<p data-mce-fragment=\"1\">Entdecken Sie Plagron Fish Force &#8211; Nat\u00fcrliche Wachstumskraft f\u00fcr Pflanzen<\/p>\n<p data-mce-fragment=\"1\">M\u00f6chten Sie ein schnelles Wachstum, \u00fcppig gr\u00fcne Bl\u00e4tter und eine starke Widerstandskraft f\u00fcr Ihre Pflanzen? Plagron Fish Force, ein nat\u00fcrlicher N\u00e4hrstoff auf Fischbasis, ist Ihre Geheimwaffe w\u00e4hrend der Wachstumsphase. Dieser leistungsstarke Wachstumsn\u00e4hrstoff f\u00f6rdert schnelles Wachstum, stimuliert gr\u00fcne Bl\u00e4tter und st\u00e4rkt die nat\u00fcrliche Widerstandskraft Ihrer Pflanzen. Fish Force ist reich an Stickstoff, Aminos\u00e4uren und Vitaminen, alles was Ihre Pflanzen f\u00fcr eine gesunde Entwicklung brauchen.<\/p>\n<p data-mce-fragment=\"1\"><strong data-mce-fragment=\"1\">Wie zu verwenden:<\/strong> Vor Gebrauch gut sch\u00fctteln. Geben Sie 10 ml Fish Force pro Liter Wasser hinzu (1:100 verd\u00fcnnen). Verwenden Sie diese N\u00e4hrstoffl\u00f6sung w\u00f6chentlich f\u00fcr optimale Ergebnisse.<\/p>\n<p data-mce-fragment=\"1\"><strong data-mce-fragment=\"1\">Hinweise zur Lagerung:<\/strong> Transportieren Sie das Produkt aufrecht und lagern Sie es an einem dunklen Ort zwischen 0 und 30\u00b0C. Na oplossen in water is de oplossing maximaal 24 uur houdbaar.<\/p>\n<p data-mce-fragment=\"1\"><strong data-mce-fragment=\"1\">Warnung:<\/strong> Dieses Produkt kann die Augen und die Haut reizen. Beachten Sie die Sicherheitshinweise (R 36\/38).<\/p>\n<p data-mce-fragment=\"1\"><strong data-mce-fragment=\"1\">Zusammensetzung:<\/strong> Fish Force enth\u00e4lt Wasser, tierische Proteine (Fisch) und Algenextrakte. Es handelt sich um einen organischen NPK-D\u00fcnger (3-5-2) mit 3% Gesamtstickstoff (N), wovon 3% organisch gebundener Stickstoff sind, 4,9% wasserl\u00f6slichem Phosphorpentoxid (P2O5) und 1,5% wasserl\u00f6slichem Kaliumoxid (K2O).<\/p>\n<p data-mce-fragment=\"1\"><strong data-mce-fragment=\"1\">Tipps von Plagron:<\/strong> Fish Force kann auch als Blattd\u00fcnger verwendet werden. Spr\u00fchen Sie es f\u00fcr schnelle Ergebnisse auf die Ober- und Unterseite der Bl\u00e4tter. F\u00fcr Mutterpflanzen wird eine w\u00f6chentliche Behandlung mit Fish Force f\u00fcr optimale Gesundheit und Wachstum empfohlen.<\/p>\n<p data-mce-fragment=\"1\">W\u00e4hlen Sie Plagron Fish Force und geben Sie Ihren Pflanzen die nat\u00fcrliche Kraft, die sie verdienen. Entdecken Sie die Vorteile von schnellem Wachstum, gr\u00fcnen Bl\u00e4ttern und beeindruckender Widerstandsf\u00e4higkeit in jedem Stadium ihrer Entwicklung. Bestellen Sie jetzt und erleben Sie den Unterschied bei Ihrem Anbauprojekt!<\/p>\n","protected":false},"excerpt":{"rendered":"<p>Entdecken Sie Plagron Fish Force &#8211; Nat\u00fcrliche Wachstumskraft f\u00fcr Pflanzen M\u00f6chten Sie ein schnelles Wachstum, \u00fcppig gr\u00fcne Bl\u00e4tter und eine starke Widerstandskraft f\u00fcr Ihre Pflanzen? Plagron Fish Force, ein nat\u00fcrlicher N\u00e4hrstoff auf Fischbasis, ist Ihre Geheimwaffe w\u00e4hrend der Wachstumsphase.<\/p>\n","protected":false},"featured_media":26081,"template":"","meta":[],"product_brand":[],"product_cat":[566],"product_tag":[],"class_list":{"0":"post-30171","1":"product","2":"type-product","3":"status-publish","4":"has-post-thumbnail","6":"product_cat-plagron-de","8":"first","9":"outofstock","10":"taxable","11":"shipping-taxable","12":"purchasable","13":"product-type-simple"},"_links":{"self":[{"href":"https:\/\/greendisc.dev-project.digital\/de\/wp-json\/wp\/v2\/product\/30171","targetHints":{"allow":["GET"]}}],"collection":[{"href":"https:\/\/greendisc.dev-project.digital\/de\/wp-json\/wp\/v2\/product"}],"about":[{"href":"https:\/\/greendisc.dev-project.digital\/de\/wp-json\/wp\/v2\/types\/product"}],"version-history":[{"count":0,"href":"https:\/\/greendisc.dev-project.digital\/de\/wp-json\/wp\/v2\/product\/30171\/revisions"}],"wp:featuredmedia":[{"embeddable":true,"href":"https:\/\/greendisc.dev-project.digital\/de\/wp-json\/wp\/v2\/media\/26081"}],"wp:attachment":[{"href":"https:\/\/greendisc.dev-project.digital\/de\/wp-json\/wp\/v2\/media?parent=30171"}],"wp:term":[{"taxonomy":"product_brand","embeddable":true,"href":"https:\/\/greendisc.dev-project.digital\/de\/wp-json\/wp\/v2\/product_brand?post=30171"},{"taxonomy":"product_cat","embeddable":true,"href":"https:\/\/greendisc.dev-project.digital\/de\/wp-json\/wp\/v2\/product_cat?post=30171"},{"taxonomy":"product_tag","embeddable":true,"href":"https:\/\/greendisc.dev-project.digital\/de\/wp-json\/wp\/v2\/product_tag?post=30171"}],"curies":[{"name":"wp","href":"https:\/\/api.w.org\/{rel}","templated":true}]}}