 {"id":30167,"date":"2023-11-14T12:30:55","date_gmt":"2023-11-14T11:30:55","guid":{"rendered":"https:\/\/greendisc.dev-project.digital\/\/product\/plagron-calmag-pro-1-ltr\/"},"modified":"2024-12-16T09:34:52","modified_gmt":"2024-12-16T08:34:52","slug":"plagron-calmag-pro-1-ltr","status":"publish","type":"product","link":"https:\/\/greendisc.dev-project.digital\/de\/produkt\/plagron-calmag-pro-1-ltr\/","title":{"rendered":"Plagron CalMag Pro 1 ltr."},"content":{"rendered":"<p><meta charset=\"utf-8\"><\/p>\n<p data-mce-fragment=\"1\">Entdecken Sie CalMag Pro &#8211; Die L\u00f6sung f\u00fcr Kalzium- und Magnesiummangel in Demi- und Weichwasser<\/p>\n<p data-mce-fragment=\"1\">In entmineralisiertem und weichem Wasser ist ein Mangel an Kalzium und Magnesium (Ca\/Mg) ein h\u00e4ufiges Problem. CalMag Pro bietet die perfekte L\u00f6sung, indem es dem Wasser eine ausgewogene Konzentration von Mineralien zuf\u00fchrt, die f\u00fcr ein gesundes Pflanzenwachstum unerl\u00e4sslich sind. Dies bildet die ideale Grundlage f\u00fcr die Herstellung Ihres N\u00e4hrstoffwassers, das Ihren Pflanzen alle N\u00e4hrstoffe liefert, die sie f\u00fcr eine optimale Entwicklung ben\u00f6tigen. CalMag Pro wurde speziell f\u00fcr die Verwendung in Halb- und Weichwasserumgebungen entwickelt.<\/p>\n<p data-mce-fragment=\"1\"><strong data-mce-fragment=\"1\">Wie zu verwenden:<\/strong> Geben Sie bis zu 1 ml CalMag Pro pro Liter Wasser hinzu (1:1000 verd\u00fcnnen). Verwenden Sie diese N\u00e4hrl\u00f6sung bei jeder Bew\u00e4sserung, um sicherzustellen, dass Ihre Pflanzen kontinuierlich mit den wichtigen Mineralien versorgt werden, die sie ben\u00f6tigen.<\/p>\n<p data-mce-fragment=\"1\"><strong data-mce-fragment=\"1\">Wichtige Merkmale:<\/strong><\/p>\n<ul data-mce-fragment=\"1\">\n<li data-mce-fragment=\"1\">\n<strong data-mce-fragment=\"1\">NPK-D\u00fcnger (5-0-0):<\/strong> Bietet ein ausgewogenes Verh\u00e4ltnis f\u00fcr ein gesundes Pflanzenwachstum.<\/li>\n<li data-mce-fragment=\"1\">\n<strong data-mce-fragment=\"1\">Kalzium (Ca):<\/strong> Enth\u00e4lt 4,1% Kalzium f\u00fcr starke Zellw\u00e4nde und allgemeine Stabilit\u00e4t der Pflanzen.<\/li>\n<li data-mce-fragment=\"1\">\n<strong data-mce-fragment=\"1\">Magnesium (Mg):<\/strong> Enth\u00e4lt 2% Magnesium, das f\u00fcr die Aktivit\u00e4t der Enzyme und die Photosynthese wichtig ist.<\/li>\n<\/ul>\n<p data-mce-fragment=\"1\"><strong data-mce-fragment=\"1\">Verf\u00fcgbare Verpackungen:<\/strong> CalMag Pro ist in praktischen 500ml- und 1-Liter-Flaschen sowie in gr\u00f6\u00dferen 5-Liter-Kr\u00fcgen erh\u00e4ltlich, so dass Sie die richtige Menge f\u00fcr Ihre Bed\u00fcrfnisse und Ihr Wachstum w\u00e4hlen k\u00f6nnen.<\/p>\n<p data-mce-fragment=\"1\">Sorgen Sie f\u00fcr das richtige Mineralgleichgewicht in Ihrem Wasser und geben Sie Ihren Pflanzen den besten Start mit CalMag Pro. Sie erhalten das wichtige Kalzium und Magnesium, das sie f\u00fcr ein gesundes, \u00fcppiges Wachstum ben\u00f6tigen. Entscheiden Sie sich f\u00fcr CalMag Pro und entdecken Sie den Unterschied bei Ihren Wachstumsergebnissen.<\/p>\n","protected":false},"excerpt":{"rendered":"<p>Entdecken Sie CalMag Pro &#8211; Die L\u00f6sung f\u00fcr Kalzium- und Magnesiummangel in Demi- und Weichwasser In entmineralisiertem und weichem Wasser ist ein Mangel an Kalzium und Magnesium (Ca\/Mg) ein h\u00e4ufiges Problem. <\/p>\n","protected":false},"featured_media":26073,"template":"","meta":[],"product_brand":[],"product_cat":[566],"product_tag":[],"class_list":{"0":"post-30167","1":"product","2":"type-product","3":"status-publish","4":"has-post-thumbnail","6":"product_cat-plagron-de","8":"first","9":"instock","10":"taxable","11":"shipping-taxable","12":"purchasable","13":"product-type-simple"},"_links":{"self":[{"href":"https:\/\/greendisc.dev-project.digital\/de\/wp-json\/wp\/v2\/product\/30167","targetHints":{"allow":["GET"]}}],"collection":[{"href":"https:\/\/greendisc.dev-project.digital\/de\/wp-json\/wp\/v2\/product"}],"about":[{"href":"https:\/\/greendisc.dev-project.digital\/de\/wp-json\/wp\/v2\/types\/product"}],"version-history":[{"count":0,"href":"https:\/\/greendisc.dev-project.digital\/de\/wp-json\/wp\/v2\/product\/30167\/revisions"}],"wp:featuredmedia":[{"embeddable":true,"href":"https:\/\/greendisc.dev-project.digital\/de\/wp-json\/wp\/v2\/media\/26073"}],"wp:attachment":[{"href":"https:\/\/greendisc.dev-project.digital\/de\/wp-json\/wp\/v2\/media?parent=30167"}],"wp:term":[{"taxonomy":"product_brand","embeddable":true,"href":"https:\/\/greendisc.dev-project.digital\/de\/wp-json\/wp\/v2\/product_brand?post=30167"},{"taxonomy":"product_cat","embeddable":true,"href":"https:\/\/greendisc.dev-project.digital\/de\/wp-json\/wp\/v2\/product_cat?post=30167"},{"taxonomy":"product_tag","embeddable":true,"href":"https:\/\/greendisc.dev-project.digital\/de\/wp-json\/wp\/v2\/product_tag?post=30167"}],"curies":[{"name":"wp","href":"https:\/\/api.w.org\/{rel}","templated":true}]}}