 {"id":30162,"date":"2023-11-14T12:31:24","date_gmt":"2023-11-14T11:31:24","guid":{"rendered":"https:\/\/greendisc.dev-project.digital\/\/product\/plagron-vita-race-1-ltr\/"},"modified":"2024-12-16T09:34:51","modified_gmt":"2024-12-16T08:34:51","slug":"plagron-vita-race-1-ltr","status":"publish","type":"product","link":"https:\/\/greendisc.dev-project.digital\/de\/produkt\/plagron-vita-race-1-ltr\/","title":{"rendered":"Plagron Vita Race 1 ltr"},"content":{"rendered":"<p>Entdecken Sie Plagron Vita Race &#8211; F\u00f6rdert gesundes Wachstum und Bl\u00fcte!<\/p>\n<p>Plagron Vita Race ist die L\u00f6sung f\u00fcr \u00fcppiges Wachstum und Bl\u00fcte Ihrer Pflanzen. Dieses Eisenspray ist speziell f\u00fcr die Wachstumsphase und die ersten drei Wochen der Bl\u00fchphase entwickelt. Eisen ist essenziell f\u00fcr die Bildung von Chlorophyll, was wiederum den Photosyntheseprozess anregt. Dies f\u00fchrt zu gesundem, gr\u00fcnem Laub und gibt der Pflanze die Energie, die sie f\u00fcr optimales Wachstum und Bl\u00fcte ben\u00f6tigt, was letztlich zu einem pr\u00e4chtigen Endergebnis f\u00fchrt.<\/p>\n<p><strong>Warum w\u00e4hlen Sie Vita Race:<\/strong><\/p>\n<ul data-mce-fragment=\"1\">\n<li style=\"list-style-type: none;\">\n<ul data-mce-fragment=\"1\">\n<li data-mce-fragment=\"1\">Essentielle Eisen-Supplementation: Enth\u00e4lt 8% l\u00f6sliches Eisen (Fe) f\u00fcr gesundes Blattgr\u00fcn und einen effizienten Photosyntheseprozess.<\/li>\n<li data-mce-fragment=\"1\">F\u00f6rdert gesundes Wachstum und Bl\u00fcte: Vita Race sorgt f\u00fcr kr\u00e4ftiges Wachstum und Bl\u00fcte Ihrer Pflanzen.<br \/>Einfach in der Anwendung: Mit einem einfachen Spray tragen Sie die ben\u00f6tigte Eisen-Supplementation direkt auf die Bl\u00e4tter auf.<\/li>\n<li data-mce-fragment=\"1\">Maximale Aufnahme: Benetzen Sie die Pflanze gr\u00fcndlich f\u00fcr optimale Eisen-Aufnahme und Ergebnisse.<\/li>\n<\/ul>\n<\/li>\n<\/ul>\n<p><strong>Anwendung:<\/strong> Vor Gebrauch gut sch\u00fctteln. F\u00fcgen Sie maximal 5 ml Vita Race pro 1 Liter Wasser hinzu (Verh\u00e4ltnis 1:200). Bespr\u00fchen Sie die Pflanze w\u00f6chentlich bis zur dritten Woche der Bl\u00fchphase. Stellen Sie sicher, dass die Pflanze f\u00fcr beste Ergebnisse vollst\u00e4ndig durchn\u00e4sst ist.<\/p>\n<p><strong>Aufbewahrungshinweise:<\/strong> Bewahren Sie Vita Race aufrecht an einem k\u00fchlen, dunklen Ort zwischen 0 und 30\u00b0C auf. Die L\u00f6sung ist nach dem Aufl\u00f6sen in Wasser maximal 24 Stunden haltbar.<\/p>\n<p><strong>Zusammensetzung:<\/strong> Vita Race ist ein EG-D\u00fcnger und enth\u00e4lt Eisen-D\u00fcnger in L\u00f6sung mit Hydroxid (OH) und Phosphat (PO4). Es enth\u00e4lt 8% l\u00f6sliches Eisen (Fe), das der Pflanze direkt zur Verf\u00fcgung steht.<\/p>\n<p><strong>Tipp von Plagron:<\/strong> Verwenden Sie Vita Race regelm\u00e4\u00dfig, um den Widerstand Ihrer Pflanzen zu erh\u00f6hen, was zu gesunden, bl\u00fchenden Pflanzen f\u00fchrt.<\/p>\n<p>W\u00e4hlen Sie Plagron Vita Race f\u00fcr gesundes, gr\u00fcnes Laub und \u00fcppige Bl\u00fcten. Bestellen Sie jetzt und geben Sie Ihren Pflanzen die Eisen-Supplementation, die sie verdienen!<\/p>\n","protected":false},"excerpt":{"rendered":"<p>Entdecken Sie Plagron Vita Race &#8211; F\u00f6rdert gesundes Wachstum und Bl\u00fcte!Plagron Vita Race ist die L\u00f6sung f\u00fcr \u00fcppiges Wachstum und Bl\u00fcte Ihrer Pflanzen. Dieses Eisenspray ist speziell f\u00fcr die Wachstumsphase und die ersten drei Wochen der Bl\u00fchphase entwickelt. <\/p>\n","protected":false},"featured_media":26129,"template":"","meta":[],"product_brand":[],"product_cat":[566],"product_tag":[],"class_list":{"0":"post-30162","1":"product","2":"type-product","3":"status-publish","4":"has-post-thumbnail","6":"product_cat-plagron-de","8":"first","9":"instock","10":"taxable","11":"shipping-taxable","12":"purchasable","13":"product-type-simple"},"_links":{"self":[{"href":"https:\/\/greendisc.dev-project.digital\/de\/wp-json\/wp\/v2\/product\/30162","targetHints":{"allow":["GET"]}}],"collection":[{"href":"https:\/\/greendisc.dev-project.digital\/de\/wp-json\/wp\/v2\/product"}],"about":[{"href":"https:\/\/greendisc.dev-project.digital\/de\/wp-json\/wp\/v2\/types\/product"}],"version-history":[{"count":0,"href":"https:\/\/greendisc.dev-project.digital\/de\/wp-json\/wp\/v2\/product\/30162\/revisions"}],"wp:featuredmedia":[{"embeddable":true,"href":"https:\/\/greendisc.dev-project.digital\/de\/wp-json\/wp\/v2\/media\/26129"}],"wp:attachment":[{"href":"https:\/\/greendisc.dev-project.digital\/de\/wp-json\/wp\/v2\/media?parent=30162"}],"wp:term":[{"taxonomy":"product_brand","embeddable":true,"href":"https:\/\/greendisc.dev-project.digital\/de\/wp-json\/wp\/v2\/product_brand?post=30162"},{"taxonomy":"product_cat","embeddable":true,"href":"https:\/\/greendisc.dev-project.digital\/de\/wp-json\/wp\/v2\/product_cat?post=30162"},{"taxonomy":"product_tag","embeddable":true,"href":"https:\/\/greendisc.dev-project.digital\/de\/wp-json\/wp\/v2\/product_tag?post=30162"}],"curies":[{"name":"wp","href":"https:\/\/api.w.org\/{rel}","templated":true}]}}