 {"id":30158,"date":"2023-11-14T12:31:25","date_gmt":"2023-11-14T11:31:25","guid":{"rendered":"https:\/\/greendisc.dev-project.digital\/\/product\/plagron-vita-start-1-ltr\/"},"modified":"2024-12-16T09:34:51","modified_gmt":"2024-12-16T08:34:51","slug":"plagron-vita-start-1-ltr","status":"publish","type":"product","link":"https:\/\/greendisc.dev-project.digital\/de\/produkt\/plagron-vita-start-1-ltr\/","title":{"rendered":"Plagron Vita Start 1 ltr"},"content":{"rendered":"\t\t<div data-elementor-type=\"wp-post\" data-elementor-id=\"30158\" class=\"elementor elementor-30158 elementor-17854\">\n\t\t\t\t<div class=\"wd-negative-gap elementor-element elementor-element-72cf3975 e-flex e-con-boxed e-con e-parent\" data-id=\"72cf3975\" data-element_type=\"container\">\n\t\t\t\t\t<div class=\"e-con-inner\">\n\t\t\t\t<div class=\"elementor-element elementor-element-2eed255f color-scheme-inherit text-left elementor-widget elementor-widget-text-editor\" data-id=\"2eed255f\" data-element_type=\"widget\" data-widget_type=\"text-editor.default\">\n\t\t\t\t<div class=\"elementor-widget-container\">\n\t\t\t\t\t\t\t\t\t<p data-mce-fragment=\"1\">Entdecken Sie Plagron Vita Start \u2013 den ultimativen Boost f\u00fcr Setzlinge, Stecklinge und Mutterpflanzen!<\/p>\n<p data-mce-fragment=\"1\">Plagron Vita Start ist das Vitaminspray, das Ihre S\u00e4mlinge, Stecklinge und Mutterpflanzen f\u00fcr einen starken Start und ein gesundes Wachstum ben\u00f6tigen. Dieser fl\u00fcssige Wachstumsstimulator bietet zahlreiche Vorteile. Es f\u00f6rdert die Entwicklung eines gro\u00dfen und robusten Wurzelsystems, st\u00e4rkt die Widerstandskraft Ihrer Pflanzen und beschleunigt die Aufnahme essentieller N\u00e4hrstoffe. Aber das ist nicht alles! Vita Start regt au\u00dferdem die Zellteilung an, was zu mehr Verzweigungen und Trieben f\u00fchrt. Dadurch erh\u00f6ht sich die Anzahl der Stecklinge, die Sie von jeder Mutterpflanze nehmen k\u00f6nnen, erheblich.<\/p>\n<p data-mce-fragment=\"1\"><strong data-mce-fragment=\"1\">Warum Vita Start w\u00e4hlen:<\/strong><\/p>\n\n<ul data-mce-fragment=\"1\">\n \t<li data-mce-fragment=\"1\"><strong data-mce-fragment=\"1\">Leistungsstarker Wachstumsstimulator: <\/strong> Vita Start stimuliert das gesunde Wachstum von S\u00e4mlingen, Stecklingen und Mutterpflanzen.<\/li>\n \t<li data-mce-fragment=\"1\"><strong data-mce-fragment=\"1\">Starke Wurzelentwicklung: <\/strong> Bietet ein gro\u00dfes und starkes Wurzelsystem, das f\u00fcr ein gesundes Pflanzenwachstum unerl\u00e4sslich ist.<\/li>\n \t<li data-mce-fragment=\"1\"><strong data-mce-fragment=\"1\">Beschleunigte N\u00e4hrstoffaufnahme: <\/strong> F\u00f6rdert die schnelle Aufnahme von N\u00e4hrstoffen und versorgt Ihre Pflanzen mit allen Elementen, die sie f\u00fcr ein optimales Wachstum ben\u00f6tigen.<\/li>\n \t<li data-mce-fragment=\"1\"><strong data-mce-fragment=\"1\">Stimuliert die Verzweigung und Triebbildung: <\/strong> Vita Start f\u00f6rdert die Zellteilung, was zu mehr Verzweigungen und Trieben f\u00fchrt, sodass Sie mehr Stecklinge nehmen k\u00f6nnen.<\/li>\n \t<li data-mce-fragment=\"1\"><strong data-mce-fragment=\"1\">Einfache Anwendung:<\/strong> Geben Sie einfach 1 ml Vita Start pro 1 Liter Wasser hinzu (Verh\u00e4ltnis 1:1000) und bespr\u00fchen Sie die Pflanzen w\u00f6chentlich.<\/li>\n<\/ul>\n<p data-mce-fragment=\"1\"><strong data-mce-fragment=\"1\">Anwendung: <\/strong> Vor Gebrauch gut sch\u00fctteln. Geben Sie 1 ml Vita Start pro 1 Liter Wasser hinzu (Verh\u00e4ltnis 1:1000). Bew\u00e4ssern Sie die Pflanzen w\u00f6chentlich, sodass sie tropfnass sind, um optimale Ergebnisse zu erzielen.<\/p>\n<p data-mce-fragment=\"1\"><strong data-mce-fragment=\"1\"> Aufbewahrungshinweis:<\/strong> Vita Start aufrecht an einem k\u00fchlen, dunklen Ort zwischen 0 und 30 \u00b0C lagern. Nach dem Aufl\u00f6sen in Wasser ist die L\u00f6sung maximal 24 Stunden haltbar.<\/p>\n<p data-mce-fragment=\"1\"><strong data-mce-fragment=\"1\">Zusammensetzung: <\/strong> Vita Start enth\u00e4lt R\u00fcbenvinasse und Aminos\u00e4uren und ist ein organischer NPK-D\u00fcnger (6-0-5). Es enth\u00e4lt 6,3 % Gesamtstickstoff (N), davon sind 6,3 % organisch gebundener Stickstoff und 4,8 % wasserl\u00f6sliches Kaliumoxid (K2O).<\/p>\n<p data-mce-fragment=\"1\"><strong data-mce-fragment=\"1\"> Tipps von Plagron: <\/strong> Wenn Sie schnell Ergebnisse sehen m\u00f6chten, spr\u00fchen Sie Vita Start auf und auf die Unterseite der Bl\u00e4tter. Vermeiden Sie \u00dcber- oder Unterd\u00fcngung mit Vita Start, das f\u00fcr ein ausgewogenes Wachstum Ihrer Pflanzen sorgt.<\/p>\n<p data-mce-fragment=\"1\">W\u00e4hlen Sie Plagron Vita Start f\u00fcr einen gesunden, kraftvollen Start Ihrer Pflanzen. Bestellen Sie jetzt und geben Sie Ihren Pflanzen den Schub, den sie verdienen!<\/p>\t\t\t\t\t\t\t\t<\/div>\n\t\t\t\t<\/div>\n\t\t\t\t\t<\/div>\n\t\t\t\t<\/div>\n\t\t\t\t<\/div>\n\t\t","protected":false},"excerpt":{"rendered":"<p>Entdecken Sie Plagron Vita Start \u2013 den ultimativen Boost f\u00fcr Setzlinge, Stecklinge und Mutterpflanzen!Plagron Vita Start ist das Vitaminspray, das Ihre S\u00e4mlinge, Stecklinge und Mutterpflanzen f\u00fcr einen starken Start und ein gesundes Wachstum ben\u00f6tigen.<\/p>\n","protected":false},"featured_media":26131,"template":"","meta":[],"product_brand":[],"product_cat":[566],"product_tag":[],"class_list":{"0":"post-30158","1":"product","2":"type-product","3":"status-publish","4":"has-post-thumbnail","6":"product_cat-plagron-de","8":"first","9":"instock","10":"taxable","11":"shipping-taxable","12":"purchasable","13":"product-type-simple"},"_links":{"self":[{"href":"https:\/\/greendisc.dev-project.digital\/de\/wp-json\/wp\/v2\/product\/30158","targetHints":{"allow":["GET"]}}],"collection":[{"href":"https:\/\/greendisc.dev-project.digital\/de\/wp-json\/wp\/v2\/product"}],"about":[{"href":"https:\/\/greendisc.dev-project.digital\/de\/wp-json\/wp\/v2\/types\/product"}],"version-history":[{"count":0,"href":"https:\/\/greendisc.dev-project.digital\/de\/wp-json\/wp\/v2\/product\/30158\/revisions"}],"wp:featuredmedia":[{"embeddable":true,"href":"https:\/\/greendisc.dev-project.digital\/de\/wp-json\/wp\/v2\/media\/26131"}],"wp:attachment":[{"href":"https:\/\/greendisc.dev-project.digital\/de\/wp-json\/wp\/v2\/media?parent=30158"}],"wp:term":[{"taxonomy":"product_brand","embeddable":true,"href":"https:\/\/greendisc.dev-project.digital\/de\/wp-json\/wp\/v2\/product_brand?post=30158"},{"taxonomy":"product_cat","embeddable":true,"href":"https:\/\/greendisc.dev-project.digital\/de\/wp-json\/wp\/v2\/product_cat?post=30158"},{"taxonomy":"product_tag","embeddable":true,"href":"https:\/\/greendisc.dev-project.digital\/de\/wp-json\/wp\/v2\/product_tag?post=30158"}],"curies":[{"name":"wp","href":"https:\/\/api.w.org\/{rel}","templated":true}]}}