 {"id":30146,"date":"2023-11-14T12:31:05","date_gmt":"2023-11-14T11:31:05","guid":{"rendered":"https:\/\/greendisc.dev-project.digital\/\/product\/plagron-ph-min-59-1-ltr\/"},"modified":"2024-12-16T09:34:50","modified_gmt":"2024-12-16T08:34:50","slug":"plagron-ph-min-59-1-ltr","status":"publish","type":"product","link":"https:\/\/greendisc.dev-project.digital\/de\/produkt\/plagron-ph-min-59-1-ltr\/","title":{"rendered":"Plagron PH min (59%) 1 ltr."},"content":{"rendered":"<p><meta charset=\"utf-8\"><\/p>\n<p data-mce-fragment=\"1\">Entdecken Sie Plagron pH Min &#8211; f\u00fcr pr\u00e4zise pH-Werte und gesundes Wachstum<\/p>\n<p data-mce-fragment=\"1\">Plagron pH Min ist Ihr zuverl\u00e4ssiger Partner, um den pH-Wert Ihres N\u00e4hrwassers auf den optimalen Bereich von 5,5 &#8211; 6,5 zu senken. Nur mit einer N\u00e4hrl\u00f6sung innerhalb dieses pH-Bereichs kann die Pflanze N\u00e4hrstoffe optimal aufnehmen. Dies f\u00f6rdert nicht nur die N\u00e4hrstoffaufnahme, sondern regt auch den Stoffwechsel der Pflanze an, was zu einem schnelleren Wachstum f\u00fchrt.<\/p>\n<p data-mce-fragment=\"1\"><strong data-mce-fragment=\"1\">Gebrauchsanweisung:<\/strong> Vor Gebrauch gut sch\u00fctteln. Geben Sie pH Min in Schritten von 0,5 ml pro Liter Wasser zu (1:2000 verd\u00fcnnen) und \u00fcberwachen Sie den pH-Wert kontinuierlich, um die Genauigkeit sicherzustellen.<\/p>\n<p data-mce-fragment=\"1\"><strong data-mce-fragment=\"1\">Hinweise zur Lagerung:<\/strong> Transportieren Sie das Produkt aufrecht und lagern Sie es an einem k\u00fchlen, dunklen Ort zwischen 0 und 30\u00b0C.<\/p>\n<p data-mce-fragment=\"1\"><strong data-mce-fragment=\"1\">Warnung:<\/strong><\/p>\n<ul data-mce-fragment=\"1\">\n<li data-mce-fragment=\"1\">Verursacht Verbrennungen (R34).<\/li>\n<li data-mce-fragment=\"1\">Bei Ber\u00fchrung mit den Augen sofort gr\u00fcndlich mit Wasser aussp\u00fclen und einen Arzt konsultieren (S26).<\/li>\n<li data-mce-fragment=\"1\">Suchen Sie bei einem Unfall oder Unwohlsein sofort einen Arzt auf und zeigen Sie das Etikett (S45).<\/li>\n<\/ul>\n<p data-mce-fragment=\"1\"><strong data-mce-fragment=\"1\">Zusammensetzung:<\/strong> Plagron pH Min enth\u00e4lt Wasser und Phosphors\u00e4ure (56%), eine starke pH-senkende Komponente. Es ist ein NPK-D\u00fcnger (0-43-0), der 43% wasserl\u00f6sliches Phosphorpentoxid (P2O5) enth\u00e4lt.<\/p>\n<p data-mce-fragment=\"1\"><strong data-mce-fragment=\"1\">Tipps von Plagron:<\/strong><\/p>\n<ul data-mce-fragment=\"1\">\n<li data-mce-fragment=\"1\">pH Min hat eine starke Wirkung, daher sollten Sie es f\u00fcr beste Ergebnisse schrittweise anwenden.<\/li>\n<li data-mce-fragment=\"1\">Verwenden Sie ein pH-Messger\u00e4t f\u00fcr eine genaue Dosierung und stellen Sie den richtigen pH-Wert f\u00fcr gesundes Wachstum sicher.<\/li>\n<\/ul>\n<p data-mce-fragment=\"1\">W\u00e4hlen Sie Plagron pH Min f\u00fcr eine sorgf\u00e4ltige pH-Regulierung und beobachten Sie, wie Ihre Pflanzen in einer optimalen Wachstumsumgebung gedeihen. F\u00f6rdern Sie eine gesunde Entwicklung und maximieren Sie Ihren Ertrag. Bestellen Sie jetzt und geben Sie Ihren Pflanzen das perfekte pH-Gleichgewicht, das sie brauchen.<\/p>\n","protected":false},"excerpt":{"rendered":"<p>Entdecken Sie Plagron pH Min &#8211; f\u00fcr pr\u00e4zise pH-Werte und gesundes Wachstum Plagron pH Min ist Ihr zuverl\u00e4ssiger Partner, um den pH-Wert Ihres N\u00e4hrwassers auf den optimalen Bereich von 5,5 &#8211; 6,5 zu senken.<\/p>\n","protected":false},"featured_media":26097,"template":"","meta":[],"product_brand":[],"product_cat":[566],"product_tag":[],"class_list":{"0":"post-30146","1":"product","2":"type-product","3":"status-publish","4":"has-post-thumbnail","6":"product_cat-plagron-de","8":"first","9":"instock","10":"taxable","11":"shipping-taxable","12":"purchasable","13":"product-type-simple"},"_links":{"self":[{"href":"https:\/\/greendisc.dev-project.digital\/de\/wp-json\/wp\/v2\/product\/30146","targetHints":{"allow":["GET"]}}],"collection":[{"href":"https:\/\/greendisc.dev-project.digital\/de\/wp-json\/wp\/v2\/product"}],"about":[{"href":"https:\/\/greendisc.dev-project.digital\/de\/wp-json\/wp\/v2\/types\/product"}],"version-history":[{"count":0,"href":"https:\/\/greendisc.dev-project.digital\/de\/wp-json\/wp\/v2\/product\/30146\/revisions"}],"wp:featuredmedia":[{"embeddable":true,"href":"https:\/\/greendisc.dev-project.digital\/de\/wp-json\/wp\/v2\/media\/26097"}],"wp:attachment":[{"href":"https:\/\/greendisc.dev-project.digital\/de\/wp-json\/wp\/v2\/media?parent=30146"}],"wp:term":[{"taxonomy":"product_brand","embeddable":true,"href":"https:\/\/greendisc.dev-project.digital\/de\/wp-json\/wp\/v2\/product_brand?post=30146"},{"taxonomy":"product_cat","embeddable":true,"href":"https:\/\/greendisc.dev-project.digital\/de\/wp-json\/wp\/v2\/product_cat?post=30146"},{"taxonomy":"product_tag","embeddable":true,"href":"https:\/\/greendisc.dev-project.digital\/de\/wp-json\/wp\/v2\/product_tag?post=30146"}],"curies":[{"name":"wp","href":"https:\/\/api.w.org\/{rel}","templated":true}]}}