 {"id":30137,"date":"2023-11-14T12:27:22","date_gmt":"2023-11-14T11:27:22","guid":{"rendered":"https:\/\/greendisc.dev-project.digital\/\/product\/lumatek-30w-uv-iindividuelles-zusaetzliches-licht-fuehrte-bar\/"},"modified":"2024-12-16T09:34:48","modified_gmt":"2024-12-16T08:34:48","slug":"lumatek-30w-uv-iindividuelles-zusaetzliches-licht-fuehrte-bar","status":"publish","type":"product","link":"https:\/\/greendisc.dev-project.digital\/de\/produkt\/lumatek-30w-uv-iindividuelles-zusaetzliches-licht-fuehrte-bar\/","title":{"rendered":"Lumatek 30W UV Iindividuelles zus\u00e4tzliches Licht f\u00fchrte bar"},"content":{"rendered":"<h2 data-mce-fragment=\"1\">Eine Lumatek UV-A &amp; UV-B LED-Bar, die ideale Zusatzbeleuchtung f\u00fcr besseren Geschmack und Geruch:<\/h2>\n<p data-mce-fragment=\"1\">Dieses Lumatek LED-Zusatzlicht wurde speziell entwickelt, um das Lichtspektrum in Ihrem Growroom oder Ihrer Growbox w\u00e4hrend der Bl\u00fctephase mit zus\u00e4tzlichem UV-Licht zu unterst\u00fctzen. Sie k\u00f6nnen die LED-Leiste entweder horizontal oder vertikal montieren und sie mit der beliebten Lumatek Zeus LED-Serie kombinieren. F\u00fcr etwas gr\u00f6\u00dfere Projekte k\u00f6nnen Sie diese Zusatzscheinwerfer in Reihe schalten (Daisy-Chain). Mit ihrem integrierten Netzteil nimmt die Lumatek LED-Bar 30W kaum Platz ein.<br data-mce-fragment=\"1\"><br data-mce-fragment=\"1\">Umfangreiche Untersuchungen haben gezeigt, dass die Zugabe von UV-Licht w\u00e4hrend der Bl\u00fctephase eine positive Wirkung auf die Entwicklung von Bl\u00fcten und Fr\u00fcchten hat. Der Lumatek LED-Balken wurde speziell entwickelt, um Heimz\u00fcchtern zu helfen, ein qualitativ einzigartiges und geschmackvolles Endergebnis zu erzielen, wobei der Prozentsatz aktiver extrahierbarer Stoffe um bis zu 30% steigt. Das UV-B-Spektrum hilft, Schimmel und Knospenf\u00e4ule vorzubeugen, w\u00e4hrend das UV-A-Spektrum den Bedarf an Pestiziden im Falle einer Verunreinigung reduziert.<br data-mce-fragment=\"1\"><br data-mce-fragment=\"1\">Kluge K\u00f6pfe mit gr\u00fcnem Daumen haben die idealen Strahlungsdosen bei 280-315nm UV-B und 315-400nm UV-A durch wissenschaftliche Erkenntnisse ermittelt. Ein einzelner Lumatek LED-Balken kann 2,2kJ\/Tag (12 Stunden) UV-B-Energie und 518kJ\/Tag (12 Stunden) UV-A-Energie liefern. Dies entspricht 100mW UV-B und 12.000mW UV-A. Dieser LED-Leiste von Lumatek wurde keine UV-C-Strahlung hinzugef\u00fcgt. Integrieren Sie die Zusatzbeleuchtung zusammen mit der Lumatek Zeus LED-Serie, entsprechend den Empfehlungen von Lumatek, und verbessern Sie den Beleuchtungsplan in Ihrer Growbox.<br data-mce-fragment=\"1\"><br data-mce-fragment=\"1\">Wie bei den meisten Lumatek-Produkten k\u00f6nnen Sie die LED-Zusatzlichter mit einem Daisy-Chain-Kabel in Reihe schalten. Um die Leistung des LED-Systems zu gew\u00e4hrleisten, verf\u00fcgt die LED-Leiste \u00fcber einen einzigen Eingangs- und Ausgangsbus f\u00fcr das Stromkabel oder das Daisy-Chain-Kabel, je nach Verwendung. A<span data-mce-fragment=\"1\"> <\/span><a href=\"https:\/\/greendisc.dev-project.digital\/products\/lumatek-power-cable-4m?_pos=16&amp;_sid=386dc1c0d&amp;_ss=r\" target=\"_blank\" title=\"Lumatek UV BAR Stromkabel 4m\" rel=\"noopener noreferrer\"><b data-mce-fragment=\"1\">Stromkabel (4Mtr L\u00e4nge)<\/b><\/a><span data-mce-fragment=\"1\"> <\/span>und<span data-mce-fragment=\"1\"> <\/span><a href=\"https:\/\/greendisc.dev-project.digital\/products\/lumatek-uv-bar-daisy-chain-control-cable-5m?_pos=17&amp;_sid=386dc1c0d&amp;_ss=r\" target=\"_blank\" title=\"UV BAR Daisy Chain Kabel\" rel=\"noopener noreferrer\"><b data-mce-fragment=\"1\">Daisy-Chain-Kabel (1.5Mtr L\u00e4nge)<\/b><\/a><span data-mce-fragment=\"1\"> <\/span>sind separat erh\u00e4ltlich und<span data-mce-fragment=\"1\"> <\/span><b data-mce-fragment=\"1\">nicht im Lieferumfang enthalten<\/b>.<br data-mce-fragment=\"1\"><br data-mce-fragment=\"1\"><b data-mce-fragment=\"1\">Anwendungen in Kombination mit einem Lumatek Zeus LED-Zuchtlicht:<\/b><br data-mce-fragment=\"1\">Das Lumatek 30W UV-Hilfslicht ist so konzipiert, dass es direkt mit allen erh\u00e4ltlichen Zeus LED-Scheinwerfern geschaltet werden kann. Integrieren Sie mindestens zwei der Lumatek LED-Balken in Ihren Grow Room. F\u00fcr beste Ergebnisse empfiehlt Lumatek eine Kombination mit den folgenden Modellen von LED-Zuchtlampen:<\/p>\n<ul data-mce-fragment=\"1\">\n<li data-mce-fragment=\"1\">Zeus 465W 2.6 &#8211; 1.2 x 1.2Mtr Anbaufl\u00e4che<\/li>\n<li data-mce-fragment=\"1\">Zeus 600W 2.6 &#8211; 1.4 x 1.4Mtr Anbaufl\u00e4che<\/li>\n<li data-mce-fragment=\"1\">Zeus 465W PRO 2.9 &#8211; 1.2 x 1.2Mtr Anbaufl\u00e4che<\/li>\n<li data-mce-fragment=\"1\">Zeus 600W PRO 2.9 &#8211; 1.5 x 1.5Mtr Anbaufl\u00e4che<\/li>\n<li data-mce-fragment=\"1\">Zeus 1000W Xtreme CO\u00b2 &#8211; 1.5 x 1.5Mtr Wachstumsfl\u00e4che &#8211; mit CO\u00b2 Zusatz<\/li>\n<li data-mce-fragment=\"1\">Zeus 1000W PRO &#8211; 1.5 x 2.0Mtr. Anbaufl\u00e4che: Installieren Sie mindestens 3 LED-Leisten, auf Anraten des Herstellers<\/li>\n<\/ul>\n<p data-mce-fragment=\"1\"><b data-mce-fragment=\"1\">Empfohlene Verwendung von UV-B + UV-A Strahlung:<\/b><span data-mce-fragment=\"1\"> <\/span>Mischen Sie die zus\u00e4tzliche UVB- und UVA-Strahlung immer mit dem oben erw\u00e4hnten Lumatek Zeus Vollspektrum-LED-Zuchtlicht. Beginnen Sie mit einer Beleuchtungsdauer von 12 Stunden oder weniger. Die besten Ergebnisse erzielen Sie, wenn Sie die UV-Hilfsbeleuchtung w\u00e4hrend der Bl\u00fctephase und mindestens vier Wochen vor der Ernte einsetzen.<br data-mce-fragment=\"1\">Sollten Ihre Pflanzen die zus\u00e4tzlichen Strahlungsdosen von UV-A und UV-B nicht gut vertragen, vergr\u00f6\u00dfern Sie den Abstand zwischen UV-Lampe und Pflanze oder versuchen Sie, die Lichtleistung zu reduzieren, indem Sie die Anzahl der Lichtstunden verringern.<br data-mce-fragment=\"1\"><br data-mce-fragment=\"1\"><b data-mce-fragment=\"1\">Vorsichtsma\u00dfnahmen beim Umgang mit dem Lumatek 30W UV-Hilfslicht:<\/b><span data-mce-fragment=\"1\"> <\/span>Der Lumatek 30W LED-Balken erzeugt elektromagnetische Strahlung im UV-B (ungef\u00e4hres UV-Erythem) und UV-A (ungef\u00e4hres UV-Schwarzlicht) Spektrum mit Wellenl\u00e4ngen von 280 bis 400nm. Wir empfehlen Ihnen, angemessene Vorsichtsma\u00dfnahmen zu treffen, wenn Sie die UV-Beleuchtung in Ihrem Grow Room t\u00e4glich verwenden:<\/p>\n<ul data-mce-fragment=\"1\">\n<li data-mce-fragment=\"1\">Um unerw\u00fcnschte k\u00f6rperliche Auswirkungen zu vermeiden, stellen Sie sicher, dass das UV-Licht ausgeschaltet ist, wenn Sie den Growraum oder die Growbox betreten.<\/li>\n<li data-mce-fragment=\"1\">Sollte es nicht m\u00f6glich sein, das Licht auszuschalten, zum Beispiel w\u00e4hrend der Bew\u00e4sserung: Bedecken Sie alle freiliegenden Hautpartien mit lichtundurchl\u00e4ssigem Material. Dies gilt auch f\u00fcr das Gesicht, den Hals, den Kopf, die H\u00e4nde und die Handgelenke.<\/li>\n<li data-mce-fragment=\"1\">Tragen Sie angemessene und sch\u00fctzende Kleidung: lange Hosen, geschlossene Schuhe, Handschuhe, einen Pullover oder eine Jacke mit langen \u00c4rmeln und eine Schutzbrille mit UV-Schutz.<\/li>\n<li data-mce-fragment=\"1\">Schauen Sie niemals direkt in das Licht, da die UV-B-Strahlung der LED-Lampe Augen und Haut sch\u00e4digen kann.<\/li>\n<li data-mce-fragment=\"1\">Sorgen Sie f\u00fcr einen konstanten Luftstrom um die Lampen herum, um einen Hitzestau zu vermeiden. Eine zu hohe Betriebstemperatur kann die Lebensdauer der LED-Leiste drastisch reduzieren.<\/li>\n<li data-mce-fragment=\"1\">Bringen Sie die LED-Leiste nicht mit einer anderen Oberfl\u00e4che in Kontakt, w\u00e4hrend sie noch eingeschaltet ist.<\/li>\n<li data-mce-fragment=\"1\">Diese Art von Grow-Licht ist nur f\u00fcr die Verwendung mit Pflanzen geeignet.<\/li>\n<\/ul>\n<p data-mce-fragment=\"1\"><b data-mce-fragment=\"1\">Merkmale:<\/b><\/p>\n<ul data-mce-fragment=\"1\">\n<li data-mce-fragment=\"1\">Prozentualer Anteil aktiver extrahierbarer Stoffe bis zu 30%<\/li>\n<li data-mce-fragment=\"1\">Vorbeugend gegen Schimmel<\/li>\n<li data-mce-fragment=\"1\">Reduziert den Bedarf an Pestiziden<\/li>\n<li data-mce-fragment=\"1\">Direkte Auswirkung auf Geschmack und Geruch<\/li>\n<li data-mce-fragment=\"1\">Verl\u00e4ngert die Lebensspanne von Pflanzen<\/li>\n<li data-mce-fragment=\"1\">Ausgestattet mit Top Bin LED UV-Chips<\/li>\n<li data-mce-fragment=\"1\">Zusatzbeleuchtung f\u00fcr alle Lumatek Zeus Vollspektrum-LEDs<\/li>\n<li data-mce-fragment=\"1\">Leicht zu h\u00e4ngen<\/li>\n<li data-mce-fragment=\"1\">Plug and Play: interner LED-Treiber<\/li>\n<li data-mce-fragment=\"1\">Daisy-Chain schaltbar<\/li>\n<li data-mce-fragment=\"1\">Passive K\u00fchlung<\/li>\n<li data-mce-fragment=\"1\">IP-Schutzklasse: IP65<\/li>\n<li data-mce-fragment=\"1\">Netzkabel (4Mtr) &amp; Daisy-Chain-Kabel (1,5Mtr) separat erh\u00e4ltlich<\/li>\n<\/ul>\n<p data-mce-fragment=\"1\"><b data-mce-fragment=\"1\">Technische Daten:<\/b><\/p>\n<ul data-mce-fragment=\"1\">\n<li data-mce-fragment=\"1\">UV-B (280-315 nm): 100 mW<\/li>\n<li data-mce-fragment=\"1\">UV-A (315-400 nm): 1200 mW<\/li>\n<li data-mce-fragment=\"1\">Eingangsspannung: 20-240V AC, 50-60 HZ<\/li>\n<li data-mce-fragment=\"1\">Treiber: 30W, 220-240V AC, integriert<\/li>\n<li data-mce-fragment=\"1\">Eingangsleistung: 30 W (\u00b15%)<\/li>\n<li data-mce-fragment=\"1\">Beleuchtungsfl\u00e4che: 1.2 x 0.6Mtr<\/li>\n<li data-mce-fragment=\"1\">Anwendung: Etagenanbau, Grow Room, Grow Box<\/li>\n<li data-mce-fragment=\"1\">IP-Schutzklasse: IP65<\/li>\n<li data-mce-fragment=\"1\">Lebensdauer: L90 &gt; 8.500 Betriebsstunden<\/li>\n<li data-mce-fragment=\"1\">Abstrahlwinkel: 140\u00b0<\/li>\n<li data-mce-fragment=\"1\">Lichtquelle: UV-B und UV-A, interne Dioden<\/li>\n<li data-mce-fragment=\"1\">Gesamtzahl der Dioden: 8x UV-B, 40x UV-A<\/li>\n<li data-mce-fragment=\"1\">Dimmbar: Nein<\/li>\n<li data-mce-fragment=\"1\">Externe Steuerung: Nein<\/li>\n<li data-mce-fragment=\"1\">Daisy-Chain (Daisy-Chain): Ja<\/li>\n<li data-mce-fragment=\"1\">Gewicht: 1.2Kg<\/li>\n<li data-mce-fragment=\"1\">Abmessungen: 1000 x 48 x 42mm<\/li>\n<li data-mce-fragment=\"1\">W\u00e4rmemanagement: passiv<\/li>\n<li data-mce-fragment=\"1\">Leistungsfaktor: &gt; 0,98<\/li>\n<li data-mce-fragment=\"1\">BTU: 102 BTUs\/h<\/li>\n<li data-mce-fragment=\"1\">Bescheinigungen: CE zertifiziert<\/li>\n<\/ul>\n<p data-mce-fragment=\"1\"><b data-mce-fragment=\"1\">Im Lieferumfang enthalten:<\/b><\/p>\n<ul data-mce-fragment=\"1\">\n<li data-mce-fragment=\"1\">1 x 30W Lumatek UV-Hilfslicht LED-Leiste<\/li>\n<li data-mce-fragment=\"1\">2 x Haken aus rostfreiem Stahl<\/li>\n<\/ul>\n","protected":false},"excerpt":{"rendered":"<p>Eine Lumatek UV-A &amp; UV-B LED-Bar, die ideale Zusatzbeleuchtung f\u00fcr besseren Geschmack und Geruch:Dieses Lumatek LED-Zusatzlicht wurde speziell entwickelt, um das Lichtspektrum in Ihrem Growroom oder Ihrer Growbox w\u00e4hrend der Bl\u00fctephase mit zus\u00e4tzlichem UV-Licht zu unterst\u00fctzen.<\/p>\n","protected":false},"featured_media":25599,"template":"","meta":[],"product_brand":[],"product_cat":[337,564,355],"product_tag":[],"class_list":{"0":"post-30137","1":"product","2":"type-product","3":"status-publish","4":"has-post-thumbnail","6":"product_cat-beleuchtung","7":"product_cat-led-lumatek-de","8":"product_cat-led-leuchten","10":"first","11":"instock","12":"taxable","13":"shipping-taxable","14":"purchasable","15":"product-type-simple"},"_links":{"self":[{"href":"https:\/\/greendisc.dev-project.digital\/de\/wp-json\/wp\/v2\/product\/30137","targetHints":{"allow":["GET"]}}],"collection":[{"href":"https:\/\/greendisc.dev-project.digital\/de\/wp-json\/wp\/v2\/product"}],"about":[{"href":"https:\/\/greendisc.dev-project.digital\/de\/wp-json\/wp\/v2\/types\/product"}],"version-history":[{"count":0,"href":"https:\/\/greendisc.dev-project.digital\/de\/wp-json\/wp\/v2\/product\/30137\/revisions"}],"wp:featuredmedia":[{"embeddable":true,"href":"https:\/\/greendisc.dev-project.digital\/de\/wp-json\/wp\/v2\/media\/25599"}],"wp:attachment":[{"href":"https:\/\/greendisc.dev-project.digital\/de\/wp-json\/wp\/v2\/media?parent=30137"}],"wp:term":[{"taxonomy":"product_brand","embeddable":true,"href":"https:\/\/greendisc.dev-project.digital\/de\/wp-json\/wp\/v2\/product_brand?post=30137"},{"taxonomy":"product_cat","embeddable":true,"href":"https:\/\/greendisc.dev-project.digital\/de\/wp-json\/wp\/v2\/product_cat?post=30137"},{"taxonomy":"product_tag","embeddable":true,"href":"https:\/\/greendisc.dev-project.digital\/de\/wp-json\/wp\/v2\/product_tag?post=30137"}],"curies":[{"name":"wp","href":"https:\/\/api.w.org\/{rel}","templated":true}]}}