 {"id":30132,"date":"2023-11-14T12:27:37","date_gmt":"2023-11-14T11:27:37","guid":{"rendered":"https:\/\/greendisc.dev-project.digital\/\/product\/lumatek-zeus-600w-2-6\/"},"modified":"2024-12-16T09:34:46","modified_gmt":"2024-12-16T08:34:46","slug":"lumatek-zeus-600w-2-6","status":"publish","type":"product","link":"https:\/\/greendisc.dev-project.digital\/de\/produkt\/lumatek-zeus-600w-2-6\/","title":{"rendered":"Lumatek ZEUS 600W 2.6"},"content":{"rendered":"<p><meta charset=\"utf-8\"><\/p>\n<p data-mce-fragment=\"1\">Das 600W Zeus LED-System besteht aus hochwertigen Lumatek-Treibern und LEDs von Osram und Lumileds pHilips und erzeugt eine <strong>Vollspektrum-Lichtquelle<\/strong>, die ideal f\u00fcr die Bl\u00fcte und den Pflanzenzyklus ist. F\u00fcr andere Zeitr\u00e4ume kann das Licht gedimmt werden, ohne die Effizienz zu beeintr\u00e4chtigen. Die hocheffiziente und <span style=\"text-decoration: underline;\">energieeffiziente<\/span> LED-Konfiguration mit sechs LED-Strahlen senkt die Temperatur der KEDs, indem sie die Leistung erh\u00f6ht und die Lichterhaltung verbessert.<\/p>\n<p data-mce-fragment=\"1\">Das 600W Zeus LED-System kann auch \u00fcber einen <a href=\"https:\/\/greendisc.dev-project.digital\/products\/lumatek-digital-panel-plus-2-0\" target=\"_blank\" title=\"Lumatek Digitales Bedienfeld Plus 2.0\" rel=\"noopener noreferrer\">digitalen Lumatek-Lichtcontroller<\/a> mit automatischer Dimmung, Temperatursicherheitskontrolle, Sonnenauf- und -untergangsmodus f\u00fcr <strong>bis zu 100 Ger\u00e4te<\/strong> pro Controller gesteuert werden.<\/p>\n<p data-mce-fragment=\"1\"><strong data-mce-fragment=\"1\">Vorteile<\/strong><\/p>\n<ul data-mce-fragment=\"1\">\n<li data-mce-fragment=\"1\">6 einstellbare magnetische Leuchtbalken<\/li>\n<li data-mce-fragment=\"1\">Vollst\u00e4ndig dimmbar<\/li>\n<li data-mce-fragment=\"1\">Extern lenkbar (optional)<\/li>\n<\/ul>\n<p data-mce-fragment=\"1\"><strong data-mce-fragment=\"1\">Spezifikationen<\/strong><\/p>\n<ul data-mce-fragment=\"1\">\n<li data-mce-fragment=\"1\">Wirkungsgrad: 2,6 umol \/ J<\/li>\n<li data-mce-fragment=\"1\">PPF: bis zu 1560 umol\/s<\/li>\n<li data-mce-fragment=\"1\">Leistungsaufnahme: 600W (2,72A)<\/li>\n<li data-mce-fragment=\"1\">Grundfl\u00e4che: 1,4 x 1,4 m x 0,5 m H<\/li>\n<li data-mce-fragment=\"1\">IP: IP65<\/li>\n<li data-mce-fragment=\"1\">Spektrum: ma\u00dfgeschneidertes Vollspektrum<\/li>\n<li data-mce-fragment=\"1\">Lebensdauer: bis zu 60.000 Stunden<\/li>\n<li data-mce-fragment=\"1\">Lichtverteilung: 120\u00ba<\/li>\n<\/ul>\n","protected":false},"excerpt":{"rendered":"<p>Das 600W Zeus LED-System besteht aus hochwertigen Lumatek-Treibern und LEDs von Osram und Lumileds pHilips und erzeugt eine Vollspektrum-Lichtquelle, die ideal f\u00fcr die Bl\u00fcte und den Pflanzenzyklus ist.<\/p>\n","protected":false},"featured_media":25653,"template":"","meta":[],"product_brand":[],"product_cat":[337,564,355],"product_tag":[],"class_list":{"0":"post-30132","1":"product","2":"type-product","3":"status-publish","4":"has-post-thumbnail","6":"product_cat-beleuchtung","7":"product_cat-led-lumatek-de","8":"product_cat-led-leuchten","10":"first","11":"instock","12":"taxable","13":"shipping-taxable","14":"purchasable","15":"product-type-simple"},"_links":{"self":[{"href":"https:\/\/greendisc.dev-project.digital\/de\/wp-json\/wp\/v2\/product\/30132","targetHints":{"allow":["GET"]}}],"collection":[{"href":"https:\/\/greendisc.dev-project.digital\/de\/wp-json\/wp\/v2\/product"}],"about":[{"href":"https:\/\/greendisc.dev-project.digital\/de\/wp-json\/wp\/v2\/types\/product"}],"version-history":[{"count":0,"href":"https:\/\/greendisc.dev-project.digital\/de\/wp-json\/wp\/v2\/product\/30132\/revisions"}],"wp:featuredmedia":[{"embeddable":true,"href":"https:\/\/greendisc.dev-project.digital\/de\/wp-json\/wp\/v2\/media\/25653"}],"wp:attachment":[{"href":"https:\/\/greendisc.dev-project.digital\/de\/wp-json\/wp\/v2\/media?parent=30132"}],"wp:term":[{"taxonomy":"product_brand","embeddable":true,"href":"https:\/\/greendisc.dev-project.digital\/de\/wp-json\/wp\/v2\/product_brand?post=30132"},{"taxonomy":"product_cat","embeddable":true,"href":"https:\/\/greendisc.dev-project.digital\/de\/wp-json\/wp\/v2\/product_cat?post=30132"},{"taxonomy":"product_tag","embeddable":true,"href":"https:\/\/greendisc.dev-project.digital\/de\/wp-json\/wp\/v2\/product_tag?post=30132"}],"curies":[{"name":"wp","href":"https:\/\/api.w.org\/{rel}","templated":true}]}}