 {"id":30127,"date":"2023-11-14T12:27:36","date_gmt":"2023-11-14T11:27:36","guid":{"rendered":"https:\/\/greendisc.dev-project.digital\/\/product\/lumatek-zeus-465w-pro-2-9\/"},"modified":"2024-12-16T09:34:45","modified_gmt":"2024-12-16T08:34:45","slug":"lumatek-zeus-465w-pro-2-9","status":"publish","type":"product","link":"https:\/\/greendisc.dev-project.digital\/de\/produkt\/lumatek-zeus-465w-pro-2-9\/","title":{"rendered":"Lumatek ZEUS 465W PRO 2.9"},"content":{"rendered":"<p><meta charset=\"utf-8\"><\/p>\n<p data-mce-fragment=\"1\">Die Lumatek Zeus-Serie geh\u00f6rt zu den absoluten Spitzenprodukten der Gartenbau-Beleuchtung. M\u00f6chten Sie Ihren Pflanzen und Nutzpflanzen die bestm\u00f6gliche Beleuchtung bieten? Dann ist das Zeus das perfekte Grow-Licht f\u00fcr Sie. Diese Lumatek ZEUS 465W PRO 2.9 ist leicht und mit f\u00fcnf leistungsstarken linearen Vollspektrum-LED-Strahlen mit einem kombinierten PPF von 1353 \u00b5mol\/s und einer Effizienz von 2,9 \u00b5mol\/J ausgestattet. Dies garantiert Ihnen eine optimale Beleuchtung w\u00e4hrend des gesamten Wachstums- und Bl\u00fctezyklus der Pflanze. Dank der gleichm\u00e4\u00dfigen Lichtverteilung und der sehr geringen W\u00e4rmeentwicklung laufen Sie auch nicht Gefahr, die Pflanzen zu sch\u00e4digen.<\/p>\n<p data-mce-fragment=\"1\">Der Zeus verf\u00fcgt \u00fcber einen Treiber mit Dimmfunktion, so dass Sie die Lichtintensit\u00e4t selbst einstellen k\u00f6nnen. Es ist auch m\u00f6glich, bis zu hundert Zeus-Scheinwerfer an das Lumatek Control Panel anzuschlie\u00dfen. Dann k\u00f6nnen Sie die Scheinwerfer vollautomatisch \u00fcber ein einziges Panel steuern und unter anderem den Temperaturschutz nutzen.<span class=\"Apple-converted-space\" data-mce-fragment=\"1\"> <\/span><\/p>\n","protected":false},"excerpt":{"rendered":"<p>Die Lumatek Zeus-Serie geh\u00f6rt zu den absoluten Spitzenprodukten der Gartenbau-Beleuchtung. M\u00f6chten Sie Ihren Pflanzen und Nutzpflanzen die bestm\u00f6gliche Beleuchtung bieten? Dann ist das Zeus das perfekte Grow-Licht f\u00fcr Sie.<\/p>\n","protected":false},"featured_media":25647,"template":"","meta":[],"product_brand":[],"product_cat":[337,564,355],"product_tag":[],"class_list":{"0":"post-30127","1":"product","2":"type-product","3":"status-publish","4":"has-post-thumbnail","6":"product_cat-beleuchtung","7":"product_cat-led-lumatek-de","8":"product_cat-led-leuchten","10":"first","11":"instock","12":"taxable","13":"shipping-taxable","14":"purchasable","15":"product-type-simple"},"_links":{"self":[{"href":"https:\/\/greendisc.dev-project.digital\/de\/wp-json\/wp\/v2\/product\/30127","targetHints":{"allow":["GET"]}}],"collection":[{"href":"https:\/\/greendisc.dev-project.digital\/de\/wp-json\/wp\/v2\/product"}],"about":[{"href":"https:\/\/greendisc.dev-project.digital\/de\/wp-json\/wp\/v2\/types\/product"}],"version-history":[{"count":0,"href":"https:\/\/greendisc.dev-project.digital\/de\/wp-json\/wp\/v2\/product\/30127\/revisions"}],"wp:featuredmedia":[{"embeddable":true,"href":"https:\/\/greendisc.dev-project.digital\/de\/wp-json\/wp\/v2\/media\/25647"}],"wp:attachment":[{"href":"https:\/\/greendisc.dev-project.digital\/de\/wp-json\/wp\/v2\/media?parent=30127"}],"wp:term":[{"taxonomy":"product_brand","embeddable":true,"href":"https:\/\/greendisc.dev-project.digital\/de\/wp-json\/wp\/v2\/product_brand?post=30127"},{"taxonomy":"product_cat","embeddable":true,"href":"https:\/\/greendisc.dev-project.digital\/de\/wp-json\/wp\/v2\/product_cat?post=30127"},{"taxonomy":"product_tag","embeddable":true,"href":"https:\/\/greendisc.dev-project.digital\/de\/wp-json\/wp\/v2\/product_tag?post=30127"}],"curies":[{"name":"wp","href":"https:\/\/api.w.org\/{rel}","templated":true}]}}