 {"id":30126,"date":"2023-11-14T12:27:28","date_gmt":"2023-11-14T11:27:28","guid":{"rendered":"https:\/\/greendisc.dev-project.digital\/\/product\/lumatek-attis-300w-pro\/"},"modified":"2024-12-16T09:34:44","modified_gmt":"2024-12-16T08:34:44","slug":"lumatek-attis-300w-pro","status":"publish","type":"product","link":"https:\/\/greendisc.dev-project.digital\/de\/produkt\/lumatek-attis-300w-pro\/","title":{"rendered":"Lumatek Attis 300w pro"},"content":{"rendered":"<p><meta charset=\"utf-8\"><span data-mce-fragment=\"1\">Der Lumatek Attis 300W pro ist mit der neuesten Generation der Lumatek LED-Beleuchtung ausgestattet. Sie besteht aus einer ausgewogenen Mischung aus wei\u00dfen, tiefroten und weitroten (d.h. kurz vor Infrarot) LED-Dioden. Das Ergebnis ist eine stabile Lichtquelle, die sich durch eine hohe Intensit\u00e4t auszeichnet (300W LED ist vergleichbar mit einer 600W HPS-Lampe) und ideal f\u00fcr die Optimierung des gesamten Wachstumszyklus ist, von der Keimung bis zur Bl\u00fcte. Und da die Lumatek-Lampe mit passiver Konvektionsk\u00fchlung arbeitet, ist kein Ventilator erforderlich. Das macht ihn besonders robust, leise und langlebig.<\/span><\/p>\n","protected":false},"excerpt":{"rendered":"<p>Der Lumatek Attis 300W pro ist mit der neuesten Generation der Lumatek LED-Beleuchtung ausgestattet. Sie besteht aus einer ausgewogenen Mischung aus wei\u00dfen, tiefroten und weitroten (d.h. kurz vor Infrarot) LED-Dioden.<\/p>\n","protected":false},"featured_media":25623,"template":"","meta":[],"product_brand":[],"product_cat":[337,564,355],"product_tag":[],"class_list":{"0":"post-30126","1":"product","2":"type-product","3":"status-publish","4":"has-post-thumbnail","6":"product_cat-beleuchtung","7":"product_cat-led-lumatek-de","8":"product_cat-led-leuchten","10":"first","11":"instock","12":"taxable","13":"shipping-taxable","14":"purchasable","15":"product-type-simple"},"_links":{"self":[{"href":"https:\/\/greendisc.dev-project.digital\/de\/wp-json\/wp\/v2\/product\/30126","targetHints":{"allow":["GET"]}}],"collection":[{"href":"https:\/\/greendisc.dev-project.digital\/de\/wp-json\/wp\/v2\/product"}],"about":[{"href":"https:\/\/greendisc.dev-project.digital\/de\/wp-json\/wp\/v2\/types\/product"}],"version-history":[{"count":0,"href":"https:\/\/greendisc.dev-project.digital\/de\/wp-json\/wp\/v2\/product\/30126\/revisions"}],"wp:featuredmedia":[{"embeddable":true,"href":"https:\/\/greendisc.dev-project.digital\/de\/wp-json\/wp\/v2\/media\/25623"}],"wp:attachment":[{"href":"https:\/\/greendisc.dev-project.digital\/de\/wp-json\/wp\/v2\/media?parent=30126"}],"wp:term":[{"taxonomy":"product_brand","embeddable":true,"href":"https:\/\/greendisc.dev-project.digital\/de\/wp-json\/wp\/v2\/product_brand?post=30126"},{"taxonomy":"product_cat","embeddable":true,"href":"https:\/\/greendisc.dev-project.digital\/de\/wp-json\/wp\/v2\/product_cat?post=30126"},{"taxonomy":"product_tag","embeddable":true,"href":"https:\/\/greendisc.dev-project.digital\/de\/wp-json\/wp\/v2\/product_tag?post=30126"}],"curies":[{"name":"wp","href":"https:\/\/api.w.org\/{rel}","templated":true}]}}