 {"id":30123,"date":"2023-11-14T12:27:35","date_gmt":"2023-11-14T11:27:35","guid":{"rendered":"https:\/\/greendisc.dev-project.digital\/\/product\/lumatek-zeus-1000w-xtreme-ppfd-co2\/"},"modified":"2024-12-16T09:34:44","modified_gmt":"2024-12-16T08:34:44","slug":"lumatek-zeus-1000w-xtreme-ppfd-co2","status":"publish","type":"product","link":"https:\/\/greendisc.dev-project.digital\/de\/produkt\/lumatek-zeus-1000w-xtreme-ppfd-co2\/","title":{"rendered":"Lumatek ZEUS 1000W Xtreme PPFD CO2"},"content":{"rendered":"<p><meta charset=\"utf-8\"><\/p>\n<p>Das leistungsst\u00e4rkste Grow-Licht auf dem Markt ist da!<br \/>Die <strong>Lumatek Zeus 1000W Xtreme PPFD CO2 LED<\/strong>. Mit einer Abdeckung von 1,5&#215;1,5 Metern und zus\u00e4tzlichem CO2 f\u00fcr optimale Effizienz und Ergebnisse setzt diese Lampe den Standard f\u00fcr Gartenbau-Beleuchtung h\u00f6her als je zuvor.<\/p>\n<p>Die Lumatek Zeus 1000W Xtreme PPFD CO2 LED ist ein linearer Multilichtbalken, der <span style=\"text-decoration: underline;\">extrem hohe PPF-Werte<\/span> von 2925 \u00b5mol\/s und eine sehr hohe Effizienz von bis zu 2,9 umol\/J erzeugt. Die Effizienz des Ger\u00e4ts kann je nach der verwendeten Eingangsspannung variieren.<\/p>\n<p>Als Pionier des innovativen, modularen, magnetischen LED-Lichtbalkendesigns bietet Lumatek hochwertige LED-Beleuchtung f\u00fcr den Gartenbau an, die sich f\u00fcr die G\u00e4rtner deutlich auszahlt. Unsere Vollspektrum-LED-L\u00f6sungen f\u00fcr den Gartenbau sorgen f\u00fcr ein Gleichgewicht zwischen Lichtqualit\u00e4t (Spektren) und Lichtmenge (Intensit\u00e4t und Dauer), um eine ausgewogene Lichtverteilung und gleichm\u00e4\u00dfige Streuung zu gew\u00e4hrleisten.<\/p>\n<p>Die Zeus 1000W Xtreme PPFD CO2 erzeugt eine extrem hohe Lichtintensit\u00e4t, die den Einsatz von zus\u00e4tzlichem CO2 f\u00fcr diejenigen erforderlich macht, die in 1,5&#215;1,5 Meter gro\u00dfen R\u00e4umen mit kurzen Abst\u00e4nden von der Krone zum Licht anbauen m\u00f6chten.<\/p>\n<p>Die Verwendung von CO2 mit dieser Leuchte ist nicht zwingend erforderlich. Wenn Sie sich jedoch f\u00fcr eine Verwendung ohne CO2 entscheiden, empfehlen wir Ihnen, einen gr\u00f6\u00dferen Abstand von der Krone zur Leuchte einzuhalten. Dies gew\u00e4hrleistet optimale PPFD-Werte je nach Wachstumsstadium. Bei Verwendung der letztgenannten Methode betr\u00e4gt der erwartete optimale Erfassungsbereich 1,8&#215;1,8 Meter, allerdings mit einer geringeren Konzentration der PPFD-Intensit\u00e4t.<\/p>\n<p>Die Zugabe von Kohlendioxid (CO2) in Ihrer kontrollierten Umgebung kann bei richtiger Anwendung die Ernteertr\u00e4ge erheblich steigern. Als allgemeine Regel gilt: Wenn Sie den Wert von 1000 \u00b5mol\/s\/m2 PPFD \u00fcberschreiten, sollten Sie 1:1 mit CO2 PPM arbeiten &#8211; bis zu 1500. Bei einem maximalen PPFD-Wert von 1500 \u00b5mol\/s\/m2 w\u00fcrde der CO2-Gehalt also 1500 PPM betragen (etwas niedriger, 1400 PPM sind f\u00fcr den Anfang am sichersten).<\/p>\n<p>Die neue Zeus-Linie wird mit hochwertigen Lumatek-Treibern und der neuesten Generation von Top-Bin-LEDs von Lumileds und Osram hergestellt. Dies erzeugt eine Vollspektrum-Lichtquelle, die ideal f\u00fcr die Vegetations- und Bl\u00fctezyklen ist. Ein weiteres neues Merkmal dieser Serie ist die Clear Glue Schutzabdeckungstechnologie auf den LED-Leisten, die eine h\u00f6here Lichtdurchl\u00e4ssigkeit von 99% ohne Lichtverlust, eine l\u00e4ngere Lebensdauer der Dioden, zus\u00e4tzliche Korrosionsbest\u00e4ndigkeit und eine hohe Wasserdichtigkeit von IP65 erreicht. F\u00fcr die Grundpflege reinigen Sie die St\u00e4be einfach mit einem feuchten Tuch.<\/p>\n<p>F\u00fcr verschiedene Sorten, Vermehrungsarten und vegetative Wachstumsperioden kann Zeus gedimmt werden, ohne die Effizienz zu verringern. Die hocheffiziente und niedrige LED-Konfiguration mit 10 LED-Leisten reduziert die Temperatur der LEDs, erh\u00f6ht die Leistung und verbessert die Lichtwartung.<\/p>\n<p><span style=\"text-decoration: underline;\">Externe Kontrolle<\/span> <br \/>Diese Lumatek LED-Leuchte kann auch extern mit einer digitalen Beleuchtungssteuerung von Lumatek (Digital Panel Plus 2.0) gesteuert werden, die Lichtsteuerung, automatisches Dimmen (1%-Schritte), Temperatursicherheitskontrolle, Sonnenaufgangs- und Sonnenuntergangsmodus f\u00fcr bis zu 100 Leuchten pro Steuerung bietet.<\/p>\n<p><span style=\"text-decoration: underline;\">Kompatibilit\u00e4t mit Universalcontrollern<\/span><br \/>  Lumatek LED-Leuchten k\u00f6nnen mit dem Lumatek Digital Panel Plus 2.0 oder jedem anderen Steuerungssystem, das ein 0-10V-Ausgangssignal verwendet, vollst\u00e4ndig gesteuert werden. Auch wenn Ihr Universalcontroller \u00fcber eine RJ-Port-Schnittstelle verf\u00fcgt, k\u00f6nnen Sie unsere LEDs verwenden, indem Sie einen Signalwandler RJ zu 0-10V Steueradapter verwenden.<\/p>\n<\/p>\n<p><meta charset=\"utf-8\"><span><strong>Wichtige Spezifikationen:<\/strong> <br \/><\/span><\/p>\n<ul>\n<li><span><strong>Produkt-Code:<\/strong> LUMLED003  <\/span><\/li>\n<li><span><strong>Ausbeute:<\/strong> bis zu 2,9 \u00b5mol\/J  <\/span><\/li>\n<li><span><strong>PPF:<\/strong> 2925 \u00b5mol\/s  <\/span><\/li>\n<li><span><strong>Eingangsspannung:<\/strong> 220-240V, 50-60Hz  <\/span><\/li>\n<li><span><strong>Eingangsleistung:<\/strong> 1025W (\u00b15%)  <\/span><\/li>\n<li><span><strong>Stellfl\u00e4che:<\/strong> 1,5&#215;1,5m mit CO2-Zusatz;  <\/span><\/li>\n<li><span>1.8&#215;1.8m ohne CO2-Zusatz in h\u00f6heren Lagen.  <\/span><\/li>\n<li><span><strong>Wasserdicht:<\/strong> IP65  <\/span><\/li>\n<li><span><strong>Lebenserwartung:<\/strong> 60 000 Stunden  <\/span><\/li>\n<li><span><strong>Lichtverteilung:<\/strong> 120\u00b0  <\/span><\/li>\n<li><span><strong>Lichtquelle:<\/strong> hochspezifische Dioden von Osram und Lumileds  <\/span><\/li>\n<li><span><strong>Dimmbar:<\/strong> %-100% mit 0-10V Lichtdimmer (im Lieferumfang enthalten)  <\/span><\/li>\n<li><span><strong>Externe Steuerung:<\/strong> Mit Lumatek Digital Panel Plus 2.0  <\/span><\/li>\n<li><span><strong>Gewicht:<\/strong> 18 kg  <\/span><\/li>\n<li><span><strong>Abmessungen:<\/strong> 1181.2x1091x105.7 mm  <\/span><\/li>\n<li><span><strong>Spektrum:<\/strong> Volles Spektrum F  <\/span><\/li>\n<li><span>BTU (mit angeschlossenem Treiber): 3668 BTU\/h (max)  <\/span><\/li>\n<li><span>BTU (mit entferntem Treiber): 3411 BTU\/h (max)<\/span><\/li>\n<\/ul>\n","protected":false},"excerpt":{"rendered":"<p>Das leistungsst\u00e4rkste Grow-Licht auf dem Markt ist da!Die Lumatek Zeus 1000W Xtreme PPFD CO2 LED. Mit einer Abdeckung von 1,5&#215;1,5 Metern und zus\u00e4tzlichem CO2 f\u00fcr optimale Effizienz und Ergebnisse setzt diese Lampe den Standard f\u00fcr Gartenbau-Beleuchtung h\u00f6her als je zuvor.<\/p>\n","protected":false},"featured_media":25643,"template":"","meta":[],"product_brand":[],"product_cat":[337,564,355],"product_tag":[],"class_list":{"0":"post-30123","1":"product","2":"type-product","3":"status-publish","4":"has-post-thumbnail","6":"product_cat-beleuchtung","7":"product_cat-led-lumatek-de","8":"product_cat-led-leuchten","10":"first","11":"instock","12":"taxable","13":"shipping-taxable","14":"purchasable","15":"product-type-simple"},"_links":{"self":[{"href":"https:\/\/greendisc.dev-project.digital\/de\/wp-json\/wp\/v2\/product\/30123","targetHints":{"allow":["GET"]}}],"collection":[{"href":"https:\/\/greendisc.dev-project.digital\/de\/wp-json\/wp\/v2\/product"}],"about":[{"href":"https:\/\/greendisc.dev-project.digital\/de\/wp-json\/wp\/v2\/types\/product"}],"version-history":[{"count":0,"href":"https:\/\/greendisc.dev-project.digital\/de\/wp-json\/wp\/v2\/product\/30123\/revisions"}],"wp:featuredmedia":[{"embeddable":true,"href":"https:\/\/greendisc.dev-project.digital\/de\/wp-json\/wp\/v2\/media\/25643"}],"wp:attachment":[{"href":"https:\/\/greendisc.dev-project.digital\/de\/wp-json\/wp\/v2\/media?parent=30123"}],"wp:term":[{"taxonomy":"product_brand","embeddable":true,"href":"https:\/\/greendisc.dev-project.digital\/de\/wp-json\/wp\/v2\/product_brand?post=30123"},{"taxonomy":"product_cat","embeddable":true,"href":"https:\/\/greendisc.dev-project.digital\/de\/wp-json\/wp\/v2\/product_cat?post=30123"},{"taxonomy":"product_tag","embeddable":true,"href":"https:\/\/greendisc.dev-project.digital\/de\/wp-json\/wp\/v2\/product_tag?post=30123"}],"curies":[{"name":"wp","href":"https:\/\/api.w.org\/{rel}","templated":true}]}}