 {"id":30121,"date":"2023-11-14T12:27:27","date_gmt":"2023-11-14T11:27:27","guid":{"rendered":"https:\/\/greendisc.dev-project.digital\/\/product\/lumatek-attis-200w-pro\/"},"modified":"2024-12-16T09:34:43","modified_gmt":"2024-12-16T08:34:43","slug":"lumatek-attis-200w-pro","status":"publish","type":"product","link":"https:\/\/greendisc.dev-project.digital\/de\/produkt\/lumatek-attis-200w-pro\/","title":{"rendered":"Lumatek Attis 200w pro"},"content":{"rendered":"<p><meta charset=\"utf-8\"><span data-mce-fragment=\"1\">Der Lumatek Attis 200W pro ist mit der neuesten Generation der Lumatek LED-Beleuchtung ausgestattet. Sie besteht aus einer ausgewogenen Mischung aus wei\u00dfen, tiefroten und weitroten (d.h. kurz vor Infrarot) LED-Dioden. Das Ergebnis ist eine stabile Lichtquelle, die sich durch eine hohe Intensit\u00e4t auszeichnet (200W LED ist vergleichbar mit einer 400W HPS-Lampe) und ideal f\u00fcr die Optimierung des gesamten Wachstumszyklus ist, von der Keimung bis zur Bl\u00fcte. Und da die Lumatek-Lampe mit passiver Konvektionsk\u00fchlung arbeitet, ist kein Ventilator erforderlich. Das macht ihn besonders robust, leise und langlebig.<\/span><br \/><meta charset=\"utf-8\"><\/p>\n<ul data-mce-fragment=\"1\">\n<li data-mce-fragment=\"1\">PPF: 508 \u03bcmol\/s<\/li>\n<li data-mce-fragment=\"1\">Erscheinungsbild: 80 x 80 cm<\/li>\n<li data-mce-fragment=\"1\">Spektrumstyp: Vollspektrum<\/li>\n<li data-mce-fragment=\"1\">Einstellbares Spektrum: ja<\/li>\n<\/ul>\n","protected":false},"excerpt":{"rendered":"<p>Der Lumatek Attis 200W pro ist mit der neuesten Generation der Lumatek LED-Beleuchtung ausgestattet. Sie besteht aus einer ausgewogenen Mischung aus wei\u00dfen, tiefroten und weitroten (d.h. kurz vor Infrarot) LED-Dioden.<\/p>\n","protected":false},"featured_media":25617,"template":"","meta":[],"product_brand":[],"product_cat":[337,564,355],"product_tag":[],"class_list":{"0":"post-30121","1":"product","2":"type-product","3":"status-publish","4":"has-post-thumbnail","6":"product_cat-beleuchtung","7":"product_cat-led-lumatek-de","8":"product_cat-led-leuchten","10":"first","11":"instock","12":"taxable","13":"shipping-taxable","14":"purchasable","15":"product-type-simple"},"_links":{"self":[{"href":"https:\/\/greendisc.dev-project.digital\/de\/wp-json\/wp\/v2\/product\/30121","targetHints":{"allow":["GET"]}}],"collection":[{"href":"https:\/\/greendisc.dev-project.digital\/de\/wp-json\/wp\/v2\/product"}],"about":[{"href":"https:\/\/greendisc.dev-project.digital\/de\/wp-json\/wp\/v2\/types\/product"}],"version-history":[{"count":0,"href":"https:\/\/greendisc.dev-project.digital\/de\/wp-json\/wp\/v2\/product\/30121\/revisions"}],"wp:featuredmedia":[{"embeddable":true,"href":"https:\/\/greendisc.dev-project.digital\/de\/wp-json\/wp\/v2\/media\/25617"}],"wp:attachment":[{"href":"https:\/\/greendisc.dev-project.digital\/de\/wp-json\/wp\/v2\/media?parent=30121"}],"wp:term":[{"taxonomy":"product_brand","embeddable":true,"href":"https:\/\/greendisc.dev-project.digital\/de\/wp-json\/wp\/v2\/product_brand?post=30121"},{"taxonomy":"product_cat","embeddable":true,"href":"https:\/\/greendisc.dev-project.digital\/de\/wp-json\/wp\/v2\/product_cat?post=30121"},{"taxonomy":"product_tag","embeddable":true,"href":"https:\/\/greendisc.dev-project.digital\/de\/wp-json\/wp\/v2\/product_tag?post=30121"}],"curies":[{"name":"wp","href":"https:\/\/api.w.org\/{rel}","templated":true}]}}