 {"id":30119,"date":"2023-11-14T12:29:43","date_gmt":"2023-11-14T11:29:43","guid":{"rendered":"https:\/\/greendisc.dev-project.digital\/\/product\/ocr-900-anbauzelt-900x450x240cm\/"},"modified":"2025-04-08T14:01:28","modified_gmt":"2025-04-08T12:01:28","slug":"ocr-900-anbauzelt-900x450x240cm","status":"publish","type":"product","link":"https:\/\/greendisc.dev-project.digital\/de\/produkt\/ocr-900-anbauzelt-900x450x240cm\/","title":{"rendered":"OCR Klimar\u00e4ume | OCR 645 | Wachstumszelt 600x450x240cm"},"content":{"rendered":"<h2 class=\"\" data-start=\"292\" data-end=\"367\">OCR 645 &#8211; Professionelles Grow-Zelt f\u00fcr ernsthafte CO\u2082-Projekte<\/h2>\n<p class=\"\" data-start=\"369\" data-end=\"802\">Mit seinen gro\u00dfz\u00fcgigen Abmessungen von <strong data-start=\"428\" data-end=\"479\">6 Metern L\u00e4nge, 4,5 Metern Breite und 2,4 Metern H\u00f6he<\/strong> ist das <strong data-start=\"372\" data-end=\"393\">OCR 645 Grow-Zelt<\/strong> eine erstklassige L\u00f6sung f\u00fcr alle, die professionell oder semiprofessionell anbauen m\u00f6chten. Als Teil der <strong data-start=\"601\" data-end=\"618\">OCR XXL-Serie<\/strong> wurde dieses Zelt speziell f\u00fcr Z\u00fcchter entwickelt, die die Effizienz, den Ertrag und die Kontrolle \u00fcber ihre Anbaubedingungen maximieren wollen &#8211; einschlie\u00dflich des Einsatzes von CO\u2082-Systemen und High-End-Beleuchtung.<\/p>\n<p class=\"\" data-start=\"804\" data-end=\"1021\">Mit einer Grundfl\u00e4che von nicht weniger als <strong data-start=\"843\" data-end=\"852\">27 m\u00b2<\/strong> kann der OCR 600 ein komplettes Beleuchtungskonzept nach dem <strong data-start=\"916\" data-end=\"942\">Konzept der OCL XXL-Serie<\/strong> aufnehmen, einschlie\u00dflich leistungsstarker 1000W-Doppelendleuchten oder leistungsstarker LED-Systeme.<\/p>\n<hr class=\"\" data-start=\"1023\" data-end=\"1026\">\n<h3 class=\"\" data-start=\"1028\" data-end=\"1074\">Robuster Rahmen &amp; tragende Konstruktion<\/h3>\n<p class=\"\" data-start=\"1076\" data-end=\"1467\">Wie sein gr\u00f6\u00dferer Bruder (der OCR 1200) besteht der OCR 645 aus einem <strong data-start=\"1150\" data-end=\"1190\">soliden 25 mm dicken Stahlrohrrahmen<\/strong> mit extra starken Metalleckst\u00fccken. Diese Struktur kann einer Belastung von bis zu <strong data-start=\"1279\" data-end=\"1289\">120 kg<\/strong> standhalten, so dass Sie m\u00fchelos schwere Filter, Beleuchtungs- und Klimasysteme sicher montieren k\u00f6nnen. Die Stabilit\u00e4t dieses Rahmens macht ihn ideal f\u00fcr langfristige, intensive Anbauzyklen.<\/p>\n<p class=\"\" data-start=\"1469\" data-end=\"1599\">Gummif\u00fc\u00dfe unter den Pfosten sch\u00fctzen die Oberfl\u00e4che und sorgen f\u00fcr eine stabile Positionierung, auch auf unebenen B\u00f6den.<\/p>\n<hr class=\"\" data-start=\"1601\" data-end=\"1604\">\n<h3 class=\"\" data-start=\"1606\" data-end=\"1656\">Hochwertiges 1680D-Canvas mit Diamant-Reflexion<\/h3>\n<p class=\"\" data-start=\"1658\" data-end=\"2073\">Die Au\u00dfenseite des OCR 645 besteht aus ultradickem <strong data-start=\"1713\" data-end=\"1733\">1680D Mylar-Gewebe<\/strong> &#8211; lichtbest\u00e4ndig, strapazierf\u00e4hig und leicht mit einem Tuch abwischbar. Auf der Innenseite ist der Stoff mit einer <strong data-start=\"1844\" data-end=\"1874\">diamantf\u00f6rmigen Reflexionsschicht<\/strong> versehen, die das einfallende Licht hocheffizient auf die Pflanzen zur\u00fcckwirft. Dies erh\u00f6ht die Photosynthese, f\u00f6rdert ein gleichm\u00e4\u00dfiges Wachstum und minimiert Hotspots oder Schattenzonen.<\/p>\n<p class=\"\" data-start=\"2075\" data-end=\"2217\">Der Stoff ist au\u00dferdem <strong data-start=\"2097\" data-end=\"2137\">hitzebest\u00e4ndig, \u00f6l- und feuchtigkeitsbest\u00e4ndig<\/strong> und rei\u00dffest &#8211; perfekt f\u00fcr den intensiven und langfristigen Anbau in Innenr\u00e4umen.<\/p>\n<hr class=\"\" data-start=\"2219\" data-end=\"2222\">\n<h3 class=\"\" data-start=\"2224\" data-end=\"2257\">Doppelt wasserdichter PVC-Boden<\/h3>\n<p class=\"\" data-start=\"2259\" data-end=\"2570\">Wie jedes OCR-Zelt hat auch das OCR 645 einen <strong data-start=\"2312\" data-end=\"2351\">herausnehmbaren, formstabilen Einsatz<\/strong> aus <strong data-start=\"2356\" data-end=\"2380\">0,6 mm starker PVC-Folie<\/strong>. Dieser Boden wurde auf eine Wasserkapazit\u00e4t von <strong data-start=\"2430\" data-end=\"2444\">2200 Litern<\/strong> getestet, was Lecks und Wassersch\u00e4den ausschlie\u00dft. Ideal f\u00fcr G\u00e4rtner, die mit Hydrokulturen, DWC-Systemen oder manueller Bew\u00e4sserung arbeiten.<\/p>\n<hr class=\"\" data-start=\"2572\" data-end=\"2575\">\n<h3 class=\"\" data-start=\"2577\" data-end=\"2623\">Vollst\u00e4ndig CO\u2082-f\u00e4hig und modular verkn\u00fcpfbar<\/h3>\n<p class=\"\" data-start=\"2625\" data-end=\"3058\">Der OCR 645 wurde mit Blick auf den klimatisierten Anbau und die Verwendung von CO\u2082-Anreicherung entwickelt. Mit <strong data-start=\"2732\" data-end=\"2771\">14 Luftschlauch\u00f6ffnungen von \u00d8350 mm<\/strong> und <strong data-start=\"2775\" data-end=\"2809\">10 Kabeldurchl\u00e4ssen von \u00d810 mm<\/strong> ist das Zelt perfekt f\u00fcr den Anschluss von L\u00fcftungs-, K\u00fchl-, Stromversorgungs- und Klimager\u00e4ten wie <strong data-start=\"2929\" data-end=\"2963\">OptiClimate oder Nagano-Systemen<\/strong> vorbereitet. Alle \u00d6ffnungen haben doppelte H\u00fclsen f\u00fcr einen <strong data-start=\"3022\" data-end=\"3057\">lichtdichten, sicheren Verschluss<\/strong>.<\/p>\n<p class=\"\" data-start=\"3060\" data-end=\"3372\">Au\u00dferdem ist das OCR 645 <strong data-start=\"3084\" data-end=\"3120\">mit anderen OCR-Zelten koppelbar<\/strong>, so dass Sie problemlos einen gr\u00f6\u00dferen Grow-Raum aufbauen oder bestehende Einrichtungen erweitern k\u00f6nnen. Dank des innovativen 1+1=3-Prinzips wird Ihre Klimaanlage bis zu <strong data-start=\"3290\" data-end=\"3309\">50% effizienter<\/strong>, da Luftstr\u00f6me und W\u00e4rmeverteilung optimal zusammenarbeiten.<\/p>\n<hr class=\"\" data-start=\"3374\" data-end=\"3377\">\n<h3 class=\"\" data-start=\"3379\" data-end=\"3429\">Benutzerfreundlich &amp; professionell ausgef\u00fchrt<\/h3>\n<p class=\"\" data-start=\"3431\" data-end=\"3809\">Trotz seiner XXL-Gr\u00f6\u00dfe l\u00e4sst sich der OCR 600 dank des intelligenten Klicksystems und der klaren Aufbauanleitung schnell und einfach aufbauen. Das Zelt verf\u00fcgt \u00fcber <strong data-start=\"3590\" data-end=\"3635\">mehrere T\u00fcren f\u00fcr einfachen Zugang<\/strong>, industrielle Rei\u00dfverschl\u00fcsse und ein intelligentes Design, das v\u00f6llig licht- und geruchsfrei bleibt. Sie erhalten das Zelt in einer <strong data-start=\"3743\" data-end=\"3766\">diskreten Verpackung<\/strong>, die Sie sicher und unauff\u00e4llig transportieren k\u00f6nnen.<\/p>\n<hr class=\"\" data-start=\"3811\" data-end=\"3814\">\n<h3 class=\"\" data-start=\"3816\" data-end=\"3850\">Inhalt des Zeltsets OCR 645:<\/h3>\n<ul data-start=\"3852\" data-end=\"4267\">\n<li class=\"\" data-start=\"3852\" data-end=\"3902\">\n<p class=\"\" data-start=\"3854\" data-end=\"3902\">1x Stahlrahmen \u00d8 25 mm mit hochbelastbaren Gelenken<\/p>\n<\/li>\n<li class=\"\" data-start=\"3903\" data-end=\"3968\">\n<p class=\"\" data-start=\"3905\" data-end=\"3968\">1x 1680D Mylar-Zeltstoff (lichtdicht, waschbar, reflektierend)<\/p>\n<\/li>\n<li class=\"\" data-start=\"3969\" data-end=\"4011\">\n<p class=\"\" data-start=\"3971\" data-end=\"4011\">1x formschl\u00fcssiger Einsatz aus 0,6 mm PVC<\/p>\n<\/li>\n<li class=\"\" data-start=\"4012\" data-end=\"4055\">\n<p class=\"\" data-start=\"4014\" data-end=\"4055\">1x Tragetasche f\u00fcr Leinwand und Teile<\/p>\n<\/li>\n<li class=\"\" data-start=\"4056\" data-end=\"4100\">\n<p class=\"\" data-start=\"4058\" data-end=\"4100\">Gummif\u00fc\u00dfe f\u00fcr alle St\u00e4nder<\/p>\n<\/li>\n<li class=\"\" data-start=\"4101\" data-end=\"4131\">\n<p class=\"\" data-start=\"4103\" data-end=\"4131\">Robuste industrielle Rei\u00dfverschl\u00fcsse<\/p>\n<\/li>\n<li class=\"\" data-start=\"4132\" data-end=\"4167\">\n<p class=\"\" data-start=\"4134\" data-end=\"4167\">14 Luftschlauch\u00f6ffnungen \u00d8 350 mm<\/p>\n<\/li>\n<li class=\"\" data-start=\"4168\" data-end=\"4193\">\n<p class=\"\" data-start=\"4170\" data-end=\"4193\">10 Kabell\u00f6cher \u00d8 10 mm<\/p>\n<\/li>\n<li class=\"\" data-start=\"4194\" data-end=\"4235\">\n<p class=\"\" data-start=\"4196\" data-end=\"4235\">Mehrere T\u00fcren und Bel\u00fcftungs\u00f6ffnungen<\/p>\n<\/li>\n<li class=\"\" data-start=\"4236\" data-end=\"4267\">\n<p class=\"\" data-start=\"4238\" data-end=\"4267\">Inklusive Montageanleitung<\/p>\n<\/li>\n<\/ul>\n<hr class=\"\" data-start=\"4269\" data-end=\"4272\">\n<h3 class=\"\" data-start=\"4274\" data-end=\"4312\">Technische Daten &#8211; OCR 645<\/h3>\n<div class=\"overflow-x-auto bg-no-repeat contain-inline-size\">\n<table data-start=\"4314\" data-end=\"5209\">\n<thead data-start=\"4314\" data-end=\"4377\">\n<tr data-start=\"4314\" data-end=\"4377\">\n<th data-start=\"4314\" data-end=\"4341\">Merkmal<\/th>\n<th data-start=\"4341\" data-end=\"4377\">Spezifikation<\/th>\n<\/tr>\n<\/thead>\n<tbody data-start=\"4442\" data-end=\"5209\">\n<tr data-start=\"4442\" data-end=\"4505\">\n<td>Abmessungen<\/td>\n<td>600 x 450 x 240 cm<\/td>\n<\/tr>\n<tr data-start=\"4506\" data-end=\"4569\">\n<td>Bodenfl\u00e4che<\/td>\n<td>27 m\u00b2<\/td>\n<\/tr>\n<tr data-start=\"4570\" data-end=\"4633\">\n<td>Dicke des Segeltuchs<\/td>\n<td>1680D Mylar<\/td>\n<\/tr>\n<tr data-start=\"4634\" data-end=\"4697\">\n<td>Rahmen \u00d8<\/td>\n<td>25 mm Stahl<\/td>\n<\/tr>\n<tr data-start=\"4698\" data-end=\"4761\">\n<td>Gewicht<\/td>\n<td>(auf Anfrage)<\/td>\n<\/tr>\n<tr data-start=\"4762\" data-end=\"4825\">\n<td>Anzahl der T\u00fcren<\/td>\n<td>Mehrere<\/td>\n<\/tr>\n<tr data-start=\"4826\" data-end=\"4889\">\n<td>L\u00f6cher f\u00fcr Luftschlauch<\/td>\n<td>14x \u00d8 350 mm<\/td>\n<\/tr>\n<tr data-start=\"4890\" data-end=\"4953\">\n<td>Kabelkan\u00e4le<\/td>\n<td>10x \u00d8 10 mm<\/td>\n<\/tr>\n<tr data-start=\"4954\" data-end=\"5017\">\n<td>Wasserdichter Boden<\/td>\n<td>Ja &#8211; 0,6 mm PVC, 2200L getestet<\/td>\n<\/tr>\n<tr data-start=\"5018\" data-end=\"5081\">\n<td>Verlinkbar<\/td>\n<td>Ja<\/td>\n<\/tr>\n<tr data-start=\"5082\" data-end=\"5145\">\n<td>Lichtdicht &amp; geruchsfrei<\/td>\n<td>Ja<\/td>\n<\/tr>\n<tr data-start=\"5146\" data-end=\"5209\">\n<td>Klimasystem-f\u00e4hig<\/td>\n<td>Ja (OptiClimate \/ Nagano)<\/td>\n<\/tr>\n<\/tbody>\n<\/table>\n<\/div>\n<hr class=\"\" data-start=\"5211\" data-end=\"5214\">\n<h3 class=\"\" data-start=\"5216\" data-end=\"5258\">Warum die OCR 645 eine gute Wahl ist:<\/h3>\n<p class=\"\" data-start=\"5260\" data-end=\"5598\">\u2705 Ideale mittlere Gr\u00f6\u00dfe f\u00fcr intensive Projekte<br data-start=\"5305\" data-end=\"5308\">\u2705 Geeignet f\u00fcr professionelle Beleuchtungs- und Luftsysteme<br data-start=\"5365\" data-end=\"5368\">\u2705 Vollst\u00e4ndig CO\u2082-f\u00e4hig und skalierbar durch Kopplungssystem<br data-start=\"5420\" data-end=\"5423\">\u2705 Ultradicker Zeltstoff mit maximaler Reflexion<br data-start=\"5465\" data-end=\"5468\">\u2705 Perfekte Kombination mit Klimakontrolle<br data-start=\"5511\" data-end=\"5514\">\u2705 Wasserdichte Basis und verst\u00e4rkter Rahmen<br data-start=\"5558\" data-end=\"5561\">\u2705 Schnelle Montage und diskrete Lieferung<\/p>\n<hr class=\"\" data-start=\"5600\" data-end=\"5603\">\n<p class=\"\" data-start=\"5605\" data-end=\"5799\"><strong data-start=\"5605\" data-end=\"5799\">Der OCR 645 wurde f\u00fcr Z\u00fcchter entwickelt, die maximale Leistung auf mittelgro\u00dfem Raum verlangen &#8211; ohne Zugest\u00e4ndnisse. Kombinieren Sie Handwerkskunst, Kapazit\u00e4t und Kontrolle in einem professionellen Grow-Zelt.<\/strong><\/p>\n<p class=\"\" data-start=\"5801\" data-end=\"5883\"><strong data-start=\"5801\" data-end=\"5883\">Bestellen Sie ihn jetzt bei greendiscounter.com und machen Sie das Beste aus Ihrem Indoor-Projekt.<\/strong><\/p>\n","protected":false},"excerpt":{"rendered":"<p>Mit seinen gro\u00dfz\u00fcgigen Abmessungen von 6 Metern L\u00e4nge, 4,5 Metern Breite und 2,4 Metern H\u00f6he ist das OCR 645 Grow-Zelt eine erstklassige L\u00f6sung f\u00fcr alle, die professionell oder semiprofessionell anbauen m\u00f6chten. Als Teil der OCR XXL-Serie wurde dieses Zelt speziell f\u00fcr Z\u00fcchter entwickelt, die die Effizienz, den Ertrag und die Kontrolle \u00fcber ihre Anbaubedingungen maximieren wollen &#8211; einschlie\u00dflich des Einsatzes von CO\u2082-Systemen und High-End-Beleuchtung.<\/p>\n","protected":false},"featured_media":25933,"template":"","meta":[],"product_brand":[1055],"product_cat":[557,482],"product_tag":[],"class_list":{"0":"post-30119","1":"product","2":"type-product","3":"status-publish","4":"has-post-thumbnail","6":"product_brand-ocr-climate-rooms","7":"product_cat-ocr-anbauzelte","8":"product_cat-zelte-anbauen","10":"first","11":"instock","12":"sale","13":"taxable","14":"shipping-taxable","15":"purchasable","16":"product-type-simple"},"_links":{"self":[{"href":"https:\/\/greendisc.dev-project.digital\/de\/wp-json\/wp\/v2\/product\/30119","targetHints":{"allow":["GET"]}}],"collection":[{"href":"https:\/\/greendisc.dev-project.digital\/de\/wp-json\/wp\/v2\/product"}],"about":[{"href":"https:\/\/greendisc.dev-project.digital\/de\/wp-json\/wp\/v2\/types\/product"}],"version-history":[{"count":0,"href":"https:\/\/greendisc.dev-project.digital\/de\/wp-json\/wp\/v2\/product\/30119\/revisions"}],"wp:featuredmedia":[{"embeddable":true,"href":"https:\/\/greendisc.dev-project.digital\/de\/wp-json\/wp\/v2\/media\/25933"}],"wp:attachment":[{"href":"https:\/\/greendisc.dev-project.digital\/de\/wp-json\/wp\/v2\/media?parent=30119"}],"wp:term":[{"taxonomy":"product_brand","embeddable":true,"href":"https:\/\/greendisc.dev-project.digital\/de\/wp-json\/wp\/v2\/product_brand?post=30119"},{"taxonomy":"product_cat","embeddable":true,"href":"https:\/\/greendisc.dev-project.digital\/de\/wp-json\/wp\/v2\/product_cat?post=30119"},{"taxonomy":"product_tag","embeddable":true,"href":"https:\/\/greendisc.dev-project.digital\/de\/wp-json\/wp\/v2\/product_tag?post=30119"}],"curies":[{"name":"wp","href":"https:\/\/api.w.org\/{rel}","templated":true}]}}