 {"id":30117,"date":"2023-11-14T12:29:43","date_gmt":"2023-11-14T11:29:43","guid":{"rendered":"https:\/\/greendisc.dev-project.digital\/\/product\/ocr-960-anbauzelt-900x600x240cm\/"},"modified":"2025-04-08T13:26:06","modified_gmt":"2025-04-08T11:26:06","slug":"ocr-960-anbauzelt-900x600x240cm","status":"publish","type":"product","link":"https:\/\/greendisc.dev-project.digital\/de\/produkt\/ocr-960-anbauzelt-900x600x240cm\/","title":{"rendered":"OCR Klimaraum | OCR 960 | Wachstumszelt 1200x600x240cm"},"content":{"rendered":"<h2 class=\"\" data-start=\"300\" data-end=\"372\">OCR 1200 &#8211; Das ultimative XXL-Anbauzelt f\u00fcr maximale CO\u2082-Anbauergebnisse<\/h2>\n<p class=\"\" data-start=\"374\" data-end=\"895\">Mit seinen beeindruckenden Abmessungen von <strong data-start=\"432\" data-end=\"482\">12 Metern L\u00e4nge, 6 Metern Breite und 2,4 Metern H\u00f6he<\/strong> ist der <strong data-start=\"377\" data-end=\"389\">OCR 1200<\/strong> der Ma\u00dfstab in der Welt des Indoor-Anbaus. Dieses professionelle Grow-Zelt wurde speziell f\u00fcr gro\u00df angelegte CO\u2082-Projekte und High-End-Heimanbauer entwickelt, die nichts dem Zufall \u00fcberlassen wollen. Der OCR 1200 kombiniert einen soliden Metallrahmen mit einem extrem strapazierf\u00e4higen und reflektierenden Zeltstoff. Er bietet Platz f\u00fcr einen kompletten Beleuchtungsplan nach dem <strong data-start=\"829\" data-end=\"854\">Schema der OCL XXL-Serie<\/strong>, einschlie\u00dflich 1000W Doppelendleuchten.<\/p>\n<p class=\"\" data-start=\"897\" data-end=\"1043\">Mit einer Gesamtfl\u00e4che von 72 m\u00b2 ist dieses Modell ideal f\u00fcr alle, die einen maximalen Ertrag, volle Klimakontrolle und absolute Zuverl\u00e4ssigkeit suchen.<\/p>\n<h3 class=\"\" data-start=\"1050\" data-end=\"1098\">Extrem stabiler Rahmen und robuste Bauqualit\u00e4t<\/h3>\n<p class=\"\" data-start=\"1100\" data-end=\"1549\">Die Konstruktion des OCR 1200 basiert auf einem <strong data-start=\"1151\" data-end=\"1196\">100%igen Metallrahmen mit 25 mm dicken Rohren<\/strong> und schweren Stahlkupplungen. Das Zelt kann einer Belastung von bis zu <strong data-start=\"1269\" data-end=\"1279\">120 kg<\/strong> standhalten, so dass schwere LED- oder HPS-Scheinwerfer, Absaugsysteme oder CO\u2082-Einheiten problemlos angebracht werden k\u00f6nnen. Dank des durchdachten Designs und der Gummif\u00fc\u00dfe steht das Zelt auch bei starker Beanspruchung oder in Kombination mit anderen OCR-Zelten immer stabil.<\/p>\n<h3 class=\"\" data-start=\"1556\" data-end=\"1612\">Hochwertiges Reflexionsmaterial &#8211; 1680D Mylar Leinwand<\/h3>\n<p class=\"\" data-start=\"1614\" data-end=\"1971\">Das Zeltgewebe besteht aus extradickem <strong data-start=\"1652\" data-end=\"1689\">1680D Mylar mit Diamantenreflexion<\/strong>, um das verf\u00fcgbare Licht zu maximieren. Dadurch werden die Lichtintensit\u00e4t und die Effizienz Ihrer Leuchten erheblich gesteigert. Das Segeltuch ist nicht nur rei\u00dffest, sondern auch hitzebest\u00e4ndig, wasser- und \u00f6labweisend und sowohl von innen als auch von au\u00dfen leicht abwaschbar.<\/p>\n<p class=\"\" data-start=\"1973\" data-end=\"2166\">Jede OCR 1200 wird mit einem <strong data-start=\"2010\" data-end=\"2050\">formstabilen, doppelt wasserdichten Boden<\/strong> aus nicht weniger als <strong data-start=\"2067\" data-end=\"2085\">0,6 mm dickem PVC<\/strong> geliefert, der mit 2200 Litern Wasser getestet wurde &#8211; garantiert auslaufsicher und ideal f\u00fcr Wassersysteme.<\/p>\n<h3 class=\"\" data-start=\"2173\" data-end=\"2222\">Intelligentes Layout &amp; professionelle Benutzerfreundlichkeit<\/h3>\n<p class=\"\" data-start=\"2224\" data-end=\"2573\">Mit nicht weniger als <strong data-start=\"2240\" data-end=\"2252\">6 T\u00fcren<\/strong>, <strong data-start=\"2254\" data-end=\"2293\">20 \u00d8350 mm Luftschlauch\u00f6ffnungen<\/strong> und <strong data-start=\"2297\" data-end=\"2319\">16 Kabeleinf\u00fchrungen<\/strong> ist der OCR 1200 so konzipiert, dass er selbst die komplexeste Installation problemlos bew\u00e4ltigt. Alle \u00d6ffnungen sind mit Doppelmanschetten f\u00fcr einen lichtdichten Verschluss ausgestattet. An der Unterseite des Zeltes befinden sich verschlie\u00dfbare L\u00fcftungsgitter f\u00fcr die passive Luftzufuhr.<\/p>\n<p class=\"\" data-start=\"2575\" data-end=\"2899\">Einzigartig an diesem XXL-Zelt ist die M\u00f6glichkeit, <strong data-start=\"2622\" data-end=\"2657\">es mit anderen OCR-Zelten zu verbinden<\/strong>, so dass Sie ein vollst\u00e4ndig modulares Anbausystem aufbauen k\u00f6nnen. Au\u00dferdem ist dies das <strong data-start=\"2739\" data-end=\"2760\">erste 1+1=3-Zelt<\/strong>, bei dem die Kombination mit einem Klimasystem (wie OptiClimate oder Nagano) zu einer Steigerung der Systemkapazit\u00e4t von bis zu 50% f\u00fchrt.<\/p>\n<h3 class=\"\" data-start=\"2906\" data-end=\"2948\">Einfache Montage &amp; diskrete Lieferung<\/h3>\n<p class=\"\" data-start=\"2950\" data-end=\"3292\">Trotz seiner Gr\u00f6\u00dfe l\u00e4sst sich der OCR 1200 dank des cleveren Klicksystems und der <strong data-start=\"3070\" data-end=\"3096\">\u00fcbersichtlichen Bedienungsanleitung<\/strong> \u00fcberraschend einfach einrichten. Alle Teile sind auch einzeln erh\u00e4ltlich, was die Wartung oder Erweiterung erleichtert. Das Zelt wird in einer <strong data-start=\"3217\" data-end=\"3240\">diskreten Verpackung<\/strong> geliefert, um einen problemlosen Transport oder Versand zu gew\u00e4hrleisten.<\/p>\n<h3 class=\"\" data-start=\"3299\" data-end=\"3334\">Inhalt des OCR 1200 Zeltsets:<\/h3>\n<ul data-start=\"3336\" data-end=\"3782\">\n<li class=\"\" data-start=\"3336\" data-end=\"3390\">\n<p class=\"\" data-start=\"3338\" data-end=\"3390\">1x Metallrahmen \u00d8 25 mm mit robusten Verbindungen<\/p>\n<\/li>\n<li class=\"\" data-start=\"3391\" data-end=\"3466\">\n<p class=\"\" data-start=\"3393\" data-end=\"3466\">1x Extrastarke 1680D Mylar-Plane (lichtdicht, reflektierend, waschbar)<\/p>\n<\/li>\n<li class=\"\" data-start=\"3467\" data-end=\"3527\">\n<p class=\"\" data-start=\"3469\" data-end=\"3527\">1x Wasserdichter, formstabiler Einsatz aus 0,6 mm PVC-Folie<\/p>\n<\/li>\n<li class=\"\" data-start=\"3528\" data-end=\"3567\">\n<p class=\"\" data-start=\"3530\" data-end=\"3567\">1x Starke Tragetasche aus Segeltuch<\/p>\n<\/li>\n<li class=\"\" data-start=\"3568\" data-end=\"3600\">\n<p class=\"\" data-start=\"3570\" data-end=\"3600\">6x T\u00fcren mit soliden Rei\u00dfverschl\u00fcssen<\/p>\n<\/li>\n<li class=\"\" data-start=\"3601\" data-end=\"3654\">\n<p class=\"\" data-start=\"3603\" data-end=\"3654\">20x Luftschlauchl\u00f6cher \u00d8 350 mm (mit Doppelmuffen)<\/p>\n<\/li>\n<li class=\"\" data-start=\"3655\" data-end=\"3706\">\n<p class=\"\" data-start=\"3657\" data-end=\"3706\">16x Kabell\u00f6cher \u00d8 10 mm (lichtdicht verschlie\u00dfbar)<\/p>\n<\/li>\n<li class=\"\" data-start=\"3707\" data-end=\"3747\">\n<p class=\"\" data-start=\"3709\" data-end=\"3747\">Gummist\u00fctzf\u00fc\u00dfe f\u00fcr alle Pfosten<\/p>\n<\/li>\n<li class=\"\" data-start=\"3748\" data-end=\"3782\">\n<p class=\"\" data-start=\"3750\" data-end=\"3782\">Ausf\u00fchrliche Montageanleitung<\/p>\n<\/li>\n<\/ul>\n<h3 class=\"\" data-start=\"3789\" data-end=\"3828\">Technische Daten &#8211; OCR 1200<\/h3>\n<div class=\"overflow-x-auto bg-no-repeat contain-inline-size\">\n<table data-start=\"3830\" data-end=\"4592\">\n<thead data-start=\"3830\" data-end=\"3893\">\n<tr data-start=\"3830\" data-end=\"3893\">\n<th data-start=\"3830\" data-end=\"3857\">Merkmal<\/th>\n<th data-start=\"3857\" data-end=\"3893\">Spezifikation<\/th>\n<\/tr>\n<\/thead>\n<tbody data-start=\"3958\" data-end=\"4592\">\n<tr data-start=\"3958\" data-end=\"4021\">\n<td>Abmessungen<\/td>\n<td>1200 x 600 x 240 cm<\/td>\n<\/tr>\n<tr data-start=\"4022\" data-end=\"4085\">\n<td>Gesamte Bodenfl\u00e4che<\/td>\n<td>72 m\u00b2<\/td>\n<\/tr>\n<tr data-start=\"4086\" data-end=\"4149\">\n<td>Gewicht<\/td>\n<td>(folgt bei Lieferung)<\/td>\n<\/tr>\n<tr data-start=\"4150\" data-end=\"4213\">\n<td>Material Stoff<\/td>\n<td>1680D Mylar<\/td>\n<\/tr>\n<tr data-start=\"4214\" data-end=\"4276\">\n<td>Rahmen<\/td>\n<td>25 mm Stahl, 120 kg Tragf\u00e4higkeit<\/td>\n<\/tr>\n<tr data-start=\"4277\" data-end=\"4340\">\n<td>Anzahl der T\u00fcren<\/td>\n<td>6<\/td>\n<\/tr>\n<tr data-start=\"4341\" data-end=\"4403\">\n<td>\u00d8 L\u00f6cher f\u00fcr Luftschlauch<\/td>\n<td>350 mm (20 St\u00fcck)<\/td>\n<\/tr>\n<tr data-start=\"4404\" data-end=\"4466\">\n<td>\u00d8 Kabelkan\u00e4le<\/td>\n<td>10 mm (16 St\u00fcck)<\/td>\n<\/tr>\n<tr data-start=\"4467\" data-end=\"4529\">\n<td>Verlinkbar<\/td>\n<td>Ja, mit anderen OCR-Zelten<\/td>\n<\/tr>\n<tr data-start=\"4530\" data-end=\"4592\">\n<td>Wasserdichter Boden<\/td>\n<td>0,6 mm PVC, getestet auf 2200 Liter<\/td>\n<\/tr>\n<\/tbody>\n<\/table>\n<\/div>\n<h3 class=\"\" data-start=\"4599\" data-end=\"4634\">Warum die OCR 1200?<\/h3>\n<p class=\"\" data-start=\"4636\" data-end=\"4976\">\u2705 Perfekt geeignet f\u00fcr den Anbau in CO\u2082-reichem Klima<br data-start=\"4681\" data-end=\"4684\">\u2705 Geeignet f\u00fcr gro\u00df angelegte Projekte und intensive Installationen<br data-start=\"4750\" data-end=\"4753\">\u2705 Lichtbest\u00e4ndig, formstabil und leicht zu reinigen<br data-start=\"4800\" data-end=\"4803\">\u2705 Vernetzbar und skalierbar zu gr\u00f6\u00dferen Systemen<br data-start=\"4851\" data-end=\"4854\">\u2705 Professionelles Design f\u00fcr maximalen Ertrag<br data-start=\"4901\" data-end=\"4904\">\u2705 Ideal f\u00fcr die Kombination mit High-End-Klimasystemen und Beleuchtungsanlagen<\/p>\n<p class=\"\" data-start=\"4983\" data-end=\"5181\"><strong data-start=\"4983\" data-end=\"5181\">Die OCR 1200 ist das Prunkst\u00fcck f\u00fcr alle, die gro\u00df denken, professionell anbauen und volle Kontrolle \u00fcber Klima, Licht und Ertrag haben wollen. Machen Sie noch heute den Schritt zu maximaler Leistung im Haus.<\/strong><\/p>\n","protected":false},"excerpt":{"rendered":"<p>Mit seinen beeindruckenden Abmessungen von 12 Metern L\u00e4nge, 6 Metern Breite und 2,4 Metern H\u00f6he ist der OCR 1200 der Ma\u00dfstab in der Welt des Indoor-Anbaus. Dieses professionelle Grow-Zelt wurde speziell f\u00fcr gro\u00df angelegte CO\u2082-Projekte und High-End-Heimanbauer entwickelt, die nichts dem Zufall \u00fcberlassen wollen. Der OCR 1200 kombiniert einen soliden Metallrahmen mit einem extrem strapazierf\u00e4higen und reflektierenden Zeltstoff. Er bietet Platz f\u00fcr einen kompletten Beleuchtungsplan nach dem Schema der OCL XXL-Serie, einschlie\u00dflich 1000W Doppelendleuchten.<\/p>\n","protected":false},"featured_media":25935,"template":"","meta":[],"product_brand":[1055],"product_cat":[557,482],"product_tag":[],"class_list":{"0":"post-30117","1":"product","2":"type-product","3":"status-publish","4":"has-post-thumbnail","6":"product_brand-ocr-climate-rooms","7":"product_cat-ocr-anbauzelte","8":"product_cat-zelte-anbauen","10":"first","11":"instock","12":"sale","13":"taxable","14":"shipping-taxable","15":"purchasable","16":"product-type-simple"},"_links":{"self":[{"href":"https:\/\/greendisc.dev-project.digital\/de\/wp-json\/wp\/v2\/product\/30117","targetHints":{"allow":["GET"]}}],"collection":[{"href":"https:\/\/greendisc.dev-project.digital\/de\/wp-json\/wp\/v2\/product"}],"about":[{"href":"https:\/\/greendisc.dev-project.digital\/de\/wp-json\/wp\/v2\/types\/product"}],"version-history":[{"count":0,"href":"https:\/\/greendisc.dev-project.digital\/de\/wp-json\/wp\/v2\/product\/30117\/revisions"}],"wp:featuredmedia":[{"embeddable":true,"href":"https:\/\/greendisc.dev-project.digital\/de\/wp-json\/wp\/v2\/media\/25935"}],"wp:attachment":[{"href":"https:\/\/greendisc.dev-project.digital\/de\/wp-json\/wp\/v2\/media?parent=30117"}],"wp:term":[{"taxonomy":"product_brand","embeddable":true,"href":"https:\/\/greendisc.dev-project.digital\/de\/wp-json\/wp\/v2\/product_brand?post=30117"},{"taxonomy":"product_cat","embeddable":true,"href":"https:\/\/greendisc.dev-project.digital\/de\/wp-json\/wp\/v2\/product_cat?post=30117"},{"taxonomy":"product_tag","embeddable":true,"href":"https:\/\/greendisc.dev-project.digital\/de\/wp-json\/wp\/v2\/product_tag?post=30117"}],"curies":[{"name":"wp","href":"https:\/\/api.w.org\/{rel}","templated":true}]}}