 {"id":30113,"date":"2023-11-14T12:29:41","date_gmt":"2023-11-14T11:29:41","guid":{"rendered":"https:\/\/greendisc.dev-project.digital\/\/product\/ocr-600-anbauzelt-600x300x240cm\/"},"modified":"2024-12-16T09:34:38","modified_gmt":"2024-12-16T08:34:38","slug":"ocr-600-anbauzelt-600x300x240cm","status":"publish","type":"product","link":"https:\/\/greendisc.dev-project.digital\/de\/produkt\/ocr-600-anbauzelt-600x300x240cm\/","title":{"rendered":"OCR 600, Anbauzelt 600x300x240cm"},"content":{"rendered":"<p><meta charset=\"utf-8\"><\/p>\n<p data-mce-fragment=\"1\">(OCR) CO2-Zelte sind dank ihres intelligenten Designs, der Verwendung hochwertiger Materialien und der hohen Verarbeitungsqualit\u00e4t die besten auf dem heutigen Markt. OCR-Zelte bestehen aus einer grundsoliden Metallkonstruktion und einem hochwertigen, leichten Segeltuch, das mit einer stark reflektierenden Silberbeschichtung versehen ist, die die Lichtintensit\u00e4t auf der Innenseite auf ein sehr hohes Ma\u00df erh\u00f6ht (Diamantreflexion). Der Stoff ist sehr rei\u00dffest, hitzebest\u00e4ndig, \u00f6l-, fett- und feuchtigkeitsbest\u00e4ndig und sowohl von innen als auch von au\u00dfen waschbar. Jedes OCR-Zelt wird mit einem doppelten Boden geliefert, also einschlie\u00dflich der formschl\u00fcssigen, wasserdichten Tropfschale aus einer robusten 0,6 mm starken PVC-Folie.<\/p>\n<p data-mce-fragment=\"1\">Jedes Zelt hat mehrere T\u00fcren, Einl\u00e4sse und Ausl\u00e4sse f\u00fcr die Bel\u00fcftung und die Stromkabel. Am Boden befinden sich L\u00fcftungsgitter, die geschlossen oder ge\u00f6ffnet werden k\u00f6nnen und mit einem lichtdichten Rei\u00dfverschluss versehen sind. Daher l\u00e4sst das Zelt kein Licht herein oder heraus. Die Installation eines OCR-Zeltes ist schnell und einfach. Eine klare Aufbauanleitung geh\u00f6rt selbstverst\u00e4ndlich zum Lieferumfang des Zeltes. Das clevere Design macht es einfach, die OCR-Zelte miteinander zu verbinden und passt nahtlos zum Beleuchtungsplan der OCL XXL-Serie.<\/p>\n<h2 data-mce-fragment=\"1\">Nur eine Erinnerung an all die Vorteile:<\/h2>\n<ul data-mce-fragment=\"1\">\n<li data-mce-fragment=\"1\">Speziell f\u00fcr den CO2-Anbau entwickelt!<\/li>\n<li data-mce-fragment=\"1\">Sehr stabiler 25 mm starker Rahmen, 120 kg Tragf\u00e4higkeit<\/li>\n<li data-mce-fragment=\"1\">Extra hohe Zelth\u00f6he 2,40 Meter<\/li>\n<li data-mce-fragment=\"1\">Mehrere T\u00fcren<\/li>\n<li data-mce-fragment=\"1\">Verkn\u00fcpfbar mit anderen OCR-Zelten. (verkn\u00fcpfbar)<\/li>\n<li data-mce-fragment=\"1\">Wasserdichter, nahtloser, formstabiler Boden aus 0,6 mm PVC-Folie, der mit 2200 Litern Wasser getestet wurde, keine Chance auf Auslaufen.<\/li>\n<li data-mce-fragment=\"1\">Alle Teile des Zeltes sind separat erh\u00e4ltlich. so einfach nachzubestellen.<\/li>\n<li data-mce-fragment=\"1\">Zus\u00e4tzliche L\u00f6cher f\u00fcr Wasser und Strom mit doppelten \u00c4rmeln f\u00fcr einen lichtdichten Verschluss.<\/li>\n<li data-mce-fragment=\"1\">Bel\u00fcftungsl\u00f6cher von 350 mm mit doppelten Muffen f\u00fcr die lichtdichte Befestigung des Luftschlauchs.<\/li>\n<li data-mce-fragment=\"1\">Das erste 1+1=3 Zelt erh\u00f6ht die Kapazit\u00e4t Ihres Klimasystems um 50%.<\/li>\n<li data-mce-fragment=\"1\">Sehr gut geeignet in Kombination mit Klimasystemen ( Opticlimate \/ Nagano usw. )<\/li>\n<li data-mce-fragment=\"1\">Robuste Rei\u00dfverschl\u00fcsse<\/li>\n<li data-mce-fragment=\"1\">Der Rahmen ist nach dem Beleuchtungsplan OCL XXL Series Professional 1000 Watt Double End Leuchten entworfen.<\/li>\n<li data-mce-fragment=\"1\">Dieses OCR-Zelt wird in einer diskreten Verpackung geliefert, so dass Sie es leicht transportieren k\u00f6nnen.<\/li>\n<\/ul>\n<h2 data-mce-fragment=\"1\">Jedes OCR XXL SERIE CO2-Zelt wird geliefert mit:<\/h2>\n<ul data-mce-fragment=\"1\">\n<li data-mce-fragment=\"1\">100% Metallrahmen mit sehr robusten Verbindungen.<\/li>\n<li data-mce-fragment=\"1\">Starke Tasche, die das 1680D Mylar-Tuch ordentlich h\u00e4lt.<\/li>\n<li data-mce-fragment=\"1\">Sehr starkes und dickes 1680D Mylar Segeltuch, das sich leicht zusammenzippen l\u00e4sst.<\/li>\n<li data-mce-fragment=\"1\">Wasserdichte, formstabile Einlage aus 0,6 mm PVC-Folie.<\/li>\n<li data-mce-fragment=\"1\">Gummif\u00fc\u00dfe f\u00fcr die St\u00fctzpfosten.<\/li>\n<li data-mce-fragment=\"1\">Sehr \u00fcbersichtliches Handbuch.<\/li>\n<\/ul>\n<h2 data-mce-fragment=\"1\">Technische Daten OCR XXL 600:<\/h2>\n<ul data-mce-fragment=\"1\">\n<li data-mce-fragment=\"1\">Abmessungen: 3.0 X 6.0 X 2.4M<\/li>\n<li data-mce-fragment=\"1\">Dicke des Segeltuchs: 1680D<\/li>\n<li data-mce-fragment=\"1\">Rahmen: \u00d8 25 mm<\/li>\n<li data-mce-fragment=\"1\">Anzahl der T\u00fcren: 4<\/li>\n<li data-mce-fragment=\"1\">Luftschlauchl\u00f6cher: \u00d8 350 mm<\/li>\n<li data-mce-fragment=\"1\">Anzahl der Luftschlauchl\u00f6cher: 18<\/li>\n<li data-mce-fragment=\"1\">Anzahl der Kabell\u00f6cher: 12<\/li>\n<li data-mce-fragment=\"1\">Kabell\u00f6cher: \u00d8 100 mm<\/li>\n<li data-mce-fragment=\"1\">Kann mit anderen OCR-Zelten verbunden werden<\/li>\n<\/ul>\n","protected":false},"excerpt":{"rendered":"<p>(OCR) CO2-Zelte sind dank ihres intelligenten Designs, der Verwendung hochwertiger Materialien und der hohen Verarbeitungsqualit\u00e4t die besten auf dem heutigen Markt.<\/p>\n","protected":false},"featured_media":32082,"template":"","meta":[],"product_brand":[1055],"product_cat":[379,557,482],"product_tag":[],"class_list":{"0":"post-30113","1":"product","2":"type-product","3":"status-publish","4":"has-post-thumbnail","6":"product_brand-ocr-climate-rooms","7":"product_cat-beliebt","8":"product_cat-ocr-anbauzelte","9":"product_cat-zelte-anbauen","11":"first","12":"instock","13":"sale","14":"taxable","15":"shipping-taxable","16":"purchasable","17":"product-type-simple"},"_links":{"self":[{"href":"https:\/\/greendisc.dev-project.digital\/de\/wp-json\/wp\/v2\/product\/30113","targetHints":{"allow":["GET"]}}],"collection":[{"href":"https:\/\/greendisc.dev-project.digital\/de\/wp-json\/wp\/v2\/product"}],"about":[{"href":"https:\/\/greendisc.dev-project.digital\/de\/wp-json\/wp\/v2\/types\/product"}],"version-history":[{"count":0,"href":"https:\/\/greendisc.dev-project.digital\/de\/wp-json\/wp\/v2\/product\/30113\/revisions"}],"wp:featuredmedia":[{"embeddable":true,"href":"https:\/\/greendisc.dev-project.digital\/de\/wp-json\/wp\/v2\/media\/32082"}],"wp:attachment":[{"href":"https:\/\/greendisc.dev-project.digital\/de\/wp-json\/wp\/v2\/media?parent=30113"}],"wp:term":[{"taxonomy":"product_brand","embeddable":true,"href":"https:\/\/greendisc.dev-project.digital\/de\/wp-json\/wp\/v2\/product_brand?post=30113"},{"taxonomy":"product_cat","embeddable":true,"href":"https:\/\/greendisc.dev-project.digital\/de\/wp-json\/wp\/v2\/product_cat?post=30113"},{"taxonomy":"product_tag","embeddable":true,"href":"https:\/\/greendisc.dev-project.digital\/de\/wp-json\/wp\/v2\/product_tag?post=30113"}],"curies":[{"name":"wp","href":"https:\/\/api.w.org\/{rel}","templated":true}]}}