 {"id":30104,"date":"2023-11-14T12:31:53","date_gmt":"2023-11-14T11:31:53","guid":{"rendered":"https:\/\/greendisc.dev-project.digital\/\/product\/ralight-rope-ratchet-schwerlast-aufhaengesystem\/"},"modified":"2024-12-16T09:34:35","modified_gmt":"2024-12-16T08:34:35","slug":"ralight-rope-ratchet-schwerlast-aufhaengesystem","status":"publish","type":"product","link":"https:\/\/greendisc.dev-project.digital\/de\/produkt\/ralight-rope-ratchet-schwerlast-aufhaengesystem\/","title":{"rendered":"Ralight, Rope Ratchet Schwerlast-Aufh\u00e4ngesystem"},"content":{"rendered":"<p>Alles, was Sie aufh\u00e4ngen m\u00f6chten, k\u00f6nnen Sie damit aufh\u00e4ngen!  <\/p>\n<p>Mit einer starken Belastbarkeit von 65 kg pro Satz ist nichts zu verr\u00fcckt.  <\/p>\n<p><\/p>\n","protected":false},"excerpt":{"rendered":"<p>Alles, was Sie aufh\u00e4ngen m\u00f6chten, k\u00f6nnen Sie damit aufh\u00e4ngen!  Mit einer starken Belastbarkeit von 65 kg pro Satz ist nichts zu verr\u00fcckt.<\/p>\n","protected":false},"featured_media":26247,"template":"","meta":[],"product_brand":[],"product_cat":[562],"product_tag":[],"class_list":{"0":"post-30104","1":"product","2":"type-product","3":"status-publish","4":"has-post-thumbnail","6":"product_cat-uncategory-de","8":"first","9":"instock","10":"taxable","11":"shipping-taxable","12":"purchasable","13":"product-type-simple"},"_links":{"self":[{"href":"https:\/\/greendisc.dev-project.digital\/de\/wp-json\/wp\/v2\/product\/30104","targetHints":{"allow":["GET"]}}],"collection":[{"href":"https:\/\/greendisc.dev-project.digital\/de\/wp-json\/wp\/v2\/product"}],"about":[{"href":"https:\/\/greendisc.dev-project.digital\/de\/wp-json\/wp\/v2\/types\/product"}],"version-history":[{"count":0,"href":"https:\/\/greendisc.dev-project.digital\/de\/wp-json\/wp\/v2\/product\/30104\/revisions"}],"wp:featuredmedia":[{"embeddable":true,"href":"https:\/\/greendisc.dev-project.digital\/de\/wp-json\/wp\/v2\/media\/26247"}],"wp:attachment":[{"href":"https:\/\/greendisc.dev-project.digital\/de\/wp-json\/wp\/v2\/media?parent=30104"}],"wp:term":[{"taxonomy":"product_brand","embeddable":true,"href":"https:\/\/greendisc.dev-project.digital\/de\/wp-json\/wp\/v2\/product_brand?post=30104"},{"taxonomy":"product_cat","embeddable":true,"href":"https:\/\/greendisc.dev-project.digital\/de\/wp-json\/wp\/v2\/product_cat?post=30104"},{"taxonomy":"product_tag","embeddable":true,"href":"https:\/\/greendisc.dev-project.digital\/de\/wp-json\/wp\/v2\/product_tag?post=30104"}],"curies":[{"name":"wp","href":"https:\/\/api.w.org\/{rel}","templated":true}]}}