 {"id":30097,"date":"2023-11-14T12:27:23","date_gmt":"2023-11-14T11:27:23","guid":{"rendered":"https:\/\/greendisc.dev-project.digital\/\/product\/lumatek-315w-cmh-dimmbares-und-regelbares-vorschaltgeraet-e40-adapter\/"},"modified":"2024-12-16T09:34:34","modified_gmt":"2024-12-16T08:34:34","slug":"lumatek-315w-cmh-dimmbares-und-regelbares-vorschaltgeraet-e40-adapter","status":"publish","type":"product","link":"https:\/\/greendisc.dev-project.digital\/de\/produkt\/lumatek-315w-cmh-dimmbares-und-regelbares-vorschaltgeraet-e40-adapter\/","title":{"rendered":"LUMATEK 315W CMH dimmbares und regelbares Vorschaltger\u00e4t + E40-Adapter"},"content":{"rendered":"<p><strong>Das dimmbare CMH-Vorschaltger\u00e4t Lumatek 315W<\/strong> <br \/>Dieses elektronische Vorschaltger\u00e4t ist eine revolution\u00e4re Beleuchtungstechnologie f\u00fcr Z\u00fcchter, die nach einer effizienten und leistungsstarken L\u00f6sung f\u00fcr ihren Indoor-Anbau suchen. Dieses Vorschaltger\u00e4t wurde speziell f\u00fcr den Betrieb mit Keramik-Metallhalogenid-Lampen (CMH) entwickelt, die f\u00fcr ihre hohe Energieeffizienz und helle, nat\u00fcrliche Farbwiedergabe bekannt sind.<\/p>\n<p>Mit der dimmbaren Funktion des Lumatek 315 Vorschaltger\u00e4ts k\u00f6nnen Z\u00fcchter die Lichtintensit\u00e4t an das Wachstumsstadium ihrer Pflanzen anpassen und so sicherstellen, dass sie immer die optimale Lichtmenge erhalten. Das hilft nicht nur, einen besseren Ertrag zu erzielen, sondern auch Energie zu sparen.<\/p>\n<p>Das Lumatek 315W Vorschaltger\u00e4t ist au\u00dferdem mit fortschrittlichen Funktionen wie Softstart, Erkennung des Endes der Lebensdauer und \u00dcberhitzungsschutz ausgestattet, wodurch es sicher und zuverl\u00e4ssig in der Anwendung ist.<\/p>\n<p>Mit dem Lumatek 315W dimmbaren CMH-Vorschaltger\u00e4t erhalten Sie die perfekte Balance aus Effizienz, Leistung und Haltbarkeit, die Ihren Indoor-Anbau zu einem Erfolg machen wird. Steigen Sie jetzt auf diese innovative Beleuchtungstechnologie um und sehen Sie den Unterschied bei Ihrem Ertrag und Energieverbrauch.<\/p>\n<p>Lumatek hat ein zuverl\u00e4ssiges, intelligentes, digitales Vorschaltger\u00e4t entwickelt, das weltweit erfolgreich in Zuchtanlagen eingesetzt wird.<\/p>\n<p>Mit Hilfe der Rechteckwellentechnologie werden 315W Keramik-Metallhalogenid-Lampen (auch bekannt als CMH\/CDM\/LEC) effizient gez\u00fcndet und betrieben. Sie bieten ein Vollspektrum bei geringerem Energieverbrauch, niedrigerer Lichttemperatur, mehr umol (PAR)-Licht und mehr UV-A &amp; UV-B als traditionelle HID\/HPS\/MH-Leuchten.<\/p>\n<p>Die CMH-Technologie sorgt f\u00fcr hohe PAR\/PPF-Werte bei geringer W\u00e4rmeentwicklung und eine Vollspektrumbeleuchtung, die dem Sonnenlicht n\u00e4her kommt, was zu einem ges\u00fcnderen Pflanzenwachstum und h\u00f6heren Ertr\u00e4gen f\u00fchrt.<\/p>\n<p>Mit einem CRI (Farbwiedergabeindex) von &gt;90% eignet sich CMH perfekt f\u00fcr den Anbau hochwertiger Nutzpflanzen und die Extraktion \u00e4therischer \u00d6le.<\/p>\n<p>Mit der neuen Steuerungsoption k\u00f6nnen Sie auf intelligente Weise Ihre Raumtemperaturen, die Lichtsteuerung, die Automatisierung, die Sicherheitskontrolle und die Dimmung \u00fcberwachen. Verbinden Sie einfach das Lumatek Digital Panel (separat erh\u00e4ltlich) mit dem TRS &#8222;Link&#8220;-Anschluss an Ihrem steuerbaren Vorschaltger\u00e4t.<\/p>\n<p><meta charset=\"utf-8\"><\/p>\n<div class=\"flex-1 overflow-hidden\">\n<div class=\"react-scroll-to-bottom--css-xgncm-79elbk h-full dark:bg-gray-800\">\n<div class=\"react-scroll-to-bottom--css-xgncm-1n7m0yu\">\n<div class=\"flex flex-col items-center text-sm h-full dark:bg-gray-800\">\n<div class=\"w-full border-b border-black\/10 dark:border-gray-900\/50 text-gray-800 dark:text-gray-100 group bg-gray-50 dark:bg-[#444654]\">\n<div class=\"text-base gap-4 md:gap-6 m-auto md:max-w-2xl lg:max-w-2xl xl:max-w-3xl p-4 md:py-6 flex lg:px-0\">\n<div class=\"relative flex w-[calc(100%-50px)] flex-col gap-1 md:gap-3 lg:w-[calc(100%-115px)]\">\n<div class=\"flex flex-grow flex-col gap-3\">\n<div class=\"min-h-[20px] flex flex-col items-start gap-4 whitespace-pre-wrap\">\n<div class=\"markdown prose w-full break-words dark:prose-invert dark\">\n<p><strong>HAUPTMERKMALE:<\/strong><\/p>\n<ul>\n<li>\n<strong>PRODUKT-CODE:<\/strong> LUMBC001<\/li>\n<li>\n<strong>AUSGANGSLEISTUNG:<\/strong> 315W<\/li>\n<li>\n<strong>EINGANGSSPANNUNG:<\/strong> 220-240V 50\/60Hz I<\/li>\n<li>\n<strong>VERSORGUNGSSTROM (MAX):<\/strong> 1.40A<\/li>\n<li>\n<strong>EINGANGSLEISTUNG:<\/strong> 334W<\/li>\n<li>\n<strong>LEISTUNGSFAKTOR:<\/strong> 0,98<\/li>\n<li>\n<strong>WIRKUNGSGRAD:<\/strong> 95%<\/li>\n<li>\n<strong>SPANNUNGSBEREICH:<\/strong> 185 bis 275V<\/li>\n<li>\n<strong>THD:<\/strong> &lt;10%<\/li>\n<li>\n<strong>DIMMEN:<\/strong> %-100%<\/li>\n<li>\n<strong>LAMP CCF:<\/strong> &lt;1.6<\/li>\n<li>\n<strong>ARBEITSFREQUENZ:<\/strong> niedrige Frequenz<\/li>\n<li>\n<strong>UMGEBUNGSTEMPERATUR BEI VOLLLAST:<\/strong> 40\u2103 <strong>GEH\u00c4USETEMPERATURANSTIEG (\u0394T):<\/strong> 30\u2103<\/li>\n<li>\n<strong>IP-KLASSIFIZIERT:<\/strong> IP20<\/li>\n<li>\n<strong>FEUCHTIGKEIT:<\/strong> 90%<\/li>\n<li>\n<strong>ABMESSUNGEN:<\/strong> 245 x 114 x 81mm<\/li>\n<li>\n<strong>GEWICHT:<\/strong> 2.5Kg<\/li>\n<\/ul>\n<\/div>\n<\/div>\n<\/div>\n<\/div>\n<\/div>\n<\/div>\n<\/div>\n<\/div>\n<\/div>\n<\/div>\n","protected":false},"excerpt":{"rendered":"<p>Das dimmbare CMH-Vorschaltger\u00e4t Lumatek 315W Dieses elektronische Vorschaltger\u00e4t ist eine revolution\u00e4re Beleuchtungstechnologie f\u00fcr Z\u00fcchter, die nach einer effizienten und leistungsstarken L\u00f6sung f\u00fcr ihren Indoor-Anbau suchen.<\/p>\n","protected":false},"featured_media":25607,"template":"","meta":[],"product_brand":[],"product_cat":[562],"product_tag":[],"class_list":{"0":"post-30097","1":"product","2":"type-product","3":"status-publish","4":"has-post-thumbnail","6":"product_cat-uncategory-de","8":"first","9":"outofstock","10":"sale","11":"taxable","12":"shipping-taxable","13":"purchasable","14":"product-type-simple"},"_links":{"self":[{"href":"https:\/\/greendisc.dev-project.digital\/de\/wp-json\/wp\/v2\/product\/30097","targetHints":{"allow":["GET"]}}],"collection":[{"href":"https:\/\/greendisc.dev-project.digital\/de\/wp-json\/wp\/v2\/product"}],"about":[{"href":"https:\/\/greendisc.dev-project.digital\/de\/wp-json\/wp\/v2\/types\/product"}],"version-history":[{"count":0,"href":"https:\/\/greendisc.dev-project.digital\/de\/wp-json\/wp\/v2\/product\/30097\/revisions"}],"wp:featuredmedia":[{"embeddable":true,"href":"https:\/\/greendisc.dev-project.digital\/de\/wp-json\/wp\/v2\/media\/25607"}],"wp:attachment":[{"href":"https:\/\/greendisc.dev-project.digital\/de\/wp-json\/wp\/v2\/media?parent=30097"}],"wp:term":[{"taxonomy":"product_brand","embeddable":true,"href":"https:\/\/greendisc.dev-project.digital\/de\/wp-json\/wp\/v2\/product_brand?post=30097"},{"taxonomy":"product_cat","embeddable":true,"href":"https:\/\/greendisc.dev-project.digital\/de\/wp-json\/wp\/v2\/product_cat?post=30097"},{"taxonomy":"product_tag","embeddable":true,"href":"https:\/\/greendisc.dev-project.digital\/de\/wp-json\/wp\/v2\/product_tag?post=30097"}],"curies":[{"name":"wp","href":"https:\/\/api.w.org\/{rel}","templated":true}]}}