 {"id":30088,"date":"2023-11-14T12:25:49","date_gmt":"2023-11-14T11:25:49","guid":{"rendered":"https:\/\/greendisc.dev-project.digital\/\/product\/gruene-tulipz-royal-flush-5l\/"},"modified":"2024-12-16T09:34:32","modified_gmt":"2024-12-16T08:34:32","slug":"gruene-tulipz-royal-flush-5l","status":"publish","type":"product","link":"https:\/\/greendisc.dev-project.digital\/de\/produkt\/gruene-tulipz-royal-flush-5l\/","title":{"rendered":"Gr\u00fcne Tulipz Royal Flush 5L"},"content":{"rendered":"<p><meta charset=\"utf-8\"><\/p>\n<p data-mce-fragment=\"1\"><span data-mce-fragment=\"1\">Organischer Wachstumsf\u00f6rderer f\u00fcr Pflanzen<\/span><\/p>\n<ul data-mce-fragment=\"1\">\n<li data-mce-fragment=\"1\"><span data-mce-fragment=\"1\">Eine nat\u00fcrliche L\u00f6sung zur Neutralisierung von sch\u00e4dlichen Salzwerten (Sulfate, Natrium, Chlor, hohe Ec-Werte)<\/span><\/li>\n<li data-mce-fragment=\"1\"><span data-mce-fragment=\"1\">Es stimuliert die vorhandenen n\u00fctzlichen Mikroorganismen<\/span><\/li>\n<li data-mce-fragment=\"1\"><span data-mce-fragment=\"1\">Ideal f\u00fcr die Verwendung in Blumenerde- und Kokosfasermischungen<\/span><\/li>\n<li data-mce-fragment=\"1\"><span data-mce-fragment=\"1\">Es stimuliert das Pflanzenwachstum, indem es l\u00f6sliche Salze neutralisiert, die von bestimmten D\u00fcngemitteln oder Langzeitd\u00fcngern zur\u00fcckbleiben.<\/span><\/li>\n<li data-mce-fragment=\"1\"><span data-mce-fragment=\"1\">Stimuliert das Wurzelwachstum<\/span><\/li>\n<li data-mce-fragment=\"1\"><span data-mce-fragment=\"1\">L\u00e4sst sich leicht in Wasser aufl\u00f6sen<\/span><\/li>\n<li data-mce-fragment=\"1\"><span data-mce-fragment=\"1\">Trockenmasse: 40 Prozent; pH-Wert: 6,2.<\/span><\/li>\n<\/ul>\n<p data-mce-fragment=\"1\"><strong data-mce-fragment=\"1\"><span data-mce-fragment=\"1\">FEATURES:<\/span><\/strong><\/p>\n<p data-mce-fragment=\"1\"><span data-mce-fragment=\"1\">Die Wirkung von Royal flush basiert auf bakteriologischen Prozessen, die die vorhandenen n\u00fctzlichen Mikroorganismen stimulieren. Es enth\u00e4lt hohe Konzentrationen an nat\u00fcrlichen Spurenelementen und wachstumsf\u00f6rdernden Mikroorganismen. Die organischen, humusbildenden Verbindungen in GreenTulipz Royal Flush verbessern und bereichern Ihren Boden\/Kokosnuss.<\/span><\/p>\n","protected":false},"excerpt":{"rendered":"<p>Organischer Wachstumsf\u00f6rderer f\u00fcr Pflanzen Eine nat\u00fcrliche L\u00f6sung zur Neutralisierung von sch\u00e4dlichen Salzwerten (Sulfate, Natrium, Chlor, hohe Ec-Werte)<\/p>\n","protected":false},"featured_media":25405,"template":"","meta":[],"product_brand":[],"product_cat":[562],"product_tag":[],"class_list":{"0":"post-30088","1":"product","2":"type-product","3":"status-publish","4":"has-post-thumbnail","6":"product_cat-uncategory-de","8":"first","9":"instock","10":"taxable","11":"shipping-taxable","12":"purchasable","13":"product-type-simple"},"_links":{"self":[{"href":"https:\/\/greendisc.dev-project.digital\/de\/wp-json\/wp\/v2\/product\/30088","targetHints":{"allow":["GET"]}}],"collection":[{"href":"https:\/\/greendisc.dev-project.digital\/de\/wp-json\/wp\/v2\/product"}],"about":[{"href":"https:\/\/greendisc.dev-project.digital\/de\/wp-json\/wp\/v2\/types\/product"}],"version-history":[{"count":0,"href":"https:\/\/greendisc.dev-project.digital\/de\/wp-json\/wp\/v2\/product\/30088\/revisions"}],"wp:featuredmedia":[{"embeddable":true,"href":"https:\/\/greendisc.dev-project.digital\/de\/wp-json\/wp\/v2\/media\/25405"}],"wp:attachment":[{"href":"https:\/\/greendisc.dev-project.digital\/de\/wp-json\/wp\/v2\/media?parent=30088"}],"wp:term":[{"taxonomy":"product_brand","embeddable":true,"href":"https:\/\/greendisc.dev-project.digital\/de\/wp-json\/wp\/v2\/product_brand?post=30088"},{"taxonomy":"product_cat","embeddable":true,"href":"https:\/\/greendisc.dev-project.digital\/de\/wp-json\/wp\/v2\/product_cat?post=30088"},{"taxonomy":"product_tag","embeddable":true,"href":"https:\/\/greendisc.dev-project.digital\/de\/wp-json\/wp\/v2\/product_tag?post=30088"}],"curies":[{"name":"wp","href":"https:\/\/api.w.org\/{rel}","templated":true}]}}