 {"id":30085,"date":"2023-11-14T12:25:39","date_gmt":"2023-11-14T11:25:39","guid":{"rendered":"https:\/\/greendisc.dev-project.digital\/\/product\/gruene-tulipz-bugz-off-5l\/"},"modified":"2024-12-16T09:34:31","modified_gmt":"2024-12-16T08:34:31","slug":"gruene-tulipz-bugz-off-5l","status":"publish","type":"product","link":"https:\/\/greendisc.dev-project.digital\/de\/produkt\/gruene-tulipz-bugz-off-5l\/","title":{"rendered":"Gr\u00fcne Tulipz Bugz Off 5L"},"content":{"rendered":"<p><meta charset=\"utf-8\"><\/p>\n<p data-mce-fragment=\"1\"><span data-mce-fragment=\"1\">Was ist Bugz Off?<\/span><\/p>\n<p data-mce-fragment=\"1\"><span data-mce-fragment=\"1\">Bugz Off ist kein Pestizid oder Biozid, sondern ein Pflanzenst\u00e4rkungsmittel, das die nat\u00fcrlichen Abwehrkr\u00e4fte gegen Spinnmilben auf der Basis eines Knoblauch- und Ingwerextrakts verst\u00e4rkt. Es unterst\u00fctzt das nat\u00fcrliche Abwehrsystem der Pflanze gegen saugende und fressende Insekten wie Blattl\u00e4use, Spinnmilben und Thripse und erm\u00f6glicht eine schnelle Erholung nach einem Angriff.<\/span><\/p>\n<p data-mce-fragment=\"1\"><span data-mce-fragment=\"1\">Warum sollte ich Bugz Off verwenden?<\/span><\/p>\n<p data-mce-fragment=\"1\"><span data-mce-fragment=\"1\">Die organischen Verbindungen in Bugz Off haben eine l\u00e4hmende Wirkung auf Insekten, was zu einer Unterbrechung der Fortpflanzung f\u00fchrt. Bugz Off ist in allen Lebenszyklen von Insekten wirksam, vom Ei bis zum erwachsenen Tier. Es beschleunigt die Erholung von St\u00e4ngeln und Bl\u00e4ttern nach einem Befall, was dazu beitr\u00e4gt, sp\u00e4tere Formen von Krankheiten zu verhindern. Und nicht zuletzt enth\u00e4lt es stressreduzierende Komponenten.<\/span><\/p>\n","protected":false},"excerpt":{"rendered":"<p>Was ist Bugz Off? Bugz Off ist kein Pestizid oder Biozid, sondern ein Pflanzenst\u00e4rkungsmittel, das die nat\u00fcrlichen Abwehrkr\u00e4fte gegen Spinnmilben auf der Basis eines Knoblauch- und Ingwerextrakts verst\u00e4rkt.<\/p>\n","protected":false},"featured_media":25391,"template":"","meta":[],"product_brand":[],"product_cat":[562],"product_tag":[],"class_list":{"0":"post-30085","1":"product","2":"type-product","3":"status-publish","4":"has-post-thumbnail","6":"product_cat-uncategory-de","8":"first","9":"instock","10":"taxable","11":"shipping-taxable","12":"purchasable","13":"product-type-simple"},"_links":{"self":[{"href":"https:\/\/greendisc.dev-project.digital\/de\/wp-json\/wp\/v2\/product\/30085","targetHints":{"allow":["GET"]}}],"collection":[{"href":"https:\/\/greendisc.dev-project.digital\/de\/wp-json\/wp\/v2\/product"}],"about":[{"href":"https:\/\/greendisc.dev-project.digital\/de\/wp-json\/wp\/v2\/types\/product"}],"version-history":[{"count":0,"href":"https:\/\/greendisc.dev-project.digital\/de\/wp-json\/wp\/v2\/product\/30085\/revisions"}],"wp:featuredmedia":[{"embeddable":true,"href":"https:\/\/greendisc.dev-project.digital\/de\/wp-json\/wp\/v2\/media\/25391"}],"wp:attachment":[{"href":"https:\/\/greendisc.dev-project.digital\/de\/wp-json\/wp\/v2\/media?parent=30085"}],"wp:term":[{"taxonomy":"product_brand","embeddable":true,"href":"https:\/\/greendisc.dev-project.digital\/de\/wp-json\/wp\/v2\/product_brand?post=30085"},{"taxonomy":"product_cat","embeddable":true,"href":"https:\/\/greendisc.dev-project.digital\/de\/wp-json\/wp\/v2\/product_cat?post=30085"},{"taxonomy":"product_tag","embeddable":true,"href":"https:\/\/greendisc.dev-project.digital\/de\/wp-json\/wp\/v2\/product_tag?post=30085"}],"curies":[{"name":"wp","href":"https:\/\/api.w.org\/{rel}","templated":true}]}}